{"id":32,"date":"2024-06-22T09:08:04","date_gmt":"2024-06-22T12:08:04","guid":{"rendered":"https:\/\/www.cchla.ufpb.br\/cchlaemdebate\/?page_id=32"},"modified":"2024-06-22T09:08:45","modified_gmt":"2024-06-22T12:08:45","slug":"mesas-redondas","status":"publish","type":"page","link":"https:\/\/www.cchla.ufpb.br\/cchlaemdebate\/mesas-redondas\/","title":{"rendered":"Mesas redondas"},"content":{"rendered":"\n<ol class=\"wp-block-list\" start=\"1\">\n<li>LABORES: di\u00e1logos interdisciplinares sobre trabalho. TIAGO BERNARDON DE OLIVEIRA; MANUELLA CASTELO BRANCO PESSOA; MARCELO SITCOVSKY SANTOS PEREIRA; ROBERTO VERAS DE OLIVEIRA<\/li>\n\n\n\n<li>Relatos sobre o uso de metodologias ativas na forma\u00e7\u00e3o superior em Letras e em Administra\u00e7\u00e3o. MARCIO MARTINS LEITAO; CAROLINA GOMES DA SILVA; TIAGO DE AGUIAR RODRIGUES; ANA CAROLINA KRUTA DE ARAUJO BISPO.<\/li>\n\n\n\n<li>PR\u00c1TICAS INSURGENTES DE MULHERES EM (DIS)CURSOS: FEMINICIDIO, ESTUPRO E PICHA\u00c7\u00c3O. MARIA REGINA BARACUHY LEITE; LUCIANA FERNANDES NERY; \u00c2ngela Paula Nunes Ferreira.<\/li>\n\n\n\n<li>Desafios socioambientais na contemporaneidade: Olhares sobre o Antropoceno, as Mudan\u00e7as Clim\u00e1ticas, O Direito e os Conflitos (Socio)Ambientais. Gustavo Ferreira da Costa Lima; Alicia Ferreira Gon\u00e7alves; lIvys Medeiros da Costa ; Diego de Macedo Rodrigues<\/li>\n\n\n\n<li>Relatos de Experi\u00eancia no CCHLA: interligando a Comunica\u00e7\u00e3o \u00e0 Gest\u00e3o de Pessoas. KARLLENE RACHEL CACHO BELCHIOR; RAISSA LIMA ONOFRE; MIRELLA ROCHA RIBEIRO PINTO; THIAGO MAGNO DE CARVALHO COSTA.<\/li>\n\n\n\n<li>O Centen\u00e1rio de Virginia Woolf. MARIA APARECIDA DE OLIVEIRA; LUCAS LEITE BORBA; GENILDA ALVES DE AZEREDO; Yuri Jivago Amorim Carib\u00e9<\/li>\n\n\n\n<li>Vozes liter\u00e1rias negras em di\u00e1spora: descolonizar, transgredir e reinventar. DANIELLE DE LUNA E SILVA; FLAVIA SANTOS DE ARAUJO; FRANCIANE CONCEICAO DA SILVA.<\/li>\n\n\n\n<li>Aquisi\u00e7\u00e3o da Linguagem, Cogni\u00e7\u00e3o e Processamento Lingu\u00edstico: um panorama das pesquisas. Evangelina Maria Brito de Faria; Gustavo Estivalet; Jan Edson Rodrigues Leite; Cristina Name.<\/li>\n\n\n\n<li>A utiliza\u00e7\u00e3o do cinema em espa\u00e7os acad\u00eamicos. An\u00edsio Jos\u00e9 da Silva Ara\u00fajo; Rodrigo Freire de Carvalho e Silva; Manuella Castelo Branco Pessoa.<\/li>\n\n\n\n<li>\u00c9TICA DAS VIRTUDES: UMA VIS\u00c3O PROPED\u00caUTICA. Anderson D\u2019Arc Ferreira; Betto Leite da Silva;\u00a0 Cristiano Bonneau; Dr. Roberto Grasso.<\/li>\n\n\n\n<li>Contribui\u00e7\u00f5es do CCHLA na acessibilidade da Pessoa com Defici\u00eancia. Edneia de Oliveira Alves; Henrique Jorge Sim\u00f5es Bezerra; Evandro Soares Costa Filho.<\/li>\n\n\n\n<li>CRISE DA DEMOCRACIA NOS ANOS RECENTES, RECRUDESCIMENTO DO AJUSTE FISCAL E IMPLICA\u00c7\u00d5ES NA UNIVERSIDADE P\u00daBLICA BRASILEIRA. Fabr\u00edcio Rodrigues da Silva; Mauricelia Cordeira da Silva; Tiago Bernardon de Oliveira.<\/li>\n\n\n\n<li>O campo da sa\u00fade do trabalhador a partir de diferentes olhares: desafios e perspectivas. Tha\u00eds Augusta Cunha de Oliveira M\u00e1ximo; Tatiana de Lucena Torres; Ana Beatriz Ribeiro Barros Silva.<\/li>\n\n\n\n<li>DEMOCRACIA, TERRIT\u00d3RIOS E DIREITOS IND\u00cdGENAS. Cl\u00e1udia Cristina do Lago Borges; Est\u00e9v\u00e3o Martins Palitot.<\/li>\n\n\n\n<li>O mal-estar e os adoecimentos no contempor\u00e2neo: debates cl\u00ednicos localizados. Abrah\u00e3o Costa Andrade; Cleide Pereira Monteiro; Omar David Moreno C\u00e1rdenas; Zaeth Aguiar Do Nascimento<\/li>\n\n\n\n<li>OLHARES MULTIFACETADOS SOBRE OS ESTUDOS DA TRADU\u00c7\u00c3O: HIST\u00d3RIA CULTURAL, POL\u00cdTICA DA TRADU\u00c7\u00c3O, AUTOTRADU\u00c7\u00c3O.Carla Mary S. Oliveira; Helano Ribeiro ;\u00a0 Maria Alice Gon\u00e7alves Antunes.<\/li>\n\n\n\n<li>O longo, lento e tortuoso caminho das pol\u00edticas afirmativas na UFPB. Ana Cristina Silva Daxenberger;\u00a0 \u00c9lio Chaves Flores; Jos\u00e9 Antonio Novaes da Silva.<\/li>\n<\/ol>\n","protected":false},"excerpt":{"rendered":"","protected":false},"author":47,"featured_media":0,"parent":0,"menu_order":0,"comment_status":"closed","ping_status":"closed","template":"","meta":{"footnotes":""},"class_list":["post-32","page","type-page","status-publish","hentry"],"_links":{"self":[{"href":"https:\/\/www.cchla.ufpb.br\/cchlaemdebate\/wp-json\/wp\/v2\/pages\/32","targetHints":{"allow":["GET"]}}],"collection":[{"href":"https:\/\/www.cchla.ufpb.br\/cchlaemdebate\/wp-json\/wp\/v2\/pages"}],"about":[{"href":"https:\/\/www.cchla.ufpb.br\/cchlaemdebate\/wp-json\/wp\/v2\/types\/page"}],"author":[{"embeddable":true,"href":"https:\/\/www.cchla.ufpb.br\/cchlaemdebate\/wp-json\/wp\/v2\/users\/47"}],"replies":[{"embeddable":true,"href":"https:\/\/www.cchla.ufpb.br\/cchlaemdebate\/wp-json\/wp\/v2\/comments?post=32"}],"version-history":[{"count":2,"href":"https:\/\/www.cchla.ufpb.br\/cchlaemdebate\/wp-json\/wp\/v2\/pages\/32\/revisions"}],"predecessor-version":[{"id":34,"href":"https:\/\/www.cchla.ufpb.br\/cchlaemdebate\/wp-json\/wp\/v2\/pages\/32\/revisions\/34"}],"wp:attachment":[{"href":"https:\/\/www.cchla.ufpb.br\/cchlaemdebate\/wp-json\/wp\/v2\/media?parent=32"}],"curies":[{"name":"wp","href":"https:\/\/api.w.org\/{rel}","templated":true}]}}