{"id":40,"date":"2024-06-22T09:11:29","date_gmt":"2024-06-22T12:11:29","guid":{"rendered":"https:\/\/www.cchla.ufpb.br\/cchlaemdebate\/?page_id=40"},"modified":"2024-06-22T09:11:29","modified_gmt":"2024-06-22T12:11:29","slug":"minicurso","status":"publish","type":"page","link":"https:\/\/www.cchla.ufpb.br\/cchlaemdebate\/minicurso\/","title":{"rendered":"Minicurso"},"content":{"rendered":"\n<ol class=\"wp-block-list\" start=\"1\">\n<li>DE \u201cFUMO DE NEGRO\u201d AO USO DA CANNABIS COMO MEDICAMENTO E PRODUTO INDUSTRIAL: vis\u00f5es hist\u00f3ricas sobre a maconha no Brasil. SOLANGE PEREIRA DA ROCHA<\/li>\n\n\n\n<li>REALISMO E COSMOPOLITISMO, GUERRA E PAZ ENTRE AS NA\u00c7\u00d5ES. GIUSEPPE TOSI; MONIQUE GUIMARAES CITTADINO.<\/li>\n\n\n\n<li>Para\u00edba Colonial: guerras, resist\u00eancia ind\u00edgena e dom\u00ednio imperial Proponente.\u00a0 L\u00facio Fl\u00e1vio Vasconcelos.<\/li>\n\n\n\n<li>CRISE E AJUSTE PERMANENTE NO BRASIL: CONTRARREFORMA DA PREVID\u00caNCIA SOCIAL, PRECARIZA\u00c7\u00c3O DO TRABALHO E IMPLICA\u00c7\u00d5ES PARA A SA\u00daDE MENTAL DO(A) TRABALHADOR(A).Claudia Maria Costa Gomes; Fabr\u00edcio Rodrigues da Silva; Eduardo Breno Nascimento Bezerra.<\/li>\n\n\n\n<li>M\u00cdSTICA CRIST\u00c3 MEDIEVAL: UMA PROPED\u00caUTICA. Anderson D\u2019Arc Ferreira.<\/li>\n\n\n\n<li>Introdu\u00e7\u00e3o \u00e0 Historiografia da Lingu\u00edstica Leonardo Gueiros.<\/li>\n<\/ol>\n","protected":false},"excerpt":{"rendered":"","protected":false},"author":47,"featured_media":0,"parent":0,"menu_order":0,"comment_status":"closed","ping_status":"closed","template":"","meta":{"footnotes":""},"class_list":["post-40","page","type-page","status-publish","hentry"],"_links":{"self":[{"href":"https:\/\/www.cchla.ufpb.br\/cchlaemdebate\/wp-json\/wp\/v2\/pages\/40","targetHints":{"allow":["GET"]}}],"collection":[{"href":"https:\/\/www.cchla.ufpb.br\/cchlaemdebate\/wp-json\/wp\/v2\/pages"}],"about":[{"href":"https:\/\/www.cchla.ufpb.br\/cchlaemdebate\/wp-json\/wp\/v2\/types\/page"}],"author":[{"embeddable":true,"href":"https:\/\/www.cchla.ufpb.br\/cchlaemdebate\/wp-json\/wp\/v2\/users\/47"}],"replies":[{"embeddable":true,"href":"https:\/\/www.cchla.ufpb.br\/cchlaemdebate\/wp-json\/wp\/v2\/comments?post=40"}],"version-history":[{"count":1,"href":"https:\/\/www.cchla.ufpb.br\/cchlaemdebate\/wp-json\/wp\/v2\/pages\/40\/revisions"}],"predecessor-version":[{"id":41,"href":"https:\/\/www.cchla.ufpb.br\/cchlaemdebate\/wp-json\/wp\/v2\/pages\/40\/revisions\/41"}],"wp:attachment":[{"href":"https:\/\/www.cchla.ufpb.br\/cchlaemdebate\/wp-json\/wp\/v2\/media?parent=40"}],"curies":[{"name":"wp","href":"https:\/\/api.w.org\/{rel}","templated":true}]}}