{"id":42,"date":"2024-06-22T09:12:14","date_gmt":"2024-06-22T12:12:14","guid":{"rendered":"https:\/\/www.cchla.ufpb.br\/cchlaemdebate\/?page_id=42"},"modified":"2024-06-22T09:12:14","modified_gmt":"2024-06-22T12:12:14","slug":"lancamento-de-livros","status":"publish","type":"page","link":"https:\/\/www.cchla.ufpb.br\/cchlaemdebate\/lancamento-de-livros\/","title":{"rendered":"Lan\u00e7amento de livros"},"content":{"rendered":"\n<ol class=\"wp-block-list\" start=\"1\">\n<li>FLORES, Elio; DOMINGUES, Petr\u00f4nio; ROCHA, Solange (Org.). <strong>Introdu\u00e7\u00e3o do livro Algas, de autoria de Eliseu Elias C\u00e9sar.<\/strong> 2. ed. Rio de Janeiro: Editora Mal\u00ea, 2024 [1894]. Obra Impressa<\/li>\n\n\n\n<li>GIUSEPPE TOSI &#8211; RUBENS GUIMAR\u00c3ES. <strong>DEMOCRACIA E ELITISMO DOS ANTIGOS E DOS MODERNOS<\/strong> , CURITIBA, CRV, 2020.<\/li>\n\n\n\n<li>Philio Terzakis. A paulistana ocasional: cr\u00f4nicas de viagem, IDEIA, 2024.<\/li>\n\n\n\n<li>L\u00daCIO FL\u00c1VIO SA LEITAO PEIXOTO DE VASCONCELOS. <strong>Para\u00edba Colonial: Guerras, resist\u00eancia ind\u00edgena e dom\u00ednio imperial.<\/strong><\/li>\n\n\n\n<li>ARIANE NORMA DE MENEZES S\u00c1; LUIZ M\u00c1RIO DANTAS BURITY; NAYANA R. C. MARIANO (organiza\u00e7\u00e3o). <strong>SOCIEDADE E CULTURA NO NORDESTE OITOCENTISTA: TRAJET\u00d3RIAS DE PESQUISA III<\/strong><\/li>\n\n\n\n<li><em>\u00a0Helano Ribeiro. Walter Benjamin <strong>Cr\u00f4nica de Berlim<\/strong> Organiza\u00e7\u00e3o e tradu\u00e7\u00e3o: Ed. 7Letras.<\/em><\/li>\n\n\n\n<li><em>PHILIO GENERINO TERZAKIS. <strong>A paulistana ocasional: cr\u00f4nicas de viagem<\/strong>.<\/em><\/li>\n<\/ol>\n","protected":false},"excerpt":{"rendered":"","protected":false},"author":47,"featured_media":0,"parent":0,"menu_order":0,"comment_status":"closed","ping_status":"closed","template":"","meta":{"footnotes":""},"class_list":["post-42","page","type-page","status-publish","hentry"],"_links":{"self":[{"href":"https:\/\/www.cchla.ufpb.br\/cchlaemdebate\/wp-json\/wp\/v2\/pages\/42","targetHints":{"allow":["GET"]}}],"collection":[{"href":"https:\/\/www.cchla.ufpb.br\/cchlaemdebate\/wp-json\/wp\/v2\/pages"}],"about":[{"href":"https:\/\/www.cchla.ufpb.br\/cchlaemdebate\/wp-json\/wp\/v2\/types\/page"}],"author":[{"embeddable":true,"href":"https:\/\/www.cchla.ufpb.br\/cchlaemdebate\/wp-json\/wp\/v2\/users\/47"}],"replies":[{"embeddable":true,"href":"https:\/\/www.cchla.ufpb.br\/cchlaemdebate\/wp-json\/wp\/v2\/comments?post=42"}],"version-history":[{"count":1,"href":"https:\/\/www.cchla.ufpb.br\/cchlaemdebate\/wp-json\/wp\/v2\/pages\/42\/revisions"}],"predecessor-version":[{"id":43,"href":"https:\/\/www.cchla.ufpb.br\/cchlaemdebate\/wp-json\/wp\/v2\/pages\/42\/revisions\/43"}],"wp:attachment":[{"href":"https:\/\/www.cchla.ufpb.br\/cchlaemdebate\/wp-json\/wp\/v2\/media?parent=42"}],"curies":[{"name":"wp","href":"https:\/\/api.w.org\/{rel}","templated":true}]}}