{"id":99,"date":"2024-07-26T12:28:06","date_gmt":"2024-07-26T15:28:06","guid":{"rendered":"https:\/\/www.cchla.ufpb.br\/cchlaemdebate\/?page_id=99"},"modified":"2024-07-26T12:34:52","modified_gmt":"2024-07-26T15:34:52","slug":"modelos-de-apresentacao","status":"publish","type":"page","link":"https:\/\/www.cchla.ufpb.br\/cchlaemdebate\/modelos-de-apresentacao\/","title":{"rendered":"Modelos de apresenta\u00e7\u00e3o"},"content":{"rendered":"\n<p>Elaboramos um modelo de layout para as pessoas que v\u00e3o apresentar comunica\u00e7\u00f5es orais nas sess\u00f5es tem\u00e1ticas. O Design est\u00e1 dispon\u00edvel como <a href=\"https:\/\/www.canva.com\/design\/DAGLB8d2O9c\/TnlGDcwvoBlz61VPJcyn9A\/view?utm_content=DAGLB8d2O9c&amp;utm_campaign=designshare&amp;utm_medium=link&amp;utm_source=publishsharelink&amp;mode=preview\" data-type=\"link\" data-id=\"https:\/\/www.canva.com\/design\/DAGLB8d2O9c\/TnlGDcwvoBlz61VPJcyn9A\/view?utm_content=DAGLB8d2O9c&amp;utm_campaign=designshare&amp;utm_medium=link&amp;utm_source=publishsharelink&amp;mode=preview\">modelo na plataforma Canva <\/a>e tambem em <a href=\"https:\/\/www.cchla.ufpb.br\/cchlaemdebate\/wp-content\/uploads\/sites\/122\/sites\/190\/2024\/07\/Modelo-de-apresentacao-CCHLA-em-Debate.pptx\" data-type=\"link\" data-id=\"https:\/\/www.cchla.ufpb.br\/cchlaemdebate\/wp-content\/uploads\/sites\/122\/sites\/190\/2024\/07\/Modelo-de-apresentacao-CCHLA-em-Debate.pptx\">PowerPoint<\/a>. O modelo proposto n\u00e3o precisa ser seguido \u00e0 risca, s\u00e3o apenas sugest\u00f5es que podem ser alteradas conforme as prefer\u00eancias do autor. <\/p>\n\n\n\n<div class=\"wp-block-file\"><a id=\"wp-block-file--media-7839b90f-f0de-41b9-9909-6f7b4effabab\" href=\"https:\/\/www.cchla.ufpb.br\/cchlaemdebate\/wp-content\/uploads\/sites\/122\/sites\/190\/2024\/07\/Modelo-de-apresentacao-CCHLA-em-Debate.pptx\">Modelo-de-apresentacao-CCHLA-em-Debate<\/a><a href=\"https:\/\/www.cchla.ufpb.br\/cchlaemdebate\/wp-content\/uploads\/sites\/122\/sites\/190\/2024\/07\/Modelo-de-apresentacao-CCHLA-em-Debate.pptx\" class=\"wp-block-file__button wp-element-button\" download aria-describedby=\"wp-block-file--media-7839b90f-f0de-41b9-9909-6f7b4effabab\">Baixar<\/a><\/div>\n","protected":false},"excerpt":{"rendered":"<p>Elaboramos um modelo de layout para as pessoas que v\u00e3o apresentar comunica\u00e7\u00f5es orais nas sess\u00f5es [&hellip;]<\/p>\n","protected":false},"author":124,"featured_media":58,"parent":0,"menu_order":0,"comment_status":"closed","ping_status":"closed","template":"","meta":{"footnotes":""},"class_list":["post-99","page","type-page","status-publish","has-post-thumbnail","hentry"],"_links":{"self":[{"href":"https:\/\/www.cchla.ufpb.br\/cchlaemdebate\/wp-json\/wp\/v2\/pages\/99","targetHints":{"allow":["GET"]}}],"collection":[{"href":"https:\/\/www.cchla.ufpb.br\/cchlaemdebate\/wp-json\/wp\/v2\/pages"}],"about":[{"href":"https:\/\/www.cchla.ufpb.br\/cchlaemdebate\/wp-json\/wp\/v2\/types\/page"}],"author":[{"embeddable":true,"href":"https:\/\/www.cchla.ufpb.br\/cchlaemdebate\/wp-json\/wp\/v2\/users\/124"}],"replies":[{"embeddable":true,"href":"https:\/\/www.cchla.ufpb.br\/cchlaemdebate\/wp-json\/wp\/v2\/comments?post=99"}],"version-history":[{"count":1,"href":"https:\/\/www.cchla.ufpb.br\/cchlaemdebate\/wp-json\/wp\/v2\/pages\/99\/revisions"}],"predecessor-version":[{"id":101,"href":"https:\/\/www.cchla.ufpb.br\/cchlaemdebate\/wp-json\/wp\/v2\/pages\/99\/revisions\/101"}],"wp:featuredmedia":[{"embeddable":true,"href":"https:\/\/www.cchla.ufpb.br\/cchlaemdebate\/wp-json\/wp\/v2\/media\/58"}],"wp:attachment":[{"href":"https:\/\/www.cchla.ufpb.br\/cchlaemdebate\/wp-json\/wp\/v2\/media?parent=99"}],"curies":[{"name":"wp","href":"https:\/\/api.w.org\/{rel}","templated":true}]}}