{"id":123,"date":"2025-04-18T14:10:21","date_gmt":"2025-04-18T17:10:21","guid":{"rendered":"https:\/\/www.cchla.ufpb.br\/css\/?page_id=123"},"modified":"2026-03-10T00:52:10","modified_gmt":"2026-03-10T03:52:10","slug":"agenda-de-atendimento-presencial","status":"publish","type":"page","link":"https:\/\/www.cchla.ufpb.br\/css\/coordencao\/agenda-de-atendimento-presencial\/","title":{"rendered":"Agenda de atendimento presencial &#8211; coordenadores"},"content":{"rendered":"\n<p><\/p>\n\n\n\n<p>Prezados\/as discentes e docentes,<\/p>\n\n\n\n<p>Para atender o p\u00fablico acad\u00eamico, segue abaixo rela\u00e7\u00e3o dos dias, turnos e respectivos hor\u00e1rios dispon\u00edveis para atendimento presencial da Coordena\u00e7\u00e3o do Curso de Gradua\u00e7\u00e3o em Servi\u00e7o Social, em sala pr\u00f3pria na Secretaria Integrada de Atendimento \u00e0 Gradua\u00e7\u00e3o \u2013 SIAG.<\/p>\n\n\n\n<p>O atendimento ser\u00e1 por ordem de chegada. A coordena\u00e7\u00e3o tamb\u00e9m disp\u00f5e de e-mail (css@cchla.ufpb.br) para atendimento de demandas, bem como, atendimento realizado pela equipe da SIAG, todos os dias da semana, nos turnos manh\u00e3, tarde e noite. Nos demais dias\/hor\u00e1rios, a coordena\u00e7\u00e3o de curso segue com suas atribui\u00e7\u00f5es internas.&nbsp;<\/p>\n\n\n\n<p>Demandas de ordem administrativa e burocr\u00e1tica tamb\u00e9m podem ser solicitadas atrav\u00e9s do e-mail da SIAG (siag@cchla.ufpb.br).<\/p>\n\n\n\n<p><\/p>\n\n\n\n<p><strong>2025<\/strong><\/p>\n\n\n\n<figure class=\"wp-block-table\"><table class=\"has-fixed-layout\"><tbody><tr><td colspan=\"2\"><strong>MAR\u00c7O<\/strong><\/td><\/tr><tr><td><strong>DIA<\/strong><\/td><td><strong>HOR\u00c1RIO<\/strong><\/td><\/tr><tr><td>13 \u2013 Tarde<\/td><td>14h00min as 17h00min&nbsp;<\/td><\/tr><tr><td>13 \u2013 Noite<\/td><td>19h00min as 22h00min<\/td><\/tr><tr><td>18 \u2013 Noite<\/td><td>19h00min as 22h00min<\/td><\/tr><tr><td>19 \u2013 Tarde<\/td><td>13h00min as 15h00min<\/td><\/tr><tr><td>25 \u2013 Noite<\/td><td>19h00min as 22h00min<\/td><\/tr><tr><td>26 \u2013 Tarde<\/td><td>13h00min as 15h00min<\/td><\/tr><\/tbody><\/table><\/figure>\n\n\n\n<p><\/p>\n\n\n\n<figure class=\"wp-block-table\"><table class=\"has-fixed-layout\"><tbody><tr><td colspan=\"2\"><strong>ABRIL<\/strong><\/td><\/tr><tr><td><strong>DIA<\/strong><\/td><td><strong>HOR\u00c1RIO<\/strong><\/td><\/tr><tr><td>01 \u2013 Noite<\/td><td>20h00min as 22h00min<\/td><\/tr><tr><td>02 \u2013 Tarde<\/td><td>14h00min as 18h00min<\/td><\/tr><tr><td>08 \u2013 Noite<\/td><td>19h00min as 22h00min<\/td><\/tr><tr><td>10 \u2013 Tarde<\/td><td>14h00min as 18h00min<\/td><\/tr><tr><td>15 \u2013 Noite<\/td><td>19h00min as 22h00min<\/td><\/tr><tr><td>16 \u2013 Tarde<\/td><td>14h00min as 18h00min<\/td><\/tr><tr><td>22 \u2013 Noite<\/td><td>19h00min as 22h00min<\/td><\/tr><\/tbody><\/table><\/figure>\n\n\n\n<p><\/p>\n\n\n\n<figure class=\"wp-block-table\"><table class=\"has-fixed-layout\"><tbody><tr><td colspan=\"2\"><strong>MAIO<\/strong><\/td><\/tr><tr><td><strong>DIA<\/strong><\/td><td><strong>HOR\u00c1RIO<\/strong><\/td><\/tr><tr><td><strong>01 a 17&nbsp;<\/strong><\/td><td><strong>F\u00c9RIAS DO COORDENADOR<\/strong><\/td><\/tr><tr><td>21 \u2013 Tarde<\/td><td>14h00min as 17h00min<\/td><\/tr><tr><td>21 \u2013 Noite<\/td><td>18h00min as 20h00min<\/td><\/tr><tr><td>28 \u2013 Tarde<\/td><td>14h00min as 17h00min<\/td><\/tr><tr><td>28 \u2013 Noite<\/td><td>18h00min as 20h00min<\/td><\/tr><\/tbody><\/table><\/figure>\n\n\n\n<p><\/p>\n\n\n\n<figure class=\"wp-block-table\"><table class=\"has-fixed-layout\"><tbody><tr><td colspan=\"2\"><strong>JUNHO<\/strong><\/td><\/tr><tr><td><strong>DIA<\/strong><\/td><td><strong>HOR\u00c1RIO<\/strong><\/td><\/tr><tr><td>04 \u2013 Tarde<\/td><td>14h00min as 17h00min<\/td><\/tr><tr><td>04 \u2013 Noite<\/td><td>19h00min as 21h30min<\/td><\/tr><tr><td>17 \u2013 Tarde<\/td><td>14h00min as 17h00min<\/td><\/tr><tr><td>18 \u2013 Noite<\/td><td>19h00min as 21h30min<\/td><\/tr><tr><td>26 \u2013 Tarde<\/td><td>14h00min as 17h00min<\/td><\/tr><tr><td>26 \u2013 Noite<\/td><td>19h00min as 21h30min<\/td><\/tr><\/tbody><\/table><\/figure>\n\n\n\n<p><\/p>\n\n\n\n<figure class=\"wp-block-table\"><table class=\"has-fixed-layout\"><tbody><tr><td colspan=\"2\"><strong>JULHO<\/strong><\/td><\/tr><tr><td><strong>DIA<\/strong><\/td><td><strong>HOR\u00c1RIO<\/strong><\/td><\/tr><tr><td>01 \u2013 Tarde<\/td><td>14h00min as 17h00min<\/td><\/tr><tr><td>03 \u2013 Noite<\/td><td>19h00min as 21h30min<\/td><\/tr><tr><td>09 \u2013 Tarde<\/td><td>14h00min as 17h00min<\/td><\/tr><tr><td>10 \u2013 Noite<\/td><td>19h00min as 21h30min<\/td><\/tr><tr><td>15 \u2013 Tarde<\/td><td>14h00min as 17h00min<\/td><\/tr><tr><td>22 \u2013 Tarde<\/td><td>14h00min as 17h00min<\/td><\/tr><tr><td>24 \u2013 Noite<\/td><td>19h00min as 21h30min<\/td><\/tr><\/tbody><\/table><\/figure>\n\n\n\n<p><\/p>\n\n\n\n<figure class=\"wp-block-table\"><table class=\"has-fixed-layout\"><tbody><tr><td colspan=\"2\"><strong>AGOSTO<\/strong><\/td><\/tr><tr><td><strong>DIA<\/strong><\/td><td><strong>HOR\u00c1RIO<\/strong><\/td><\/tr><tr><td>07 \u2013 Noite<\/td><td>19h00min as 21h30min<\/td><\/tr><tr><td>13 \u2013 Tarde<\/td><td>14h00min as 17h00min<\/td><\/tr><tr><td>14 \u2013 Noite<\/td><td>19h00min as 21h30min<\/td><\/tr><tr><td>19 \u2013 Tarde<\/td><td>14h00min as 17h00min&nbsp;<\/td><\/tr><tr><td>21 \u2013 Noite<\/td><td>19h00min as 21h30min<\/td><\/tr><tr><td>26 \u2013 Tarde<\/td><td>14h00min as 17h00min<\/td><\/tr><tr><td>28 \u2013 Noite<\/td><td>19h00min as 21h30min<\/td><\/tr><\/tbody><\/table><\/figure>\n\n\n\n<p><\/p>\n\n\n\n<figure class=\"wp-block-table\"><table class=\"has-fixed-layout\"><tbody><tr><td colspan=\"2\"><strong>SETEMBRO<\/strong><\/td><\/tr><tr><td><strong>DIA<\/strong><\/td><td><strong>HOR\u00c1RIO<\/strong><\/td><\/tr><tr><td>03 \u2013 Tarde<\/td><td>15h00min as 18h00min<\/td><\/tr><tr><td>04 \u2013 Noite<\/td><td>19h00min as 21h30min<\/td><\/tr><tr><td>09 \u2013 Tarde<\/td><td>15h00min as 18h00min&nbsp;<\/td><\/tr><tr><td>11 \u2013 Noite<\/td><td>19h00min as 21h30min<\/td><\/tr><tr><td>16 \u2013 Tarde<\/td><td>15h00min as 18h00min<\/td><\/tr><tr><td>17 \u2013 Noite<\/td><td>19h00min as 21h30min<\/td><\/tr><tr><td>30 \u2013 Tarde<\/td><td>15h00min as 18h00min<\/td><\/tr><\/tbody><\/table><\/figure>\n\n\n\n<p><\/p>\n\n\n\n<figure class=\"wp-block-table\"><table class=\"has-fixed-layout\"><tbody><tr><td colspan=\"2\"><strong>OUTUBRO<\/strong><\/td><\/tr><tr><td><strong>DIA<\/strong><\/td><td><strong>HOR\u00c1RIO<\/strong><\/td><\/tr><tr><td>08 \u2013 Tarde<\/td><td>15h00min as 18h00min&nbsp;<\/td><\/tr><tr><td>08 \u2013 Noite<\/td><td>19h00min as 21h30min<\/td><\/tr><tr><td>15 \u2013 Tarde<\/td><td>15h00min as 18h00min<\/td><\/tr><tr><td>15 \u2013 Noite<\/td><td>19h00min as 21h30min<\/td><\/tr><tr><td>22 \u2013 Tarde<\/td><td>15h00min as 18h00min<\/td><\/tr><tr><td>22 \u2013 Noite<\/td><td>19h00min as 21h30min<\/td><\/tr><tr><td>29 \u2013 Tarde<\/td><td>15h00min as 18h00min<\/td><\/tr><tr><td>29 \u2013 Noite<\/td><td>19h00min as 21h30min<\/td><\/tr><\/tbody><\/table><\/figure>\n\n\n\n<p><\/p>\n\n\n\n<figure class=\"wp-block-table\"><table class=\"has-fixed-layout\"><tbody><tr><td colspan=\"2\"><strong>NOVEMBRO<\/strong><\/td><\/tr><tr><td><strong>DIA<\/strong><\/td><td><strong>HOR\u00c1RIO<\/strong><\/td><\/tr><tr><td>05 \u2013 Tarde<\/td><td>15h00min as 18h00min<\/td><\/tr><tr><td>05 \u2013 Noite<\/td><td>19h00min as 21h30min<\/td><\/tr><tr><td>12 \u2013 Tarde<\/td><td>15h00min as 18h00min&nbsp;<\/td><\/tr><tr><td>12 \u2013 Noite<\/td><td>19h00min as 21h30min<\/td><\/tr><tr><td>19 \u2013 Tarde<\/td><td>15h00min as 18h00min<\/td><\/tr><tr><td>19 \u2013 Noite<\/td><td>19h00min as 21h30min<\/td><\/tr><\/tbody><\/table><\/figure>\n\n\n\n<p><\/p>\n\n\n\n<figure class=\"wp-block-table\"><table class=\"has-fixed-layout\"><tbody><tr><td colspan=\"2\"><strong>DEZEMBRO<\/strong><\/td><\/tr><tr><td><strong>DIA<\/strong><\/td><td><strong>HOR\u00c1RIO<\/strong><\/td><\/tr><tr><td>03 \u2013 Tarde<\/td><td>15h00min as 18h00min<\/td><\/tr><tr><td>03 \u2013 Noite<\/td><td>19h00min as 21h30min<\/td><\/tr><tr><td>10 \u2013 Tarde<\/td><td>15h00min as 18h00min&nbsp;<\/td><\/tr><tr><td>10 \u2013 Noite<\/td><td>19h00min as 21h30min<\/td><\/tr><\/tbody><\/table><\/figure>\n\n\n\n<p><\/p>\n\n\n\n<p><strong>2026<\/strong><\/p>\n\n\n\n<figure class=\"wp-block-table\"><table class=\"has-fixed-layout\"><tbody><tr><td colspan=\"2\"><strong>FEVEREIRO<\/strong><\/td><\/tr><tr><td><strong>DIA<\/strong><\/td><td><strong>HOR\u00c1RIO<\/strong><\/td><\/tr><tr><td>03 \u2013 Noite<\/td><td>19h00min as 21h30min<\/td><\/tr><tr><td>04 \u2013 Tarde<\/td><td>15h00min as 18h00min<\/td><\/tr><tr><td>10 \u2013 Noite<\/td><td>19h00min as 21h30min<\/td><\/tr><tr><td>11 \u2013 Tarde<\/td><td>16h00min as 18h00min \u2013 Reuni\u00e3o com os\/as formandos\/as 2025.2<\/td><\/tr><tr><td>11 \u2013 Noite<\/td><td>19h00min as 21h30min \u2013 Reuni\u00e3o com os\/as formandos\/as 2025.2<\/td><\/tr><tr><td>24 \u2013 Noite<\/td><td>19h00min as 21h30min<\/td><\/tr><tr><td>25 \u2013 Tarde<\/td><td>13h00min as 15h00min<\/td><\/tr><\/tbody><\/table><\/figure>\n\n\n\n<p><\/p>\n\n\n\n<figure class=\"wp-block-table\"><table class=\"has-fixed-layout\"><tbody><tr><td colspan=\"2\"><strong>MAR\u00c7O<\/strong><\/td><\/tr><tr><td><strong>DIA<\/strong><\/td><td><strong>HOR\u00c1RIO<\/strong><\/td><\/tr><tr><td>03 \u2013 Noite<\/td><td>19h00min as 21h30min<\/td><\/tr><tr><td>04 \u2013 Tarde<\/td><td>13h00min as 15h00min<\/td><\/tr><tr><td>11 \u2013 Tarde<\/td><td>13h00min as 15h00min&nbsp;<\/td><\/tr><tr><td>11 \u2013 Noite<\/td><td>19h00min as 21h30min<\/td><\/tr><tr><td>18 \u2013 Tarde<\/td><td>13h00min as 15h00min&nbsp;<\/td><\/tr><tr><td>18 \u2013 Noite<\/td><td>19h00min as 21h30min<\/td><\/tr><tr><td>25 \u2013 Tarde<\/td><td>13h00min as 15h00min&nbsp;<\/td><\/tr><tr><td>25 \u2013 Noite<\/td><td>19h00min as 21h30min<\/td><\/tr><\/tbody><\/table><\/figure>\n","protected":false},"excerpt":{"rendered":"<p>Prezados\/as discentes e docentes, Para atender o p\u00fablico acad\u00eamico, segue abaixo rela\u00e7\u00e3o dos dias, turnos e respectivos hor\u00e1rios dispon\u00edveis para atendimento presencial da Coordena\u00e7\u00e3o do Curso de Gradua\u00e7\u00e3o em Servi\u00e7o Social, em sala pr\u00f3pria na Secretaria Integrada de Atendimento \u00e0 Gradua\u00e7\u00e3o \u2013 SIAG. O atendimento ser\u00e1 por ordem de chegada. A coordena\u00e7\u00e3o tamb\u00e9m disp\u00f5e de [&hellip;]<\/p>\n","protected":false},"author":247,"featured_media":301,"parent":19,"menu_order":0,"comment_status":"closed","ping_status":"closed","template":"","meta":{"footnotes":""},"class_list":["post-123","page","type-page","status-publish","has-post-thumbnail","hentry"],"_links":{"self":[{"href":"https:\/\/www.cchla.ufpb.br\/css\/wp-json\/wp\/v2\/pages\/123","targetHints":{"allow":["GET"]}}],"collection":[{"href":"https:\/\/www.cchla.ufpb.br\/css\/wp-json\/wp\/v2\/pages"}],"about":[{"href":"https:\/\/www.cchla.ufpb.br\/css\/wp-json\/wp\/v2\/types\/page"}],"author":[{"embeddable":true,"href":"https:\/\/www.cchla.ufpb.br\/css\/wp-json\/wp\/v2\/users\/247"}],"replies":[{"embeddable":true,"href":"https:\/\/www.cchla.ufpb.br\/css\/wp-json\/wp\/v2\/comments?post=123"}],"version-history":[{"count":11,"href":"https:\/\/www.cchla.ufpb.br\/css\/wp-json\/wp\/v2\/pages\/123\/revisions"}],"predecessor-version":[{"id":586,"href":"https:\/\/www.cchla.ufpb.br\/css\/wp-json\/wp\/v2\/pages\/123\/revisions\/586"}],"up":[{"embeddable":true,"href":"https:\/\/www.cchla.ufpb.br\/css\/wp-json\/wp\/v2\/pages\/19"}],"wp:featuredmedia":[{"embeddable":true,"href":"https:\/\/www.cchla.ufpb.br\/css\/wp-json\/wp\/v2\/media\/301"}],"wp:attachment":[{"href":"https:\/\/www.cchla.ufpb.br\/css\/wp-json\/wp\/v2\/media?parent=123"}],"curies":[{"name":"wp","href":"https:\/\/api.w.org\/{rel}","templated":true}]}}