{"id":134,"date":"2025-06-18T22:47:08","date_gmt":"2025-06-19T01:47:08","guid":{"rendered":"https:\/\/www.cchla.ufpb.br\/css\/?page_id=134"},"modified":"2026-04-06T21:02:24","modified_gmt":"2026-04-07T00:02:24","slug":"informes","status":"publish","type":"page","link":"https:\/\/www.cchla.ufpb.br\/css\/documentos\/informes\/","title":{"rendered":"Informes"},"content":{"rendered":"\n<div data-wp-interactive=\"core\/file\" class=\"wp-block-file\"><object data-wp-bind--hidden=\"!state.hasPdfPreview\" hidden class=\"wp-block-file__embed\" data=\"https:\/\/www.cchla.ufpb.br\/css\/wp-content\/uploads\/sites\/122\/sites\/274\/2025\/06\/ORIENTACOES-ABONO-DE-FALTAS-3.pdf\" type=\"application\/pdf\" style=\"width:100%;height:600px\" aria-label=\"Incorporado de ORIENTA\u00c7\u00d5ES ABONO DE FALTAS.\"><\/object><a id=\"wp-block-file--media-4dacf721-0ed0-4bf1-87c6-a68d24a0cf92\" href=\"https:\/\/www.cchla.ufpb.br\/css\/wp-content\/uploads\/sites\/122\/sites\/274\/2025\/06\/ORIENTACOES-ABONO-DE-FALTAS-3.pdf\">ORIENTA\u00c7\u00d5ES ABONO DE FALTAS<\/a><a href=\"https:\/\/www.cchla.ufpb.br\/css\/wp-content\/uploads\/sites\/122\/sites\/274\/2025\/06\/ORIENTACOES-ABONO-DE-FALTAS-3.pdf\" class=\"wp-block-file__button wp-element-button\" download aria-describedby=\"wp-block-file--media-4dacf721-0ed0-4bf1-87c6-a68d24a0cf92\">Baixar<\/a><\/div>\n\n\n\n<div data-wp-interactive=\"core\/file\" class=\"wp-block-file\"><object data-wp-bind--hidden=\"!state.hasPdfPreview\" hidden class=\"wp-block-file__embed\" data=\"https:\/\/www.cchla.ufpb.br\/css\/wp-content\/uploads\/sites\/122\/sites\/274\/2025\/06\/DOCUMENTACAO-PARA-COLACAO-DE-GRAU-1.pdf\" type=\"application\/pdf\" style=\"width:100%;height:600px\" aria-label=\"Incorporado de DOCUMENTA\u00c7\u00c3O PARA COLA\u00c7\u00c3O DE GRAU.\"><\/object><a id=\"wp-block-file--media-a5fd1a5e-3249-486f-ba04-7139bd56099b\" href=\"https:\/\/www.cchla.ufpb.br\/css\/wp-content\/uploads\/sites\/122\/sites\/274\/2025\/06\/DOCUMENTACAO-PARA-COLACAO-DE-GRAU-1.pdf\">DOCUMENTA\u00c7\u00c3O PARA COLA\u00c7\u00c3O DE GRAU<\/a><a href=\"https:\/\/www.cchla.ufpb.br\/css\/wp-content\/uploads\/sites\/122\/sites\/274\/2025\/06\/DOCUMENTACAO-PARA-COLACAO-DE-GRAU-1.pdf\" class=\"wp-block-file__button wp-element-button\" download aria-describedby=\"wp-block-file--media-a5fd1a5e-3249-486f-ba04-7139bd56099b\">Baixar<\/a><\/div>\n\n\n\n<div data-wp-interactive=\"core\/file\" class=\"wp-block-file\"><object data-wp-bind--hidden=\"!state.hasPdfPreview\" hidden class=\"wp-block-file__embed\" data=\"https:\/\/www.cchla.ufpb.br\/css\/wp-content\/uploads\/sites\/122\/sites\/274\/2025\/06\/CREDITOS-COMPLEMENTARES-2.pdf\" type=\"application\/pdf\" style=\"width:100%;height:600px\" aria-label=\"Incorporado de CR\u00c9DITOS COMPLEMENTARES.\"><\/object><a id=\"wp-block-file--media-b4f77e36-e443-4047-9d7b-79d222b954a8\" href=\"https:\/\/www.cchla.ufpb.br\/css\/wp-content\/uploads\/sites\/122\/sites\/274\/2025\/06\/CREDITOS-COMPLEMENTARES-2.pdf\">CR\u00c9DITOS COMPLEMENTARES<\/a><a href=\"https:\/\/www.cchla.ufpb.br\/css\/wp-content\/uploads\/sites\/122\/sites\/274\/2025\/06\/CREDITOS-COMPLEMENTARES-2.pdf\" class=\"wp-block-file__button wp-element-button\" download aria-describedby=\"wp-block-file--media-b4f77e36-e443-4047-9d7b-79d222b954a8\">Baixar<\/a><\/div>\n\n\n\n<div data-wp-interactive=\"core\/file\" class=\"wp-block-file\"><object data-wp-bind--hidden=\"!state.hasPdfPreview\" hidden class=\"wp-block-file__embed\" data=\"https:\/\/www.cchla.ufpb.br\/css\/wp-content\/uploads\/sites\/122\/sites\/274\/2025\/06\/SOLICITACAO-DE-DIPLOMA-2.pdf\" type=\"application\/pdf\" style=\"width:100%;height:600px\" aria-label=\"Incorporado de SOLICITA\u00c7\u00c3O DE DIPLOMA.\"><\/object><a id=\"wp-block-file--media-2cb5802b-9b58-43b3-a536-4aec1641fa5f\" href=\"https:\/\/www.cchla.ufpb.br\/css\/wp-content\/uploads\/sites\/122\/sites\/274\/2025\/06\/SOLICITACAO-DE-DIPLOMA-2.pdf\">SOLICITA\u00c7\u00c3O DE DIPLOMA<\/a><a href=\"https:\/\/www.cchla.ufpb.br\/css\/wp-content\/uploads\/sites\/122\/sites\/274\/2025\/06\/SOLICITACAO-DE-DIPLOMA-2.pdf\" class=\"wp-block-file__button wp-element-button\" download aria-describedby=\"wp-block-file--media-2cb5802b-9b58-43b3-a536-4aec1641fa5f\">Baixar<\/a><\/div>\n\n\n\n<div data-wp-interactive=\"core\/file\" class=\"wp-block-file\"><object data-wp-bind--hidden=\"!state.hasPdfPreview\" hidden class=\"wp-block-file__embed\" data=\"https:\/\/www.cchla.ufpb.br\/css\/wp-content\/uploads\/sites\/122\/sites\/274\/2025\/06\/DEPOSITO-DE-TCC-1.pdf\" type=\"application\/pdf\" style=\"width:100%;height:600px\" aria-label=\"Incorporado de DEP\u00d3SITO DE TCC.\"><\/object><a id=\"wp-block-file--media-95a758d7-77d8-4cf0-9fbd-6c60d1dc09b5\" href=\"https:\/\/www.cchla.ufpb.br\/css\/wp-content\/uploads\/sites\/122\/sites\/274\/2025\/06\/DEPOSITO-DE-TCC-1.pdf\">DEP\u00d3SITO DE TCC<\/a><a href=\"https:\/\/www.cchla.ufpb.br\/css\/wp-content\/uploads\/sites\/122\/sites\/274\/2025\/06\/DEPOSITO-DE-TCC-1.pdf\" class=\"wp-block-file__button wp-element-button\" download aria-describedby=\"wp-block-file--media-95a758d7-77d8-4cf0-9fbd-6c60d1dc09b5\">Baixar<\/a><\/div>\n\n\n\n<div data-wp-interactive=\"core\/file\" class=\"wp-block-file\"><object data-wp-bind--hidden=\"!state.hasPdfPreview\" hidden class=\"wp-block-file__embed\" data=\"https:\/\/www.cchla.ufpb.br\/css\/wp-content\/uploads\/sites\/122\/sites\/274\/2025\/06\/INFORME-PRAZOS-PARA-CONCLUSAO-DE-CURSO-E-SOLICITACAO-DE-DILATACAO-PARA-INTEGRALIZACAO-CURRICULAR-1-1.pdf\" type=\"application\/pdf\" style=\"width:100%;height:600px\" aria-label=\"Incorporado de INFORME PRAZOS PARA CONCLUS\u00c3O DE CURSO E SOLICITA\u00c7\u00c3O DE DILATA\u00c7\u00c3O PARA INTEGRALIZA\u00c7\u00c3O CURRICULAR.\"><\/object><a id=\"wp-block-file--media-6e771a22-935b-4b60-b2f4-0ab7717d2881\" href=\"https:\/\/www.cchla.ufpb.br\/css\/wp-content\/uploads\/sites\/122\/sites\/274\/2025\/06\/INFORME-PRAZOS-PARA-CONCLUSAO-DE-CURSO-E-SOLICITACAO-DE-DILATACAO-PARA-INTEGRALIZACAO-CURRICULAR-1-1.pdf\">INFORME PRAZOS PARA CONCLUS\u00c3O DE CURSO E SOLICITA\u00c7\u00c3O DE DILATA\u00c7\u00c3O PARA INTEGRALIZA\u00c7\u00c3O CURRICULAR<\/a><a href=\"https:\/\/www.cchla.ufpb.br\/css\/wp-content\/uploads\/sites\/122\/sites\/274\/2025\/06\/INFORME-PRAZOS-PARA-CONCLUSAO-DE-CURSO-E-SOLICITACAO-DE-DILATACAO-PARA-INTEGRALIZACAO-CURRICULAR-1-1.pdf\" class=\"wp-block-file__button wp-element-button\" download aria-describedby=\"wp-block-file--media-6e771a22-935b-4b60-b2f4-0ab7717d2881\">Baixar<\/a><\/div>\n\n\n\n<div data-wp-interactive=\"core\/file\" class=\"wp-block-file\"><object data-wp-bind--hidden=\"!state.hasPdfPreview\" hidden class=\"wp-block-file__embed\" data=\"https:\/\/www.cchla.ufpb.br\/css\/wp-content\/uploads\/sites\/122\/sites\/274\/2025\/06\/ORIENTACOES-PARA-O-RED-1.pdf\" type=\"application\/pdf\" style=\"width:100%;height:600px\" aria-label=\"Incorporado de ORIENTA\u00c7\u00d5ES PARA O RED.\"><\/object><a id=\"wp-block-file--media-4cbbd11c-d363-49e4-a6e8-4771421393b0\" href=\"https:\/\/www.cchla.ufpb.br\/css\/wp-content\/uploads\/sites\/122\/sites\/274\/2025\/06\/ORIENTACOES-PARA-O-RED-1.pdf\">ORIENTA\u00c7\u00d5ES PARA O RED<\/a><a href=\"https:\/\/www.cchla.ufpb.br\/css\/wp-content\/uploads\/sites\/122\/sites\/274\/2025\/06\/ORIENTACOES-PARA-O-RED-1.pdf\" class=\"wp-block-file__button wp-element-button\" download aria-describedby=\"wp-block-file--media-4cbbd11c-d363-49e4-a6e8-4771421393b0\">Baixar<\/a><\/div>\n\n\n\n<div data-wp-interactive=\"core\/file\" class=\"wp-block-file\"><object data-wp-bind--hidden=\"!state.hasPdfPreview\" hidden class=\"wp-block-file__embed\" data=\"https:\/\/www.cchla.ufpb.br\/css\/wp-content\/uploads\/sites\/122\/sites\/274\/2025\/06\/SOLICITACAO-ADEQUACAO-DE-MATERIAL-JUNTO-AO-NEDESP-1.pdf\" type=\"application\/pdf\" style=\"width:100%;height:600px\" aria-label=\"Incorporado de SOLICITA\u00c7\u00c3O ADEQUA\u00c7\u00c3O DE MATERIAL JUNTO AO NEDESP.\"><\/object><a id=\"wp-block-file--media-f6c80ed7-7605-4366-9688-5d250a3275db\" href=\"https:\/\/www.cchla.ufpb.br\/css\/wp-content\/uploads\/sites\/122\/sites\/274\/2025\/06\/SOLICITACAO-ADEQUACAO-DE-MATERIAL-JUNTO-AO-NEDESP-1.pdf\">SOLICITA\u00c7\u00c3O ADEQUA\u00c7\u00c3O DE MATERIAL JUNTO AO NEDESP<\/a><a href=\"https:\/\/www.cchla.ufpb.br\/css\/wp-content\/uploads\/sites\/122\/sites\/274\/2025\/06\/SOLICITACAO-ADEQUACAO-DE-MATERIAL-JUNTO-AO-NEDESP-1.pdf\" class=\"wp-block-file__button wp-element-button\" download aria-describedby=\"wp-block-file--media-f6c80ed7-7605-4366-9688-5d250a3275db\">Baixar<\/a><\/div>\n\n\n\n<p><\/p>\n","protected":false},"excerpt":{"rendered":"","protected":false},"author":247,"featured_media":0,"parent":22,"menu_order":0,"comment_status":"closed","ping_status":"closed","template":"","meta":{"footnotes":""},"class_list":["post-134","page","type-page","status-publish","hentry"],"_links":{"self":[{"href":"https:\/\/www.cchla.ufpb.br\/css\/wp-json\/wp\/v2\/pages\/134","targetHints":{"allow":["GET"]}}],"collection":[{"href":"https:\/\/www.cchla.ufpb.br\/css\/wp-json\/wp\/v2\/pages"}],"about":[{"href":"https:\/\/www.cchla.ufpb.br\/css\/wp-json\/wp\/v2\/types\/page"}],"author":[{"embeddable":true,"href":"https:\/\/www.cchla.ufpb.br\/css\/wp-json\/wp\/v2\/users\/247"}],"replies":[{"embeddable":true,"href":"https:\/\/www.cchla.ufpb.br\/css\/wp-json\/wp\/v2\/comments?post=134"}],"version-history":[{"count":17,"href":"https:\/\/www.cchla.ufpb.br\/css\/wp-json\/wp\/v2\/pages\/134\/revisions"}],"predecessor-version":[{"id":649,"href":"https:\/\/www.cchla.ufpb.br\/css\/wp-json\/wp\/v2\/pages\/134\/revisions\/649"}],"up":[{"embeddable":true,"href":"https:\/\/www.cchla.ufpb.br\/css\/wp-json\/wp\/v2\/pages\/22"}],"wp:attachment":[{"href":"https:\/\/www.cchla.ufpb.br\/css\/wp-json\/wp\/v2\/media?parent=134"}],"curies":[{"name":"wp","href":"https:\/\/api.w.org\/{rel}","templated":true}]}}