{"id":16,"date":"2025-03-20T15:31:52","date_gmt":"2025-03-20T18:31:52","guid":{"rendered":"https:\/\/www.cchla.ufpb.br\/css\/?page_id=16"},"modified":"2025-04-18T13:38:14","modified_gmt":"2025-04-18T16:38:14","slug":"apresentacao","status":"publish","type":"page","link":"https:\/\/www.cchla.ufpb.br\/css\/apresentacao\/","title":{"rendered":"Apresenta\u00e7\u00e3o"},"content":{"rendered":"\n<p>O curso de Servi\u00e7o Social da Universidade Federal da UFPB (UFPB) tem o prop\u00f3sito de formar profissionais cr\u00edticos e propositivos para atuar nas m\u00faltiplas express\u00f5es da quest\u00e3o social, por meio da implementa\u00e7\u00e3o, execu\u00e7\u00e3o e avalia\u00e7\u00e3o das pol\u00edticas sociais, no \u00e2mbito do Estado, nas organiza\u00e7\u00f5es da sociedade civil, nas empresas privadas e nos movimentos sociais. O curso garante uma forma\u00e7\u00e3o abrangente que articula o ensino, a pesquisa e a extens\u00e3o, possibilitando a capacita\u00e7\u00e3o te\u00f3rico-metodol\u00f3gica, t\u00e9cnico-operativa e \u00e9tico-pol\u00edtica do\/a Assistente Social, pautando-se em valores e princ\u00edpios \u00e9ticos, dos direitos humanos e no Projeto \u00c9tico-Pol\u00edtico da profiss\u00e3o.<\/p>\n\n\n\n<p><\/p>\n","protected":false},"excerpt":{"rendered":"<p>O curso de Servi\u00e7o Social da UFPB tem o prop\u00f3sito de formar profissionais cr\u00edticos e propositivos para atuar nas m\u00faltiplas express\u00f5es da quest\u00e3o social, por meio da implementa\u00e7\u00e3o e execu\u00e7\u00e3o das pol\u00edticas sociais, no \u00e2mbito do estado , nas organiza\u00e7\u00f5es da sociedade civil , nas empresas privadas e nos movimentos sociais. <\/p>\n","protected":false},"author":47,"featured_media":17,"parent":0,"menu_order":0,"comment_status":"closed","ping_status":"closed","template":"","meta":{"footnotes":""},"class_list":["post-16","page","type-page","status-publish","has-post-thumbnail","hentry"],"_links":{"self":[{"href":"https:\/\/www.cchla.ufpb.br\/css\/wp-json\/wp\/v2\/pages\/16","targetHints":{"allow":["GET"]}}],"collection":[{"href":"https:\/\/www.cchla.ufpb.br\/css\/wp-json\/wp\/v2\/pages"}],"about":[{"href":"https:\/\/www.cchla.ufpb.br\/css\/wp-json\/wp\/v2\/types\/page"}],"author":[{"embeddable":true,"href":"https:\/\/www.cchla.ufpb.br\/css\/wp-json\/wp\/v2\/users\/47"}],"replies":[{"embeddable":true,"href":"https:\/\/www.cchla.ufpb.br\/css\/wp-json\/wp\/v2\/comments?post=16"}],"version-history":[{"count":5,"href":"https:\/\/www.cchla.ufpb.br\/css\/wp-json\/wp\/v2\/pages\/16\/revisions"}],"predecessor-version":[{"id":112,"href":"https:\/\/www.cchla.ufpb.br\/css\/wp-json\/wp\/v2\/pages\/16\/revisions\/112"}],"wp:featuredmedia":[{"embeddable":true,"href":"https:\/\/www.cchla.ufpb.br\/css\/wp-json\/wp\/v2\/media\/17"}],"wp:attachment":[{"href":"https:\/\/www.cchla.ufpb.br\/css\/wp-json\/wp\/v2\/media?parent=16"}],"curies":[{"name":"wp","href":"https:\/\/api.w.org\/{rel}","templated":true}]}}