{"id":22,"date":"2025-03-20T19:27:31","date_gmt":"2025-03-20T22:27:31","guid":{"rendered":"https:\/\/www.cchla.ufpb.br\/css\/?page_id=22"},"modified":"2026-03-19T22:22:49","modified_gmt":"2026-03-20T01:22:49","slug":"documentos","status":"publish","type":"page","link":"https:\/\/www.cchla.ufpb.br\/css\/documentos\/","title":{"rendered":"Documentos"},"content":{"rendered":"\n<p><\/p>\n\n\n\n<p><strong>Regulamentos do Minist\u00e9rio da Educa\u00e7\u00e3o &#8211; MEC<\/strong><\/p>\n\n\n\n<div data-wp-interactive=\"core\/file\" class=\"wp-block-file\"><object data-wp-bind--hidden=\"!state.hasPdfPreview\" hidden class=\"wp-block-file__embed\" data=\"https:\/\/www.cchla.ufpb.br\/css\/wp-content\/uploads\/sites\/122\/sites\/274\/2025\/07\/RESOLUCAO-No-102005.pdf\" type=\"application\/pdf\" style=\"width:100%;height:600px\" aria-label=\"Incorporado de RESOLU\u00c7\u00c3O N\u00ba 10:2005.\"><\/object><a id=\"wp-block-file--media-dff76de9-2ee0-4920-ba31-0ade1d508dd0\" href=\"https:\/\/www.cchla.ufpb.br\/css\/wp-content\/uploads\/sites\/122\/sites\/274\/2025\/07\/RESOLUCAO-No-102005.pdf\">RESOLU\u00c7\u00c3O N\u00ba 10:2005<\/a><a href=\"https:\/\/www.cchla.ufpb.br\/css\/wp-content\/uploads\/sites\/122\/sites\/274\/2025\/07\/RESOLUCAO-No-102005.pdf\" class=\"wp-block-file__button wp-element-button\" download aria-describedby=\"wp-block-file--media-dff76de9-2ee0-4920-ba31-0ade1d508dd0\">Baixar<\/a><\/div>\n\n\n\n<div data-wp-interactive=\"core\/file\" class=\"wp-block-file\"><object data-wp-bind--hidden=\"!state.hasPdfPreview\" hidden class=\"wp-block-file__embed\" data=\"https:\/\/www.cchla.ufpb.br\/css\/wp-content\/uploads\/sites\/122\/sites\/274\/2025\/07\/RESOLUCAO-No-062004.pdf\" type=\"application\/pdf\" style=\"width:100%;height:600px\" aria-label=\"Incorporado de RESOLU\u00c7\u00c3O N\u00ba 06:2004.\"><\/object><a id=\"wp-block-file--media-c29ea8a5-34cb-4af5-8d38-42880d26d0f4\" href=\"https:\/\/www.cchla.ufpb.br\/css\/wp-content\/uploads\/sites\/122\/sites\/274\/2025\/07\/RESOLUCAO-No-062004.pdf\">RESOLU\u00c7\u00c3O N\u00ba 06:2004<\/a><a href=\"https:\/\/www.cchla.ufpb.br\/css\/wp-content\/uploads\/sites\/122\/sites\/274\/2025\/07\/RESOLUCAO-No-062004.pdf\" class=\"wp-block-file__button wp-element-button\" download aria-describedby=\"wp-block-file--media-c29ea8a5-34cb-4af5-8d38-42880d26d0f4\">Baixar<\/a><\/div>\n\n\n\n<p><\/p>\n\n\n\n<p><strong>Regulamentos da Universidade Federal da Para\u00edba &#8211; UFPB<\/strong><\/p>\n\n\n\n<div data-wp-interactive=\"core\/file\" class=\"wp-block-file\"><object data-wp-bind--hidden=\"!state.hasPdfPreview\" hidden class=\"wp-block-file__embed\" data=\"https:\/\/www.cchla.ufpb.br\/css\/wp-content\/uploads\/sites\/122\/sites\/274\/2025\/07\/REGIMENTO-GERAL-UFPB-2.pdf\" type=\"application\/pdf\" style=\"width:100%;height:600px\" aria-label=\"Incorporado de REGIMENTO GERAL UFPB.\"><\/object><a id=\"wp-block-file--media-36d5bf19-7ca2-4e32-9fab-78d1f62e7c0d\" href=\"https:\/\/www.cchla.ufpb.br\/css\/wp-content\/uploads\/sites\/122\/sites\/274\/2025\/07\/REGIMENTO-GERAL-UFPB-2.pdf\">REGIMENTO GERAL UFPB<\/a><a href=\"https:\/\/www.cchla.ufpb.br\/css\/wp-content\/uploads\/sites\/122\/sites\/274\/2025\/07\/REGIMENTO-GERAL-UFPB-2.pdf\" class=\"wp-block-file__button wp-element-button\" download aria-describedby=\"wp-block-file--media-36d5bf19-7ca2-4e32-9fab-78d1f62e7c0d\">Baixar<\/a><\/div>\n\n\n\n<div data-wp-interactive=\"core\/file\" class=\"wp-block-file\"><object data-wp-bind--hidden=\"!state.hasPdfPreview\" hidden class=\"wp-block-file__embed\" data=\"https:\/\/www.cchla.ufpb.br\/css\/wp-content\/uploads\/sites\/122\/sites\/274\/2025\/07\/RESOLUCAO-N.-292020-2.pdf\" type=\"application\/pdf\" style=\"width:100%;height:600px\" aria-label=\"Incorporado de RESOLU\u00c7\u00c3O N. 29:2020.\"><\/object><a id=\"wp-block-file--media-172096dd-9a0f-4b7c-8fa1-e4fd18b15034\" href=\"https:\/\/www.cchla.ufpb.br\/css\/wp-content\/uploads\/sites\/122\/sites\/274\/2025\/07\/RESOLUCAO-N.-292020-2.pdf\">RESOLU\u00c7\u00c3O N. 29:2020<\/a><a href=\"https:\/\/www.cchla.ufpb.br\/css\/wp-content\/uploads\/sites\/122\/sites\/274\/2025\/07\/RESOLUCAO-N.-292020-2.pdf\" class=\"wp-block-file__button wp-element-button\" download aria-describedby=\"wp-block-file--media-172096dd-9a0f-4b7c-8fa1-e4fd18b15034\">Baixar<\/a><\/div>\n\n\n\n<p><\/p>\n\n\n\n<p><strong>Regulamentos do Curso de Gradua\u00e7\u00e3o em Servi\u00e7o Social<\/strong> <\/p>\n\n\n\n<div data-wp-interactive=\"core\/file\" class=\"wp-block-file\"><object data-wp-bind--hidden=\"!state.hasPdfPreview\" hidden class=\"wp-block-file__embed\" data=\"https:\/\/www.cchla.ufpb.br\/css\/wp-content\/uploads\/sites\/122\/sites\/274\/2025\/07\/PORTARIA-2112020-RENOVSCAO-DO-CURSO-DE-SESO.pdf\" type=\"application\/pdf\" style=\"width:100%;height:600px\" aria-label=\"Incorporado de PORTARIA 211:2020 RENOVS\u00c7\u00c3O DO CURSO DE SESO.\"><\/object><a id=\"wp-block-file--media-703d6ece-0d65-470a-bc72-73cf0ab40723\" href=\"https:\/\/www.cchla.ufpb.br\/css\/wp-content\/uploads\/sites\/122\/sites\/274\/2025\/07\/PORTARIA-2112020-RENOVSCAO-DO-CURSO-DE-SESO.pdf\">PORTARIA 211:2020 RENOVS\u00c7\u00c3O DO CURSO DE SESO<\/a><a href=\"https:\/\/www.cchla.ufpb.br\/css\/wp-content\/uploads\/sites\/122\/sites\/274\/2025\/07\/PORTARIA-2112020-RENOVSCAO-DO-CURSO-DE-SESO.pdf\" class=\"wp-block-file__button wp-element-button\" download aria-describedby=\"wp-block-file--media-703d6ece-0d65-470a-bc72-73cf0ab40723\">Baixar<\/a><\/div>\n\n\n\n<div data-wp-interactive=\"core\/file\" class=\"wp-block-file\"><object data-wp-bind--hidden=\"!state.hasPdfPreview\" hidden class=\"wp-block-file__embed\" data=\"https:\/\/www.cchla.ufpb.br\/css\/wp-content\/uploads\/sites\/122\/sites\/274\/2025\/07\/PPP-SERVIC-SOCIAL-UFPB-2017-ASSINADO.pdf\" type=\"application\/pdf\" style=\"width:100%;height:600px\" aria-label=\"Incorporado de PPP SERVIC SOCIAL UFPB 2017 ASSINADO.\"><\/object><a id=\"wp-block-file--media-08ad0239-efb6-4bc8-b261-d35dd670cc45\" href=\"https:\/\/www.cchla.ufpb.br\/css\/wp-content\/uploads\/sites\/122\/sites\/274\/2025\/07\/PPP-SERVIC-SOCIAL-UFPB-2017-ASSINADO.pdf\">PPP SERVIC SOCIAL UFPB 2017 ASSINADO<\/a><a href=\"https:\/\/www.cchla.ufpb.br\/css\/wp-content\/uploads\/sites\/122\/sites\/274\/2025\/07\/PPP-SERVIC-SOCIAL-UFPB-2017-ASSINADO.pdf\" class=\"wp-block-file__button wp-element-button\" download aria-describedby=\"wp-block-file--media-08ad0239-efb6-4bc8-b261-d35dd670cc45\">Baixar<\/a><\/div>\n\n\n\n<div data-wp-interactive=\"core\/file\" class=\"wp-block-file\"><object data-wp-bind--hidden=\"!state.hasPdfPreview\" hidden class=\"wp-block-file__embed\" data=\"https:\/\/www.cchla.ufpb.br\/css\/wp-content\/uploads\/sites\/122\/sites\/274\/2025\/07\/TABELA-DE-EQUIVALENCIAS-ENTRE-O-CURRICULO-VELHO-2003-E-O-CURRICULO-NOVO-2017.pdf\" type=\"application\/pdf\" style=\"width:100%;height:600px\" aria-label=\"Incorporado de TABELA DE EQUIVALENCIAS ENTRE O CURRICULO VELHO 2003 E O CURRICULO NOVO 2017.\"><\/object><a id=\"wp-block-file--media-2114eb93-a435-4e97-9f96-97230935b256\" href=\"https:\/\/www.cchla.ufpb.br\/css\/wp-content\/uploads\/sites\/122\/sites\/274\/2025\/07\/TABELA-DE-EQUIVALENCIAS-ENTRE-O-CURRICULO-VELHO-2003-E-O-CURRICULO-NOVO-2017.pdf\">TABELA DE EQUIVALENCIAS ENTRE O CURRICULO VELHO 2003 E O CURRICULO NOVO 2017<\/a><a href=\"https:\/\/www.cchla.ufpb.br\/css\/wp-content\/uploads\/sites\/122\/sites\/274\/2025\/07\/TABELA-DE-EQUIVALENCIAS-ENTRE-O-CURRICULO-VELHO-2003-E-O-CURRICULO-NOVO-2017.pdf\" class=\"wp-block-file__button wp-element-button\" download aria-describedby=\"wp-block-file--media-2114eb93-a435-4e97-9f96-97230935b256\">Baixar<\/a><\/div>\n\n\n\n<div data-wp-interactive=\"core\/file\" class=\"wp-block-file\"><object data-wp-bind--hidden=\"!state.hasPdfPreview\" hidden class=\"wp-block-file__embed\" data=\"https:\/\/www.cchla.ufpb.br\/css\/wp-content\/uploads\/sites\/122\/sites\/274\/2026\/03\/RESOLUCAO-No-012026-\u2013-CCGSSCCHLAUFPB-1.pdf\" type=\"application\/pdf\" style=\"width:100%;height:600px\" aria-label=\"Incorporado de RESOLU\u00c7\u00c3O N\u00ba 01:2026 \u2013 CCGSS:CCHLA:UFPB.\"><\/object><a id=\"wp-block-file--media-1e12f057-833b-4831-bda0-5e5e1f2d2564\" href=\"https:\/\/www.cchla.ufpb.br\/css\/wp-content\/uploads\/sites\/122\/sites\/274\/2026\/03\/RESOLUCAO-No-012026-\u2013-CCGSSCCHLAUFPB-1.pdf\">RESOLU\u00c7\u00c3O N\u00ba 01:2026 \u2013 CCGSS:CCHLA:UFPB<\/a><a href=\"https:\/\/www.cchla.ufpb.br\/css\/wp-content\/uploads\/sites\/122\/sites\/274\/2026\/03\/RESOLUCAO-No-012026-\u2013-CCGSSCCHLAUFPB-1.pdf\" class=\"wp-block-file__button wp-element-button\" download aria-describedby=\"wp-block-file--media-1e12f057-833b-4831-bda0-5e5e1f2d2564\">Baixar<\/a><\/div>\n\n\n\n<div data-wp-interactive=\"core\/file\" class=\"wp-block-file\"><object data-wp-bind--hidden=\"!state.hasPdfPreview\" hidden class=\"wp-block-file__embed\" data=\"https:\/\/www.cchla.ufpb.br\/css\/wp-content\/uploads\/sites\/122\/sites\/274\/2025\/07\/RESOLUCAO-02-2025-TCC.pdf\" type=\"application\/pdf\" style=\"width:100%;height:600px\" aria-label=\"Incorporado de RESOLU\u00c7\u00c3O 02 2025 TCC.\"><\/object><a id=\"wp-block-file--media-ea32a220-1d48-43e6-98f6-fd303b446e13\" href=\"https:\/\/www.cchla.ufpb.br\/css\/wp-content\/uploads\/sites\/122\/sites\/274\/2025\/07\/RESOLUCAO-02-2025-TCC.pdf\">RESOLU\u00c7\u00c3O 02 2025 TCC<\/a><a href=\"https:\/\/www.cchla.ufpb.br\/css\/wp-content\/uploads\/sites\/122\/sites\/274\/2025\/07\/RESOLUCAO-02-2025-TCC.pdf\" class=\"wp-block-file__button wp-element-button\" download aria-describedby=\"wp-block-file--media-ea32a220-1d48-43e6-98f6-fd303b446e13\">Baixar<\/a><\/div>\n\n\n\n<div data-wp-interactive=\"core\/file\" class=\"wp-block-file\"><object data-wp-bind--hidden=\"!state.hasPdfPreview\" hidden class=\"wp-block-file__embed\" data=\"https:\/\/www.cchla.ufpb.br\/css\/wp-content\/uploads\/sites\/122\/sites\/274\/2025\/07\/PORTARIA-no-052014-CCGSSCCHLAUFPB.pdf\" type=\"application\/pdf\" style=\"width:100%;height:600px\" aria-label=\"Incorporado de PORTARIA n\u00ba 05:2014 - CCGSS:CCHLA:UFPB.\"><\/object><a id=\"wp-block-file--media-470162ef-9406-4e89-918a-709c65a1576f\" href=\"https:\/\/www.cchla.ufpb.br\/css\/wp-content\/uploads\/sites\/122\/sites\/274\/2025\/07\/PORTARIA-no-052014-CCGSSCCHLAUFPB.pdf\">PORTARIA n\u00ba 05:2014 &#8211; CCGSS:CCHLA:UFPB<\/a><a href=\"https:\/\/www.cchla.ufpb.br\/css\/wp-content\/uploads\/sites\/122\/sites\/274\/2025\/07\/PORTARIA-no-052014-CCGSSCCHLAUFPB.pdf\" class=\"wp-block-file__button wp-element-button\" download aria-describedby=\"wp-block-file--media-470162ef-9406-4e89-918a-709c65a1576f\">Baixar<\/a><\/div>\n\n\n\n<div data-wp-interactive=\"core\/file\" class=\"wp-block-file\"><object data-wp-bind--hidden=\"!state.hasPdfPreview\" hidden class=\"wp-block-file__embed\" data=\"https:\/\/www.cchla.ufpb.br\/css\/wp-content\/uploads\/sites\/122\/sites\/274\/2025\/07\/PORTARIA-no-012016-CCGSSCCHLAUFPB.pdf\" type=\"application\/pdf\" style=\"width:100%;height:600px\" aria-label=\"Incorporado de PORTARIA n\u00ba 01:2016 - CCGSS:CCHLA:UFPB.\"><\/object><a id=\"wp-block-file--media-4faeb8c0-38b8-45e0-bd67-fe444f2e0de8\" href=\"https:\/\/www.cchla.ufpb.br\/css\/wp-content\/uploads\/sites\/122\/sites\/274\/2025\/07\/PORTARIA-no-012016-CCGSSCCHLAUFPB.pdf\">PORTARIA n\u00ba 01:2016 &#8211; CCGSS:CCHLA:UFPB<\/a><a href=\"https:\/\/www.cchla.ufpb.br\/css\/wp-content\/uploads\/sites\/122\/sites\/274\/2025\/07\/PORTARIA-no-012016-CCGSSCCHLAUFPB.pdf\" class=\"wp-block-file__button wp-element-button\" download aria-describedby=\"wp-block-file--media-4faeb8c0-38b8-45e0-bd67-fe444f2e0de8\">Baixar<\/a><\/div>\n","protected":false},"excerpt":{"rendered":"<p>Regulamentos do Minist\u00e9rio da Educa\u00e7\u00e3o &#8211; MEC Regulamentos da Universidade Federal da Para\u00edba &#8211; UFPB Regulamentos do Curso de Gradua\u00e7\u00e3o em Servi\u00e7o Social<\/p>\n","protected":false},"author":47,"featured_media":0,"parent":0,"menu_order":0,"comment_status":"closed","ping_status":"closed","template":"","meta":{"footnotes":""},"class_list":["post-22","page","type-page","status-publish","hentry"],"_links":{"self":[{"href":"https:\/\/www.cchla.ufpb.br\/css\/wp-json\/wp\/v2\/pages\/22","targetHints":{"allow":["GET"]}}],"collection":[{"href":"https:\/\/www.cchla.ufpb.br\/css\/wp-json\/wp\/v2\/pages"}],"about":[{"href":"https:\/\/www.cchla.ufpb.br\/css\/wp-json\/wp\/v2\/types\/page"}],"author":[{"embeddable":true,"href":"https:\/\/www.cchla.ufpb.br\/css\/wp-json\/wp\/v2\/users\/47"}],"replies":[{"embeddable":true,"href":"https:\/\/www.cchla.ufpb.br\/css\/wp-json\/wp\/v2\/comments?post=22"}],"version-history":[{"count":8,"href":"https:\/\/www.cchla.ufpb.br\/css\/wp-json\/wp\/v2\/pages\/22\/revisions"}],"predecessor-version":[{"id":610,"href":"https:\/\/www.cchla.ufpb.br\/css\/wp-json\/wp\/v2\/pages\/22\/revisions\/610"}],"wp:attachment":[{"href":"https:\/\/www.cchla.ufpb.br\/css\/wp-json\/wp\/v2\/media?parent=22"}],"curies":[{"name":"wp","href":"https:\/\/api.w.org\/{rel}","templated":true}]}}