{"id":354,"date":"2025-08-06T12:35:42","date_gmt":"2025-08-06T15:35:42","guid":{"rendered":"https:\/\/www.cchla.ufpb.br\/css\/?page_id=354"},"modified":"2026-04-06T21:01:36","modified_gmt":"2026-04-07T00:01:36","slug":"atas-do-colegiado","status":"publish","type":"page","link":"https:\/\/www.cchla.ufpb.br\/css\/colegiado\/atas-do-colegiado\/","title":{"rendered":"Atas das reuni\u00f5es do colegiado"},"content":{"rendered":"\n<div data-wp-interactive=\"core\/file\" class=\"wp-block-file\"><object data-wp-bind--hidden=\"!state.hasPdfPreview\" hidden class=\"wp-block-file__embed\" data=\"https:\/\/www.cchla.ufpb.br\/css\/wp-content\/uploads\/sites\/122\/sites\/274\/2025\/08\/ATA-1-2025.pdf\" type=\"application\/pdf\" style=\"width:100%;height:600px\" aria-label=\"Incorporado de ATA 1 2025.\"><\/object><a id=\"wp-block-file--media-9a6cbebb-9865-474c-b950-7823e40bbe90\" href=\"https:\/\/www.cchla.ufpb.br\/css\/wp-content\/uploads\/sites\/122\/sites\/274\/2025\/08\/ATA-1-2025.pdf\">ATA 1 2025<\/a><a href=\"https:\/\/www.cchla.ufpb.br\/css\/wp-content\/uploads\/sites\/122\/sites\/274\/2025\/08\/ATA-1-2025.pdf\" class=\"wp-block-file__button wp-element-button\" download aria-describedby=\"wp-block-file--media-9a6cbebb-9865-474c-b950-7823e40bbe90\">Baixar<\/a><\/div>\n\n\n\n<div data-wp-interactive=\"core\/file\" class=\"wp-block-file\"><object data-wp-bind--hidden=\"!state.hasPdfPreview\" hidden class=\"wp-block-file__embed\" data=\"https:\/\/www.cchla.ufpb.br\/css\/wp-content\/uploads\/sites\/122\/sites\/274\/2025\/08\/ATA-DA-1a-REUNIAO-EXTRAORDINARIA-DO-COLEGIADO-DO-CURSO-DE-SERVICO-SOCIAL-DO-ANO-DE-2025.pdf\" type=\"application\/pdf\" style=\"width:100%;height:600px\" aria-label=\"Incorporado de ATA DA 1\u00aa REUNI\u00c3O EXTRAORDIN\u00c1RIA DO COLEGIADO DO CURSO DE SERVI\u00c7O SOCIAL DO ANO DE 2025.\"><\/object><a id=\"wp-block-file--media-a31411ab-d22d-4d53-8c4a-879d6d111332\" href=\"https:\/\/www.cchla.ufpb.br\/css\/wp-content\/uploads\/sites\/122\/sites\/274\/2025\/08\/ATA-DA-1a-REUNIAO-EXTRAORDINARIA-DO-COLEGIADO-DO-CURSO-DE-SERVICO-SOCIAL-DO-ANO-DE-2025.pdf\">ATA DA 1\u00aa REUNI\u00c3O EXTRAORDIN\u00c1RIA DO COLEGIADO DO CURSO DE SERVI\u00c7O SOCIAL DO ANO DE 2025<\/a><a href=\"https:\/\/www.cchla.ufpb.br\/css\/wp-content\/uploads\/sites\/122\/sites\/274\/2025\/08\/ATA-DA-1a-REUNIAO-EXTRAORDINARIA-DO-COLEGIADO-DO-CURSO-DE-SERVICO-SOCIAL-DO-ANO-DE-2025.pdf\" class=\"wp-block-file__button wp-element-button\" download aria-describedby=\"wp-block-file--media-a31411ab-d22d-4d53-8c4a-879d6d111332\">Baixar<\/a><\/div>\n\n\n\n<div data-wp-interactive=\"core\/file\" class=\"wp-block-file\"><object data-wp-bind--hidden=\"!state.hasPdfPreview\" hidden class=\"wp-block-file__embed\" data=\"https:\/\/www.cchla.ufpb.br\/css\/wp-content\/uploads\/sites\/122\/sites\/274\/2026\/04\/ATA-DA-2a-REUNIAO-ORDINARIA-2025.pdf\" type=\"application\/pdf\" style=\"width:100%;height:600px\" aria-label=\"Incorporado de ATA DA 2\u00aa REUNI\u00c3O ORDIN\u00c1RIA 2025.\"><\/object><a id=\"wp-block-file--media-e063f587-d570-4380-90a8-78dab1907ea2\" href=\"https:\/\/www.cchla.ufpb.br\/css\/wp-content\/uploads\/sites\/122\/sites\/274\/2026\/04\/ATA-DA-2a-REUNIAO-ORDINARIA-2025.pdf\">ATA DA 2\u00aa REUNI\u00c3O ORDIN\u00c1RIA 2025<\/a><a href=\"https:\/\/www.cchla.ufpb.br\/css\/wp-content\/uploads\/sites\/122\/sites\/274\/2026\/04\/ATA-DA-2a-REUNIAO-ORDINARIA-2025.pdf\" class=\"wp-block-file__button wp-element-button\" download aria-describedby=\"wp-block-file--media-e063f587-d570-4380-90a8-78dab1907ea2\">Baixar<\/a><\/div>\n","protected":false},"excerpt":{"rendered":"","protected":false},"author":247,"featured_media":0,"parent":93,"menu_order":0,"comment_status":"closed","ping_status":"closed","template":"","meta":{"footnotes":""},"class_list":["post-354","page","type-page","status-publish","hentry"],"_links":{"self":[{"href":"https:\/\/www.cchla.ufpb.br\/css\/wp-json\/wp\/v2\/pages\/354","targetHints":{"allow":["GET"]}}],"collection":[{"href":"https:\/\/www.cchla.ufpb.br\/css\/wp-json\/wp\/v2\/pages"}],"about":[{"href":"https:\/\/www.cchla.ufpb.br\/css\/wp-json\/wp\/v2\/types\/page"}],"author":[{"embeddable":true,"href":"https:\/\/www.cchla.ufpb.br\/css\/wp-json\/wp\/v2\/users\/247"}],"replies":[{"embeddable":true,"href":"https:\/\/www.cchla.ufpb.br\/css\/wp-json\/wp\/v2\/comments?post=354"}],"version-history":[{"count":3,"href":"https:\/\/www.cchla.ufpb.br\/css\/wp-json\/wp\/v2\/pages\/354\/revisions"}],"predecessor-version":[{"id":648,"href":"https:\/\/www.cchla.ufpb.br\/css\/wp-json\/wp\/v2\/pages\/354\/revisions\/648"}],"up":[{"embeddable":true,"href":"https:\/\/www.cchla.ufpb.br\/css\/wp-json\/wp\/v2\/pages\/93"}],"wp:attachment":[{"href":"https:\/\/www.cchla.ufpb.br\/css\/wp-json\/wp\/v2\/media?parent=354"}],"curies":[{"name":"wp","href":"https:\/\/api.w.org\/{rel}","templated":true}]}}