{"id":408,"date":"2025-09-03T17:15:33","date_gmt":"2025-09-03T20:15:33","guid":{"rendered":"https:\/\/www.cchla.ufpb.br\/css\/?page_id=408"},"modified":"2025-09-03T17:21:17","modified_gmt":"2025-09-03T20:21:17","slug":"orientacoes-para-conclusao-das-atividades-de-trabalho-de-conclusao-de-curso-tcc","status":"publish","type":"page","link":"https:\/\/www.cchla.ufpb.br\/css\/documentos\/orientacoes-para-conclusao-das-atividades-de-trabalho-de-conclusao-de-curso-tcc\/","title":{"rendered":"Orienta\u00e7\u00f5es para conclus\u00e3o das atividades de Trabalho de Conclus\u00e3o de Curso &#8211; TCC"},"content":{"rendered":"\n<p>Semestre 2025.1<\/p>\n\n\n\n<p><strong>CADASTRO A BANCA DE DEFESA DE TCC<\/strong><strong><\/strong><\/p>\n\n\n\n<p>Basta clicar no link e preencher as informa\u00e7\u00f5es:&nbsp;<a href=\"https:\/\/docs.google.com\/forms\/d\/e\/1FAIpQLScvft54DL3AFCPFOHlnHnG3biVudbljI2w13aM8rOjh73y3CQ\/viewform?usp=header\">https:\/\/docs.google.com\/forms\/d\/e\/1FAIpQLScvft54DL3AFCPFOHlnHnG3biVudbljI2w13aM8rOjh73y3CQ\/viewform?usp=header<\/a>.<\/p>\n\n\n\n<p>A SIAG\/CCHLA \u00e9 quem realiza o cadastro da banca no SIGAA, apenas docentes est\u00e3o autorizados\/as a realizar o cadastro.&nbsp;<\/p>\n\n\n\n<p><strong>PER\u00cdODO PARA A REALIZA\u00c7\u00c3O DAS BANCAS DE DEFESA DE TCC<\/strong><\/p>\n\n\n\n<p>Conforme o calend\u00e1rio acad\u00eamico 2025.1, o registro de M\u00e9dias Finais no SIGAA, incluindo a nota de TCC, dever\u00e3o ser implantadas at\u00e9 o dia<strong>&nbsp;14\/10\/2025<\/strong>, portanto, as bancas dever\u00e3o ocorrer at\u00e9 a mencionada data.&nbsp;<\/p>\n\n\n\n<p><strong>FINALIZA\u00c7\u00c3O DO TCC NO TOCANTE AS NOTAS<\/strong><\/p>\n\n\n\n<ol style=\"list-style-type:lower-alpha\" class=\"wp-block-list\">\n<li><strong>TCC 1 (APROVA\u00c7\u00c3O OU REPROVA\u00c7\u00c3O):\u00a0<\/strong>Enviar apernas o formul\u00e1rio preenchido, incluindo a nota obtida.<\/li>\n\n\n\n<li><strong>TCC 2 com REPROVA\u00c7\u00c3O DIRETA (n\u00e3o ocorreu defesa):<\/strong>\u00a0Enviar apernas o formul\u00e1rio preenchido, incluindo a nota obtida.<\/li>\n\n\n\n<li><strong>TCC 2 com APROVA\u00c7\u00c3O (defesa realizada):\u00a0<\/strong>Enviar apenas a ATA de aprova\u00e7\u00e3o contendo a nota.<\/li>\n<\/ol>\n\n\n\n<p><strong>Baixe os formul\u00e1rios na p\u00e1gina da SIAG\/CCHLA (link abaixo):<\/strong><\/p>\n\n\n\n<p><a href=\"http:\/\/www.cchla.ufpb.br\/siagcchla\/contents\/menu\/assuntos\/documentos-1\/tcc-1\">http:\/\/www.cchla.ufpb.br\/siagcchla\/contents\/menu\/assuntos\/documentos-1\/tcc-1<\/a><\/p>\n\n\n\n<p><strong>OBSERVA\u00c7\u00d5ES<\/strong><\/p>\n\n\n\n<ul class=\"wp-block-list\">\n<li>Discente que n\u00e3o concluiu o TCC, n\u00e3o fez contato com o\/a docente, n\u00e3o deseja ou n\u00e3o tem condi\u00e7\u00f5es de defender, dever\u00e1 ser\u00a0<strong>REPROVADO<\/strong>: seguir a mesma orienta\u00e7\u00e3o dos itens\u00a0<strong><u>a<\/u><\/strong>\u00a0e\u00a0<strong><u>b<\/u><\/strong>;<\/li>\n\n\n\n<li>A nota m\u00ednima para\u00a0<strong>aprova\u00e7\u00e3o\u00a0<\/strong>em TCC 1 e\/ou TCC 2 \u00e9 igual ou superior a 5,0;<\/li>\n\n\n\n<li>A nota indicativa\u00a0de<strong>\u00a0reprova\u00e7\u00e3o<\/strong>\u00a0vai de 0,0 (zero) a 4,9;<\/li>\n\n\n\n<li>As notas dever\u00e3o ser envidas at\u00e9 o \u00faltimo dia do calend\u00e1rio acad\u00eamico vigente.<\/li>\n<\/ul>\n\n\n\n<p><strong>ENDERE\u00c7O ELETR\u00d4NICO PARA ENVIO DAS NOTAS<\/strong><\/p>\n\n\n\n<p>Enviar para a SIAG\/CCHLA: &nbsp;<a href=\"mailto:siag@cchla.ufpb.br\" target=\"_blank\" rel=\"noreferrer noopener\">siag@cchla.ufpb.br<\/a><\/p>\n\n\n\n<p>Com c\u00f3pia para a Coordena\u00e7\u00e3o de Curso:&nbsp;<a href=\"mailto:css@cchla.ufpb.br\">css@cchla.ufpb.br<\/a><\/p>\n\n\n\n<p><strong>DECLARA\u00c7\u00d5ES DAS BANCAS DE DEFESA DE TCC&nbsp;<\/strong><\/p>\n\n\n\n<p>As declara\u00e7\u00f5es das bancas de defesa de TCC de avaliadores\/as internos \/as estar\u00e3o dispon\u00edveis no acesso do\/a docente uma semana ap\u00f3s a data limite para&nbsp;registro de M\u00e9dias Finais no SIGAA (<strong>14\/10\/2025<\/strong>) mediante envio da ATA de aprova\u00e7\u00e3o contendo a nota.&nbsp;<\/p>\n\n\n\n<p>As declara\u00e7\u00f5es das bancas de defesa de TCC de avaliadores\/as externos\/as dever\u00e3o ser solicitadas no e-mail da SIAG\/CCHLA: &nbsp;<a href=\"mailto:siag@cchla.ufpb.br\" target=\"_blank\" rel=\"noreferrer noopener\">siag@cchla.ufpb.br<\/a>.&nbsp;<\/p>\n\n\n\n<div data-wp-interactive=\"core\/file\" class=\"wp-block-file\"><object data-wp-bind--hidden=\"!state.hasPdfPreview\" hidden class=\"wp-block-file__embed\" data=\"https:\/\/www.cchla.ufpb.br\/css\/wp-content\/uploads\/sites\/122\/sites\/274\/2025\/09\/ATA-DE-DEFESA-DE-TCC.pdf\" type=\"application\/pdf\" style=\"width:100%;height:600px\" aria-label=\"Incorporado de ATA DE DEFESA DE TCC.\"><\/object><a id=\"wp-block-file--media-e3a0655e-8ec9-4e35-9af7-0ce67d5a1944\" href=\"https:\/\/www.cchla.ufpb.br\/css\/wp-content\/uploads\/sites\/122\/sites\/274\/2025\/09\/ATA-DE-DEFESA-DE-TCC.pdf\">ATA DE DEFESA DE TCC<\/a><a href=\"https:\/\/www.cchla.ufpb.br\/css\/wp-content\/uploads\/sites\/122\/sites\/274\/2025\/09\/ATA-DE-DEFESA-DE-TCC.pdf\" class=\"wp-block-file__button wp-element-button\" download aria-describedby=\"wp-block-file--media-e3a0655e-8ec9-4e35-9af7-0ce67d5a1944\">Baixar<\/a><\/div>\n\n\n\n<div class=\"wp-block-file\"><a id=\"wp-block-file--media-4a6931d7-1f1a-4b8e-8f00-b74b40515ad9\" href=\"https:\/\/www.cchla.ufpb.br\/css\/wp-content\/uploads\/sites\/122\/sites\/274\/2025\/09\/FORMULARIO-DE-ENTREGA-DA-NOTA-FINAL-DE-TRABALHO-DE-CONCLUSAO-DE-CURSO-TCC-.docx\">FORMUL\u00c1RIO DE ENTREGA DA NOTA FINAL DE TRABALHO DE CONCLUS\u00c3O DE CURSO (TCC)<\/a><a href=\"https:\/\/www.cchla.ufpb.br\/css\/wp-content\/uploads\/sites\/122\/sites\/274\/2025\/09\/FORMULARIO-DE-ENTREGA-DA-NOTA-FINAL-DE-TRABALHO-DE-CONCLUSAO-DE-CURSO-TCC-.docx\" class=\"wp-block-file__button wp-element-button\" download aria-describedby=\"wp-block-file--media-4a6931d7-1f1a-4b8e-8f00-b74b40515ad9\">Baixar<\/a><\/div>\n\n\n\n<p><\/p>\n","protected":false},"excerpt":{"rendered":"<p>Semestre 2025.1 CADASTRO A BANCA DE DEFESA DE TCC Basta clicar no link e preencher as informa\u00e7\u00f5es:&nbsp;https:\/\/docs.google.com\/forms\/d\/e\/1FAIpQLScvft54DL3AFCPFOHlnHnG3biVudbljI2w13aM8rOjh73y3CQ\/viewform?usp=header. A SIAG\/CCHLA \u00e9 quem realiza o cadastro da banca no SIGAA, apenas docentes est\u00e3o autorizados\/as a realizar o cadastro.&nbsp; PER\u00cdODO PARA A REALIZA\u00c7\u00c3O DAS BANCAS DE DEFESA DE TCC Conforme o calend\u00e1rio acad\u00eamico 2025.1, o registro de M\u00e9dias [&hellip;]<\/p>\n","protected":false},"author":247,"featured_media":301,"parent":22,"menu_order":0,"comment_status":"closed","ping_status":"closed","template":"","meta":{"footnotes":""},"class_list":["post-408","page","type-page","status-publish","has-post-thumbnail","hentry"],"_links":{"self":[{"href":"https:\/\/www.cchla.ufpb.br\/css\/wp-json\/wp\/v2\/pages\/408","targetHints":{"allow":["GET"]}}],"collection":[{"href":"https:\/\/www.cchla.ufpb.br\/css\/wp-json\/wp\/v2\/pages"}],"about":[{"href":"https:\/\/www.cchla.ufpb.br\/css\/wp-json\/wp\/v2\/types\/page"}],"author":[{"embeddable":true,"href":"https:\/\/www.cchla.ufpb.br\/css\/wp-json\/wp\/v2\/users\/247"}],"replies":[{"embeddable":true,"href":"https:\/\/www.cchla.ufpb.br\/css\/wp-json\/wp\/v2\/comments?post=408"}],"version-history":[{"count":1,"href":"https:\/\/www.cchla.ufpb.br\/css\/wp-json\/wp\/v2\/pages\/408\/revisions"}],"predecessor-version":[{"id":411,"href":"https:\/\/www.cchla.ufpb.br\/css\/wp-json\/wp\/v2\/pages\/408\/revisions\/411"}],"up":[{"embeddable":true,"href":"https:\/\/www.cchla.ufpb.br\/css\/wp-json\/wp\/v2\/pages\/22"}],"wp:featuredmedia":[{"embeddable":true,"href":"https:\/\/www.cchla.ufpb.br\/css\/wp-json\/wp\/v2\/media\/301"}],"wp:attachment":[{"href":"https:\/\/www.cchla.ufpb.br\/css\/wp-json\/wp\/v2\/media?parent=408"}],"curies":[{"name":"wp","href":"https:\/\/api.w.org\/{rel}","templated":true}]}}