{"id":62,"date":"2025-03-21T13:04:30","date_gmt":"2025-03-21T16:04:30","guid":{"rendered":"https:\/\/www.cchla.ufpb.br\/css\/?page_id=62"},"modified":"2025-06-18T22:40:51","modified_gmt":"2025-06-19T01:40:51","slug":"area-discente","status":"publish","type":"page","link":"https:\/\/www.cchla.ufpb.br\/css\/area-discente\/","title":{"rendered":"\u00c1rea Discente"},"content":{"rendered":"\n<figure class=\"wp-block-table is-style-stripes\"><table class=\"has-fixed-layout\"><tbody><tr><td><a href=\"http:\/\/plone.ufpb.br\/siagcchla\/contents\/documentos\/esclarecimentos\/abono-de-faltas.pdf\">Abono de Falta<\/a><\/td><\/tr><tr><td><a href=\"http:\/\/www.ufpb.br\/prape\/contents\/menu\/assuntos\/apoio-em-eventos\" target=\"_blank\" rel=\"noreferrer noopener\">Apoio em Eventos<\/a><\/td><\/tr><tr><td><a href=\"http:\/\/www.ufpb.br\/prape\/colecoes\/apoio-permanencia\" target=\"_blank\" rel=\"noreferrer noopener\">Apoio Perman\u00eancia<\/a><\/td><\/tr><tr><td><a href=\"http:\/\/plone.ufpb.br\/siagcchla\/contents\/documentos\/esclarecimentos\/aproveitamento-de-estudos.pdf\">Aproveitamento de Estudos<\/a><\/td><\/tr><tr><td><a href=\"http:\/\/plone.ufpb.br\/siagcchla\/contents\/documentos\/esclarecimentos\/aproveitamento-de-optativa-de-livre-escolha.pdf\">Aproveitamento de Optativa de Livre Escolha<\/a><\/td><\/tr><tr><td><a href=\"http:\/\/www.prg.ufpb.br\/prg\/codesc\/documentos\/calendario-academico\/\" target=\"_blank\" rel=\"noreferrer noopener\">Calend\u00e1rio Acad\u00eamico<\/a><\/td><\/tr><tr><td><a href=\"http:\/\/www.prg.ufpb.br\/prg\/codesc\/documentos\/calendario-administrativo\/\" target=\"_blank\" rel=\"noreferrer noopener\">Calend\u00e1rio Administrativo<\/a><\/td><\/tr><tr><td><a href=\"http:\/\/plone.ufpb.br\/siagcchla\/contents\/documentos\/esclarecimentos\/expedicao-de-diploma.pdf\">Expedi\u00e7\u00e3o de Diploma<\/a><\/td><\/tr><tr><td><a href=\"http:\/\/plone.ufpb.br\/siagcchla\/contents\/documentos\/esclarecimentos\/laurea-academica.pdf\">L\u00e1urea Acad\u00eamica<\/a><\/td><\/tr><tr><td><a href=\"http:\/\/plone.ufpb.br\/siagcchla\/contents\/documentos\/esclarecimentos\/regime-de-exercicio-domiciliar.pdf\">Regime de Exerc\u00edcios Domiciliares<\/a><\/td><\/tr><tr><td><a href=\"http:\/\/plone.ufpb.br\/siagcchla\/contents\/documentos\/esclarecimentos\/reingresso.pdf\">Reingresso<\/a><\/td><\/tr><tr><td><a href=\"http:\/\/plone.ufpb.br\/siagcchla\/contents\/documentos\/esclarecimentos\/reposicao-de-exercicio.pdf\">Reposi\u00e7\u00e3o de Atividade Acad\u00eamica<\/a><\/td><\/tr><tr><td><a href=\"http:\/\/plone.ufpb.br\/siagcchla\/contents\/documentos\/esclarecimentos\/revisao-de-rendimento-academico.pdf\">Revis\u00e3o de Exerc\u00edcio de Verifica\u00e7\u00e3o do Rendimento Acad\u00eamico<\/a><\/td><\/tr><tr><td><a href=\"http:\/\/plone.ufpb.br\/siagcchla\/contents\/documentos\/esclarecimentos\/trancamento.pdf\">Trancamento<\/a><\/td><\/tr><tr><td><a href=\"http:\/\/www.prg.ufpb.br\/prg\/codesc\/processos-seletivos\/pstv\" target=\"_blank\" rel=\"noreferrer noopener\">Transfer\u00eancia Volunt\u00e1ria<\/a><\/td><\/tr><tr><td><\/td><\/tr><\/tbody><\/table><\/figure>\n\n\n\n<p><\/p>\n","protected":false},"excerpt":{"rendered":"<p>Abono de Falta Apoio em Eventos Apoio Perman\u00eancia Aproveitamento de Estudos Aproveitamento de Optativa de Livre Escolha Calend\u00e1rio Acad\u00eamico Calend\u00e1rio Administrativo Expedi\u00e7\u00e3o de Diploma L\u00e1urea Acad\u00eamica Regime de Exerc\u00edcios Domiciliares Reingresso Reposi\u00e7\u00e3o de Atividade Acad\u00eamica Revis\u00e3o de Exerc\u00edcio de Verifica\u00e7\u00e3o do Rendimento Acad\u00eamico Trancamento Transfer\u00eancia Volunt\u00e1ria<\/p>\n","protected":false},"author":47,"featured_media":0,"parent":0,"menu_order":0,"comment_status":"closed","ping_status":"closed","template":"","meta":{"footnotes":""},"class_list":["post-62","page","type-page","status-publish","hentry"],"_links":{"self":[{"href":"https:\/\/www.cchla.ufpb.br\/css\/wp-json\/wp\/v2\/pages\/62","targetHints":{"allow":["GET"]}}],"collection":[{"href":"https:\/\/www.cchla.ufpb.br\/css\/wp-json\/wp\/v2\/pages"}],"about":[{"href":"https:\/\/www.cchla.ufpb.br\/css\/wp-json\/wp\/v2\/types\/page"}],"author":[{"embeddable":true,"href":"https:\/\/www.cchla.ufpb.br\/css\/wp-json\/wp\/v2\/users\/47"}],"replies":[{"embeddable":true,"href":"https:\/\/www.cchla.ufpb.br\/css\/wp-json\/wp\/v2\/comments?post=62"}],"version-history":[{"count":3,"href":"https:\/\/www.cchla.ufpb.br\/css\/wp-json\/wp\/v2\/pages\/62\/revisions"}],"predecessor-version":[{"id":131,"href":"https:\/\/www.cchla.ufpb.br\/css\/wp-json\/wp\/v2\/pages\/62\/revisions\/131"}],"wp:attachment":[{"href":"https:\/\/www.cchla.ufpb.br\/css\/wp-json\/wp\/v2\/media?parent=62"}],"curies":[{"name":"wp","href":"https:\/\/api.w.org\/{rel}","templated":true}]}}