{"id":68,"date":"2025-03-21T14:14:22","date_gmt":"2025-03-21T17:14:22","guid":{"rendered":"https:\/\/www.cchla.ufpb.br\/css\/?page_id=68"},"modified":"2025-03-21T14:14:22","modified_gmt":"2025-03-21T17:14:22","slug":"orientacoes-para-concluintes","status":"publish","type":"page","link":"https:\/\/www.cchla.ufpb.br\/css\/orientacoes-para-concluintes\/","title":{"rendered":"Orienta\u00e7\u00f5es para Concluintes"},"content":{"rendered":"\n<p>1) Ap\u00f3s aprova\u00e7\u00e3o do TCC, a folha de aprova\u00e7\u00e3o precisa ser entregue na Coordena\u00e7\u00e3o do Curso, o mais r\u00e1pido poss\u00edvel. Habitualmente, a orientadora faz essa entrega.<\/p>\n\n\n\n<p>2) O pr\u00f3ximo passo \u00e9 a Cola\u00e7\u00e3o de Grau. A participa\u00e7\u00e3o na Cola\u00e7\u00e3o de Grau \u00e9 OBRIGAT\u00d3RIA. A Coordena\u00e7\u00e3o elabora uma lista com as concluintes que participar\u00e3o da cerim\u00f4nia e envia \u00e0 Dire\u00e7\u00e3o do CCHLA. A Coordena\u00e7\u00e3o faz uma verifica\u00e7\u00e3o nos hist\u00f3ricos e s\u00f3 indica \u00e0 Cola\u00e7\u00e3o de Grau as estudantes que integralizaram os cr\u00e9ditos, incluindo as Atividades Complementares Flex\u00edveis. A cerim\u00f4nia \u00e9 organizada e realizada pela Dire\u00e7\u00e3o do CCHLA.<\/p>\n\n\n\n<p>OBS \u2013 Em casos espec\u00edficos, existe a Cola\u00e7\u00e3o de Grau Individual. Esses casos s\u00e3o excepcionais, ocorrem em virtude de alguma quest\u00e3o espec\u00edfica.<\/p>\n\n\n\n<p>3) Realize as corre\u00e7\u00f5es que a banca sugeriu para o seu TCC.Ap\u00f3s as corre\u00e7\u00f5es &gt;<\/p>\n\n\n\n<p>3) Solicite a ficha catalogr\u00e1fica \u00e0 BIBLIOTECA SETORIAL do CCHLA (em frente ao pr\u00e9dio onde fica o LEPS, ao lado direito da Cl\u00ednica de Psicologia) e inclua ap\u00f3s a folha de rosto do seu trabalho (m\u00eddia digital \u2013 CD ou DVD). N\u00c3O \u00c9 NECESS\u00c1RIO QUE A FOLHA DE APROVA\u00c7\u00c3O ESTEJA ASSINADA NA M\u00cdDIA.<\/p>\n\n\n\n<p><strong>ATEN\u00c7\u00c3O: A FICHA CATALOGR\u00c1FICA DEVE SER SOLICITADA DIRETAMENTE PELO SIGAA, PELO LOGIN DA ESTUDANTE.&nbsp;&nbsp;&nbsp;&nbsp;&nbsp;&nbsp;&nbsp;<\/strong><\/p>\n\n\n\n<p>4) Ap\u00f3s fazer as corre\u00e7\u00f5es e inserir a ficha catalogr\u00e1fica, entregue c\u00f3pia final (corrigida) em&nbsp;<strong>vers\u00e3o digital (CD ou DVD em capa padronizada)<\/strong>&nbsp;na coordena\u00e7\u00e3o de curso.&nbsp;<strong>N\u00c3O \u00c9 MAIS NECESS\u00c1RIA A ENTREGA DA C\u00d3PIA IMPRESSA<\/strong>. Esta entrega s\u00f3 precisa acontecer a partir de 15 dias DEPOIS da cerim\u00f4nia da Cola\u00e7\u00e3o de Grau. Caso as f\u00e9rias iniciem antes desse prazo, a entrega ser\u00e1 feita no in\u00edcio do semestre seguinte. A&nbsp;<strong>c\u00f3pia digital&nbsp;<\/strong>no campo de est\u00e1gio s\u00f3 precisa ser entregue SE o TCC versar sobre ele, ou, se o campo exigir uma c\u00f3pia, e, nesse caso, o campo de est\u00e1gio dever\u00e1 emitir declara\u00e7\u00e3o de recibo. Nos casos de TCCs que&nbsp;<strong>n\u00e3o<\/strong>&nbsp;versarem sobre o campo de est\u00e1gio, essa declara\u00e7\u00e3o ser\u00e1 dispensada.<\/p>\n\n\n\n<p>4.1 \u2013 Tamb\u00e9m \u00e9 preciso solicitar declara\u00e7\u00e3o de&nbsp;<strong>\u201cnada consta\u201d \u00e0<\/strong>&nbsp;<strong>Biblioteca Central<\/strong>&nbsp;para entregar na coordena\u00e7\u00e3o nessa mesma ocasi\u00e3o<\/p>\n\n\n\n<p>5) Nesse momento de entrega de todos esses elementos na Coordena\u00e7\u00e3o, voc\u00ea estar\u00e1 simultaneamente dando entrada no seu diploma. \u00c9 o instante em que receber\u00e1&nbsp;o&nbsp;<strong>certificado de conclus\u00e3o de curso<\/strong>,&nbsp;que substitui o diploma provisoriamente, tendo em vista que este tem um prazo de at\u00e9 45 dias para ser emitido pela Pr\u00f3-reitoria de Gradua\u00e7\u00e3o \u2013 ap\u00f3s a forma\u00e7\u00e3o do processo feito pela Coordena\u00e7\u00e3o;<\/p>\n\n\n\n<p><strong>RESUMINDO:<\/strong><\/p>\n\n\n\n<p><strong>Aprova\u00e7\u00e3o do TCC &gt; Cola\u00e7\u00e3o de Grau &gt; Corre\u00e7\u00e3o do TCC &gt; Ficha Catalogr\u00e1fica (na m\u00eddia, fica no verso da capa -solicitada pelo SIGAA ) &gt; Vers\u00e3o Corrigida e Final do TCC &gt; Nada Consta da Bib. Central &gt; Declara\u00e7\u00e3o de entrega do TCC no campo de est\u00e1gio (quando couber) &gt; Entregar tudo isso na Coordena\u00e7\u00e3o, que ir\u00e1 solicitar o Diploma \u00e0 Reitoria.<\/strong><\/p>\n\n\n\n<p>Observa\u00e7\u00e3o importante: O Diploma \u00e9 entregue pelo Setor de Diplomas, na sala 8 do subsolo da Reitoria.&nbsp;<\/p>\n\n\n\n<p><strong>Qualquer d\u00favida, cadastre\/abra um t\u00f3pico no f\u00f3rum de curso&nbsp;no seu SIGAA.<\/strong><\/p>\n","protected":false},"excerpt":{"rendered":"<p>1) Ap\u00f3s aprova\u00e7\u00e3o do TCC, a folha de aprova\u00e7\u00e3o precisa ser entregue na Coordena\u00e7\u00e3o do Curso, o mais r\u00e1pido poss\u00edvel. Habitualmente, a orientadora faz essa entrega. 2) O pr\u00f3ximo passo \u00e9 a Cola\u00e7\u00e3o de Grau. A participa\u00e7\u00e3o na Cola\u00e7\u00e3o de Grau \u00e9 OBRIGAT\u00d3RIA. A Coordena\u00e7\u00e3o elabora uma lista com as concluintes que participar\u00e3o da cerim\u00f4nia [&hellip;]<\/p>\n","protected":false},"author":47,"featured_media":0,"parent":0,"menu_order":0,"comment_status":"closed","ping_status":"closed","template":"","meta":{"footnotes":""},"class_list":["post-68","page","type-page","status-publish","hentry"],"_links":{"self":[{"href":"https:\/\/www.cchla.ufpb.br\/css\/wp-json\/wp\/v2\/pages\/68","targetHints":{"allow":["GET"]}}],"collection":[{"href":"https:\/\/www.cchla.ufpb.br\/css\/wp-json\/wp\/v2\/pages"}],"about":[{"href":"https:\/\/www.cchla.ufpb.br\/css\/wp-json\/wp\/v2\/types\/page"}],"author":[{"embeddable":true,"href":"https:\/\/www.cchla.ufpb.br\/css\/wp-json\/wp\/v2\/users\/47"}],"replies":[{"embeddable":true,"href":"https:\/\/www.cchla.ufpb.br\/css\/wp-json\/wp\/v2\/comments?post=68"}],"version-history":[{"count":1,"href":"https:\/\/www.cchla.ufpb.br\/css\/wp-json\/wp\/v2\/pages\/68\/revisions"}],"predecessor-version":[{"id":69,"href":"https:\/\/www.cchla.ufpb.br\/css\/wp-json\/wp\/v2\/pages\/68\/revisions\/69"}],"wp:attachment":[{"href":"https:\/\/www.cchla.ufpb.br\/css\/wp-json\/wp\/v2\/media?parent=68"}],"curies":[{"name":"wp","href":"https:\/\/api.w.org\/{rel}","templated":true}]}}