{"id":93,"date":"2025-03-25T10:02:38","date_gmt":"2025-03-25T13:02:38","guid":{"rendered":"https:\/\/www.cchla.ufpb.br\/css\/?page_id=93"},"modified":"2026-03-10T00:59:03","modified_gmt":"2026-03-10T03:59:03","slug":"colegiado","status":"publish","type":"page","link":"https:\/\/www.cchla.ufpb.br\/css\/colegiado\/","title":{"rendered":"Colegiado"},"content":{"rendered":"\n<p class=\"has-medium-font-size\"><strong>Membros<\/strong><\/p>\n\n\n\n<p>Prof. Dr. Fabr\u00edcio Rodrigues da Silva &#8211; Presidente<\/p>\n\n\n\n<p>Prof. Dr. Jamerson Murilo Anuncia\u00e7\u00e3o de Souza &#8211; Titular\/DSS<\/p>\n\n\n\n<p>PProf. Dr. Albani de Barros &#8211; Titular\/DSS<\/p>\n\n\n\n<p>Profa. Dra. Larissa Souza Pinheiro &#8211; Titular\/DSS<\/p>\n\n\n\n<p>Prof. Dr. Anderson Darc Ferreira &#8211; Titular\/DFIL<\/p>\n\n\n\n<p>Prof. Dr. Lucas Coelho Pereira &#8211; Titular\/DSC<\/p>\n\n\n\n<p>Anna Beatriz do Nascimento Souza &#8211; Representa\u00e7\u00e3o estudantil<\/p>\n\n\n\n<p><\/p>\n\n\n\n<p>Profa. Dra. Edna Tania Ferreira da Silva &#8211; Vice presidente<\/p>\n\n\n\n<p>Profa. Dra. Maria da Concei\u00e7\u00e3o Silva Felix &#8211; Suplente\/DSS<\/p>\n\n\n\n<p>Profa. Dra. Maria de F\u00e1tima Leite Gomes\u00a0&#8211; Suplente\/DSS<\/p>\n\n\n\n<p>Profa. Dra. Maria das Gra\u00e7as Miranda Ferreira da Silva &#8211; Suplente\/DSS<\/p>\n\n\n\n<p>Profa. Dra. Mariana Shinohara Rocanto &#8211; Suplente\/DSC<\/p>\n\n\n\n<p>Yasmim da Silva Soares &#8211; Suplente representa\u00e7\u00e3o estudantil<\/p>\n\n\n\n<div class=\"wp-block-file\"><a id=\"wp-block-file--media-fd30d162-7baf-43be-a988-c6fbb4bad55f\" href=\"https:\/\/www.cchla.ufpb.br\/css\/wp-content\/uploads\/sites\/122\/sites\/274\/2025\/03\/reg_coleg_versaofinal-1.pdf\">Estabelece normas de regimento do Colegiado do Curso<br><\/a><a href=\"https:\/\/www.cchla.ufpb.br\/css\/wp-content\/uploads\/sites\/122\/sites\/274\/2025\/03\/reg_coleg_versaofinal-1.pdf\" class=\"wp-block-file__button wp-element-button\" download aria-describedby=\"wp-block-file--media-fd30d162-7baf-43be-a988-c6fbb4bad55f\">Baixar<\/a><\/div>\n\n\n\n<p class=\"has-medium-font-size\"><strong>Atas<\/strong><\/p>\n\n\n\n<div data-wp-interactive=\"core\/file\" class=\"wp-block-file\"><object data-wp-bind--hidden=\"!state.hasPdfPreview\" hidden class=\"wp-block-file__embed\" data=\"https:\/\/www.cchla.ufpb.br\/css\/wp-content\/uploads\/sites\/122\/sites\/274\/2025\/07\/ATA-1-2025.pdf\" type=\"application\/pdf\" style=\"width:100%;height:600px\" aria-label=\"Incorporado de ATA 1 2025.\"><\/object><a id=\"wp-block-file--media-54091c1d-db7d-45cd-aa17-548b4442e1e9\" href=\"https:\/\/www.cchla.ufpb.br\/css\/wp-content\/uploads\/sites\/122\/sites\/274\/2025\/07\/ATA-1-2025.pdf\">ATA 1 2025<\/a><a href=\"https:\/\/www.cchla.ufpb.br\/css\/wp-content\/uploads\/sites\/122\/sites\/274\/2025\/07\/ATA-1-2025.pdf\" class=\"wp-block-file__button wp-element-button\" download aria-describedby=\"wp-block-file--media-54091c1d-db7d-45cd-aa17-548b4442e1e9\">Baixar<\/a><\/div>\n\n\n\n<p><\/p>\n","protected":false},"excerpt":{"rendered":"<p>Membros Prof. Dr. Fabr\u00edcio Rodrigues da Silva &#8211; Presidente Prof. Dr. Jamerson Murilo Anuncia\u00e7\u00e3o de Souza &#8211; Titular\/DSS PProf. Dr. Albani de Barros &#8211; Titular\/DSS Profa. Dra. Larissa Souza Pinheiro &#8211; Titular\/DSS Prof. Dr. Anderson Darc Ferreira &#8211; Titular\/DFIL Prof. Dr. Lucas Coelho Pereira &#8211; Titular\/DSC Anna Beatriz do Nascimento Souza &#8211; Representa\u00e7\u00e3o estudantil Profa. [&hellip;]<\/p>\n","protected":false},"author":47,"featured_media":0,"parent":0,"menu_order":0,"comment_status":"closed","ping_status":"closed","template":"","meta":{"footnotes":""},"class_list":["post-93","page","type-page","status-publish","hentry"],"_links":{"self":[{"href":"https:\/\/www.cchla.ufpb.br\/css\/wp-json\/wp\/v2\/pages\/93","targetHints":{"allow":["GET"]}}],"collection":[{"href":"https:\/\/www.cchla.ufpb.br\/css\/wp-json\/wp\/v2\/pages"}],"about":[{"href":"https:\/\/www.cchla.ufpb.br\/css\/wp-json\/wp\/v2\/types\/page"}],"author":[{"embeddable":true,"href":"https:\/\/www.cchla.ufpb.br\/css\/wp-json\/wp\/v2\/users\/47"}],"replies":[{"embeddable":true,"href":"https:\/\/www.cchla.ufpb.br\/css\/wp-json\/wp\/v2\/comments?post=93"}],"version-history":[{"count":8,"href":"https:\/\/www.cchla.ufpb.br\/css\/wp-json\/wp\/v2\/pages\/93\/revisions"}],"predecessor-version":[{"id":589,"href":"https:\/\/www.cchla.ufpb.br\/css\/wp-json\/wp\/v2\/pages\/93\/revisions\/589"}],"wp:attachment":[{"href":"https:\/\/www.cchla.ufpb.br\/css\/wp-json\/wp\/v2\/media?parent=93"}],"curies":[{"name":"wp","href":"https:\/\/api.w.org\/{rel}","templated":true}]}}