{"id":17,"date":"2026-03-19T14:02:51","date_gmt":"2026-03-19T17:02:51","guid":{"rendered":"https:\/\/www.cchla.ufpb.br\/ctjd\/?page_id=17"},"modified":"2026-03-19T14:05:45","modified_gmt":"2026-03-19T17:05:45","slug":"apresentacao","status":"publish","type":"page","link":"https:\/\/www.cchla.ufpb.br\/ctjd\/apresentacao\/","title":{"rendered":"Apresenta\u00e7\u00e3o"},"content":{"rendered":"\n<p>O Curso de Tecnologia em Jogos Digitais na UFPB tem como objetivo formar profissionais tecn\u00f3logos com compet\u00eancias t\u00e9cnicas, criativas e cr\u00edticas para conceber, desenvolver, gerenciar e avaliar jogos digitais, atuando de forma \u00e9tica, inovadora e interdisciplinar nos diversos segmentos da ind\u00fastria de jogos e nas \u00e1reas correlatas.<\/p>\n\n\n\n<p>Os profissionais devem ser capazes de projetar, desenvolver e implementar jogos para m\u00faltiplas plataformas, articulando compet\u00eancias em programa\u00e7\u00e3o, design, arte e narrativa interativa. Esse perfil se caracteriza tanto pelo dom\u00ednio t\u00e9cnico de ferramentas e metodologias de produ\u00e7\u00e3o (incluindo prototipa\u00e7\u00e3o, testes e usabilidade) quanto pela capacidade de conceber sistemas de regras, mec\u00e2nicas e experi\u00eancias de jogo consistentes.<\/p>\n\n\n\n<p>Trata-se de um profissional apto a atuar em equipes multidisciplinares, com habilidades em gest\u00e3o de projetos, comunica\u00e7\u00e3o e empreendedorismo, e que tamb\u00e9m desenvolve uma compreens\u00e3o cr\u00edtica sobre o papel dos jogos na sociedade.<\/p>\n\n\n\n<p>Valoriza-se a cria\u00e7\u00e3o autoral, a inova\u00e7\u00e3o e a constru\u00e7\u00e3o de produtos com identidade est\u00e9tica e cultural pr\u00f3pria, orientados por princ\u00edpios de inclus\u00e3o, diversidade e responsabilidade social, bem como pelo uso do game design como ferramenta de reflex\u00e3o sobre quest\u00f5es contempor\u00e2neas.<\/p>\n\n\n\n<p>Coordenador: Prof. Dr. Maur\u00edcio Liesen<\/p>\n\n\n\n<p>Vice-Coordenador: Prof. Dr. Paulo Henrique Serrano<\/p>\n","protected":false},"excerpt":{"rendered":"<p>O Curso de Tecnologia em Jogos Digitais na UFPB tem como objetivo formar profissionais tecn\u00f3logos [&hellip;]<\/p>\n","protected":false},"author":542,"featured_media":0,"parent":0,"menu_order":0,"comment_status":"closed","ping_status":"closed","template":"","meta":{"footnotes":""},"class_list":["post-17","page","type-page","status-publish","hentry"],"_links":{"self":[{"href":"https:\/\/www.cchla.ufpb.br\/ctjd\/wp-json\/wp\/v2\/pages\/17","targetHints":{"allow":["GET"]}}],"collection":[{"href":"https:\/\/www.cchla.ufpb.br\/ctjd\/wp-json\/wp\/v2\/pages"}],"about":[{"href":"https:\/\/www.cchla.ufpb.br\/ctjd\/wp-json\/wp\/v2\/types\/page"}],"author":[{"embeddable":true,"href":"https:\/\/www.cchla.ufpb.br\/ctjd\/wp-json\/wp\/v2\/users\/542"}],"replies":[{"embeddable":true,"href":"https:\/\/www.cchla.ufpb.br\/ctjd\/wp-json\/wp\/v2\/comments?post=17"}],"version-history":[{"count":2,"href":"https:\/\/www.cchla.ufpb.br\/ctjd\/wp-json\/wp\/v2\/pages\/17\/revisions"}],"predecessor-version":[{"id":19,"href":"https:\/\/www.cchla.ufpb.br\/ctjd\/wp-json\/wp\/v2\/pages\/17\/revisions\/19"}],"wp:attachment":[{"href":"https:\/\/www.cchla.ufpb.br\/ctjd\/wp-json\/wp\/v2\/media?parent=17"}],"curies":[{"name":"wp","href":"https:\/\/api.w.org\/{rel}","templated":true}]}}