{"id":10,"date":"2025-08-24T17:22:01","date_gmt":"2025-08-24T20:22:01","guid":{"rendered":"https:\/\/www.cchla.ufpb.br\/demid\/?page_id=10"},"modified":"2025-08-29T09:35:08","modified_gmt":"2025-08-29T12:35:08","slug":"apresentacao","status":"publish","type":"page","link":"https:\/\/www.cchla.ufpb.br\/demid\/apresentacao\/","title":{"rendered":"Apresenta\u00e7\u00e3o"},"content":{"rendered":"\n<p><strong>O Departamento de M\u00eddias Digitais (DEMID)<\/strong>&nbsp;pertence ao Centro de Ci\u00eancias Humanas, Letras e Artes (CCHLA) da Universidade Federal da Para\u00edba (UFPB). O Curso de Bacharelado em Comunica\u00e7\u00e3o em M\u00eddias Digitais (CCMD) est\u00e1 vinculado ao Departamento e foi criado pela Resolu\u00e7\u00e3o n\u00ba 38\/2009 do Conselho de Ensino, Pesquisa e Extens\u00e3o (CONSEPE\/UFPB).<\/p>\n\n\n\n<p class=\" \"><strong>Chefia:<\/strong>\u00a0Prof. Dr. Thiago Falc\u00e3o<\/p>\n\n\n\n<p><strong>Vice-Chefia:<\/strong> Prof. Dra. Clara C\u00e2mara<\/p>\n\n\n\n<p><strong>Secretaria:<\/strong>\u00a0Charles Andrade<\/p>\n\n\n\n<p><strong>Contato:<\/strong>&nbsp;<em>demid@cchla.ufpb.br<\/em><\/p>\n","protected":false},"excerpt":{"rendered":"<p>O Departamento de M\u00eddias Digitais (DEMID)&nbsp;pertence ao Centro de Ci\u00eancias Humanas, Letras e Artes (CCHLA) [&hellip;]<\/p>\n","protected":false},"author":47,"featured_media":0,"parent":0,"menu_order":0,"comment_status":"closed","ping_status":"closed","template":"","meta":{"footnotes":""},"class_list":["post-10","page","type-page","status-publish","hentry"],"_links":{"self":[{"href":"https:\/\/www.cchla.ufpb.br\/demid\/wp-json\/wp\/v2\/pages\/10","targetHints":{"allow":["GET"]}}],"collection":[{"href":"https:\/\/www.cchla.ufpb.br\/demid\/wp-json\/wp\/v2\/pages"}],"about":[{"href":"https:\/\/www.cchla.ufpb.br\/demid\/wp-json\/wp\/v2\/types\/page"}],"author":[{"embeddable":true,"href":"https:\/\/www.cchla.ufpb.br\/demid\/wp-json\/wp\/v2\/users\/47"}],"replies":[{"embeddable":true,"href":"https:\/\/www.cchla.ufpb.br\/demid\/wp-json\/wp\/v2\/comments?post=10"}],"version-history":[{"count":3,"href":"https:\/\/www.cchla.ufpb.br\/demid\/wp-json\/wp\/v2\/pages\/10\/revisions"}],"predecessor-version":[{"id":34,"href":"https:\/\/www.cchla.ufpb.br\/demid\/wp-json\/wp\/v2\/pages\/10\/revisions\/34"}],"wp:attachment":[{"href":"https:\/\/www.cchla.ufpb.br\/demid\/wp-json\/wp\/v2\/media?parent=10"}],"curies":[{"name":"wp","href":"https:\/\/api.w.org\/{rel}","templated":true}]}}