{"id":18,"date":"2025-08-24T17:25:42","date_gmt":"2025-08-24T20:25:42","guid":{"rendered":"https:\/\/www.cchla.ufpb.br\/demid\/?page_id=18"},"modified":"2026-03-19T14:12:19","modified_gmt":"2026-03-19T17:12:19","slug":"ensino","status":"publish","type":"page","link":"https:\/\/www.cchla.ufpb.br\/demid\/ensino\/","title":{"rendered":"Ensino"},"content":{"rendered":"\n<p><strong>CURSO DE COMUNICA\u00c7\u00c3O EM M\u00cdDIAS DIGITAIS \u2013 CCMD<\/strong><\/p>\n\n\n\n<p>Campus I \u2013 Jo\u00e3o Pessoa<\/p>\n\n\n\n<p>Modalidade: Bacharelado<\/p>\n\n\n\n<p>Cria\u00e7\u00e3o:\u00a0Resolu\u00e7\u00e3o CONSEPE n\u00ba 38 \u00a0de 30\/07\/2009.<\/p>\n\n\n\n<p>Descri\u00e7\u00e3o:&nbsp;A forma\u00e7\u00e3o em Comunica\u00e7\u00e3o em M\u00eddias Digitais na UFPB, tem como objetivo formar um novo profissional de comunica\u00e7\u00e3o &#8211;&nbsp;Produtores de Conte\u00fado&nbsp;&#8211; &nbsp;dotado de compet\u00eancias na \u00e1rea de comunica\u00e7\u00e3o social, mas tamb\u00e9m em tecnologias,&nbsp;design, artes visuais e inform\u00e1tica. Esta forma\u00e7\u00e3o \u00e9 inovadora e responde aos desafios, para os profissionais de comunica\u00e7\u00e3o do s\u00e9culo XXI.<\/p>\n\n\n\n<p>Este novo perfil profissional, especializado no uso das onipresentes \u00abNovas Tecnologias Digitais de Informa\u00e7\u00e3o e Comunica\u00e7\u00e3o\u00bb &#8211; NTDIC, dotar\u00e1 os diplomados de conhecimentos te\u00f3ricos e s\u00f3lidas compet\u00eancias pr\u00e1ticas, capacitando-os a atuar com elevada produtividade e qualidade, nas mais diversas \u00e1reas da comunica\u00e7\u00e3o, de maneira aut\u00f4noma ou em equipe.&nbsp;<\/p>\n\n\n\n<p><strong>Coordenador:<\/strong>&nbsp;Prof. Dr. Ivan Mussa<\/p>\n\n\n\n<p><strong>Vice-Coordenador:<\/strong> Prof. Dr. Mateus Vilela<\/p>\n\n\n\n<p>Mais informa\u00e7\u00f5es no&nbsp;<strong><a href=\"http:\/\/www.cchla.ufpb.br\/ccmd\/\" target=\"_blank\" rel=\"noreferrer noopener\"><em>site<\/em>&nbsp;do CCMD<\/a><\/strong>.<\/p>\n\n\n\n<hr class=\"wp-block-separator has-alpha-channel-opacity\" \/>\n\n\n\n<p><\/p>\n\n\n\n<p><strong>CURSO DE TECNOLOGIA EM JOGOS DIGITAIS \u2014 CTJD<\/strong><\/p>\n\n\n\n<p>Campus I \u2013 Jo\u00e3o Pessoa<\/p>\n\n\n\n<p>Modalidade: Tecnol\u00f3gico<\/p>\n\n\n\n<p>Cria\u00e7\u00e3o: Resolu\u00e7\u00e3o CONSEPE n\u00b0 61 de 10\/11\/2025.<\/p>\n\n\n\n<p>Descri\u00e7\u00e3o: O Curso de Tecnologia em Jogos Digitais na UFPB tem como objetivo formar profissionais tecn\u00f3logos com compet\u00eancias t\u00e9cnicas, criativas e cr\u00edticas para conceber, desenvolver, gerenciar e avaliar jogos digitais, atuando de forma \u00e9tica, inovadora e interdisciplinar nos diversos segmentos da ind\u00fastria de jogos e nas \u00e1reas correlatas.<\/p>\n\n\n\n<p>Os profissionais devem ser capazes de projetar, desenvolver e implementar jogos para m\u00faltiplas plataformas, articulando compet\u00eancias em programa\u00e7\u00e3o, design, arte e narrativa interativa. Esse perfil se caracteriza tanto pelo dom\u00ednio t\u00e9cnico de ferramentas e metodologias de produ\u00e7\u00e3o (incluindo prototipa\u00e7\u00e3o, testes e usabilidade) quanto pela capacidade de conceber sistemas de regras, mec\u00e2nicas e experi\u00eancias de jogo consistentes. Trata-se de um profissional apto a atuar em equipes multidisciplinares, com habilidades em gest\u00e3o de projetos, comunica\u00e7\u00e3o e empreendedorismo, e que tamb\u00e9m desenvolve uma compreens\u00e3o cr\u00edtica sobre o papel dos jogos na sociedade. Valoriza-se a cria\u00e7\u00e3o autoral, a inova\u00e7\u00e3o e a constru\u00e7\u00e3o de produtos com identidade est\u00e9tica e cultural pr\u00f3pria, orientados por princ\u00edpios de inclus\u00e3o, diversidade e responsabilidade social, bem como pelo uso do game design como ferramenta de reflex\u00e3o sobre quest\u00f5es contempor\u00e2neas.<\/p>\n\n\n\n<p><strong>Coordenador:<\/strong> Prof. Dr. Maur\u00edcio Liesen<\/p>\n\n\n\n<p><strong>Vice-Coordenador:<\/strong> Prof. Dr. Paulo Henrique Serrano<\/p>\n\n\n\n<p>Mais informa\u00e7\u00f5es no <strong><a href=\"https:\/\/www.cchla.ufpb.br\/ctjd\"><em>site<\/em> do CTJD<\/a><\/strong>.<\/p>\n","protected":false},"excerpt":{"rendered":"<p>CURSO DE COMUNICA\u00c7\u00c3O EM M\u00cdDIAS DIGITAIS \u2013 CCMD Campus I \u2013 Jo\u00e3o Pessoa Modalidade: Bacharelado [&hellip;]<\/p>\n","protected":false},"author":47,"featured_media":0,"parent":0,"menu_order":0,"comment_status":"closed","ping_status":"closed","template":"","meta":{"footnotes":""},"class_list":["post-18","page","type-page","status-publish","hentry"],"_links":{"self":[{"href":"https:\/\/www.cchla.ufpb.br\/demid\/wp-json\/wp\/v2\/pages\/18","targetHints":{"allow":["GET"]}}],"collection":[{"href":"https:\/\/www.cchla.ufpb.br\/demid\/wp-json\/wp\/v2\/pages"}],"about":[{"href":"https:\/\/www.cchla.ufpb.br\/demid\/wp-json\/wp\/v2\/types\/page"}],"author":[{"embeddable":true,"href":"https:\/\/www.cchla.ufpb.br\/demid\/wp-json\/wp\/v2\/users\/47"}],"replies":[{"embeddable":true,"href":"https:\/\/www.cchla.ufpb.br\/demid\/wp-json\/wp\/v2\/comments?post=18"}],"version-history":[{"count":4,"href":"https:\/\/www.cchla.ufpb.br\/demid\/wp-json\/wp\/v2\/pages\/18\/revisions"}],"predecessor-version":[{"id":72,"href":"https:\/\/www.cchla.ufpb.br\/demid\/wp-json\/wp\/v2\/pages\/18\/revisions\/72"}],"wp:attachment":[{"href":"https:\/\/www.cchla.ufpb.br\/demid\/wp-json\/wp\/v2\/media?parent=18"}],"curies":[{"name":"wp","href":"https:\/\/api.w.org\/{rel}","templated":true}]}}