{"id":14,"date":"2024-09-09T16:52:37","date_gmt":"2024-09-09T16:52:37","guid":{"rendered":"https:\/\/www.cchla.ufpb.br\/dlpl2\/?page_id=14"},"modified":"2025-09-15T09:03:27","modified_gmt":"2025-09-15T12:03:27","slug":"apresentacao","status":"publish","type":"page","link":"https:\/\/www.cchla.ufpb.br\/dlpl\/institucional\/apresentacao\/","title":{"rendered":"Apresenta\u00e7\u00e3o"},"content":{"rendered":"\n<p class=\"has-text-align-left has-pale-cyan-blue-background-color has-background\" style=\"font-size:15px\">O&nbsp;<strong>Departamento de L\u00edngua Portuguesa e Lingu\u00edstica<\/strong>&nbsp;(DLPL)&nbsp;&nbsp;foi oficialmente criado por meio da Resolu\u00e7\u00e3o N\u00b0 28\/2018 do CONSUNI, datada em 22 de novembro de 2018. O DLPL \u00e9&nbsp;um desmembramento do Departamento de Letras Cl\u00e1ssicas e&nbsp; Vern\u00e1culas (DLCV), formado pelos professores que compunham a \u00c1rea de L\u00edngua Portuguesa e Lingu\u00edstica do DLCV. <\/p>\n\n\n\n<p class=\"has-text-align-left has-pale-cyan-blue-background-color has-background\" style=\"font-size:15px\">Os docentes do DLPL atuam, prioritariamente, nos cursos superiores de gradua\u00e7\u00e3o em Letras &#8211; Portugu\u00eas nas modalidades presencial e a dist\u00e2ncia, bem como nos Programas de P\u00f3s-Gradua\u00e7\u00e3o em Lingu\u00edstica \u2013 <a href=\"https:\/\/www.cchla.ufpb.br\/proling\/\">PROLING<\/a> e P\u00f3s-gradua\u00e7\u00e3o em Lingu\u00edstica e Ensino \u2013 <a href=\"https:\/\/sigaa.ufpb.br\/sigaa\/public\/programa\/portal.jsf?lc=pt_BR&amp;id=1932\">MPLE<\/a>.<\/p>\n\n\n\n<div class=\"wp-block-file has-very-light-gray-to-cyan-bluish-gray-gradient-background has-background\"><a id=\"wp-block-file--media-d76db272-67ab-4f49-a6db-f92509402b73\" href=\"https:\/\/www.cchla.ufpb.br\/dlpl\/institucional\/apresentacao\/regimento-interno-dlpl-_-resolucao-n-001_2020-1\/\" target=\"_blank\" rel=\"noreferrer noopener\">Regimento interno do DLPL &#8211; Resolu\u00e7\u00e3o n\u00ba 001\/2020<\/a><a href=\"http:\/\/www.cchla.ufpb.br\/dlpl\/wp-content\/uploads\/sites\/122\/sites\/208\/2025\/09\/REGIMENTO-INTERNO-DLPL-_-resolucao-n.-001_2020-1.pdf\" class=\"wp-block-file__button wp-element-button\" download aria-describedby=\"wp-block-file--media-d76db272-67ab-4f49-a6db-f92509402b73\">Baixar<\/a><\/div>\n\n\n\n<blockquote class=\"wp-block-quote is-layout-flow wp-block-quote-is-layout-flow\">\n<p><\/p>\n<\/blockquote>\n\n\n\n<hr class=\"wp-block-separator has-alpha-channel-opacity\" \/>\n\n\n\n<hr class=\"wp-block-separator aligncenter has-alpha-channel-opacity is-style-wide\" \/>\n\n\n\n<p class=\"has-text-align-center\" style=\"font-size:21px\"><strong>GEST\u00c3O&nbsp; ATUAL &#8211; 15\/02\/2025 a 14\/02\/2027<\/strong><\/p>\n\n\n\n<p style=\"font-size:17px\"><strong>CHEFE:<\/strong>&nbsp;Prof. Dr. Magdiel Medeiros Arag\u00e3o Neto<\/p>\n\n\n\n<p style=\"font-size:17px\"><strong>VICE-CHEFE:<\/strong>&nbsp;Prof. Dra.&nbsp;Oriana de Nadai Fulaneti<\/p>\n\n\n\n<p style=\"font-size:17px\"><strong>SERVIDORA T\u00c9CNICO-ADMINISTRATIVA:<\/strong> Brena Mikaely de Brito Dem\u00e9trio <\/p>\n\n\n\n<hr class=\"wp-block-separator has-alpha-channel-opacity\" \/>\n\n\n\n<hr class=\"wp-block-separator has-alpha-channel-opacity\" \/>\n\n\n\n<h2 class=\"wp-block-heading has-text-align-left\" style=\"font-size:23px\">Gest\u00f5es Anteriores<\/h2>\n\n\n\n<div class=\"wp-block-columns is-layout-flex wp-container-core-columns-is-layout-9d6595d7 wp-block-columns-is-layout-flex\">\n<div class=\"wp-block-column is-layout-flow wp-block-column-is-layout-flow\">\n<p><strong>1\u00aa (Bi\u00eanio 2019 &#8211; 2021)<\/strong><\/p>\n<ul>\n<li><strong>Chefe:<\/strong> Prof. Dr. Magdiel Medeiros Arag\u00e3o Neto<\/li>\n<li><strong>Vice-Chefe: <\/strong>Profa. Dra. Fernanda Ros\u00e1rio de Mello Colpini<\/li>\n<li><strong>Servidora T\u00e9cnico-administrativa: <\/strong>Lirifran Dantas Cavalcante<\/li>\n<\/ul>\n<\/div>\n\n\n\n<div class=\"wp-block-column is-layout-flow wp-block-column-is-layout-flow\">\n<p><strong>2\u00aa (Bi\u00eanio 2021 &#8211; 2023)<\/strong><\/p>\n<ul>\n<li><strong>Chefe:<\/strong>\u00a0Prof\u00aa. Dra.\u00a0Juliene Lopes Ribeiro Pedrosa\u00a0<\/li>\n<li><strong>Vice-Chefe: <\/strong>Prof. Dr. Francisco Eduardo Vieira da Silva<\/li>\n<li><strong>Servidora T\u00e9cnico-administrativa: <\/strong>Lirifran Dantas Cavalcante<\/li>\n<\/ul>\n<\/div>\n\n\n\n<div class=\"wp-block-column is-layout-flow wp-block-column-is-layout-flow\">\n<p><strong>3\u00aa (Bi\u00eanio 2023 &#8211; 2025)<\/strong><\/p>\n<ul>\n<li><strong>Chefe:<\/strong> Prof\u00aa. Dra. M\u00f4nica Mano Trindade Ferraz<\/li>\n<li><strong>Vice-Chefe:<\/strong> Prof. Dr.\u00a0Pedro Francelino Farias<\/li>\n<li><strong>Servidora T\u00e9cnico-administrativa: <\/strong>Brena Mikaely de Brito Dem\u00e9trio<\/li>\n<\/ul>\n<\/div>\n<\/div>\n\n\n\n<hr class=\"wp-block-separator has-alpha-channel-opacity\" \/>\n\n\n\n<hr class=\"wp-block-separator has-alpha-channel-opacity\" \/>\n\n\n\n<p><\/p>\n\n\n\n<p class=\"has-text-align-center\" style=\"font-size:21px\"><strong>CORPO DOCENTE<\/strong><\/p>\n\n\n\n<figure class=\"wp-block-table aligncenter is-style-stripes\" style=\"font-size:15px\"><table class=\"has-pale-cyan-blue-background-color has-background has-fixed-layout\"><tbody><tr><td class=\"has-text-align-center\" data-align=\"center\"><strong>DOCENTES<\/strong><\/td><td class=\"has-text-align-center\" data-align=\"center\"><strong>TITULA\u00c7\u00c3O<\/strong><\/td><td class=\"has-text-align-center\" data-align=\"center\"><strong>E-MAIL<\/strong><\/td><\/tr><tr><td class=\"has-text-align-center\" data-align=\"center\"><a href=\"https:\/\/sigaa.ufpb.br\/sigaa\/public\/docente\/portal.jsf?siape=2117739\">Amanda Batista Braga<\/a><\/td><td class=\"has-text-align-center\" data-align=\"center\">Professor Doutor<\/td><td class=\"has-text-align-center\" data-align=\"center\">amanda.braga@academico.ufpb.br<\/td><\/tr><tr><td class=\"has-text-align-center\" data-align=\"center\"><a href=\"https:\/\/sigaa.ufpb.br\/sigaa\/public\/docente\/portal.jsf?siape=3212008\">Carolina Coelho Aragon<\/a><\/td><td class=\"has-text-align-center\" data-align=\"center\">Professor Doutor<\/td><td class=\"has-text-align-center\" data-align=\"center\">carolinac.aragon@gmail.com<\/td><\/tr><tr><td class=\"has-text-align-center\" data-align=\"center\"><a href=\"https:\/\/sigaa.ufpb.br\/sigaa\/public\/docente\/portal.jsf?siape=1659268\">Cirineu Cecote Stein<\/a><\/td><td class=\"has-text-align-center\" data-align=\"center\">Professor Doutor<\/td><td class=\"has-text-align-center\" data-align=\"center\">cirineu.stein@cchla.ufpb.br<\/td><\/tr><tr><td class=\"has-text-align-center\" data-align=\"center\"><a href=\"https:\/\/sigaa.ufpb.br\/sigaa\/public\/docente\/portal.jsf?siape=1736309\">Den\u00edlson Pereira de Matos<\/a><\/td><td class=\"has-text-align-center\" data-align=\"center\">Professor Doutor<\/td><td class=\"has-text-align-center\" data-align=\"center\">dpmatos@uol.com.br<\/td><\/tr><tr><td class=\"has-text-align-center\" data-align=\"center\"><a href=\"https:\/\/sigaa.ufpb.br\/sigaa\/public\/docente\/portal.jsf?siape=338358\">Dermeval da Hora Oliveira<\/a><\/td><td class=\"has-text-align-center\" data-align=\"center\">Professor Doutor &#8211; Visitante<\/td><td class=\"has-text-align-center\" data-align=\"center\">dermeval.dahora@gmail.com<\/td><\/tr><tr><td class=\"has-text-align-center\" data-align=\"center\"><a href=\"https:\/\/sigaa.ufpb.br\/sigaa\/public\/docente\/portal.jsf?siape=2439292\">Edjane Gomes de Assis<\/a><\/td><td class=\"has-text-align-center\" data-align=\"center\">Professor Doutor<\/td><td class=\"has-text-align-center\" data-align=\"center\">assisedjane@hotmail.com<\/td><\/tr><tr><td class=\"has-text-align-center\" data-align=\"center\"><a href=\"https:\/\/sigaa.ufpb.br\/sigaa\/public\/docente\/portal.jsf?siape=2035194\">Eliana Vasconcelos da Silva Esvael<\/a><\/td><td class=\"has-text-align-center\" data-align=\"center\">Professor Doutor<\/td><td class=\"has-text-align-center\" data-align=\"center\">maxiel@uol.com.br<\/td><\/tr><tr><td class=\"has-text-align-center\" data-align=\"center\"><a href=\"https:\/\/sigaa.ufpb.br\/sigaa\/public\/docente\/portal.jsf?siape=338142\">Evangelina Maria Brito de Faria<\/a><\/td><td class=\"has-text-align-center\" data-align=\"center\">Professor Doutor<\/td><td class=\"has-text-align-center\" data-align=\"center\">evangelinab.faria@gmail.com<\/td><\/tr><tr><td class=\"has-text-align-center\" data-align=\"center\"><a href=\"https:\/\/sigaa.ufpb.br\/sigaa\/public\/docente\/portal.jsf?siape=1285560\">Fabiana de Souza Silva Mendes de Ara\u00fajo<\/a><\/td><td class=\"has-text-align-center\" data-align=\"center\">Professor Doutor<\/td><td class=\"has-text-align-center\" data-align=\"center\">fabianasouzasilva@yahoo.com.br<\/td><\/tr><tr><td class=\"has-text-align-center\" data-align=\"center\"><a href=\"https:\/\/sigaa.ufpb.br\/sigaa\/public\/docente\/portal.jsf?siape=2528835\">Fernanda Ros\u00e1rio de Mello Colpini<\/a><\/td><td class=\"has-text-align-center\" data-align=\"center\">Professor Doutor<\/td><td class=\"has-text-align-center\" data-align=\"center\">fmelloufpb@gmail.com<\/td><\/tr><tr><td class=\"has-text-align-center\" data-align=\"center\"><a href=\"https:\/\/sigaa.ufpb.br\/sigaa\/public\/docente\/portal.jsf?siape=2349477\">Francisco Eduardo Vieira da Silva<\/a><\/td><td class=\"has-text-align-center\" data-align=\"center\">Professor Doutor<\/td><td class=\"has-text-align-center\" data-align=\"center\">fevs@academico.ufpb.br<\/td><\/tr><tr><td class=\"has-text-align-center\" data-align=\"center\"><a href=\"https:\/\/sigaa.ufpb.br\/sigaa\/public\/docente\/portal.jsf?siape=1420051\">Henrique Miguel de Lima Silva<\/a><\/td><td class=\"has-text-align-center\" data-align=\"center\">Professor Doutor<\/td><td class=\"has-text-align-center\" data-align=\"center\">henrique.miguel.91@gmail.com<\/td><\/tr><tr><td class=\"has-text-align-center\" data-align=\"center\"><a href=\"https:\/\/sigaa.ufpb.br\/sigaa\/public\/docente\/portal.jsf?siape=1911533\">Herica Paiva Pereira<\/a><\/td><td class=\"has-text-align-center\" data-align=\"center\">Professor Doutor<\/td><td class=\"has-text-align-center\" data-align=\"center\">hericap2@gmail.com<\/td><\/tr><tr><td class=\"has-text-align-center\" data-align=\"center\"><a href=\"https:\/\/sigaa.ufpb.br\/sigaa\/public\/docente\/portal.jsf?siape=337350\">Isa\u00edas Moreira Ferreira<\/a><\/td><td class=\"has-text-align-center\" data-align=\"center\">Professor Especialista<\/td><td class=\"has-text-align-center\" data-align=\"center\">isaiasmfer@gmail.com<\/td><\/tr><tr><td class=\"has-text-align-center\" data-align=\"center\"><a href=\"https:\/\/sigaa.ufpb.br\/sigaa\/public\/docente\/portal.jsf?siape=2295131\">Jan Edson Rodrigues Leite<\/a><\/td><td class=\"has-text-align-center\" data-align=\"center\">Professor Doutor<\/td><td class=\"has-text-align-center\" data-align=\"center\">jan.edson.leite@gmail.com<\/td><\/tr><tr><td class=\"has-text-align-center\" data-align=\"center\"><a href=\"https:\/\/sigaa.ufpb.br\/sigaa\/public\/docente\/portal.jsf?siape=2379917\">Jorgevaldo de Souza Silva<\/a><\/td><td class=\"has-text-align-center\" data-align=\"center\">Professor Doutor<\/td><td class=\"has-text-align-center\" data-align=\"center\">jorgevaldoss@yahoo.com.br<\/td><\/tr><tr><td class=\"has-text-align-center\" data-align=\"center\"><a href=\"https:\/\/sigaa.ufpb.br\/sigaa\/public\/docente\/portal.jsf?siape=1572304\">Jos\u00e9 Ferrari Neto<\/a><\/td><td class=\"has-text-align-center\" data-align=\"center\">Professor Doutor<\/td><td class=\"has-text-align-center\" data-align=\"center\">joseferrarin1974@gmail.com<\/td><\/tr><tr><td class=\"has-text-align-center\" data-align=\"center\"><a href=\"https:\/\/sigaa.ufpb.br\/sigaa\/public\/docente\/portal.jsf?siape=3784360\" data-type=\"link\" data-id=\"https:\/\/sigaa.ufpb.br\/sigaa\/public\/docente\/portal.jsf?siape=3784360\">Jos\u00e9 Wellisten Abreu de Souza<\/a><\/td><td class=\"has-text-align-center\" data-align=\"center\">Professor Doutor<\/td><td class=\"has-text-align-center\" data-align=\"center\">josewellisten@hotmail.com<\/td><\/tr><tr><td class=\"has-text-align-center\" data-align=\"center\"><a href=\"https:\/\/sigaa.ufpb.br\/sigaa\/public\/docente\/portal.jsf?siape=2423105\">Josete Marinho de Lucena<\/a><\/td><td class=\"has-text-align-center\" data-align=\"center\">Professor Doutor<\/td><td class=\"has-text-align-center\" data-align=\"center\">lucentatoc@yahoo.com.br<\/td><\/tr><tr><td class=\"has-text-align-center\" data-align=\"center\"><a href=\"https:\/\/sigaa.ufpb.br\/sigaa\/public\/docente\/portal.jsf?siape=1778079\">Juliene Lopes Ribeiro Pedrosa<\/a><\/td><td class=\"has-text-align-center\" data-align=\"center\">Professor Doutor<\/td><td class=\"has-text-align-center\" data-align=\"center\">juliene@cchla.ufpb.br<\/td><\/tr><tr><td class=\"has-text-align-center\" data-align=\"center\"><a href=\"https:\/\/sigaa.ufpb.br\/sigaa\/public\/docente\/portal.jsf?siape=1322264\">Leonardo Gueiros da Silva<\/a><\/td><td class=\"has-text-align-center\" data-align=\"center\">Professor Doutor<\/td><td class=\"has-text-align-center\" data-align=\"center\">leonardogueiros1@gmail.com<\/td><\/tr><tr><td class=\"has-text-align-center\" data-align=\"center\"><a href=\"https:\/\/sigaa.ufpb.br\/sigaa\/public\/docente\/portal.jsf?siape=1060540\">Let\u00edcia Moraes Lima<\/a><\/td><td class=\"has-text-align-center\" data-align=\"center\">Professor Doutor<\/td><td class=\"has-text-align-center\" data-align=\"center\">lesemiotica@gmail.com<\/td><\/tr><tr><td class=\"has-text-align-center\" data-align=\"center\"><a href=\"https:\/\/sigaa.ufpb.br\/sigaa\/public\/docente\/portal.jsf?siape=1571593\">Magdiel Medeiros Arag\u00e3o Neto<\/a><\/td><td class=\"has-text-align-center\" data-align=\"center\">Professor Doutor<\/td><td class=\"has-text-align-center\" data-align=\"center\">magdiel_man@yahoo.com.br<\/td><\/tr><tr><td class=\"has-text-align-center\" data-align=\"center\"><a href=\"https:\/\/sigaa.ufpb.br\/sigaa\/public\/docente\/portal.jsf?siape=1532485\">M\u00e1rcio Martins Leit\u00e3o<\/a><\/td><td class=\"has-text-align-center\" data-align=\"center\">Professor Doutor<\/td><td class=\"has-text-align-center\" data-align=\"center\">leitaomm@yahoo.com.br<\/td><\/tr><tr><td class=\"has-text-align-center\" data-align=\"center\">Marcos T\u00falio Fernandes<\/td><td class=\"has-text-align-center\" data-align=\"center\">Professor Doutor &#8211; Substituto<\/td><td class=\"has-text-align-center\" data-align=\"center\">literatulio@gmail.com<\/td><\/tr><tr><td class=\"has-text-align-center\" data-align=\"center\"><a href=\"https:\/\/sigaa.ufpb.br\/sigaa\/public\/docente\/portal.jsf?siape=1786143\">Margarete Von Muhlen Poll<\/a><\/td><td class=\"has-text-align-center\" data-align=\"center\">Professor Doutor<\/td><td class=\"has-text-align-center\" data-align=\"center\">margapoll@gmail.com<\/td><\/tr><tr><td class=\"has-text-align-center\" data-align=\"center\"><a href=\"https:\/\/sigaa.ufpb.br\/sigaa\/public\/docente\/portal.jsf?siape=1149362\">Maria de F\u00e1tima Almeida<\/a><\/td><td class=\"has-text-align-center\" data-align=\"center\">Professor Doutor<\/td><td class=\"has-text-align-center\" data-align=\"center\">falmed@uol.com.br<\/td><\/tr><tr><td class=\"has-text-align-center\" data-align=\"center\"><a href=\"https:\/\/sigaa.ufpb.br\/sigaa\/public\/docente\/portal.jsf?siape=1451974\">Maria de F\u00e1tima Ben\u00edcio de Melo<\/a><\/td><td class=\"has-text-align-center\" data-align=\"center\">Professor Doutor<\/td><td class=\"has-text-align-center\" data-align=\"center\">fatimamelo.ufpb@gmail.com<\/td><\/tr><tr><td class=\"has-text-align-center\" data-align=\"center\"><a href=\"https:\/\/sigaa.ufpb.br\/sigaa\/public\/docente\/portal.jsf?siape=338165\">Maria Leonor Maia dos Santos<\/a><\/td><td class=\"has-text-align-center\" data-align=\"center\">Professor Doutor<\/td><td class=\"has-text-align-center\" data-align=\"center\">leonor@cchla.ufpb.br<\/td><\/tr><tr><td class=\"has-text-align-center\" data-align=\"center\">Maria Regina Baracuhy Leite<\/td><td class=\"has-text-align-center\" data-align=\"center\">Professor Doutor<\/td><td class=\"has-text-align-center\" data-align=\"center\">mrbaracuhy@hotmail.com<\/td><\/tr><tr><td class=\"has-text-align-center\" data-align=\"center\"><a href=\"https:\/\/sigaa.ufpb.br\/sigaa\/public\/docente\/portal.jsf?siape=3145057\">Mariana Lins Escarpinete de Oliv<\/a>eira<\/td><td class=\"has-text-align-center\" data-align=\"center\">Professor Doutor<\/td><td class=\"has-text-align-center\" data-align=\"center\">mariana_escarpinete@hotmail.com<\/td><\/tr><tr><td class=\"has-text-align-center\" data-align=\"center\"><a href=\"https:\/\/sigaa.ufpb.br\/sigaa\/public\/docente\/portal.jsf?siape=1227208\">Marianne Carvalho Bezerra Cavalcante<\/a><\/td><td class=\"has-text-align-center\" data-align=\"center\">Professor Doutor<\/td><td class=\"has-text-align-center\" data-align=\"center\">marianne.cavalcante@gmail.com<\/td><\/tr><tr><td class=\"has-text-align-center\" data-align=\"center\"><a href=\"https:\/\/sigaa.ufpb.br\/sigaa\/public\/docente\/portal.jsf?siape=1344825\">M\u00f4nica Mano Trindade Ferraz<\/a><\/td><td class=\"has-text-align-center\" data-align=\"center\">Professor Doutor<\/td><td class=\"has-text-align-center\" data-align=\"center\">monicatrin@hotmail.com<\/td><\/tr><tr><td class=\"has-text-align-center\" data-align=\"center\"><a href=\"https:\/\/sigaa.ufpb.br\/sigaa\/public\/docente\/portal.jsf?siape=338188\">M\u00f4nica N\u00f3brega<\/a><\/td><td class=\"has-text-align-center\" data-align=\"center\">Professor Doutor<\/td><td class=\"has-text-align-center\" data-align=\"center\">monicanobrega@cchla.ufpb.br<\/td><\/tr><tr><td class=\"has-text-align-center\" data-align=\"center\"><a href=\"https:\/\/sigaa.ufpb.br\/sigaa\/public\/docente\/portal.jsf?siape=1956674\">Oriana de Nadai Fulaneti<\/a><\/td><td class=\"has-text-align-center\" data-align=\"center\">Professor Doutor<\/td><td class=\"has-text-align-center\" data-align=\"center\">od.fulaneti@uol.com.br<\/td><\/tr><tr><td class=\"has-text-align-center\" data-align=\"center\"><a href=\"https:\/\/sigaa.ufpb.br\/sigaa\/public\/docente\/portal.jsf?siape=2356333\">Pedro Farias Francelino<\/a><\/td><td class=\"has-text-align-center\" data-align=\"center\">Professor Doutor<\/td><td class=\"has-text-align-center\" data-align=\"center\">pedrofrancelino@yahoo.com.br<\/td><\/tr><tr><td class=\"has-text-align-center\" data-align=\"center\"><a href=\"https:\/\/sigaa.ufpb.br\/sigaa\/public\/docente\/portal.jsf?siape=1285220\">Regina Celi Mendes Pereira da Silva<\/a><\/td><td class=\"has-text-align-center\" data-align=\"center\">Professor Doutor<\/td><td class=\"has-text-align-center\" data-align=\"center\">reginacmps@gmail.com<\/td><\/tr><tr><td class=\"has-text-align-center\" data-align=\"center\"><a href=\"https:\/\/sigaa.ufpb.br\/sigaa\/public\/docente\/portal.jsf?siape=1681711\">Rosana Costa de Oliveira<\/a><\/td><td class=\"has-text-align-center\" data-align=\"center\">Professor Doutor<\/td><td class=\"has-text-align-center\" data-align=\"center\">rosana.ufpb@gmail.com<\/td><\/tr><tr><td class=\"has-text-align-center\" data-align=\"center\"><a href=\"https:\/\/sigaa.ufpb.br\/sigaa\/public\/docente\/portal.jsf?siape=2733966\">Socorro Cla\u00fadia Tavares de Sousa<\/a><\/td><td class=\"has-text-align-center\" data-align=\"center\">Professor Doutor<\/td><td class=\"has-text-align-center\" data-align=\"center\">sclaudiats@gmail.com<\/td><\/tr><tr><td class=\"has-text-align-center\" data-align=\"center\"><a href=\"https:\/\/sigaa.ufpb.br\/sigaa\/public\/docente\/portal.jsf?siape=1701396\">Tiago de Aguiar Rodrigues<\/a><\/td><td class=\"has-text-align-center\" data-align=\"center\">Professor Doutor<\/td><td class=\"has-text-align-center\" data-align=\"center\">tiagoar.lp@gmail.com<\/td><\/tr><tr><td class=\"has-text-align-center\" data-align=\"center\"><a href=\"https:\/\/sigaa.ufpb.br\/sigaa\/public\/docente\/portal.jsf?siape=1144944\">Vania Maria de Vasconcelos<\/a><\/td><td class=\"has-text-align-center\" data-align=\"center\">Professor Doutor<\/td><td class=\"has-text-align-center\" data-align=\"center\">vania-maria-2@hotmail.com<\/td><\/tr><\/tbody><\/table><\/figure>\n\n\n\n<p><\/p>\n","protected":false},"excerpt":{"rendered":"<p>O DLPL \u00e9 formado por professores da \u00c1rea de L\u00edngua Portuguesa e Lingu\u00edstica, os quais atuam, prioritariamente, nos cursos superiores de gradua\u00e7\u00e3o em Letras &#8211; Portugu\u00eas nas modalidades presencial e a dist\u00e2ncia, bem como nos Programas de P\u00f3s-Gradua\u00e7\u00e3o em Lingu\u00edstica \u2013 PROLING e P\u00f3s-gradua\u00e7\u00e3o em Lingu\u00edstica e Ensino &#8211; MPLE.<\/p>\n","protected":false},"author":47,"featured_media":195,"parent":171,"menu_order":0,"comment_status":"closed","ping_status":"closed","template":"","meta":{"footnotes":""},"class_list":["post-14","page","type-page","status-publish","has-post-thumbnail","hentry"],"_links":{"self":[{"href":"https:\/\/www.cchla.ufpb.br\/dlpl\/wp-json\/wp\/v2\/pages\/14","targetHints":{"allow":["GET"]}}],"collection":[{"href":"https:\/\/www.cchla.ufpb.br\/dlpl\/wp-json\/wp\/v2\/pages"}],"about":[{"href":"https:\/\/www.cchla.ufpb.br\/dlpl\/wp-json\/wp\/v2\/types\/page"}],"author":[{"embeddable":true,"href":"https:\/\/www.cchla.ufpb.br\/dlpl\/wp-json\/wp\/v2\/users\/47"}],"replies":[{"embeddable":true,"href":"https:\/\/www.cchla.ufpb.br\/dlpl\/wp-json\/wp\/v2\/comments?post=14"}],"version-history":[{"count":44,"href":"https:\/\/www.cchla.ufpb.br\/dlpl\/wp-json\/wp\/v2\/pages\/14\/revisions"}],"predecessor-version":[{"id":722,"href":"https:\/\/www.cchla.ufpb.br\/dlpl\/wp-json\/wp\/v2\/pages\/14\/revisions\/722"}],"up":[{"embeddable":true,"href":"https:\/\/www.cchla.ufpb.br\/dlpl\/wp-json\/wp\/v2\/pages\/171"}],"wp:featuredmedia":[{"embeddable":true,"href":"https:\/\/www.cchla.ufpb.br\/dlpl\/wp-json\/wp\/v2\/media\/195"}],"wp:attachment":[{"href":"https:\/\/www.cchla.ufpb.br\/dlpl\/wp-json\/wp\/v2\/media?parent=14"}],"curies":[{"name":"wp","href":"https:\/\/api.w.org\/{rel}","templated":true}]}}