{"id":156,"date":"2024-11-04T19:42:24","date_gmt":"2024-11-04T19:42:24","guid":{"rendered":"https:\/\/www.cchla.ufpb.br\/dlpl2\/?page_id=156"},"modified":"2024-11-28T07:18:45","modified_gmt":"2024-11-28T10:18:45","slug":"producao-academica","status":"publish","type":"page","link":"https:\/\/www.cchla.ufpb.br\/dlpl\/docentes\/producao-academica\/","title":{"rendered":"Produ\u00e7\u00e3o Acad\u00eamica"},"content":{"rendered":"\n<figure class=\"wp-block-table is-style-regular\" style=\"font-size:17px\"><table class=\"has-very-light-gray-to-cyan-bluish-gray-gradient-background has-background has-fixed-layout\"><thead><tr><th>DOCENTE<\/th><th>CURR\u00cdCULO LATTES<\/th><\/tr><\/thead><tbody><tr><td>Amanda Batista Braga<\/td><td><a href=\"http:\/\/lattes.cnpq.br\/6466537417099357\">http:\/\/lattes.cnpq.br\/6466537417099357<\/a><\/td><\/tr><tr><td>Carolina Coelho Aragon<\/td><td><a href=\"https:\/\/lattes.cnpq.br\/2701804491870984\">https:\/\/lattes.cnpq.br\/2701804491870984<\/a><\/td><\/tr><tr><td>Cirineu Cecote Stein<\/td><td><a href=\"http:\/\/buscatextual.cnpq.br\/buscatextual\/visualizacv.do?id=K4133686E6\">http:\/\/lattes.cnpq.br\/2209916989654598<\/a><\/td><\/tr><tr><td>Den\u00edlson Pereira de Matos<\/td><td><a href=\"http:\/\/lattes.cnpq.br\/0733526938088480\">http:\/\/lattes.cnpq.br\/0733526938088480<\/a><\/td><\/tr><tr><td>Dermeval da Hora Oliveira<\/td><td><a href=\"https:\/\/lattes.cnpq.br\/9406653724224547\">https:\/\/lattes.cnpq.br\/9406653724224547<\/a><\/td><\/tr><tr><td>Edjane Gomes de Assis<\/td><td><a href=\"http:\/\/lattes.cnpq.br\/4233793592361140\">http:\/\/lattes.cnpq.br\/4233793592361140<\/a><\/td><\/tr><tr><td>Eliana Vasconcelos da Silva Esvael<\/td><td><a href=\"http:\/\/lattes.cnpq.br\/2596055404885216\">http:\/\/lattes.cnpq.br\/2596055404885216<\/a><\/td><\/tr><tr><td>Evangelina Maria Brito de Faria<\/td><td><a href=\"http:\/\/lattes.cnpq.br\/1042071001002488\">http:\/\/lattes.cnpq.br\/1042071001002488<\/a><\/td><\/tr><tr><td>Fabiana de Souza Silva Mendes de Ara\u00fajo<\/td><td><a href=\"http:\/\/lattes.cnpq.br\/4589951389460278\">http:\/\/lattes.cnpq.br\/4589951389460278<\/a><\/td><\/tr><tr><td>Fernanda Ros\u00e1rio de Mello Colpini<\/td><td><a href=\"http:\/\/lattes.cnpq.br\/9175325607086797\">http:\/\/lattes.cnpq.br\/9175325607086797<\/a><\/td><\/tr><tr><td>Francisco Eduardo Vieira da Silva<\/td><td><a href=\"http:\/\/lattes.cnpq.br\/3416265080264249\">http:\/\/lattes.cnpq.br\/3416265080264249<\/a><\/td><\/tr><tr><td>Henrique Miguel de Lima Silva<\/td><td><a href=\"http:\/\/lattes.cnpq.br\/6926543520029799\">http:\/\/lattes.cnpq.br\/6926543520029799<\/a><\/td><\/tr><tr><td>Herica Paiva Pereira<\/td><td><a href=\"http:\/\/lattes.cnpq.br\/0140741349526284\">http:\/\/lattes.cnpq.br\/0140741349526284<\/a><\/td><\/tr><tr><td>Isa\u00edas Moreira Ferreira<\/td><td><a href=\"http:\/\/lattes.cnpq.br\/5960255354750424\">http:\/\/lattes.cnpq.br\/5960255354750424<\/a><\/td><\/tr><tr><td>Jan Edson Rodrigues Leite<\/td><td><a href=\"http:\/\/lattes.cnpq.br\/6349030710525621\">http:\/\/lattes.cnpq.br\/6349030710525621<\/a><\/td><\/tr><tr><td>Jorgevaldo de Souza Silva<\/td><td><a href=\"http:\/\/lattes.cnpq.br\/4839768107713545\">http:\/\/lattes.cnpq.br\/4839768107713545<\/a><\/td><\/tr><tr><td>Jos\u00e9 Ferrari Neto<\/td><td><a href=\"https:\/\/lattes.cnpq.br\/7211922429806274\">https:\/\/lattes.cnpq.br\/7211922429806274<\/a><\/td><\/tr><tr><td>Jos\u00e9 Wellisten Abreu de Souza<\/td><td><a href=\"http:\/\/lattes.cnpq.br\/1500407927615751\">http:\/\/lattes.cnpq.br\/1500407927615751<\/a><\/td><\/tr><tr><td>Josete Marinho de Lucena<\/td><td><a href=\"http:\/\/lattes.cnpq.br\/3347406864169904\">http:\/\/lattes.cnpq.br\/3347406864169904<\/a><\/td><\/tr><tr><td>Juliene Lopes Ribeiro Pedrosa<\/td><td><a href=\"http:\/\/lattes.cnpq.br\/9474717309070835\">http:\/\/lattes.cnpq.br\/9474717309070835<\/a><\/td><\/tr><tr><td>Leonardo Gueiros da Silva<\/td><td><a href=\"http:\/\/lattes.cnpq.br\/3051789644531709\">http:\/\/lattes.cnpq.br\/3051789644531709<\/a><\/td><\/tr><tr><td>Let\u00edcia Moraes Lima<\/td><td><a href=\"https:\/\/lattes.cnpq.br\/7524306126988722\">https:\/\/lattes.cnpq.br\/7524306126988722<\/a><\/td><\/tr><tr><td>Magdiel Medeiros Arag\u00e3o Neto<\/td><td><a href=\"http:\/\/lattes.cnpq.br\/9808698327792929\">http:\/\/lattes.cnpq.br\/9808698327792929<\/a><\/td><\/tr><tr><td>M\u00e1rcio Martins Leit\u00e3o<\/td><td><a href=\"http:\/\/buscatextual.cnpq.br\/buscatextual\/visualizacv.do?id=K4701641Z6\">http:\/\/lattes.cnpq.br\/2937822048370599<\/a><\/td><\/tr><tr><td>Marcos T\u00falio Fernandes<\/td><td><a href=\"http:\/\/lattes.cnpq.br\/1152227943156482\">http:\/\/lattes.cnpq.br\/1152227943156482<\/a><\/td><\/tr><tr><td>Margarete Von Muhlen Poll<\/td><td><a href=\"http:\/\/lattes.cnpq.br\/2168260512663729\">http:\/\/lattes.cnpq.br\/2168260512663729<\/a><\/td><\/tr><tr><td>Maria de F\u00e1tima Almeida<\/td><td><a href=\"http:\/\/lattes.cnpq.br\/1229756282364483\">http:\/\/lattes.cnpq.br\/1229756282364483<\/a><\/td><\/tr><tr><td>Maria de F\u00e1tima Ben\u00edcio de Melo<\/td><td><a href=\"http:\/\/lattes.cnpq.br\/9581452078860551\">http:\/\/lattes.cnpq.br\/9581452078860551<\/a><\/td><\/tr><tr><td>Maria Leonor Maia dos Santos<\/td><td><a href=\"http:\/\/lattes.cnpq.br\/4086047267289883\">http:\/\/lattes.cnpq.br\/4086047267289883<\/a><\/td><\/tr><tr><td>Maria Regina Baracuhy Leite<\/td><td><a href=\"https:\/\/lattes.cnpq.br\/2073425150477784\">https:\/\/lattes.cnpq.br\/2073425150477784<\/a><\/td><\/tr><tr><td>Mariana Lins Escarpinete de Oliveira<\/td><td><a href=\"https:\/\/lattes.cnpq.br\/0812385750880230\">https:\/\/lattes.cnpq.br\/0812385750880230<\/a><\/td><\/tr><tr><td>Marianne Carvalho Bezerra Cavalcante<\/td><td><a href=\"http:\/\/lattes.cnpq.br\/8916191109480157\">http:\/\/lattes.cnpq.br\/8916191109480157<\/a><\/td><\/tr><tr><td>M\u00f4nica Mano Trindade Ferraz<\/td><td><a href=\"http:\/\/lattes.cnpq.br\/3358932331388753\">http:\/\/lattes.cnpq.br\/3358932331388753<\/a><\/td><\/tr><tr><td>M\u00f4nica N\u00f3brega<\/td><td><a href=\"http:\/\/lattes.cnpq.br\/2661332997135397\">http:\/\/lattes.cnpq.br\/2661332997135397<\/a><\/td><\/tr><tr><td>Oriana de Nadai Fulaneti<\/td><td><a href=\"http:\/\/lattes.cnpq.br\/8254486029233226\">http:\/\/lattes.cnpq.br\/8254486029233226<\/a><\/td><\/tr><tr><td>Pedro Farias Francelino<\/td><td><a href=\"http:\/\/lattes.cnpq.br\/6663064491335541\">http:\/\/lattes.cnpq.br\/6663064491335541<\/a><\/td><\/tr><tr><td>Regina Celi Mendes Pereira da Silva<\/td><td><a href=\"http:\/\/lattes.cnpq.br\/5160922992921094\">http:\/\/lattes.cnpq.br\/5160922992921094<\/a><\/td><\/tr><tr><td>Rosana Costa de Oliveira<\/td><td><a href=\"http:\/\/lattes.cnpq.br\/2124434881671630\">http:\/\/lattes.cnpq.br\/2124434881671630<\/a><\/td><\/tr><tr><td>Socorro Cla\u00fadia Tavares de Sousa<\/td><td><a href=\"http:\/\/lattes.cnpq.br\/2566077699127689\">http:\/\/lattes.cnpq.br\/2566077699127689<\/a><\/td><\/tr><tr><td>Tiago de Aguiar Rodrigues<\/td><td><a href=\"http:\/\/lattes.cnpq.br\/6418588531824212\">http:\/\/lattes.cnpq.br\/6418588531824212<\/a><\/td><\/tr><tr><td>Vania Maria de Vasconcelos<\/td><td><a href=\"http:\/\/lattes.cnpq.br\/2606948755748360\">http:\/\/lattes.cnpq.br\/2606948755748360<\/a><\/td><\/tr><\/tbody><\/table><\/figure>\n","protected":false},"excerpt":{"rendered":"<p>DOCENTE CURR\u00cdCULO LATTES Amanda Batista Braga http:\/\/lattes.cnpq.br\/6466537417099357 Carolina Coelho Aragon https:\/\/lattes.cnpq.br\/2701804491870984 Cirineu Cecote Stein http:\/\/lattes.cnpq.br\/2209916989654598 Den\u00edlson Pereira de Matos http:\/\/lattes.cnpq.br\/0733526938088480 Dermeval da Hora Oliveira https:\/\/lattes.cnpq.br\/9406653724224547 Edjane Gomes de Assis http:\/\/lattes.cnpq.br\/4233793592361140 Eliana Vasconcelos da Silva Esvael http:\/\/lattes.cnpq.br\/2596055404885216 Evangelina Maria Brito de Faria http:\/\/lattes.cnpq.br\/1042071001002488 Fabiana de Souza Silva Mendes de Ara\u00fajo http:\/\/lattes.cnpq.br\/4589951389460278 Fernanda Ros\u00e1rio de Mello Colpini [&hellip;]<\/p>\n","protected":false},"author":47,"featured_media":0,"parent":155,"menu_order":0,"comment_status":"closed","ping_status":"closed","template":"","meta":{"footnotes":""},"class_list":["post-156","page","type-page","status-publish","hentry"],"_links":{"self":[{"href":"https:\/\/www.cchla.ufpb.br\/dlpl\/wp-json\/wp\/v2\/pages\/156","targetHints":{"allow":["GET"]}}],"collection":[{"href":"https:\/\/www.cchla.ufpb.br\/dlpl\/wp-json\/wp\/v2\/pages"}],"about":[{"href":"https:\/\/www.cchla.ufpb.br\/dlpl\/wp-json\/wp\/v2\/types\/page"}],"author":[{"embeddable":true,"href":"https:\/\/www.cchla.ufpb.br\/dlpl\/wp-json\/wp\/v2\/users\/47"}],"replies":[{"embeddable":true,"href":"https:\/\/www.cchla.ufpb.br\/dlpl\/wp-json\/wp\/v2\/comments?post=156"}],"version-history":[{"count":17,"href":"https:\/\/www.cchla.ufpb.br\/dlpl\/wp-json\/wp\/v2\/pages\/156\/revisions"}],"predecessor-version":[{"id":525,"href":"https:\/\/www.cchla.ufpb.br\/dlpl\/wp-json\/wp\/v2\/pages\/156\/revisions\/525"}],"up":[{"embeddable":true,"href":"https:\/\/www.cchla.ufpb.br\/dlpl\/wp-json\/wp\/v2\/pages\/155"}],"wp:attachment":[{"href":"https:\/\/www.cchla.ufpb.br\/dlpl\/wp-json\/wp\/v2\/media?parent=156"}],"curies":[{"name":"wp","href":"https:\/\/api.w.org\/{rel}","templated":true}]}}