{"id":22,"date":"2024-09-09T22:39:03","date_gmt":"2024-09-09T22:39:03","guid":{"rendered":"https:\/\/www.cchla.ufpb.br\/dlpl2\/?page_id=22"},"modified":"2025-01-28T10:54:31","modified_gmt":"2025-01-28T13:54:31","slug":"programas-de-disciplinas","status":"publish","type":"page","link":"https:\/\/www.cchla.ufpb.br\/dlpl\/programas-de-disciplinas\/","title":{"rendered":"Programas de Disciplinas"},"content":{"rendered":"\n<p class=\"has-pale-cyan-blue-background-color has-background\" style=\"font-size:16px\"><strong>A partir do per\u00edodo letivo 2019.1<\/strong>, as seguintes disciplinas &#8211; at\u00e9 ent\u00e3o ofertadas pelo Departamento de Letras Cl\u00e1ssicas e Vern\u00e1culas (DLCV) &#8211; ser\u00e3o ofertadas pelo Departamento de L\u00edngua Portuguesa e Lingu\u00edstica (DLPL):<\/p>\n\n\n\n<figure class=\"wp-block-table aligncenter\" style=\"font-size:13px\"><table class=\"has-fixed-layout\"><tbody><tr><td class=\"has-text-align-center\" data-align=\"center\"><strong>C\u00d3DIGO<\/strong><\/td><td class=\"has-text-align-center\" data-align=\"center\"><strong>DISCIPLINA<\/strong><\/td><\/tr><tr><td class=\"has-text-align-center\" data-align=\"center\">GDLPL0001<\/td><td class=\"has-text-align-center\" data-align=\"center\">AN\u00c1LISE DO DISCURSO<\/td><\/tr><tr><td class=\"has-text-align-center\" data-align=\"center\">GDLPL0002<\/td><td class=\"has-text-align-center\" data-align=\"center\">AQUISI\u00c7\u00c3O DA LINGUAGEM<\/td><\/tr><tr><td class=\"has-text-align-center\" data-align=\"center\">DLPL00001<\/td><td class=\"has-text-align-center\" data-align=\"center\">COMUNICA\u00c7\u00c3O ORAL E ESCRITA<\/td><\/tr><tr><td class=\"has-text-align-center\" data-align=\"center\">GDLPL0008<\/td><td class=\"has-text-align-center\" data-align=\"center\">DID\u00c1TICA DO ENSINO DE L\u00cdNGUA PORTUGUESA &#8211; EAD<\/td><\/tr><tr><td class=\"has-text-align-center\" data-align=\"center\">GDLPL0004<\/td><td class=\"has-text-align-center\" data-align=\"center\">EST\u00c1GIO SUPERVISIONADO I<\/td><\/tr><tr><td class=\"has-text-align-center\" data-align=\"center\">GDLPL0005<\/td><td class=\"has-text-align-center\" data-align=\"center\">EST\u00c1GIO SUPERVISIONADO II<\/td><\/tr><tr><td class=\"has-text-align-center\" data-align=\"center\">GDLPL0078<\/td><td class=\"has-text-align-center\" data-align=\"center\">EST\u00c1GIO SUPERVISIONADO III &#8211; L\u00cdNGUA E LITERATURA<\/td><\/tr><tr><td class=\"has-text-align-center\" data-align=\"center\">GDLPL0075<\/td><td class=\"has-text-align-center\" data-align=\"center\">EST\u00c1GIO SUPERVISIONADO II &#8211; L\u00cdNGUA E LITERATURA<\/td><\/tr><tr><td class=\"has-text-align-center\" data-align=\"center\">GDLPL0010<\/td><td class=\"has-text-align-center\" data-align=\"center\">EST\u00c1GIO SUPERVISIONADO II LINGUIST. APLI. ENS. L. PORTEM &#8211; EAD<\/td><\/tr><tr><td class=\"has-text-align-center\" data-align=\"center\">GDLPL0009<\/td><td class=\"has-text-align-center\" data-align=\"center\">EST\u00c1GIO SUPERVISIONADO I LING. APL. AO ENSINO DA LPEF &#8211; EAD<\/td><\/tr><tr><td class=\"has-text-align-center\" data-align=\"center\">GDLPL0074<\/td><td class=\"has-text-align-center\" data-align=\"center\">EST\u00c1GIO SUPERVISIONADO I &#8211; L\u00cdNGUA E LITERATURA<\/td><\/tr><tr><td class=\"has-text-align-center\" data-align=\"center\">GDLPL0006<\/td><td class=\"has-text-align-center\" data-align=\"center\">EST\u00c1GIO SUPERVISIONADO IV<\/td><\/tr><tr><td class=\"has-text-align-center\" data-align=\"center\">GDLPL0079<\/td><td class=\"has-text-align-center\" data-align=\"center\">EST\u00c1GIO SUPERVISIONADO IV &#8211; L\u00cdNGUA E LITERATURA<\/td><\/tr><tr><td class=\"has-text-align-center\" data-align=\"center\">GDLPL0007<\/td><td class=\"has-text-align-center\" data-align=\"center\">EST\u00c1GIO SUPERVISIONADO VI<\/td><\/tr><tr><td class=\"has-text-align-center\" data-align=\"center\">GDLPL0012<\/td><td class=\"has-text-align-center\" data-align=\"center\">EST\u00c1GIO SUPERVISIONADO VI VIV. LING. PORT. ENS. M\u00c9DIO &#8211; EAD<\/td><\/tr><tr><td class=\"has-text-align-center\" data-align=\"center\">GDLPL0011<\/td><td class=\"has-text-align-center\" data-align=\"center\">EST\u00c1GIO SUPERVISIONADO V VIV. LIG. PORT. ENS. FUND. &#8211; EAD<\/td><\/tr><tr><td class=\"has-text-align-center\" data-align=\"center\">GDLPL0088<\/td><td class=\"has-text-align-center\" data-align=\"center\">ESTUDOS LEXICAIS<\/td><\/tr><tr><td class=\"has-text-align-center\" data-align=\"center\">GDLPL0014<\/td><td class=\"has-text-align-center\" data-align=\"center\">FON\u00c9TICA E FONOLOGIA<\/td><\/tr><tr><td class=\"has-text-align-center\" data-align=\"center\">DLPL00005<\/td><td class=\"has-text-align-center\" data-align=\"center\">FON\u00c9TICA E FONOLOGIA DA L\u00cdNGUA PORTUGUESA<\/td><\/tr><tr><td class=\"has-text-align-center\" data-align=\"center\">GDLPL0003<\/td><td class=\"has-text-align-center\" data-align=\"center\">FON\u00c9TICA E FONOLOGIA DA L\u00cdNGUA PORTUGUESA<\/td><\/tr><tr><td class=\"has-text-align-center\" data-align=\"center\">GDLPL0013<\/td><td class=\"has-text-align-center\" data-align=\"center\">FON\u00c9TICA E FONOLOGIA DA L\u00cdNGUA PORTUGUESA &#8211; EAD<\/td><\/tr><tr><td class=\"has-text-align-center\" data-align=\"center\">GDLPL0015<\/td><td class=\"has-text-align-center\" data-align=\"center\">FUNDAMENTOS DE LINGU\u00cdSTICA<\/td><\/tr><tr><td class=\"has-text-align-center\" data-align=\"center\">GDLPL0016<\/td><td class=\"has-text-align-center\" data-align=\"center\">FUNDAMENTOS DE LINGU\u00cdSTICA &#8211; EAD<\/td><\/tr><tr><td class=\"has-text-align-center\" data-align=\"center\">GDLPL0017<\/td><td class=\"has-text-align-center\" data-align=\"center\">FUNDAMENTOS FILOS\u00d3FICOS DA LINGUAGEM<\/td><\/tr><tr><td class=\"has-text-align-center\" data-align=\"center\">GDLPL0018<\/td><td class=\"has-text-align-center\" data-align=\"center\">HIST\u00d3RIA DA L\u00cdNGUA PORTUGUESA<\/td><\/tr><tr><td class=\"has-text-align-center\" data-align=\"center\">GDLPL0019<\/td><td class=\"has-text-align-center\" data-align=\"center\">HIST\u00d3RIA DA L\u00cdNGUA PORTUGUESA &#8211; EAD<\/td><\/tr><tr><td class=\"has-text-align-center\" data-align=\"center\">DLPL00002<\/td><td class=\"has-text-align-center\" data-align=\"center\">HISTORIOGRAFIA LINGU\u00cdSTICA<\/td><\/tr><tr><td class=\"has-text-align-center\" data-align=\"center\">GDLPL0020<\/td><td class=\"has-text-align-center\" data-align=\"center\">INTRODU\u00c7\u00c3O \u00c0 EDUCA\u00c7\u00c3O \u00c0 DIST\u00c2NCIA &#8211; EAD<\/td><\/tr><tr><td class=\"has-text-align-center\" data-align=\"center\">GDLPL0067<\/td><td class=\"has-text-align-center\" data-align=\"center\">INTRODU\u00c7\u00c3O AOS ESTUDOS GRAMATICAIS<\/td><\/tr><\/tbody><\/table><\/figure>\n\n\n\n<figure class=\"wp-block-table aligncenter\" style=\"font-size:12px\"><table class=\"has-fixed-layout\"><tbody><tr><td class=\"has-text-align-center\" data-align=\"center\">GDLPL0025<\/td><td class=\"has-text-align-center\" data-align=\"center\">LEITURA E PRODU\u00c7\u00c3O DE TEXTOS<\/td><\/tr><tr><td class=\"has-text-align-center\" data-align=\"center\">GDLPL0021<\/td><td class=\"has-text-align-center\" data-align=\"center\">LEITURA E PRODU\u00c7\u00c3O DE TEXTOS I<\/td><\/tr><tr><td class=\"has-text-align-center\" data-align=\"center\">GDLPL0026<\/td><td class=\"has-text-align-center\" data-align=\"center\">LEITURA E PRODU\u00c7\u00c3O DE TEXTOS I &#8211; EAD<\/td><\/tr><tr><td class=\"has-text-align-center\" data-align=\"center\">GDLPL0022<\/td><td class=\"has-text-align-center\" data-align=\"center\">LEITURA E PRODU\u00c7\u00c3O DE TEXTOS II<\/td><\/tr><tr><td class=\"has-text-align-center\" data-align=\"center\">GDLPL0027<\/td><td class=\"has-text-align-center\" data-align=\"center\">LEITURA E PRODU\u00c7\u00c3O DE TEXTOS II &#8211; EAD<\/td><\/tr><tr><td class=\"has-text-align-center\" data-align=\"center\">GDLPL0024<\/td><td class=\"has-text-align-center\" data-align=\"center\">LEITURA E PRODU\u00c7\u00c3O DE TEXTOS II -TRADU\u00c7\u00c3O<\/td><\/tr><tr><td class=\"has-text-align-center\" data-align=\"center\">GDLPL0023<\/td><td class=\"has-text-align-center\" data-align=\"center\">LEITURA E PRODU\u00c7\u00c3O DE TEXTOS I &#8211; TRADU\u00c7\u00c3O<\/td><\/tr><tr><td class=\"has-text-align-center\" data-align=\"center\">GDLPL0072<\/td><td class=\"has-text-align-center\" data-align=\"center\">LEITURA, PRODU\u00c7\u00c3O TEXTUAL E ENSINO<\/td><\/tr><tr><td class=\"has-text-align-center\" data-align=\"center\">GDLPL0031<\/td><td class=\"has-text-align-center\" data-align=\"center\">L\u00cdNGUA PORTUGUESA<\/td><\/tr><tr><td class=\"has-text-align-center\" data-align=\"center\">GDLPL0030<\/td><td class=\"has-text-align-center\" data-align=\"center\">L\u00cdNGUA PORTUGUESA I<\/td><\/tr><tr><td class=\"has-text-align-center\" data-align=\"center\">GDLPL0029<\/td><td class=\"has-text-align-center\" data-align=\"center\">L\u00cdNGUA PORTUGUESA I<\/td><\/tr><tr><td class=\"has-text-align-center\" data-align=\"center\">DLPL00004<\/td><td class=\"has-text-align-center\" data-align=\"center\">LINGU\u00cdSTICA APLICADA \u00c0 FONOAUDIOLOGIA<\/td><\/tr><tr><td class=\"has-text-align-center\" data-align=\"center\">GDLPL0028<\/td><td class=\"has-text-align-center\" data-align=\"center\">LINGU\u00cdSTICA APLICADA \u00c0 FONOAUDIOLOGIA<\/td><\/tr><tr><td class=\"has-text-align-center\" data-align=\"center\">GDLPL0032<\/td><td class=\"has-text-align-center\" data-align=\"center\">LINGU\u00cdSTICA APLICADA AO ENSINO DA L\u00cdNGUA PORTUGUESA COMO L\u00cdNGUA ESTRANGEIRA<\/td><\/tr><tr><td class=\"has-text-align-center\" data-align=\"center\">GDLPL0086<\/td><td class=\"has-text-align-center\" data-align=\"center\">LINGU\u00cdSTICA COGNITIVA<\/td><\/tr><tr><td class=\"has-text-align-center\" data-align=\"center\">GDLPL0062<\/td><td class=\"has-text-align-center\" data-align=\"center\">LINGU\u00cdSTICA INTERACIONAL<\/td><\/tr><tr><td class=\"has-text-align-center\" data-align=\"center\">GDLPL0039<\/td><td class=\"has-text-align-center\" data-align=\"center\">LINGU\u00cdSTICA INTERACIONAL &#8211; EAD<\/td><\/tr><tr><td class=\"has-text-align-center\" data-align=\"center\">GDLPL0033<\/td><td class=\"has-text-align-center\" data-align=\"center\">LINGU\u00cdSTICA TEXTUAL<\/td><\/tr><tr><td class=\"has-text-align-center\" data-align=\"center\">GDLPL0034<\/td><td class=\"has-text-align-center\" data-align=\"center\">LINGU\u00cdSTICA TEXTUAL &#8211; EAD<\/td><\/tr><tr><td class=\"has-text-align-center\" data-align=\"center\">GDLPL0035<\/td><td class=\"has-text-align-center\" data-align=\"center\">METODOLOGIA DO TRABALHO CIENT\u00cdFICO<\/td><\/tr><tr><td class=\"has-text-align-center\" data-align=\"center\">GDLPL0036<\/td><td class=\"has-text-align-center\" data-align=\"center\">METODOLOGIA DO TRABALHO CIENT\u00cdFICO &#8211; EAD<\/td><\/tr><tr><td class=\"has-text-align-center\" data-align=\"center\">GDLPL0037<\/td><td class=\"has-text-align-center\" data-align=\"center\">MORFOLOGIA DA L\u00cdNGUA PORTUGUESA<\/td><\/tr><tr><td class=\"has-text-align-center\" data-align=\"center\">GDLPL0038<\/td><td class=\"has-text-align-center\" data-align=\"center\">MORFOLOGIA DA L\u00cdNGUA PORTUGUESA &#8211; EAD<\/td><\/tr><tr><td class=\"has-text-align-center\" data-align=\"center\">GDLPL0076<\/td><td class=\"has-text-align-center\" data-align=\"center\">OFICINA DE MORFOFON\u00caMICA<\/td><\/tr><tr><td class=\"has-text-align-center\" data-align=\"center\">GDLPL0077<\/td><td class=\"has-text-align-center\" data-align=\"center\">OFICINA DE SINTAXE E SEM\u00c2NTICA<\/td><\/tr><tr><td class=\"has-text-align-center\" data-align=\"center\">GDLPL0061<\/td><td class=\"has-text-align-center\" data-align=\"center\">PESQUISA APLICADA \u00c0 L\u00cdNGUA PORTUGUESA &#8211; EAD<\/td><\/tr><tr><td class=\"has-text-align-center\" data-align=\"center\">GDLPL0073<\/td><td class=\"has-text-align-center\" data-align=\"center\">PESQUISA APLICADA AO ENSINO DE L\u00cdNGUA E LITERATURA<\/td><\/tr><tr><td class=\"has-text-align-center\" data-align=\"center\">GDLPL0040<\/td><td class=\"has-text-align-center\" data-align=\"center\">PESQUISA APLICADA AO ENSINO DE L\u00cdNGUA PORTUGUESA<\/td><\/tr><tr><td class=\"has-text-align-center\" data-align=\"center\">GDLPL0063<\/td><td class=\"has-text-align-center\" data-align=\"center\">PORTUGU\u00caS INSTRUMENTAL<\/td><\/tr><tr><td class=\"has-text-align-center\" data-align=\"center\">GDLPL0041<\/td><td class=\"has-text-align-center\" data-align=\"center\">PRAGM\u00c1TICA<\/td><\/tr><tr><td class=\"has-text-align-center\" data-align=\"center\">GDLPL0042<\/td><td class=\"has-text-align-center\" data-align=\"center\">PRAGM\u00c1TICA DA L\u00cdNGUA PORTUGUESA &#8211; EAD<\/td><\/tr><tr><td class=\"has-text-align-center\" data-align=\"center\">GDLPL0068<\/td><td class=\"has-text-align-center\" data-align=\"center\">PR\u00c1TICA DE LEITURA E PRODU\u00c7\u00c3O DE TEXTOS<\/td><\/tr><tr><td class=\"has-text-align-center\" data-align=\"center\">GDLPL0069<\/td><td class=\"has-text-align-center\" data-align=\"center\">PR\u00c1TICA DE LEITURA E PRODU\u00c7\u00c3O DE TEXTOS ACAD\u00caMICOS<\/td><\/tr><tr><td class=\"has-text-align-center\" data-align=\"center\">DLPL00003<\/td><td class=\"has-text-align-center\" data-align=\"center\">PROCESSAMENTO LINGU\u00cdSTICO<\/td><\/tr><tr><td class=\"has-text-align-center\" data-align=\"center\">GDLPL0064<\/td><td class=\"has-text-align-center\" data-align=\"center\">REDA\u00c7\u00c3O E EXPRESS\u00c3O ORAL<\/td><\/tr><tr><td class=\"has-text-align-center\" data-align=\"center\">GDLPL0065<\/td><td class=\"has-text-align-center\" data-align=\"center\">REDA\u00c7\u00c3O E EXPRESS\u00c3O ORAL I<\/td><\/tr><tr><td class=\"has-text-align-center\" data-align=\"center\">GDLPL0066<\/td><td class=\"has-text-align-center\" data-align=\"center\">REDA\u00c7\u00c3O E EXPRESS\u00c3O ORAL II<\/td><\/tr><tr><td class=\"has-text-align-center\" data-align=\"center\">GDLPL0043<\/td><td class=\"has-text-align-center\" data-align=\"center\">SEM\u00c2NTICA<\/td><\/tr><tr><td class=\"has-text-align-center\" data-align=\"center\">GDLPL0044<\/td><td class=\"has-text-align-center\" data-align=\"center\">SEM\u00c2NTICA ARGUMENTATIVA<\/td><\/tr><tr><td class=\"has-text-align-center\" data-align=\"center\">GDLPL0045<\/td><td class=\"has-text-align-center\" data-align=\"center\">SEM\u00c2NTICA DA L\u00cdNGUA PORTUGUESA &#8211; EAD<\/td><\/tr><tr><td class=\"has-text-align-center\" data-align=\"center\">GDLPL0046<\/td><td class=\"has-text-align-center\" data-align=\"center\">SINTAXE DA L\u00cdNGUA PORTUGUESA<\/td><\/tr><tr><td class=\"has-text-align-center\" data-align=\"center\">GDLPL0047<\/td><td class=\"has-text-align-center\" data-align=\"center\">SINTAXE DA L\u00cdNGUA PORTUGUESA &#8211; EAD<\/td><\/tr><tr><td class=\"has-text-align-center\" data-align=\"center\">GDLPL0048<\/td><td class=\"has-text-align-center\" data-align=\"center\">SOCIOLINGU\u00cdSTICA<\/td><\/tr><tr><td class=\"has-text-align-center\" data-align=\"center\">GDLPL0050<\/td><td class=\"has-text-align-center\" data-align=\"center\">SOCIOLINGU\u00cdSTICA &#8211; EAD<\/td><\/tr><tr><td class=\"has-text-align-center\" data-align=\"center\">GDLPL0049<\/td><td class=\"has-text-align-center\" data-align=\"center\">SOCIOLINGU\u00cdSTICA \/ LIBRAS &#8211; EAD<\/td><\/tr><tr><td class=\"has-text-align-center\" data-align=\"center\">GDLPL0070<\/td><td class=\"has-text-align-center\" data-align=\"center\">TEORIAS DO DISCURSO<\/td><\/tr><tr><td class=\"has-text-align-center\" data-align=\"center\">GDLPL0051<\/td><td class=\"has-text-align-center\" data-align=\"center\">TEORIAS LINGU\u00cdSTICAS I<\/td><\/tr><tr><td class=\"has-text-align-center\" data-align=\"center\">GDLPL0084<\/td><td class=\"has-text-align-center\" data-align=\"center\">TEORIAS LINGU\u00cdSTICAS I &#8211; EAD<\/td><\/tr><tr><td class=\"has-text-align-center\" data-align=\"center\">GDLPL0052<\/td><td class=\"has-text-align-center\" data-align=\"center\">TEORIAS LINGU\u00cdSTICAS II<\/td><\/tr><tr><td class=\"has-text-align-center\" data-align=\"center\">GDLPL0085<\/td><td class=\"has-text-align-center\" data-align=\"center\">TEORIAS LINGU\u00cdSTICAS II &#8211; EAD<\/td><\/tr><tr><td class=\"has-text-align-center\" data-align=\"center\">GDLPL0057<\/td><td class=\"has-text-align-center\" data-align=\"center\">T\u00d3PICOS ESPECIAIS EM L\u00cdNGUA PORTUGUESA I &#8211; EAD<\/td><\/tr><tr><td class=\"has-text-align-center\" data-align=\"center\">GDLPL0058<\/td><td class=\"has-text-align-center\" data-align=\"center\">T\u00d3PICOS ESPECIAIS EM L\u00cdNGUA PORTUGUESA II &#8211; EAD<\/td><\/tr><tr><td class=\"has-text-align-center\" data-align=\"center\">GDLPL0053<\/td><td class=\"has-text-align-center\" data-align=\"center\">T\u00d3PICOS ESPECIAIS EM LINGU\u00cdSTICA<\/td><\/tr><tr><td class=\"has-text-align-center\" data-align=\"center\">GDLPL0054<\/td><td class=\"has-text-align-center\" data-align=\"center\">T\u00d3PICOS ESPECIAIS EM MORFOLOGIA<\/td><\/tr><tr><td class=\"has-text-align-center\" data-align=\"center\">GDLPL0055<\/td><td class=\"has-text-align-center\" data-align=\"center\">T\u00d3PICOS ESPECIAIS EM SEM\u00c2NTICA<\/td><\/tr><tr><td class=\"has-text-align-center\" data-align=\"center\">GDLPL0056<\/td><td class=\"has-text-align-center\" data-align=\"center\">T\u00d3PICOS ESPECIAIS EM SINTAXE<\/td><\/tr><tr><td class=\"has-text-align-center\" data-align=\"center\">GDLPL0060<\/td><td class=\"has-text-align-center\" data-align=\"center\">TRABALHO DE CONCLUS\u00c3O DE CURSO \/ LETRAS &#8211; EAD<\/td><\/tr><tr><td class=\"has-text-align-center\" data-align=\"center\">GDLPL0059<\/td><td class=\"has-text-align-center\" data-align=\"center\">TRABALHO DE CONCLUS\u00c3O DE CURSO &#8211; L\u00cdNGUA PORTUGUESA<\/td><\/tr><\/tbody><\/table><\/figure>\n","protected":false},"excerpt":{"rendered":"<p>A partir do per\u00edodo letivo 2019.1, as seguintes disciplinas &#8211; at\u00e9 ent\u00e3o ofertadas pelo Departamento de Letras Cl\u00e1ssicas e Vern\u00e1culas (DLCV) &#8211; ser\u00e3o ofertadas pelo Departamento de L\u00edngua Portuguesa e Lingu\u00edstica (DLPL): C\u00d3DIGO DISCIPLINA GDLPL0001 AN\u00c1LISE DO DISCURSO GDLPL0002 AQUISI\u00c7\u00c3O DA LINGUAGEM DLPL00001 COMUNICA\u00c7\u00c3O ORAL E ESCRITA GDLPL0008 DID\u00c1TICA DO ENSINO DE L\u00cdNGUA PORTUGUESA &#8211; [&hellip;]<\/p>\n","protected":false},"author":47,"featured_media":0,"parent":0,"menu_order":0,"comment_status":"closed","ping_status":"closed","template":"","meta":{"footnotes":""},"class_list":["post-22","page","type-page","status-publish","hentry"],"_links":{"self":[{"href":"https:\/\/www.cchla.ufpb.br\/dlpl\/wp-json\/wp\/v2\/pages\/22","targetHints":{"allow":["GET"]}}],"collection":[{"href":"https:\/\/www.cchla.ufpb.br\/dlpl\/wp-json\/wp\/v2\/pages"}],"about":[{"href":"https:\/\/www.cchla.ufpb.br\/dlpl\/wp-json\/wp\/v2\/types\/page"}],"author":[{"embeddable":true,"href":"https:\/\/www.cchla.ufpb.br\/dlpl\/wp-json\/wp\/v2\/users\/47"}],"replies":[{"embeddable":true,"href":"https:\/\/www.cchla.ufpb.br\/dlpl\/wp-json\/wp\/v2\/comments?post=22"}],"version-history":[{"count":10,"href":"https:\/\/www.cchla.ufpb.br\/dlpl\/wp-json\/wp\/v2\/pages\/22\/revisions"}],"predecessor-version":[{"id":566,"href":"https:\/\/www.cchla.ufpb.br\/dlpl\/wp-json\/wp\/v2\/pages\/22\/revisions\/566"}],"wp:attachment":[{"href":"https:\/\/www.cchla.ufpb.br\/dlpl\/wp-json\/wp\/v2\/media?parent=22"}],"curies":[{"name":"wp","href":"https:\/\/api.w.org\/{rel}","templated":true}]}}