{"id":24,"date":"2024-09-09T22:45:05","date_gmt":"2024-09-09T22:45:05","guid":{"rendered":"https:\/\/www.cchla.ufpb.br\/dlpl2\/?page_id=24"},"modified":"2026-05-05T18:05:59","modified_gmt":"2026-05-05T21:05:59","slug":"exame-de-suficiencia","status":"publish","type":"page","link":"https:\/\/www.cchla.ufpb.br\/dlpl\/institucional\/exame-de-suficiencia\/","title":{"rendered":"Verifica\u00e7\u00e3o de Sufici\u00eancia em L\u00edngua Portuguesa"},"content":{"rendered":"\n<p class=\"has-pale-cyan-blue-background-color has-background\" style=\"font-size:15px\">A verifica\u00e7\u00e3o de<strong> Sufici\u00eancia em L\u00edngua Portuguesa <\/strong>tem por objetivo avaliar as habilidades lingu\u00edsticas desej\u00e1veis relativas \u00e0s disciplinas <strong>L\u00edngua Portuguesa I e Portugu\u00eas Instrumental.<\/strong> A verifica\u00e7\u00e3o ser\u00e1 aplicada aos alunos de gradua\u00e7\u00e3o matriculados nas referidas disciplinas no respectivo per\u00edodo letivo e ocorrer\u00e1 uma \u00fanica vez a cada semestre (obrigatoriamente at\u00e9 o final da terceira semana da disciplina no per\u00edodo letivo correspondente), conforme <a href=\"https:\/\/www.cchla.ufpb.br\/dlpl\/wp-content\/uploads\/sites\/122\/sites\/208\/2025\/07\/Resoluo_Consepe_n_36.2025.pdf\" data-type=\"attachment\" data-id=\"702\" target=\"_blank\" rel=\"noreferrer noopener\">Resolu\u00e7\u00e3o n\u00ba 36\/2025 &#8211; CONSEPE.<\/a><\/p>\n\n\n\n<p class=\"has-light-green-cyan-background-color has-background\" style=\"font-size:15px\">Faculta-se ao aluno a participa\u00e7\u00e3o na verifica\u00e7\u00e3o de<strong> Sufici\u00eancia em L\u00edngua Portuguesa<\/strong> , entretanto a n\u00e3o participa\u00e7\u00e3o ou a reprova\u00e7\u00e3o na verifica\u00e7\u00e3o obrigam o discente a cursar regularmente a disciplina. Por outro lado, a op\u00e7\u00e3o pela participa\u00e7\u00e3o com obten\u00e7\u00e3o de nota igual ou superior a 7,0 (sete) garantir\u00e1 ao aluno a aprova\u00e7\u00e3o na disciplina, sendo dispensado de curs\u00e1-la.<\/p>\n\n\n\n<hr class=\"wp-block-separator has-alpha-channel-opacity\" \/>\n\n\n\n<p><\/p>\n\n\n\n<p><\/p>\n\n\n\n<h2 class=\"wp-block-heading has-cyan-bluish-gray-background-color has-background\"><strong>Verifica\u00e7\u00e3o de Sufici\u00eancia em L\u00edngua Portuguesa <\/strong><\/h2>\n\n\n\n<div class=\"wp-block-file\"><a id=\"wp-block-file--media-d01f6482-280a-429b-8859-5f3a57f70944\" href=\"http:\/\/www.cchla.ufpb.br\/dlpl\/wp-content\/uploads\/sites\/122\/sites\/208\/2025\/07\/EDITALVerificaLPFormula.pdf\" target=\"_blank\" rel=\"noreferrer noopener\">Edital 01\/2025 &#8211; Semestre 2025.1<\/a><a href=\"http:\/\/www.cchla.ufpb.br\/dlpl\/wp-content\/uploads\/sites\/122\/sites\/208\/2025\/07\/EDITALVerificaLPFormula.pdf\" class=\"wp-block-file__button wp-element-button\" download aria-describedby=\"wp-block-file--media-d01f6482-280a-429b-8859-5f3a57f70944\">Baixar<\/a><\/div>\n\n\n\n<div class=\"wp-block-file\"><a id=\"wp-block-file--media-fc9118fd-3327-4c75-83ed-eb299c8ac5bf\" href=\"http:\/\/www.cchla.ufpb.br\/dlpl\/wp-content\/uploads\/sites\/122\/sites\/208\/2025\/07\/Aviso-aos-Alunos-Portugues-Instrumental-e-Lingua-Portuguesa-I.pdf\" target=\"_blank\" rel=\"noreferrer noopener\">Aviso aos alunos de Port. Instrumental e L\u00edng. Portuguesa I &#8211; Semestre 2025.1<\/a><a href=\"http:\/\/www.cchla.ufpb.br\/dlpl\/wp-content\/uploads\/sites\/122\/sites\/208\/2025\/07\/Aviso-aos-Alunos-Portugues-Instrumental-e-Lingua-Portuguesa-I.pdf\" class=\"wp-block-file__button wp-element-button\" download aria-describedby=\"wp-block-file--media-fc9118fd-3327-4c75-83ed-eb299c8ac5bf\">Baixar<\/a><\/div>\n\n\n\n<div class=\"wp-block-file\"><a id=\"wp-block-file--media-ee883688-04a3-417f-99c2-21f02e99a0a8\" href=\"https:\/\/www.cchla.ufpb.br\/dlpl\/wp-content\/uploads\/sites\/122\/sites\/208\/2025\/11\/Edital2025.2UltimaVersaocomAnexo-1.pdf\" target=\"_blank\" rel=\"noreferrer noopener\">Edital 02\/2025 &#8211; Semestre 2025.2<\/a><a href=\"https:\/\/www.cchla.ufpb.br\/dlpl\/wp-content\/uploads\/sites\/122\/sites\/208\/2025\/11\/Edital2025.2UltimaVersaocomAnexo-1.pdf\" class=\"wp-block-file__button wp-element-button\" download aria-describedby=\"wp-block-file--media-ee883688-04a3-417f-99c2-21f02e99a0a8\">Baixar<\/a><\/div>\n\n\n\n<div class=\"wp-block-file\"><a id=\"wp-block-file--media-11a49b1c-78b5-4422-bcec-bd7331b5a842\" href=\"https:\/\/www.cchla.ufpb.br\/dlpl\/wp-content\/uploads\/sites\/122\/sites\/208\/2026\/04\/Edital2026.1.pdf\" target=\"_blank\" rel=\"noreferrer noopener\">Edital 01\/2026 &#8211; Semestre 2026.1<\/a><a href=\"https:\/\/www.cchla.ufpb.br\/dlpl\/wp-content\/uploads\/sites\/122\/sites\/208\/2026\/04\/Edital2026.1.pdf\" class=\"wp-block-file__button wp-element-button\" download aria-describedby=\"wp-block-file--media-11a49b1c-78b5-4422-bcec-bd7331b5a842\">Baixar<\/a><\/div>\n\n\n\n<h2 class=\"wp-block-heading has-cyan-bluish-gray-background-color has-background\"><strong>Resultado das provas <\/strong><\/h2>\n\n\n\n<div class=\"wp-block-file\"><a id=\"wp-block-file--media-4cd07e54-b236-4cec-a349-faa8ef670c00\" href=\"http:\/\/www.cchla.ufpb.br\/dlpl\/wp-content\/uploads\/sites\/122\/sites\/208\/2024\/12\/RESULTADOS-EXAME-DE-SUFICIENCIA-DIVULGAR.pdf\">Resultado Final &#8211; Semestre 2024.2<\/a><a href=\"http:\/\/www.cchla.ufpb.br\/dlpl\/wp-content\/uploads\/sites\/122\/sites\/208\/2024\/12\/RESULTADOS-EXAME-DE-SUFICIENCIA-DIVULGAR.pdf\" class=\"wp-block-file__button wp-element-button\" download aria-describedby=\"wp-block-file--media-4cd07e54-b236-4cec-a349-faa8ef670c00\">Baixar<\/a><\/div>\n\n\n\n<div class=\"wp-block-file\"><a id=\"wp-block-file--media-6d3cf976-16ad-4d06-844a-3a272f21e378\" href=\"https:\/\/www.cchla.ufpb.br\/dlpl\/wp-content\/uploads\/sites\/122\/sites\/208\/2025\/07\/Resultados-da-Suficiencia-por-Professor-final-2.pdf\" target=\"_blank\" rel=\"noreferrer noopener\">Resultado Final &#8211; Semestre 2025.1<\/a><a href=\"https:\/\/www.cchla.ufpb.br\/dlpl\/wp-content\/uploads\/sites\/122\/sites\/208\/2025\/07\/Resultados-da-Suficiencia-por-Professor-final-2.pdf\" class=\"wp-block-file__button wp-element-button\" download aria-describedby=\"wp-block-file--media-6d3cf976-16ad-4d06-844a-3a272f21e378\">Baixar<\/a><\/div>\n\n\n\n<div class=\"wp-block-file\"><a id=\"wp-block-file--media-da470723-7a45-446c-af06-d53d46adcf78\" href=\"https:\/\/www.cchla.ufpb.br\/dlpl\/wp-content\/uploads\/sites\/122\/sites\/208\/2025\/07\/DLPL-Resultados-por-professor-final.pdf\" target=\"_blank\" rel=\"noreferrer noopener\">Resultado Final retificado &#8211; Semestre 2025.1<\/a><a href=\"https:\/\/www.cchla.ufpb.br\/dlpl\/wp-content\/uploads\/sites\/122\/sites\/208\/2025\/07\/DLPL-Resultados-por-professor-final.pdf\" class=\"wp-block-file__button wp-element-button\" download aria-describedby=\"wp-block-file--media-da470723-7a45-446c-af06-d53d46adcf78\">Baixar<\/a><\/div>\n\n\n\n<div class=\"wp-block-file\"><a id=\"wp-block-file--media-3f160d2b-fd04-4ae5-bf65-ac4a3f645230\" href=\"http:\/\/www.cchla.ufpb.br\/dlpl\/wp-content\/uploads\/sites\/122\/sites\/208\/2025\/11\/DLPL-RESULTADO-GERAL-2025.2.pdf\" target=\"_blank\" rel=\"noreferrer noopener\">Resultado Final &#8211; Semestre 2025.2<\/a><a href=\"http:\/\/www.cchla.ufpb.br\/dlpl\/wp-content\/uploads\/sites\/122\/sites\/208\/2025\/11\/DLPL-RESULTADO-GERAL-2025.2.pdf\" class=\"wp-block-file__button wp-element-button\" download aria-describedby=\"wp-block-file--media-3f160d2b-fd04-4ae5-bf65-ac4a3f645230\">Baixar<\/a><\/div>\n\n\n\n<div class=\"wp-block-file\"><a id=\"wp-block-file--media-97351814-ac2c-4176-8f40-f3f0f5459222\" href=\"http:\/\/www.cchla.ufpb.br\/dlpl\/wp-content\/uploads\/sites\/122\/sites\/208\/2025\/12\/Resultado_Retificado_2-3.pdf\" target=\"_blank\" rel=\"noreferrer noopener\">Resultado Final retificado &#8211; Semestre 2025.2<\/a><a href=\"http:\/\/www.cchla.ufpb.br\/dlpl\/wp-content\/uploads\/sites\/122\/sites\/208\/2025\/12\/Resultado_Retificado_2-3.pdf\" class=\"wp-block-file__button wp-element-button\" download aria-describedby=\"wp-block-file--media-97351814-ac2c-4176-8f40-f3f0f5459222\">Baixar<\/a><\/div>\n\n\n\n<div class=\"wp-block-file\"><a id=\"wp-block-file--media-0774442e-f8d8-4fcc-8bbc-35c50fb57d5e\" href=\"https:\/\/www.cchla.ufpb.br\/dlpl\/wp-content\/uploads\/sites\/122\/sites\/208\/2026\/05\/resultado-Suficiencia2026.pdf\" target=\"_blank\" rel=\"noreferrer noopener\">Resultado Final &#8211; Semestre 2026.1<\/a><a href=\"https:\/\/www.cchla.ufpb.br\/dlpl\/wp-content\/uploads\/sites\/122\/sites\/208\/2026\/05\/resultado-Suficiencia2026.pdf\" class=\"wp-block-file__button wp-element-button\" download aria-describedby=\"wp-block-file--media-0774442e-f8d8-4fcc-8bbc-35c50fb57d5e\">Baixar<\/a><\/div>\n\n\n\n<h2 class=\"wp-block-heading has-cyan-bluish-gray-background-color has-background\"><strong>Resultado dos Recursos<\/strong><\/h2>\n\n\n\n<div class=\"wp-block-file\"><a id=\"wp-block-file--media-2b6d910d-6a62-498c-8023-60b5b59e82ff\" href=\"http:\/\/www.cchla.ufpb.br\/dlpl\/wp-content\/uploads\/sites\/122\/sites\/208\/2025\/11\/DLPL-RECURSOS-2025.2-1.pdf\" target=\"_blank\" rel=\"noreferrer noopener\">Resultado dos recursos &#8211; Verifica\u00e7\u00e3o de Sufici\u00eancia em LP 2025.2<\/a><a href=\"http:\/\/www.cchla.ufpb.br\/dlpl\/wp-content\/uploads\/sites\/122\/sites\/208\/2025\/11\/DLPL-RECURSOS-2025.2-1.pdf\" class=\"wp-block-file__button wp-element-button\" download aria-describedby=\"wp-block-file--media-2b6d910d-6a62-498c-8023-60b5b59e82ff\">Baixar<\/a><\/div>\n\n\n\n<p><\/p>\n","protected":false},"excerpt":{"rendered":"<p>A verifica\u00e7\u00e3o de Sufici\u00eancia em L\u00edngua Portuguesa tem por objetivo avaliar as habilidades lingu\u00edsticas desej\u00e1veis relativas \u00e0s disciplinas L\u00edngua Portuguesa I e Portugu\u00eas Instrumental. A verifica\u00e7\u00e3o ser\u00e1 aplicada aos alunos de gradua\u00e7\u00e3o matriculados nas referidas disciplinas no respectivo per\u00edodo letivo e ocorrer\u00e1 uma \u00fanica vez a cada semestre (obrigatoriamente at\u00e9 o final da terceira semana [&hellip;]<\/p>\n","protected":false},"author":47,"featured_media":0,"parent":171,"menu_order":0,"comment_status":"closed","ping_status":"closed","template":"","meta":{"footnotes":""},"class_list":["post-24","page","type-page","status-publish","hentry"],"_links":{"self":[{"href":"https:\/\/www.cchla.ufpb.br\/dlpl\/wp-json\/wp\/v2\/pages\/24","targetHints":{"allow":["GET"]}}],"collection":[{"href":"https:\/\/www.cchla.ufpb.br\/dlpl\/wp-json\/wp\/v2\/pages"}],"about":[{"href":"https:\/\/www.cchla.ufpb.br\/dlpl\/wp-json\/wp\/v2\/types\/page"}],"author":[{"embeddable":true,"href":"https:\/\/www.cchla.ufpb.br\/dlpl\/wp-json\/wp\/v2\/users\/47"}],"replies":[{"embeddable":true,"href":"https:\/\/www.cchla.ufpb.br\/dlpl\/wp-json\/wp\/v2\/comments?post=24"}],"version-history":[{"count":28,"href":"https:\/\/www.cchla.ufpb.br\/dlpl\/wp-json\/wp\/v2\/pages\/24\/revisions"}],"predecessor-version":[{"id":853,"href":"https:\/\/www.cchla.ufpb.br\/dlpl\/wp-json\/wp\/v2\/pages\/24\/revisions\/853"}],"up":[{"embeddable":true,"href":"https:\/\/www.cchla.ufpb.br\/dlpl\/wp-json\/wp\/v2\/pages\/171"}],"wp:attachment":[{"href":"https:\/\/www.cchla.ufpb.br\/dlpl\/wp-json\/wp\/v2\/media?parent=24"}],"curies":[{"name":"wp","href":"https:\/\/api.w.org\/{rel}","templated":true}]}}