{"id":28,"date":"2024-09-09T22:46:07","date_gmt":"2024-09-09T22:46:07","guid":{"rendered":"https:\/\/www.cchla.ufpb.br\/dlpl2\/?page_id=28"},"modified":"2024-11-13T13:28:50","modified_gmt":"2024-11-13T13:28:50","slug":"extensao","status":"publish","type":"page","link":"https:\/\/www.cchla.ufpb.br\/dlpl\/extensao\/","title":{"rendered":"Extens\u00e3o"},"content":{"rendered":"\n<p class=\"has-pale-cyan-blue-background-color has-background\" style=\"font-size:22px\"><strong><em><a href=\"https:\/\/sigaa.ufpb.br\/sigaa\/public\/departamento\/extensao.jsf?id=3398\">Clique aqui<\/a><\/em><\/strong> para acessar as a\u00e7\u00f5es de extens\u00e3o desenvolvidas pelos professores do DLPL.<\/p>\n\n\n\n<hr class=\"wp-block-separator has-alpha-channel-opacity\" \/>\n\n\n\n<h2 class=\"wp-block-heading\">PLE &#8211; Portugu\u00eas como L\u00edngua Estrangeira<\/h2>\n\n\n\n<p><strong>PLEI<\/strong> &#8211; Programa Lingu\u00edstico Cultural para Estudantes Internacionais<\/p>\n\n\n\n<p><strong>Coordenador:<\/strong> Prof. Dr. Jos\u00e9 Wellisten Abreu de Souza<\/p>\n\n\n\n<p><strong>Site:<\/strong>&nbsp;<a href=\"http:\/\/www.cchla.ufpb.br\/plei\" target=\"_blank\" rel=\"noreferrer noopener\">www.cchla.ufpb.br\/plei<\/a><\/p>\n\n\n\n<p><strong>Email:<\/strong>&nbsp;<a href=\"mailto:plei@cchla.ufpb.br\">plei@cchla.ufpb.br<\/a>&nbsp;ou&nbsp;<a href=\"mailto:ufpbplei@gmail.com\">ufpbplei@gmail.com<\/a><\/p>\n\n\n\n<p><strong>Telefone: <\/strong>3216 7919<\/p>\n\n\n\n<p class=\"has-very-light-gray-to-cyan-bluish-gray-gradient-background has-background\" style=\"font-size:17px\">Destina-se a aprofundar os conhecimentos sobre o processo ensino\/aprendizagem do portugu\u00eas como l\u00edngua estrangeira, atuando nas \u00e1reas de ensino, pesquisa e extens\u00e3o, com os seguintes objetivos espec\u00edficos: <\/p>\n\n\n\n<ul class=\"wp-block-list\">\n<li style=\"font-size:15px\">Promover cursos de Portugu\u00eas como L\u00edngua estrangeira para estudantes conveniados ou n\u00e3o com a UFPB;<\/li>\n\n\n\n<li style=\"font-size:15px\">Oferecer cursos de Literatura Brasileira e Literatura Popular para estudantes conveniados ou n\u00e3o com a UFPB; <\/li>\n\n\n\n<li style=\"font-size:15px\">Elaborar material did\u00e1tico para os Cursos promovidos; <\/li>\n\n\n\n<li style=\"font-size:15px\">Desenvolver pesquisas voltadas para aspectos do portugu\u00eas, para a identidade cultural brasileira e para o processo de ensino\/aprendizagem de Portugu\u00eas como L\u00edngua Estrangeira;<\/li>\n\n\n\n<li style=\"font-size:15px\">Estabelecer espa\u00e7os para debates sobre o ensino e a pesquisa de Portugu\u00eas como L\u00edngua Estrangeira e da cultura brasileira;<\/li>\n\n\n\n<li style=\"font-size:15px\">Aplicar o exame para a obten\u00e7\u00e3o do Certificado de Profici\u00eancia em Portugu\u00eas para Estrangeiros<strong> (CELPE-Bras).<\/strong><\/li>\n<\/ul>\n\n\n\n<p style=\"font-size:16px\"><\/p>\n","protected":false},"excerpt":{"rendered":"<p>Clique aqui para acessar as a\u00e7\u00f5es de extens\u00e3o desenvolvidas pelos professores do DLPL. PLE &#8211; Portugu\u00eas como L\u00edngua Estrangeira PLEI &#8211; Programa Lingu\u00edstico Cultural para Estudantes Internacionais Coordenador: Prof. Dr. Jos\u00e9 Wellisten Abreu de Souza Site:&nbsp;www.cchla.ufpb.br\/plei Email:&nbsp;plei@cchla.ufpb.br&nbsp;ou&nbsp;ufpbplei@gmail.com Telefone: 3216 7919 Destina-se a aprofundar os conhecimentos sobre o processo ensino\/aprendizagem do portugu\u00eas como l\u00edngua estrangeira, atuando [&hellip;]<\/p>\n","protected":false},"author":47,"featured_media":0,"parent":0,"menu_order":0,"comment_status":"closed","ping_status":"closed","template":"","meta":{"footnotes":""},"class_list":["post-28","page","type-page","status-publish","hentry"],"_links":{"self":[{"href":"https:\/\/www.cchla.ufpb.br\/dlpl\/wp-json\/wp\/v2\/pages\/28","targetHints":{"allow":["GET"]}}],"collection":[{"href":"https:\/\/www.cchla.ufpb.br\/dlpl\/wp-json\/wp\/v2\/pages"}],"about":[{"href":"https:\/\/www.cchla.ufpb.br\/dlpl\/wp-json\/wp\/v2\/types\/page"}],"author":[{"embeddable":true,"href":"https:\/\/www.cchla.ufpb.br\/dlpl\/wp-json\/wp\/v2\/users\/47"}],"replies":[{"embeddable":true,"href":"https:\/\/www.cchla.ufpb.br\/dlpl\/wp-json\/wp\/v2\/comments?post=28"}],"version-history":[{"count":8,"href":"https:\/\/www.cchla.ufpb.br\/dlpl\/wp-json\/wp\/v2\/pages\/28\/revisions"}],"predecessor-version":[{"id":480,"href":"https:\/\/www.cchla.ufpb.br\/dlpl\/wp-json\/wp\/v2\/pages\/28\/revisions\/480"}],"wp:attachment":[{"href":"https:\/\/www.cchla.ufpb.br\/dlpl\/wp-json\/wp\/v2\/media?parent=28"}],"curies":[{"name":"wp","href":"https:\/\/api.w.org\/{rel}","templated":true}]}}