{"id":283,"date":"2024-11-11T12:04:20","date_gmt":"2024-11-11T12:04:20","guid":{"rendered":"https:\/\/www.cchla.ufpb.br\/dlpl2\/?page_id=283"},"modified":"2025-03-17T10:00:45","modified_gmt":"2025-03-17T13:00:45","slug":"progressao-funcional-horizontal","status":"publish","type":"page","link":"https:\/\/www.cchla.ufpb.br\/dlpl\/institucional\/area-docente\/progressao-funcional-horizontal\/","title":{"rendered":"Progress\u00e3o Funcional Horizontal"},"content":{"rendered":"\n<h2 class=\"wp-block-heading\" style=\"font-size:23px\">Progress\u00e3o Horizonal <\/h2>\n\n\n\n<p class=\"has-light-green-cyan-background-color has-background\" style=\"font-size:15px\">\u00c9 a progress\u00e3o de mudan\u00e7a de n\u00edvel que ocorre dentro da mesma classe, como por exemplo: Classe A (Professor Auxiliar, Assistente ou Adjunto &#8211; N\u00edveis 1 e 2; Classe B (Professor Assistente &#8211; N\u00edveis 1 e 2), Classe C (Professor Adjunto &#8211; N\u00edveis 1, 2, 3 e 4); Classe D (Professor Associado &#8211; N\u00edveis 1, 2, 3 e 4).<\/p>\n\n\n\n<h2 class=\"wp-block-heading has-medium-font-size\">Base Legal<\/h2>\n\n\n\n<p style=\"font-size:15px\"><strong><a href=\"http:\/\/legislacao.planalto.gov.br\/legisla\/legislacao.nsf\/Viw_Identificacao\/lei%2012.772-2012?OpenDocument\">LEI N\u00ba 12.772, DE 28 DE DEZEMBRO DE 2012<\/a><\/strong> &#8211; Plano de Carreiras e Cargos de Magist\u00e9rio Federal<\/p>\n\n\n\n<p style=\"font-size:15px\"><a href=\"https:\/\/cchla.ufpb.br\/dlcv\/contents\/documentos\/area-docente\/resol3799progressaoprofs.pdf\">Resolu\u00e7\u00e3o CONSEPE 37\/99 (Progress\u00e3o Funcional)<\/a>,&nbsp;<a href=\"https:\/\/cchla.ufpb.br\/dlcv\/contents\/documentos\/area-docente\/res062001progressaoprofs.pdf\">Resolu\u00e7\u00e3o CONSEPE 06\/2001<\/a>&nbsp;(Altera alguns itens da resolu\u00e7\u00e3o 37\/99),&nbsp;<a href=\"https:\/\/cchla.ufpb.br\/dlcv\/contents\/documentos\/area-docente\/tabelapontosprogressaoprofs.pdf\">Tabela de Pontos para Progress\u00e3o Funcional<\/a>&nbsp;(Anexo I da Resolu\u00e7\u00e3o CONSEPE 37\/99)<\/p>\n\n\n\n<hr class=\"wp-block-separator has-alpha-channel-opacity\" \/>\n\n\n\n<h2 class=\"wp-block-heading has-text-align-center has-black-color has-very-light-gray-to-cyan-bluish-gray-gradient-background has-text-color has-background has-link-color wp-elements-b8240b72d9b28ae3eeb2e097d5105189\" style=\"font-size:20px\">Instru\u00e7\u00e3o e Fluxo do Processo de Progress\u00e3o Horizontal<\/h2>\n\n\n\n<figure class=\"wp-block-table is-style-regular\" style=\"font-size:15px\"><table class=\"has-black-color has-white-background-color has-text-color has-background has-link-color has-fixed-layout\"><thead><tr><th>Processo\/Fluxo<\/th><th class=\"has-text-align-center\" data-align=\"center\">Respons\u00e1vel<\/th><\/tr><\/thead><tbody><tr><td><strong>1. <\/strong>Solicitar a declara\u00e7\u00e3o de progress\u00e3o funcional \u00e0 CPPD por meio do endere\u00e7o:&nbsp;cppd@reitoria.ufpb.br<\/td><td class=\"has-text-align-center\" data-align=\"center\"><strong><mark style=\"background-color:#ffffff\" class=\"has-inline-color has-vivid-cyan-blue-color\">Docente<\/mark><\/strong><\/td><\/tr><tr><td><strong>2.<\/strong> <a href=\"https:\/\/www.cchla.ufpb.br\/dlpl\/wp-content\/uploads\/sites\/122\/sites\/208\/2024\/11\/reqprogessaofuncional2016-2-1.doc\" data-type=\"attachment\" data-id=\"417\"><mark class=\"has-inline-color has-vivid-cyan-blue-color\"><strong>Requerimento<\/strong><\/mark><\/a><\/td><td class=\"has-text-align-center\" data-align=\"center\"><strong><mark style=\"background-color:#ffffff\" class=\"has-inline-color has-vivid-cyan-blue-color\">Docente<\/mark><\/strong><\/td><\/tr><tr><td><strong>3.<\/strong> Declara\u00e7\u00e3o de Progress\u00f5es Funcionais &#8211; CPPD<\/td><td class=\"has-text-align-center\" data-align=\"center\"><strong><mark style=\"background-color:#ffffff\" class=\"has-inline-color has-vivid-cyan-blue-color\">Docente<\/mark><\/strong><\/td><\/tr><tr><td><strong>4.<\/strong> Relat\u00f3rio de Atividades<\/td><td class=\"has-text-align-center\" data-align=\"center\"><strong><mark style=\"background-color:#ffffff\" class=\"has-inline-color has-vivid-cyan-blue-color\">Docente<\/mark><\/strong><\/td><\/tr><tr><td><strong>5.<\/strong> Despacho para a Comiss\u00e3o de Capacita\u00e7\u00e3o Docente e Progress\u00e3o Funcional<\/td><td class=\"has-text-align-center\" data-align=\"center\"><strong><mark style=\"background-color:#ffffff\" class=\"has-inline-color has-luminous-vivid-orange-color\">DLPL<\/mark><\/strong><\/td><\/tr><tr><td><strong>6.<\/strong> Parecer da Comiss\u00e3o<\/td><td class=\"has-text-align-center\" data-align=\"center\"><strong><mark style=\"background-color:#ffffff\" class=\"has-inline-color has-luminous-vivid-orange-color\">Comiss\u00e3o\/DLPL<\/mark><\/strong><\/td><\/tr><tr><td><strong>7.<\/strong> Certid\u00e3o de aprova\u00e7\u00e3o do Parecer<\/td><td class=\"has-text-align-center\" data-align=\"center\"><strong><mark style=\"background-color:#ffffff\" class=\"has-inline-color has-luminous-vivid-orange-color\">DLPL<\/mark><\/strong><\/td><\/tr><tr><td><strong>8.<\/strong> Despacho para o Conselho de Centro CCHLA<\/td><td class=\"has-text-align-center\" data-align=\"center\"><strong><mark style=\"background-color:#ffffff\" class=\"has-inline-color has-luminous-vivid-orange-color\">DLPL<\/mark><\/strong><\/td><\/tr><tr><td><strong>9.<\/strong> Conselho de Centro encaminha processo para relator parecerista<\/td><td class=\"has-text-align-center\" data-align=\"center\"><strong><mark style=\"background-color:#ffffff\" class=\"has-inline-color has-vivid-green-cyan-color\">Conselho de Centro<\/mark><\/strong><\/td><\/tr><tr><td><strong>10.<\/strong> Parecer do Relator<\/td><td class=\"has-text-align-center\" data-align=\"center\"><strong><mark style=\"background-color:#ffffff\" class=\"has-inline-color has-vivid-green-cyan-color\">Conselho de Centro<\/mark><\/strong><\/td><\/tr><tr><td><strong>11.<\/strong> Certid\u00e3o do Conselho de Centro<\/td><td class=\"has-text-align-center\" data-align=\"center\"><strong><mark style=\"background-color:#ffffff\" class=\"has-inline-color has-vivid-green-cyan-color\">Conselho de Centro<\/mark><\/strong><\/td><\/tr><tr><td><strong>12. <\/strong>Despacho do Conselho de Centro \u00e0 CPPD<\/td><td class=\"has-text-align-center\" data-align=\"center\"><strong><mark style=\"background-color:#ffffff\" class=\"has-inline-color has-vivid-green-cyan-color\">Conselho de Centro<\/mark><\/strong><\/td><\/tr><tr><td><strong>13. <\/strong>Parecer da CPPD<\/td><td class=\"has-text-align-center\" data-align=\"center\"><strong><mark style=\"background-color:#ffffff\" class=\"has-inline-color has-black-color\">CPPD<\/mark><\/strong><\/td><\/tr><tr><td><strong>14.<\/strong> Emiss\u00e3o da Portaria pela CPPD<\/td><td class=\"has-text-align-center\" data-align=\"center\"><strong><mark style=\"background-color:#ffffff\" class=\"has-inline-color has-black-color\">CPPD<\/mark><\/strong><\/td><\/tr><tr><td><strong>15.<\/strong> Despacho da CPPD para a DCPS-PROGEP para cadastro e inclus\u00e3o na folha de pagamento.<\/td><td class=\"has-text-align-center\" data-align=\"center\"><strong><mark style=\"background-color:#ffffff\" class=\"has-inline-color has-black-color\">CPPD<\/mark><\/strong><\/td><\/tr><\/tbody><\/table><\/figure>\n\n\n\n<p><\/p>\n","protected":false},"excerpt":{"rendered":"<p>Progress\u00e3o Horizonal \u00c9 a progress\u00e3o de mudan\u00e7a de n\u00edvel que ocorre dentro da mesma classe, como por exemplo: Classe A (Professor Auxiliar, Assistente ou Adjunto &#8211; N\u00edveis 1 e 2; Classe B (Professor Assistente &#8211; N\u00edveis 1 e 2), Classe C (Professor Adjunto &#8211; N\u00edveis 1, 2, 3 e 4); Classe D (Professor Associado &#8211; [&hellip;]<\/p>\n","protected":false},"author":47,"featured_media":0,"parent":34,"menu_order":0,"comment_status":"closed","ping_status":"closed","template":"","meta":{"footnotes":""},"class_list":["post-283","page","type-page","status-publish","hentry"],"_links":{"self":[{"href":"https:\/\/www.cchla.ufpb.br\/dlpl\/wp-json\/wp\/v2\/pages\/283","targetHints":{"allow":["GET"]}}],"collection":[{"href":"https:\/\/www.cchla.ufpb.br\/dlpl\/wp-json\/wp\/v2\/pages"}],"about":[{"href":"https:\/\/www.cchla.ufpb.br\/dlpl\/wp-json\/wp\/v2\/types\/page"}],"author":[{"embeddable":true,"href":"https:\/\/www.cchla.ufpb.br\/dlpl\/wp-json\/wp\/v2\/users\/47"}],"replies":[{"embeddable":true,"href":"https:\/\/www.cchla.ufpb.br\/dlpl\/wp-json\/wp\/v2\/comments?post=283"}],"version-history":[{"count":19,"href":"https:\/\/www.cchla.ufpb.br\/dlpl\/wp-json\/wp\/v2\/pages\/283\/revisions"}],"predecessor-version":[{"id":583,"href":"https:\/\/www.cchla.ufpb.br\/dlpl\/wp-json\/wp\/v2\/pages\/283\/revisions\/583"}],"up":[{"embeddable":true,"href":"https:\/\/www.cchla.ufpb.br\/dlpl\/wp-json\/wp\/v2\/pages\/34"}],"wp:attachment":[{"href":"https:\/\/www.cchla.ufpb.br\/dlpl\/wp-json\/wp\/v2\/media?parent=283"}],"curies":[{"name":"wp","href":"https:\/\/api.w.org\/{rel}","templated":true}]}}