{"id":288,"date":"2024-11-11T12:08:58","date_gmt":"2024-11-11T12:08:58","guid":{"rendered":"https:\/\/www.cchla.ufpb.br\/dlpl2\/?page_id=288"},"modified":"2024-12-02T09:08:31","modified_gmt":"2024-12-02T12:08:31","slug":"solicitacao-de-diarias","status":"publish","type":"page","link":"https:\/\/www.cchla.ufpb.br\/dlpl\/institucional\/area-docente\/solicitacao-de-diarias\/","title":{"rendered":"Solicita\u00e7\u00e3o de Di\u00e1rias"},"content":{"rendered":"\n<h2 class=\"wp-block-heading\" style=\"font-size:23px\">Passagens e Di\u00e1rias<\/h2>\n\n\n\n<p class=\"has-light-green-cyan-background-color has-background\" style=\"font-size:15px\">Com base na legisla\u00e7\u00e3o vigente de di\u00e1rias e passagens, a UFPB&nbsp;elaborou a&nbsp;<a href=\"https:\/\/cchla.ufpb.br\/dlcv\/contents\/documentos\/area-docente\/in01_2020_diariasepassagens.pdf\">Instru\u00e7\u00e3o Normativa 01\/20<\/a>,&nbsp;que procura orientar,&nbsp;disciplinar e padronizar tais solicita\u00e7\u00f5es. Nesse sentido, a instru\u00e7\u00e3o dos processos de solicita\u00e7\u00e3o de di\u00e1rias dever\u00e1 seguir a seguinte ordem:<\/p>\n\n\n\n<hr class=\"wp-block-separator has-alpha-channel-opacity\" \/>\n\n\n\n<h2 class=\"wp-block-heading has-text-align-center\">Processo e Fluxo para solicita\u00e7\u00e3o de di\u00e1rias<\/h2>\n\n\n\n<ol style=\"font-size:15px\" class=\"wp-block-list\">\n<li style=\"font-size:15px\"><a href=\"https:\/\/www.cchla.ufpb.br\/dlpl\/wp-content\/uploads\/sites\/122\/sites\/208\/2024\/11\/modeloreqdiaria2022-3.doc\" data-type=\"attachment\" data-id=\"428\">Requerimento<\/a>&nbsp;(do docente ou t\u00e9cnico) \u00e0 Chefia de DLPL;<\/li>\n\n\n\n<li style=\"font-size:15px\"><a href=\"https:\/\/cchla.ufpb.br\/dlcv\/contents\/documentos\/area-docente\/diarias\/diarias-e-passagens_formulario-de-solicitacao-in-2021.doc\">Formul\u00e1rio de solicita\u00e7\u00e3o de di\u00e1rias<\/a>\u00a0preenchido\u00a0(salvar em formato PDF. <strong>As assinaturas da\/o solicitante e da\/o Chefe do DLPL<\/strong> dever\u00e3o ser inseridas no cadastramento do referido documento no SIPAC);<\/li>\n\n\n\n<li style=\"font-size:15px\">Demais documentos comprobat\u00f3rios (carta de aceite, convoca\u00e7\u00e3o para reuni\u00f5es, programa\u00e7\u00e3o, folder, etc);<\/li>\n\n\n\n<li style=\"font-size:15px\"><a href=\"https:\/\/cchla.ufpb.br\/dlcv\/contents\/documentos\/area-docente\/diarias\/decviagemveicproprio_072022.doc\">Declara\u00e7\u00e3o de transporte<\/a>&nbsp;(viagem feita em ve\u00edculo pr\u00f3prio) ou&nbsp;Requisi\u00e7\u00e3o de transporte (ve\u00edculos oficiais &#8211; verificar o&nbsp;<a href=\"https:\/\/cchla.ufpb.br\/cchla\/formularios\/reserva-de-veiculos\">sistema de reservas do CCHLA<\/a>). O formul\u00e1rio de requisi\u00e7\u00e3o de transporte em ve\u00edculos oficiais deve ser retirado na secretaria do CCHLA.<\/li>\n\n\n\n<li style=\"font-size:15px\">Caso o deslocamento seja feito por via a\u00e9rea, o\/a solicitante dever\u00e1 apresentar os comprovantes de reserva das passagens de ida e volta. Ainda que a compra das passagens seja custeada com recursos pr\u00f3prios, \u00e9 importante observar que o per\u00edodo de di\u00e1rias solicitado deve estar de acordo com as datas das passagens de ida e volta. No entanto, h\u00e1 a possibilidade de a viagem de ida ser feita um dia antes do evento e a da volta, um dia depois.<\/li>\n\n\n\n<li style=\"font-size:15px\"><a href=\"https:\/\/www.cchla.ufpb.br\/dlpl\/wp-content\/uploads\/sites\/122\/sites\/208\/2024\/11\/TERMO-DE-RENUNCIA-DIARIAS-E-PASSAGENS.pdf\" data-type=\"attachment\" data-id=\"339\" target=\"_blank\" rel=\"noreferrer noopener\">Termo de Ren\u00fancia Total ou Parcial<\/a> &#8211; di\u00e1rias e passagens.<\/li>\n<\/ol>\n\n\n\n<figure class=\"wp-block-pullquote alignleft has-text-align-left has-border-color has-vivid-cyan-blue-border-color\" style=\"border-width:4px;border-radius:30px;font-size:8px\"><blockquote><p>A documenta\u00e7\u00e3o referente \u00e0 solicita\u00e7\u00e3o de di\u00e1rias&nbsp;dever\u00e1 cadastrada no SIPAC e encaminhada \u00e0 Secretaria \/ Chefia do DLPL&nbsp;com,&nbsp;no m\u00ednimo,&nbsp;<strong>25&nbsp;(vinte e cinco)&nbsp;dias&nbsp;de&nbsp;anteced\u00eancia<\/strong>, a fim de que sejam tomadas as devidas provid\u00eancias. Caso o servidor fa\u00e7a a solicita\u00e7\u00e3o de di\u00e1rias fora do prazo supracitado, dever\u00e1 redigir uma justificativa, cujo modelo pode ser encontrado&nbsp;<a href=\"https:\/\/cchla.ufpb.br\/dlcv\/contents\/documentos\/area-docente\/formulariojustificativaatrasodiarias.doc\">aqui<\/a>.<\/p><\/blockquote><\/figure>\n\n\n\n<h2 class=\"wp-block-heading\" style=\"font-size:23px\">Presta\u00e7\u00e3o de Contas<\/h2>\n\n\n\n<ul class=\"wp-block-list\">\n<li style=\"font-size:15px\"><strong>Prazo de at\u00e9 05 dias<\/strong>, ap\u00f3s o t\u00e9rmino da viagem, para apresentar o&nbsp;<a href=\"https:\/\/cchla.ufpb.br\/dlcv\/contents\/documentos\/area-docente\/diarias\/diarias-e-passagens-formulario-de-relatorio-de-viagem-nacional-in-2020.doc\">relat\u00f3rio de viagem<\/a>&nbsp;acompanhado dos certificados de participa\u00e7\u00e3o no evento, bem como dos comprovantes de embarque (ida e volta) ORIGINAIS, ainda que estes tenham sido adquiridos pelo\/a servidor\/a.<\/li>\n\n\n\n<li style=\"font-size:15px\">A documenta\u00e7\u00e3o supracitada dever\u00e1 ser anexada ao processo inicial que solicitou \u00e0 concess\u00e3o de passagens e di\u00e1rias e encaminhada para o setor financeiro do CCHLA.\u00a0Para maiores esclarecimentos, entrar em contato com Givanildo Silva, atrav\u00e9s do ramal 3216-7918.<\/li>\n<\/ul>\n","protected":false},"excerpt":{"rendered":"<p>Passagens e Di\u00e1rias Com base na legisla\u00e7\u00e3o vigente de di\u00e1rias e passagens, a UFPB&nbsp;elaborou a&nbsp;Instru\u00e7\u00e3o Normativa 01\/20,&nbsp;que procura orientar,&nbsp;disciplinar e padronizar tais solicita\u00e7\u00f5es. Nesse sentido, a instru\u00e7\u00e3o dos processos de solicita\u00e7\u00e3o de di\u00e1rias dever\u00e1 seguir a seguinte ordem: Processo e Fluxo para solicita\u00e7\u00e3o de di\u00e1rias A documenta\u00e7\u00e3o referente \u00e0 solicita\u00e7\u00e3o de di\u00e1rias&nbsp;dever\u00e1 cadastrada no SIPAC [&hellip;]<\/p>\n","protected":false},"author":47,"featured_media":0,"parent":34,"menu_order":0,"comment_status":"closed","ping_status":"closed","template":"","meta":{"footnotes":""},"class_list":["post-288","page","type-page","status-publish","hentry"],"_links":{"self":[{"href":"https:\/\/www.cchla.ufpb.br\/dlpl\/wp-json\/wp\/v2\/pages\/288","targetHints":{"allow":["GET"]}}],"collection":[{"href":"https:\/\/www.cchla.ufpb.br\/dlpl\/wp-json\/wp\/v2\/pages"}],"about":[{"href":"https:\/\/www.cchla.ufpb.br\/dlpl\/wp-json\/wp\/v2\/types\/page"}],"author":[{"embeddable":true,"href":"https:\/\/www.cchla.ufpb.br\/dlpl\/wp-json\/wp\/v2\/users\/47"}],"replies":[{"embeddable":true,"href":"https:\/\/www.cchla.ufpb.br\/dlpl\/wp-json\/wp\/v2\/comments?post=288"}],"version-history":[{"count":25,"href":"https:\/\/www.cchla.ufpb.br\/dlpl\/wp-json\/wp\/v2\/pages\/288\/revisions"}],"predecessor-version":[{"id":544,"href":"https:\/\/www.cchla.ufpb.br\/dlpl\/wp-json\/wp\/v2\/pages\/288\/revisions\/544"}],"up":[{"embeddable":true,"href":"https:\/\/www.cchla.ufpb.br\/dlpl\/wp-json\/wp\/v2\/pages\/34"}],"wp:attachment":[{"href":"https:\/\/www.cchla.ufpb.br\/dlpl\/wp-json\/wp\/v2\/media?parent=288"}],"curies":[{"name":"wp","href":"https:\/\/api.w.org\/{rel}","templated":true}]}}