{"id":291,"date":"2024-11-11T12:11:02","date_gmt":"2024-11-11T12:11:02","guid":{"rendered":"https:\/\/www.cchla.ufpb.br\/dlpl2\/?page_id=291"},"modified":"2024-11-13T13:28:50","modified_gmt":"2024-11-13T13:28:50","slug":"licenca-para-capacitacao","status":"publish","type":"page","link":"https:\/\/www.cchla.ufpb.br\/dlpl\/institucional\/area-docente\/licenca-para-capacitacao\/","title":{"rendered":"Licen\u00e7a para Capacita\u00e7\u00e3o"},"content":{"rendered":"\n<h2 class=\"wp-block-heading\" style=\"font-size:23px\">Afastamento para Lince\u00e7a Capacita\u00e7\u00e3o (at\u00e9 90 dias)<\/h2>\n\n\n\n<p class=\"has-light-green-cyan-background-color has-background\" style=\"font-size:15px\">Todo servidor p\u00fablico federal, cujo regime de trabalho \u00e9 regido pela lei 8112\/90, tem direito a se afastar de suas atividades laborais por at\u00e9 3 meses, ap\u00f3s cumprir 05 anos de efetivo exerc\u00edcio no cargo.<\/p>\n\n\n\n<p class=\"has-very-light-gray-to-cyan-bluish-gray-gradient-background has-background\" style=\"font-size:15px\">tendo em vista o disposto no&nbsp;<a href=\"http:\/\/www.planalto.gov.br\/ccivil_03\/_ato2019-2022\/2019\/decreto\/D9991.htm\">Decreto n\u00ba 9.991\/2019<\/a>, em vigor desde 06\/09\/2019, bem como no&nbsp;<a href=\"http:\/\/www.cchla.ufpb.br\/dlcv\/contents\/documentos\/area-docente\/licencacapacitacao\/memo1022019progep.pdf\">MEMORANDO CIRCULAR N\u00ba 102\/2019 &#8211; PROGEP<\/a>,&nbsp;para a correta instru\u00e7\u00e3o do processo de afastamento, \u00e9 preciso seguir as orienta\u00e7\u00f5es postas nesse&nbsp;CHECKLIST:<\/p>\n\n\n\n<div class=\"wp-block-file\"><a id=\"wp-block-file--media-63d1a0f5-5fc1-4743-8ec9-cd223d2489cf\" href=\"https:\/\/www.cchla.ufpb.br\/dlpl2\/wp-content\/uploads\/sites\/122\/sites\/208\/2024\/11\/LICENCA-CAPACITACAO-DOC-08-2023-1-1.pdf\" target=\"_blank\" rel=\"noreferrer noopener\"><strong>Checklist Lincen\u00e7a Capacita\u00e7\u00e3o  <\/strong><\/a><a href=\"https:\/\/www.cchla.ufpb.br\/dlpl2\/wp-content\/uploads\/sites\/122\/sites\/208\/2024\/11\/LICENCA-CAPACITACAO-DOC-08-2023-1-1.pdf\" class=\"wp-block-file__button wp-element-button\" download aria-describedby=\"wp-block-file--media-63d1a0f5-5fc1-4743-8ec9-cd223d2489cf\">Baixar<\/a><\/div>\n\n\n\n<div class=\"wp-block-file\"><a id=\"wp-block-file--media-9033cfa6-e787-4b00-804b-14c98324ba06\" href=\"https:\/\/www.cchla.ufpb.br\/dlpl2\/wp-content\/uploads\/sites\/122\/sites\/208\/2024\/11\/formulario_docentes-licenca-capacitacao-1.doc\" target=\"_blank\" rel=\"noreferrer noopener\">Formul\u00e1rio &#8211; docentes licen\u00e7a capacita\u00e7\u00e3o<\/a><a href=\"https:\/\/www.cchla.ufpb.br\/dlpl2\/wp-content\/uploads\/sites\/122\/sites\/208\/2024\/11\/formulario_docentes-licenca-capacitacao-1.doc\" class=\"wp-block-file__button wp-element-button\" download aria-describedby=\"wp-block-file--media-9033cfa6-e787-4b00-804b-14c98324ba06\">Baixar<\/a><\/div>\n\n\n\n<p><\/p>\n\n\n\n<figure class=\"wp-block-pullquote has-border-color has-vivid-green-cyan-border-color\" style=\"border-width:4px;border-radius:40px;font-size:5px\"><blockquote><p>A documenta\u00e7\u00e3o contida no&nbsp;<em>checklist<\/em>&nbsp;acima deve ser encaminhada \u00e0 secretaria do DLPL com anteced\u00eancia m\u00ednima de 45 dias da data de in\u00edcio do afastamento.<\/p><\/blockquote><\/figure>\n","protected":false},"excerpt":{"rendered":"<p>Afastamento para Lince\u00e7a Capacita\u00e7\u00e3o (at\u00e9 90 dias) Todo servidor p\u00fablico federal, cujo regime de trabalho \u00e9 regido pela lei 8112\/90, tem direito a se afastar de suas atividades laborais por at\u00e9 3 meses, ap\u00f3s cumprir 05 anos de efetivo exerc\u00edcio no cargo. tendo em vista o disposto no&nbsp;Decreto n\u00ba 9.991\/2019, em vigor desde 06\/09\/2019, bem [&hellip;]<\/p>\n","protected":false},"author":47,"featured_media":0,"parent":34,"menu_order":0,"comment_status":"closed","ping_status":"closed","template":"","meta":{"footnotes":""},"class_list":["post-291","page","type-page","status-publish","hentry"],"_links":{"self":[{"href":"https:\/\/www.cchla.ufpb.br\/dlpl\/wp-json\/wp\/v2\/pages\/291","targetHints":{"allow":["GET"]}}],"collection":[{"href":"https:\/\/www.cchla.ufpb.br\/dlpl\/wp-json\/wp\/v2\/pages"}],"about":[{"href":"https:\/\/www.cchla.ufpb.br\/dlpl\/wp-json\/wp\/v2\/types\/page"}],"author":[{"embeddable":true,"href":"https:\/\/www.cchla.ufpb.br\/dlpl\/wp-json\/wp\/v2\/users\/47"}],"replies":[{"embeddable":true,"href":"https:\/\/www.cchla.ufpb.br\/dlpl\/wp-json\/wp\/v2\/comments?post=291"}],"version-history":[{"count":9,"href":"https:\/\/www.cchla.ufpb.br\/dlpl\/wp-json\/wp\/v2\/pages\/291\/revisions"}],"predecessor-version":[{"id":375,"href":"https:\/\/www.cchla.ufpb.br\/dlpl\/wp-json\/wp\/v2\/pages\/291\/revisions\/375"}],"up":[{"embeddable":true,"href":"https:\/\/www.cchla.ufpb.br\/dlpl\/wp-json\/wp\/v2\/pages\/34"}],"wp:attachment":[{"href":"https:\/\/www.cchla.ufpb.br\/dlpl\/wp-json\/wp\/v2\/media?parent=291"}],"curies":[{"name":"wp","href":"https:\/\/api.w.org\/{rel}","templated":true}]}}