{"id":297,"date":"2024-11-11T12:12:57","date_gmt":"2024-11-11T12:12:57","guid":{"rendered":"https:\/\/www.cchla.ufpb.br\/dlpl2\/?page_id=297"},"modified":"2025-10-15T08:22:01","modified_gmt":"2025-10-15T11:22:01","slug":"participar-de-eventos-no-exterior","status":"publish","type":"page","link":"https:\/\/www.cchla.ufpb.br\/dlpl\/institucional\/area-docente\/participar-de-eventos-no-exterior\/","title":{"rendered":"Participar de eventos no exterior"},"content":{"rendered":"\n<p class=\"has-light-green-cyan-background-color has-background\" style=\"font-size:15px\"><strong>Afastamento de Curta ou Curt\u00edssima dura\u00e7\u00e3o para o exterior <\/strong>&#8211; (apresentar trabalho cient\u00edfico, cultural ou t\u00e9cnico, ministrar curso, confer\u00eancia, participar de mesa-redonda, evento ou miss\u00e3o)<\/p>\n\n\n\n<hr class=\"wp-block-separator has-alpha-channel-opacity\" \/>\n\n\n\n<h2 class=\"wp-block-heading has-text-align-center has-very-light-gray-to-cyan-bluish-gray-gradient-background has-background\" style=\"font-size:18px\">Documentos necess\u00e1rios \u00e0 abertura do processo<\/h2>\n\n\n\n<ul class=\"wp-block-list\">\n<li style=\"font-size:15px\"><a href=\"http:\/\/www.cchla.ufpb.br\/dlcv\/contents\/documentos\/area-docente\/checklist_afastamentocurtaduracaoexterior.pdf\">Checklist<\/a>&nbsp;com a documenta\u00e7\u00e3o necess\u00e1ria para instru\u00e7\u00e3o de processos de afastamento de curt\u00edssima dura\u00e7\u00e3o (igual ou inferior a 30 dias) OU&nbsp;afastamento de curta dura\u00e7\u00e3o (superior a 30 dias e inferior a 06 meses)<\/li>\n\n\n\n<li style=\"font-size:15px\"><a href=\"https:\/\/www.cchla.ufpb.br\/dlpl\/wp-content\/uploads\/sites\/122\/sites\/208\/2024\/11\/requerimentoafastamentocurtaduracao-1.doc\" data-type=\"attachment\" data-id=\"397\">Requerimento \u00e0 Chefia Departamental<\/a><\/li>\n\n\n\n<li style=\"font-size:15px\"><a href=\"https:\/\/www.cchla.ufpb.br\/dlpl\/wp-content\/uploads\/sites\/122\/sites\/208\/2024\/11\/formulario_docentes-.doc\" data-type=\"attachment\" data-id=\"378\">Formul\u00e1rio de afastamento<\/a> (Modelo padronizado)<\/li>\n<\/ul>\n\n\n\n<p><\/p>\n","protected":false},"excerpt":{"rendered":"<p>Afastamento de Curta ou Curt\u00edssima dura\u00e7\u00e3o para o exterior &#8211; (apresentar trabalho cient\u00edfico, cultural ou t\u00e9cnico, ministrar curso, confer\u00eancia, participar de mesa-redonda, evento ou miss\u00e3o) Documentos necess\u00e1rios \u00e0 abertura do processo<\/p>\n","protected":false},"author":47,"featured_media":0,"parent":34,"menu_order":0,"comment_status":"closed","ping_status":"closed","template":"","meta":{"footnotes":""},"class_list":["post-297","page","type-page","status-publish","hentry"],"_links":{"self":[{"href":"https:\/\/www.cchla.ufpb.br\/dlpl\/wp-json\/wp\/v2\/pages\/297","targetHints":{"allow":["GET"]}}],"collection":[{"href":"https:\/\/www.cchla.ufpb.br\/dlpl\/wp-json\/wp\/v2\/pages"}],"about":[{"href":"https:\/\/www.cchla.ufpb.br\/dlpl\/wp-json\/wp\/v2\/types\/page"}],"author":[{"embeddable":true,"href":"https:\/\/www.cchla.ufpb.br\/dlpl\/wp-json\/wp\/v2\/users\/47"}],"replies":[{"embeddable":true,"href":"https:\/\/www.cchla.ufpb.br\/dlpl\/wp-json\/wp\/v2\/comments?post=297"}],"version-history":[{"count":6,"href":"https:\/\/www.cchla.ufpb.br\/dlpl\/wp-json\/wp\/v2\/pages\/297\/revisions"}],"predecessor-version":[{"id":730,"href":"https:\/\/www.cchla.ufpb.br\/dlpl\/wp-json\/wp\/v2\/pages\/297\/revisions\/730"}],"up":[{"embeddable":true,"href":"https:\/\/www.cchla.ufpb.br\/dlpl\/wp-json\/wp\/v2\/pages\/34"}],"wp:attachment":[{"href":"https:\/\/www.cchla.ufpb.br\/dlpl\/wp-json\/wp\/v2\/media?parent=297"}],"curies":[{"name":"wp","href":"https:\/\/api.w.org\/{rel}","templated":true}]}}