{"id":32,"date":"2024-09-09T22:47:14","date_gmt":"2024-09-09T22:47:14","guid":{"rendered":"https:\/\/www.cchla.ufpb.br\/dlpl2\/?page_id=32"},"modified":"2026-02-11T09:36:45","modified_gmt":"2026-02-11T12:36:45","slug":"concursos-e-selecoes","status":"publish","type":"page","link":"https:\/\/www.cchla.ufpb.br\/dlpl\/institucional\/concursos-e-selecoes\/","title":{"rendered":"Concursos e Sele\u00e7\u00f5es"},"content":{"rendered":"\n<p class=\"has-very-light-gray-to-cyan-bluish-gray-gradient-background has-background\"><a href=\"https:\/\/www.cchla.ufpb.br\/dlpl\/editais-de-processo-seletivo-para-professor-substituto\/\" data-type=\"page\" data-id=\"783\">Editais de Processo Seletivo para Professor Substituto<\/a><\/p>\n\n\n\n<p class=\"has-very-light-gray-to-cyan-bluish-gray-gradient-background has-background\"><a href=\"https:\/\/www.cchla.ufpb.br\/dlpl\/editais-de-processo-seletivo-para-professor-visitante\/\" data-type=\"page\" data-id=\"788\">Editais de Processo Seletivo para Professor Visitante<\/a><\/p>\n\n\n\n<p class=\"has-very-light-gray-to-cyan-bluish-gray-gradient-background has-background\"><a href=\"https:\/\/www.cchla.ufpb.br\/dlpl\/editais-selecao-de-bolsista-letras-portugues-ead\/\" data-type=\"page\" data-id=\"767\">Editais de Sele\u00e7\u00e3o de Bolsista Letras-Portugu\u00eas EAD<\/a><\/p>\n\n\n\n<p class=\"has-very-light-gray-to-cyan-bluish-gray-gradient-background has-background\"><a href=\"https:\/\/www.cchla.ufpb.br\/dlpl\/editais-para-consulta-de-chefe-e-vice-chefe-do-departamento\/\" data-type=\"page\" data-id=\"794\">Editais para Consulta de Chefe e Vice-Chefe do Departamento<\/a><\/p>\n\n\n\n<p><\/p>\n","protected":false},"excerpt":{"rendered":"<p>Editais de Processo Seletivo para Professor Substituto Editais de Processo Seletivo para Professor Visitante Editais de Sele\u00e7\u00e3o de Bolsista Letras-Portugu\u00eas EAD Editais para Consulta de Chefe e Vice-Chefe do Departamento<\/p>\n","protected":false},"author":47,"featured_media":168,"parent":171,"menu_order":0,"comment_status":"closed","ping_status":"closed","template":"","meta":{"footnotes":""},"class_list":["post-32","page","type-page","status-publish","has-post-thumbnail","hentry"],"_links":{"self":[{"href":"https:\/\/www.cchla.ufpb.br\/dlpl\/wp-json\/wp\/v2\/pages\/32","targetHints":{"allow":["GET"]}}],"collection":[{"href":"https:\/\/www.cchla.ufpb.br\/dlpl\/wp-json\/wp\/v2\/pages"}],"about":[{"href":"https:\/\/www.cchla.ufpb.br\/dlpl\/wp-json\/wp\/v2\/types\/page"}],"author":[{"embeddable":true,"href":"https:\/\/www.cchla.ufpb.br\/dlpl\/wp-json\/wp\/v2\/users\/47"}],"replies":[{"embeddable":true,"href":"https:\/\/www.cchla.ufpb.br\/dlpl\/wp-json\/wp\/v2\/comments?post=32"}],"version-history":[{"count":24,"href":"https:\/\/www.cchla.ufpb.br\/dlpl\/wp-json\/wp\/v2\/pages\/32\/revisions"}],"predecessor-version":[{"id":798,"href":"https:\/\/www.cchla.ufpb.br\/dlpl\/wp-json\/wp\/v2\/pages\/32\/revisions\/798"}],"up":[{"embeddable":true,"href":"https:\/\/www.cchla.ufpb.br\/dlpl\/wp-json\/wp\/v2\/pages\/171"}],"wp:featuredmedia":[{"embeddable":true,"href":"https:\/\/www.cchla.ufpb.br\/dlpl\/wp-json\/wp\/v2\/media\/168"}],"wp:attachment":[{"href":"https:\/\/www.cchla.ufpb.br\/dlpl\/wp-json\/wp\/v2\/media?parent=32"}],"curies":[{"name":"wp","href":"https:\/\/api.w.org\/{rel}","templated":true}]}}