{"id":401,"date":"2024-11-11T18:39:12","date_gmt":"2024-11-11T18:39:12","guid":{"rendered":"https:\/\/www.cchla.ufpb.br\/dlpl2\/?page_id=401"},"modified":"2024-11-13T13:28:51","modified_gmt":"2024-11-13T13:28:51","slug":"participar-de-eventos-em-territorio-nacional","status":"publish","type":"page","link":"https:\/\/www.cchla.ufpb.br\/dlpl\/institucional\/area-docente\/participar-de-eventos-em-territorio-nacional\/","title":{"rendered":"Participar de eventos em territ\u00f3rio nacional"},"content":{"rendered":"\n<p class=\"has-light-green-cyan-background-color has-background\" style=\"font-size:15px\"><strong>Todos os afastamentos de curt\u00edssima dura\u00e7\u00e3o (at\u00e9 30 dias), s\u00e3o feitos pelo SIPAC.<\/strong><\/p>\n\n\n\n<hr class=\"wp-block-separator has-alpha-channel-opacity\"\/>\n\n\n\n<h2 class=\"wp-block-heading has-text-align-center has-very-light-gray-to-cyan-bluish-gray-gradient-background has-background\" style=\"font-size:20px\">Esse processo deve ser instru\u00eddo do seguinte modo:<\/h2>\n\n\n\n<ul class=\"wp-block-list\">\n<li style=\"font-size:15px\"><a href=\"https:\/\/www.cchla.ufpb.br\/dlpl\/wp-content\/uploads\/sites\/122\/sites\/208\/2024\/11\/requerimentoafastamento.doc\" data-type=\"attachment\" data-id=\"405\">Requerimento \u00e0 chefia<\/a>;<\/li>\n\n\n\n<li style=\"font-size:15px\"><a href=\"https:\/\/www.cchla.ufpb.br\/dlpl\/wp-content\/uploads\/sites\/122\/sites\/208\/2024\/11\/formulario_docentes-.doc\" data-type=\"attachment\" data-id=\"378\">Formul\u00e1rio de Afastamento<\/a> (\u00e9 um formul\u00e1rio \u00fanico, com a op\u00e7\u00e3o de marcar o tipo de afastamento);<\/li>\n\n\n\n<li style=\"font-size:15px\">Comprovante da atividade a ser realizada (carta, convite, aceite etc&#8230;tudo o que tiverem);<\/li>\n\n\n\n<li style=\"font-size:15px\">Comprovante de passagem, se for o caso;<\/li>\n\n\n\n<li style=\"font-size:15px\">Certid\u00e3o de aprova\u00e7\u00e3o &#8211; responsabilidade da chefia do DLPL.<\/li>\n<\/ul>\n","protected":false},"excerpt":{"rendered":"<p>Todos os afastamentos de curt\u00edssima dura\u00e7\u00e3o (at\u00e9 30 dias), s\u00e3o feitos pelo SIPAC. Esse processo deve ser instru\u00eddo do seguinte modo:<\/p>\n","protected":false},"author":142,"featured_media":0,"parent":34,"menu_order":0,"comment_status":"closed","ping_status":"closed","template":"","meta":{"footnotes":""},"class_list":["post-401","page","type-page","status-publish","hentry"],"_links":{"self":[{"href":"https:\/\/www.cchla.ufpb.br\/dlpl\/wp-json\/wp\/v2\/pages\/401","targetHints":{"allow":["GET"]}}],"collection":[{"href":"https:\/\/www.cchla.ufpb.br\/dlpl\/wp-json\/wp\/v2\/pages"}],"about":[{"href":"https:\/\/www.cchla.ufpb.br\/dlpl\/wp-json\/wp\/v2\/types\/page"}],"author":[{"embeddable":true,"href":"https:\/\/www.cchla.ufpb.br\/dlpl\/wp-json\/wp\/v2\/users\/142"}],"replies":[{"embeddable":true,"href":"https:\/\/www.cchla.ufpb.br\/dlpl\/wp-json\/wp\/v2\/comments?post=401"}],"version-history":[{"count":7,"href":"https:\/\/www.cchla.ufpb.br\/dlpl\/wp-json\/wp\/v2\/pages\/401\/revisions"}],"predecessor-version":[{"id":482,"href":"https:\/\/www.cchla.ufpb.br\/dlpl\/wp-json\/wp\/v2\/pages\/401\/revisions\/482"}],"up":[{"embeddable":true,"href":"https:\/\/www.cchla.ufpb.br\/dlpl\/wp-json\/wp\/v2\/pages\/34"}],"wp:attachment":[{"href":"https:\/\/www.cchla.ufpb.br\/dlpl\/wp-json\/wp\/v2\/media?parent=401"}],"curies":[{"name":"wp","href":"https:\/\/api.w.org\/{rel}","templated":true}]}}