{"id":56,"date":"2024-09-11T14:23:46","date_gmt":"2024-09-11T14:23:46","guid":{"rendered":"https:\/\/www.cchla.ufpb.br\/dlpl2\/?page_id=56"},"modified":"2024-11-13T13:28:51","modified_gmt":"2024-11-13T13:28:51","slug":"progressao-funcional-vertical-e-horizontal","status":"publish","type":"page","link":"https:\/\/www.cchla.ufpb.br\/dlpl\/institucional\/area-docente\/progressao-funcional-vertical-e-horizontal\/","title":{"rendered":"Progress\u00e3o Funcional Vertical"},"content":{"rendered":"\n<h2 class=\"wp-block-heading\" style=\"font-size:23px\"><strong>Progress\u00e3o Vertical<\/strong><\/h2>\n\n\n\n<p class=\"has-light-green-cyan-background-color has-background\" style=\"font-size:15px\">\u00c9 a progress\u00e3o que ocorre quando h\u00e1 obten\u00e7\u00e3o de t\u00edtulo de Mestre\/Doutor ou ocorr\u00eancia de mudan\u00e7a de classe, por haver cumprido o interst\u00edcio de dois anos. Exemplo: Adjunto 604 para Associado 701.<\/p>\n\n\n\n<h2 class=\"wp-block-heading\" style=\"font-size:20px\">Base Legal<\/h2>\n\n\n\n<p style=\"font-size:15px\"><a href=\"https:\/\/cchla.ufpb.br\/dlcv\/contents\/documentos\/area-docente\/resolucaoconsepe542006.pdf\">**Resolu\u00e7\u00e3o CONSEPE 54\/2006<\/a>**&nbsp;&#8211; Estabelece o Sistema de Avalia\u00e7\u00e3o das Atividades do Magist\u00e9rio para efeito de Progress\u00e3o Funcional para a classe de Professor Associado e d\u00e1 outras provid\u00eancias.<\/p>\n\n\n\n<p style=\"font-size:15px\"><a href=\"https:\/\/cchla.ufpb.br\/dlcv\/contents\/documentos\/area-docente\/resconsepesep14_2008_alterares542006.pdf\"><strong>Resolu\u00e7\u00e3o CONSEPE 14\/2008<\/strong><\/a>&nbsp;&#8211; Altera alguns itens da Resolu\u00e7\u00e3o CONSEPE 54\/2006<\/p>\n\n\n\n<hr class=\"wp-block-separator has-alpha-channel-opacity\"\/>\n\n\n\n<h2 class=\"wp-block-heading has-very-light-gray-to-cyan-bluish-gray-gradient-background has-background\" style=\"font-size:20px\">Progress\u00e3o funcional vertical por titula\u00e7\u00e3o<\/h2>\n\n\n\n<ul class=\"wp-block-list\">\n<li style=\"font-size:15px\"><em>Checklist<\/em>&nbsp;com a documenta\u00e7\u00e3o necess\u00e1ria para a instru\u00e7\u00e3o dos processos de&nbsp;<strong><a href=\"https:\/\/cchla.ufpb.br\/dlcv\/contents\/documentos\/area-docente\/progressaoportitulacao.pdf\">Progress\u00e3o Funcional Vertical por titula\u00e7\u00e3o<\/a><\/strong><\/li>\n\n\n\n<li style=\"font-size:15px\">Preencher o&nbsp;<strong><a href=\"https:\/\/cchla.ufpb.br\/dlcv\/contents\/documentos\/area-docente\/requerimento-de-aceleracao-promocao-classe-c-1.doc\">requerimento<\/a><\/strong>, junt\u00e1-lo&nbsp;\u00e0 documenta\u00e7\u00e3o contida no checklist acima e encaminhar para a secretaria do DLPL via SIPAC.<\/li>\n<\/ul>\n\n\n\n<h2 class=\"wp-block-heading has-very-light-gray-to-cyan-bluish-gray-gradient-background has-background\" style=\"font-size:20px\">Progress\u00e3o Funcional Vertical por desempenho acad\u00eamico<\/h2>\n\n\n\n<ol class=\"wp-block-list\">\n<li style=\"font-size:15px\">Enviar email \u00e0&nbsp;CPPD, por meio do endere\u00e7o:&nbsp;<strong><a href=\"mailto:cppd@reitoria.ufpb.br\">cppd@reitoria.ufpb.br<\/a><\/strong>&nbsp;e solicitar a declara\u00e7\u00e3o de progress\u00e3o funcional. &#8211; <strong>Docente<\/strong><\/li>\n\n\n\n<li style=\"font-size:15px\">Preencher o\u00a0<strong><a href=\"https:\/\/www.cchla.ufpb.br\/dlpl\/wp-content\/uploads\/sites\/122\/sites\/208\/2024\/11\/reqprogessaofuncionalvertical.doc\" data-type=\"attachment\" data-id=\"422\">requerimento<\/a><\/strong>\u00a0dirigido \u00e0 Chefia Departamental. &#8211; <strong>Docente<\/strong><\/li>\n\n\n\n<li style=\"font-size:15px\">Preencher o\u00a0<strong><a href=\"https:\/\/www.cchla.ufpb.br\/dlpl\/wp-content\/uploads\/sites\/122\/sites\/208\/2024\/11\/requerimento-vertical-para-classe-d-associado-nivel-i-cppd-4.doc\" data-type=\"attachment\" data-id=\"424\">requerimento<\/a><\/strong>\u00a0dirigido \u00e0 CPPD. &#8211; <strong>Docente<\/strong><\/li>\n\n\n\n<li style=\"font-size:15px\">Baixar a declara\u00e7\u00e3o de disciplinas ministradas (Dispon\u00edvel no SIGAA, na aba Ensino &#8211;&gt; Declara\u00e7\u00e3o de disciplinas ministradas); &#8211; <strong>Docente<\/strong><\/li>\n\n\n\n<li style=\"font-size:15px\">Elaborar o\u00a0<strong><a href=\"https:\/\/www.cchla.ufpb.br\/dlpl\/wp-content\/uploads\/sites\/122\/sites\/208\/2024\/11\/relatorioatividadesprogressaofuncionaldlpl.doc\" data-type=\"attachment\" data-id=\"314\">relat\u00f3rio de atividades<\/a><\/strong>\u00a0(modelo padronizado) dos quatro per\u00edodos que comp\u00f5em o\u00a0interst\u00edcio\u00a0de dois anos, acompanhado da documenta\u00e7\u00e3o comprobat\u00f3ria. &#8211; <strong>Docente<\/strong><\/li>\n\n\n\n<li style=\"font-size:15px\">Anexar c\u00f3pia (frente e verso) do diploma de Doutorado; &#8211; <strong>Docente<\/strong><\/li>\n\n\n\n<li style=\"font-size:15px\">Anexar c\u00f3pia do Curr\u00edculo Lattes (assinado na \u00faltima folha); &#8211; <strong>Docente<\/strong><\/li>\n\n\n\n<li style=\"font-size:15px\">Enviar a documenta\u00e7\u00e3o acima para o DLPL via SIPAC. &#8211; <strong>Docente<\/strong><\/li>\n\n\n\n<li style=\"font-size:15px\">Conferir Documenta\u00e7\u00e3o e Encaminhar \u00e0 CPPD. &#8211; <strong>DLPL<\/strong><\/li>\n<\/ol>\n","protected":false},"excerpt":{"rendered":"<p>Progress\u00e3o Vertical \u00c9 a progress\u00e3o que ocorre quando h\u00e1 obten\u00e7\u00e3o de t\u00edtulo de Mestre\/Doutor ou ocorr\u00eancia de mudan\u00e7a de classe, por haver cumprido o interst\u00edcio de dois anos. Exemplo: Adjunto 604 para Associado 701. Base Legal **Resolu\u00e7\u00e3o CONSEPE 54\/2006**&nbsp;&#8211; Estabelece o Sistema de Avalia\u00e7\u00e3o das Atividades do Magist\u00e9rio para efeito de Progress\u00e3o Funcional para a [&hellip;]<\/p>\n","protected":false},"author":47,"featured_media":0,"parent":34,"menu_order":0,"comment_status":"closed","ping_status":"closed","template":"","meta":{"footnotes":""},"class_list":["post-56","page","type-page","status-publish","hentry"],"_links":{"self":[{"href":"https:\/\/www.cchla.ufpb.br\/dlpl\/wp-json\/wp\/v2\/pages\/56","targetHints":{"allow":["GET"]}}],"collection":[{"href":"https:\/\/www.cchla.ufpb.br\/dlpl\/wp-json\/wp\/v2\/pages"}],"about":[{"href":"https:\/\/www.cchla.ufpb.br\/dlpl\/wp-json\/wp\/v2\/types\/page"}],"author":[{"embeddable":true,"href":"https:\/\/www.cchla.ufpb.br\/dlpl\/wp-json\/wp\/v2\/users\/47"}],"replies":[{"embeddable":true,"href":"https:\/\/www.cchla.ufpb.br\/dlpl\/wp-json\/wp\/v2\/comments?post=56"}],"version-history":[{"count":27,"href":"https:\/\/www.cchla.ufpb.br\/dlpl\/wp-json\/wp\/v2\/pages\/56\/revisions"}],"predecessor-version":[{"id":483,"href":"https:\/\/www.cchla.ufpb.br\/dlpl\/wp-json\/wp\/v2\/pages\/56\/revisions\/483"}],"up":[{"embeddable":true,"href":"https:\/\/www.cchla.ufpb.br\/dlpl\/wp-json\/wp\/v2\/pages\/34"}],"wp:attachment":[{"href":"https:\/\/www.cchla.ufpb.br\/dlpl\/wp-json\/wp\/v2\/media?parent=56"}],"curies":[{"name":"wp","href":"https:\/\/api.w.org\/{rel}","templated":true}]}}