{"id":26,"date":"2025-08-30T08:38:09","date_gmt":"2025-08-30T11:38:09","guid":{"rendered":"https:\/\/www.cchla.ufpb.br\/dpsicologia\/?page_id=26"},"modified":"2025-09-11T21:17:27","modified_gmt":"2025-09-12T00:17:27","slug":"documentos-institucionais","status":"publish","type":"page","link":"https:\/\/www.cchla.ufpb.br\/dpsicologia\/documentos-institucionais\/","title":{"rendered":"Documentos Institucionais"},"content":{"rendered":"\n<div class=\"wp-block-file\"><a id=\"wp-block-file--media-98deb7f8-859e-4812-9f4d-7136d345e145\" href=\"http:\/\/www.cchla.ufpb.br\/dpsicologia\/wp-content\/uploads\/sites\/122\/sites\/361\/2025\/08\/REGIMENTO-DEPARTAMENTO.pdf\"><strong>Regimento Interno do Departamento de Psicologia<\/strong><\/a><a href=\"http:\/\/www.cchla.ufpb.br\/dpsicologia\/wp-content\/uploads\/sites\/122\/sites\/361\/2025\/08\/REGIMENTO-DEPARTAMENTO.pdf\" class=\"wp-block-file__button wp-element-button\" download aria-describedby=\"wp-block-file--media-98deb7f8-859e-4812-9f4d-7136d345e145\">Baixar<\/a><\/div>\n\n\n\n<div class=\"wp-block-file\"><a id=\"wp-block-file--media-10602679-e7fc-4eb4-ab95-e1eaca7de8aa\" href=\"http:\/\/www.cchla.ufpb.br\/dpsicologia\/wp-content\/uploads\/sites\/122\/sites\/361\/2025\/08\/RESOLUCAO-ENCARGOS.pdf\"><strong>Resolu\u00e7\u00e3o DP 01\/2018 &#8211; Distribui\u00e7\u00e3o de Encargos<\/strong><\/a><a href=\"http:\/\/www.cchla.ufpb.br\/dpsicologia\/wp-content\/uploads\/sites\/122\/sites\/361\/2025\/08\/RESOLUCAO-ENCARGOS.pdf\" class=\"wp-block-file__button wp-element-button\" download aria-describedby=\"wp-block-file--media-10602679-e7fc-4eb4-ab95-e1eaca7de8aa\">Baixar<\/a><\/div>\n\n\n\n<div class=\"wp-block-file\"><a id=\"wp-block-file--media-ccc8eb32-3690-4dc5-8dc9-dd0acb4b609e\" href=\"https:\/\/www.cchla.ufpb.br\/dpsicologia\/wp-content\/uploads\/sites\/122\/sites\/361\/2025\/08\/RESOLUCAO-AFASTAMENTO-DEPARTAMENTO.pdf\"><strong>Resolu\u00e7\u00e3o DP 02\/2018 &#8211; Afastamento Docente<\/strong><\/a><a href=\"https:\/\/www.cchla.ufpb.br\/dpsicologia\/wp-content\/uploads\/sites\/122\/sites\/361\/2025\/08\/RESOLUCAO-AFASTAMENTO-DEPARTAMENTO.pdf\" class=\"wp-block-file__button wp-element-button\" download aria-describedby=\"wp-block-file--media-ccc8eb32-3690-4dc5-8dc9-dd0acb4b609e\">Baixar<\/a><\/div>\n\n\n\n<div class=\"wp-block-file\"><a id=\"wp-block-file--media-75be75c6-1422-4e5e-8f52-78c21a693382\" href=\"http:\/\/www.cchla.ufpb.br\/dpsicologia\/wp-content\/uploads\/sites\/122\/sites\/361\/2025\/08\/RESOLUCAO-CONCURSOS.pdf\"><strong>Resolu\u00e7\u00e3o DP 03\/2018 &#8211; Realiza\u00e7\u00e3o de Concursos<\/strong><\/a><a href=\"http:\/\/www.cchla.ufpb.br\/dpsicologia\/wp-content\/uploads\/sites\/122\/sites\/361\/2025\/08\/RESOLUCAO-CONCURSOS.pdf\" class=\"wp-block-file__button wp-element-button\" download aria-describedby=\"wp-block-file--media-75be75c6-1422-4e5e-8f52-78c21a693382\">Baixar<\/a><\/div>\n\n\n\n<div class=\"wp-block-file\"><a id=\"wp-block-file--media-e543aac1-13b3-401b-82a0-5ef20a6abfcf\" href=\"http:\/\/www.cchla.ufpb.br\/dpsicologia\/wp-content\/uploads\/sites\/122\/sites\/361\/2025\/08\/Checklist-para-afastamentos.pdf\">Checklist para afastamentos<\/a><a href=\"http:\/\/www.cchla.ufpb.br\/dpsicologia\/wp-content\/uploads\/sites\/122\/sites\/361\/2025\/08\/Checklist-para-afastamentos.pdf\" class=\"wp-block-file__button wp-element-button\" download aria-describedby=\"wp-block-file--media-e543aac1-13b3-401b-82a0-5ef20a6abfcf\">Baixar<\/a><\/div>\n\n\n\n<div class=\"wp-block-file\"><a id=\"wp-block-file--media-05c945f0-023e-45f0-9c55-949e7ea35b31\" href=\"http:\/\/www.cchla.ufpb.br\/dpsicologia\/wp-content\/uploads\/sites\/122\/sites\/361\/2025\/08\/Edital-Eleicao-2023.pdf\"><strong>Edital das elei\u00e7\u00f5es no Departamento de Psicologia (bi\u00eanio 2023-2025)<\/strong><\/a><a href=\"http:\/\/www.cchla.ufpb.br\/dpsicologia\/wp-content\/uploads\/sites\/122\/sites\/361\/2025\/08\/Edital-Eleicao-2023.pdf\" class=\"wp-block-file__button wp-element-button\" download aria-describedby=\"wp-block-file--media-05c945f0-023e-45f0-9c55-949e7ea35b31\">Baixar<\/a><\/div>\n\n\n\n<p><\/p>\n","protected":false},"excerpt":{"rendered":"","protected":false},"author":47,"featured_media":0,"parent":0,"menu_order":0,"comment_status":"closed","ping_status":"closed","template":"","meta":{"footnotes":""},"class_list":["post-26","page","type-page","status-publish","hentry"],"_links":{"self":[{"href":"https:\/\/www.cchla.ufpb.br\/dpsicologia\/wp-json\/wp\/v2\/pages\/26","targetHints":{"allow":["GET"]}}],"collection":[{"href":"https:\/\/www.cchla.ufpb.br\/dpsicologia\/wp-json\/wp\/v2\/pages"}],"about":[{"href":"https:\/\/www.cchla.ufpb.br\/dpsicologia\/wp-json\/wp\/v2\/types\/page"}],"author":[{"embeddable":true,"href":"https:\/\/www.cchla.ufpb.br\/dpsicologia\/wp-json\/wp\/v2\/users\/47"}],"replies":[{"embeddable":true,"href":"https:\/\/www.cchla.ufpb.br\/dpsicologia\/wp-json\/wp\/v2\/comments?post=26"}],"version-history":[{"count":8,"href":"https:\/\/www.cchla.ufpb.br\/dpsicologia\/wp-json\/wp\/v2\/pages\/26\/revisions"}],"predecessor-version":[{"id":229,"href":"https:\/\/www.cchla.ufpb.br\/dpsicologia\/wp-json\/wp\/v2\/pages\/26\/revisions\/229"}],"wp:attachment":[{"href":"https:\/\/www.cchla.ufpb.br\/dpsicologia\/wp-json\/wp\/v2\/media?parent=26"}],"curies":[{"name":"wp","href":"https:\/\/api.w.org\/{rel}","templated":true}]}}