{"id":148,"date":"2024-04-12T19:01:19","date_gmt":"2024-04-12T19:01:19","guid":{"rendered":"https:\/\/www.cchla.ufpb.br\/encult\/?page_id=148"},"modified":"2024-05-27T11:41:05","modified_gmt":"2024-05-27T14:41:05","slug":"noticias","status":"publish","type":"page","link":"https:\/\/www.cchla.ufpb.br\/encult\/noticias\/","title":{"rendered":"not\u00edcias"},"content":{"rendered":"\n<p>Presen\u00e7as confirmadas!<\/p>\n\n\n\n<figure class=\"wp-block-gallery has-nested-images columns-default is-cropped wp-block-gallery-1 is-layout-flex wp-block-gallery-is-layout-flex\">\n<figure class=\"wp-block-image size-large is-style-default\"><img loading=\"lazy\" decoding=\"async\" width=\"1024\" height=\"768\" data-id=\"210\" src=\"https:\/\/www.cchla.ufpb.br\/encult\/wp-content\/uploads\/sites\/122\/sites\/159\/2024\/05\/Imagem-do-WhatsApp-de-2024-05-26-as-15.49.50_4b2d7367.jpg\" alt=\"\" class=\"wp-image-210\" srcset=\"https:\/\/www.cchla.ufpb.br\/encult\/wp-content\/uploads\/sites\/122\/sites\/159\/2024\/05\/Imagem-do-WhatsApp-de-2024-05-26-as-15.49.50_4b2d7367.jpg 1024w, https:\/\/www.cchla.ufpb.br\/encult\/wp-content\/uploads\/sites\/122\/sites\/159\/2024\/05\/Imagem-do-WhatsApp-de-2024-05-26-as-15.49.50_4b2d7367-300x225.jpg 300w, https:\/\/www.cchla.ufpb.br\/encult\/wp-content\/uploads\/sites\/122\/sites\/159\/2024\/05\/Imagem-do-WhatsApp-de-2024-05-26-as-15.49.50_4b2d7367-768x576.jpg 768w\" sizes=\"auto, (max-width: 1024px) 100vw, 1024px\" \/><figcaption class=\"wp-element-caption\">Poeta, tradutora e professora de literaturas italiana e comparada na UFJF<\/figcaption><\/figure>\n\n\n\n<figure class=\"wp-block-image size-large\"><img loading=\"lazy\" decoding=\"async\" width=\"1024\" height=\"768\" data-id=\"211\" src=\"https:\/\/www.cchla.ufpb.br\/encult\/wp-content\/uploads\/sites\/122\/sites\/159\/2024\/05\/Imagem-do-WhatsApp-de-2024-05-26-as-15.49.51_f7a8a92e.jpg\" alt=\"\" class=\"wp-image-211\" srcset=\"https:\/\/www.cchla.ufpb.br\/encult\/wp-content\/uploads\/sites\/122\/sites\/159\/2024\/05\/Imagem-do-WhatsApp-de-2024-05-26-as-15.49.51_f7a8a92e.jpg 1024w, https:\/\/www.cchla.ufpb.br\/encult\/wp-content\/uploads\/sites\/122\/sites\/159\/2024\/05\/Imagem-do-WhatsApp-de-2024-05-26-as-15.49.51_f7a8a92e-300x225.jpg 300w, https:\/\/www.cchla.ufpb.br\/encult\/wp-content\/uploads\/sites\/122\/sites\/159\/2024\/05\/Imagem-do-WhatsApp-de-2024-05-26-as-15.49.51_f7a8a92e-768x576.jpg 768w\" sizes=\"auto, (max-width: 1024px) 100vw, 1024px\" \/><figcaption class=\"wp-element-caption\">Diretora do Curso de Especializa\u00e7\u00e3o em Tradu\u00e7\u00e3o Liter\u00e1ria (PUC-Chile)<\/figcaption><\/figure>\n\n\n\n<figure class=\"wp-block-image size-large\"><img loading=\"lazy\" decoding=\"async\" width=\"1024\" height=\"768\" data-id=\"212\" src=\"https:\/\/www.cchla.ufpb.br\/encult\/wp-content\/uploads\/sites\/122\/sites\/159\/2024\/05\/Imagem-do-WhatsApp-de-2024-05-26-as-15.49.50_ca0273d6.jpg\" alt=\"\" class=\"wp-image-212\" srcset=\"https:\/\/www.cchla.ufpb.br\/encult\/wp-content\/uploads\/sites\/122\/sites\/159\/2024\/05\/Imagem-do-WhatsApp-de-2024-05-26-as-15.49.50_ca0273d6.jpg 1024w, https:\/\/www.cchla.ufpb.br\/encult\/wp-content\/uploads\/sites\/122\/sites\/159\/2024\/05\/Imagem-do-WhatsApp-de-2024-05-26-as-15.49.50_ca0273d6-300x225.jpg 300w, https:\/\/www.cchla.ufpb.br\/encult\/wp-content\/uploads\/sites\/122\/sites\/159\/2024\/05\/Imagem-do-WhatsApp-de-2024-05-26-as-15.49.50_ca0273d6-768x576.jpg 768w\" sizes=\"auto, (max-width: 1024px) 100vw, 1024px\" \/><figcaption class=\"wp-element-caption\">Escritor, tradutor e professor da Universidade Federal do Paran\u00e1<\/figcaption><\/figure>\n\n\n\n<figure class=\"wp-block-image size-large\"><img loading=\"lazy\" decoding=\"async\" width=\"1024\" height=\"768\" data-id=\"213\" src=\"https:\/\/www.cchla.ufpb.br\/encult\/wp-content\/uploads\/sites\/122\/sites\/159\/2024\/05\/Imagem-do-WhatsApp-de-2024-05-26-as-15.49.51_400f577d.jpg\" alt=\"\" class=\"wp-image-213\" srcset=\"https:\/\/www.cchla.ufpb.br\/encult\/wp-content\/uploads\/sites\/122\/sites\/159\/2024\/05\/Imagem-do-WhatsApp-de-2024-05-26-as-15.49.51_400f577d.jpg 1024w, https:\/\/www.cchla.ufpb.br\/encult\/wp-content\/uploads\/sites\/122\/sites\/159\/2024\/05\/Imagem-do-WhatsApp-de-2024-05-26-as-15.49.51_400f577d-300x225.jpg 300w, https:\/\/www.cchla.ufpb.br\/encult\/wp-content\/uploads\/sites\/122\/sites\/159\/2024\/05\/Imagem-do-WhatsApp-de-2024-05-26-as-15.49.51_400f577d-768x576.jpg 768w\" sizes=\"auto, (max-width: 1024px) 100vw, 1024px\" \/><figcaption class=\"wp-element-caption\">Tradutor, poeta e professor de literatura brasileira da UERJ<\/figcaption><\/figure>\n\n\n\n<figure class=\"wp-block-image size-large\"><img loading=\"lazy\" decoding=\"async\" width=\"1024\" height=\"768\" data-id=\"214\" src=\"https:\/\/www.cchla.ufpb.br\/encult\/wp-content\/uploads\/sites\/122\/sites\/159\/2024\/05\/Imagem-do-WhatsApp-de-2024-05-26-as-15.49.51_bf03ad2b.jpg\" alt=\"\" class=\"wp-image-214\" srcset=\"https:\/\/www.cchla.ufpb.br\/encult\/wp-content\/uploads\/sites\/122\/sites\/159\/2024\/05\/Imagem-do-WhatsApp-de-2024-05-26-as-15.49.51_bf03ad2b.jpg 1024w, https:\/\/www.cchla.ufpb.br\/encult\/wp-content\/uploads\/sites\/122\/sites\/159\/2024\/05\/Imagem-do-WhatsApp-de-2024-05-26-as-15.49.51_bf03ad2b-300x225.jpg 300w, https:\/\/www.cchla.ufpb.br\/encult\/wp-content\/uploads\/sites\/122\/sites\/159\/2024\/05\/Imagem-do-WhatsApp-de-2024-05-26-as-15.49.51_bf03ad2b-768x576.jpg 768w\" sizes=\"auto, (max-width: 1024px) 100vw, 1024px\" \/><figcaption class=\"wp-element-caption\">Professor de l\u00edngua tupi, participante ativo do movimento ind\u00edgena<\/figcaption><\/figure>\n\n\n\n<figure class=\"wp-block-image size-large\"><img loading=\"lazy\" decoding=\"async\" width=\"1024\" height=\"768\" data-id=\"215\" src=\"https:\/\/www.cchla.ufpb.br\/encult\/wp-content\/uploads\/sites\/122\/sites\/159\/2024\/05\/Imagem-do-WhatsApp-de-2024-05-26-as-18.55.29_df2c8779.jpg\" alt=\"\" class=\"wp-image-215\" srcset=\"https:\/\/www.cchla.ufpb.br\/encult\/wp-content\/uploads\/sites\/122\/sites\/159\/2024\/05\/Imagem-do-WhatsApp-de-2024-05-26-as-18.55.29_df2c8779.jpg 1024w, https:\/\/www.cchla.ufpb.br\/encult\/wp-content\/uploads\/sites\/122\/sites\/159\/2024\/05\/Imagem-do-WhatsApp-de-2024-05-26-as-18.55.29_df2c8779-300x225.jpg 300w, https:\/\/www.cchla.ufpb.br\/encult\/wp-content\/uploads\/sites\/122\/sites\/159\/2024\/05\/Imagem-do-WhatsApp-de-2024-05-26-as-18.55.29_df2c8779-768x576.jpg 768w\" sizes=\"auto, (max-width: 1024px) 100vw, 1024px\" \/><figcaption class=\"wp-element-caption\">Professora adjunta da Universidade Federal da Bahia e Presidente da ABRAPT<\/figcaption><\/figure>\n<\/figure>\n","protected":false},"excerpt":{"rendered":"<p>Presen\u00e7as confirmadas!<\/p>\n","protected":false},"author":47,"featured_media":0,"parent":0,"menu_order":0,"comment_status":"closed","ping_status":"closed","template":"","meta":{"footnotes":""},"class_list":["post-148","page","type-page","status-publish","hentry"],"_links":{"self":[{"href":"https:\/\/www.cchla.ufpb.br\/encult\/wp-json\/wp\/v2\/pages\/148","targetHints":{"allow":["GET"]}}],"collection":[{"href":"https:\/\/www.cchla.ufpb.br\/encult\/wp-json\/wp\/v2\/pages"}],"about":[{"href":"https:\/\/www.cchla.ufpb.br\/encult\/wp-json\/wp\/v2\/types\/page"}],"author":[{"embeddable":true,"href":"https:\/\/www.cchla.ufpb.br\/encult\/wp-json\/wp\/v2\/users\/47"}],"replies":[{"embeddable":true,"href":"https:\/\/www.cchla.ufpb.br\/encult\/wp-json\/wp\/v2\/comments?post=148"}],"version-history":[{"count":2,"href":"https:\/\/www.cchla.ufpb.br\/encult\/wp-json\/wp\/v2\/pages\/148\/revisions"}],"predecessor-version":[{"id":217,"href":"https:\/\/www.cchla.ufpb.br\/encult\/wp-json\/wp\/v2\/pages\/148\/revisions\/217"}],"wp:attachment":[{"href":"https:\/\/www.cchla.ufpb.br\/encult\/wp-json\/wp\/v2\/media?parent=148"}],"curies":[{"name":"wp","href":"https:\/\/api.w.org\/{rel}","templated":true}]}}