{"id":28,"date":"2024-03-21T23:32:29","date_gmt":"2024-03-21T23:32:29","guid":{"rendered":"https:\/\/www.cchla.ufpb.br\/encult\/?page_id=28"},"modified":"2024-12-02T14:25:00","modified_gmt":"2024-12-02T17:25:00","slug":"submissao-de-trabalhos","status":"publish","type":"page","link":"https:\/\/www.cchla.ufpb.br\/encult\/o-vi-encult\/submissao-de-trabalhos\/","title":{"rendered":"Submiss\u00e3o de Trabalhos"},"content":{"rendered":"\n<p>(Atualizado em 18 de junho de 2024)<\/p>\n\n\n\n<ol class=\"wp-block-list\">\n<li>O per\u00edodo para a submiss\u00e3o de trabalhos vinculados aos eixos tem\u00e1ticos \u00e9 de <strong>06 de maio a 14 de julho de 2024.<\/strong><\/li>\n\n\n\n<li><span style=\", sans-serif\">As propostas de trabalho dever\u00e3o ser enviadas por <\/span><em style=\", sans-serif\">google form<\/em><span style=\", sans-serif\">.<\/span><\/li>\n\n\n\n<li><span style=\", sans-serif\">Cada participante poder\u00e1 inscrever, no m\u00e1ximo, dois (02) trabalhos (seja como autor, seja como coautor).<\/span><\/li>\n\n\n\n<li><span style=\", sans-serif\">Cada trabalho poder\u00e1 ter, no m\u00e1ximo, tr\u00eas (03) autores.<\/span><\/li>\n\n\n\n<li><span style=\", sans-serif\"><strong>Alunos de cursos de mestrado e doutorado<\/strong> poder\u00e3o apresentar trabalhos nos eixos tem\u00e1ticos no formato de COMUNICA\u00c7\u00c3O ORAL.<\/span><\/li>\n\n\n\n<li><span style=\", sans-serif\"><strong>Mestres e Doutores<\/strong> poder\u00e3o apresentar trabalhos nos eixos tem\u00e1ticos no formato de COMUNICA\u00c7\u00c3O ORAL.<\/span><\/li>\n\n\n\n<li><strong>Alunos de gradua\u00e7\u00e3o<\/strong> poder\u00e3o apresentar trabalhos nos eixos tem\u00e1ticos no formato de P\u00d4STER, caso se apresentem sozinhos sem a presen\u00e7a do professor orientador.<\/li>\n\n\n\n<li><strong>Alunos de gradua\u00e7\u00e3o<\/strong> poder\u00e3o escolher a modalidade COMUNICA\u00c7\u00c3O ORAL, caso se apresentem em parceria com o professor orientador. Nesse caso, o professor orientador dever\u00e1 estar presente durante a apresenta\u00e7\u00e3o, compartilhando a mesma com o aluno.<\/li>\n\n\n\n<li>A Comiss\u00e3o Organizadora analisar\u00e1 as propostas recebidas e enviar\u00e1 a carta de aceite aos comunicadores at\u00e9 o dia<strong> 21 de agosto de 2024<\/strong>.<\/li>\n\n\n\n<li>Os eixos tem\u00e1ticos que n\u00e3o receberem o n\u00famero m\u00ednimo de tr\u00eas (03) inscri\u00e7\u00f5es at\u00e9 a data prevista no cronograma ser\u00e3o cancelados, e os resumos submetidos ser\u00e3o realocados de acordo com crit\u00e9rios da Comiss\u00e3o Organizadora em outros eixos que apresentem tem\u00e1tica similar.<\/li>\n\n\n\n<li>A rela\u00e7\u00e3o final dos trabalhos de cada eixo tem\u00e1tico ser\u00e1 divulgada na p\u00e1gina oficial do evento (<a href=\"http:\/\/www.cchla.ufpb.br\/encult\/\">www.cchla.ufpb.br\/encult\/<\/a>) at\u00e9 o dia <strong>30 de setembro de 2024.<\/strong><\/li>\n<\/ol>\n\n\n\n<div class=\"wp-block-media-text is-stacked-on-mobile\"><figure class=\"wp-block-media-text__media\"><img loading=\"lazy\" decoding=\"async\" width=\"1024\" height=\"735\" src=\"https:\/\/www.cchla.ufpb.br\/encult\/wp-content\/uploads\/sites\/122\/sites\/159\/2024\/08\/Submissao-de-trabalhos-1024x735.png\" alt=\"\" class=\"wp-image-270 size-medium\" srcset=\"https:\/\/www.cchla.ufpb.br\/encult\/wp-content\/uploads\/sites\/122\/sites\/159\/2024\/08\/Submissao-de-trabalhos-1024x735.png 1024w, https:\/\/www.cchla.ufpb.br\/encult\/wp-content\/uploads\/sites\/122\/sites\/159\/2024\/08\/Submissao-de-trabalhos-300x215.png 300w, https:\/\/www.cchla.ufpb.br\/encult\/wp-content\/uploads\/sites\/122\/sites\/159\/2024\/08\/Submissao-de-trabalhos-768x551.png 768w, https:\/\/www.cchla.ufpb.br\/encult\/wp-content\/uploads\/sites\/122\/sites\/159\/2024\/08\/Submissao-de-trabalhos.png 1123w\" sizes=\"auto, (max-width: 1024px) 100vw, 1024px\" \/><\/figure><div class=\"wp-block-media-text__content\">\n<p>Clique <strong><a href=\"https:\/\/forms.gle\/BeWuJpaRcpR62tabA\">AQUI<\/a><\/strong> para acessar o formul\u00e1rio e enviar sua proposta de Comunica\u00e7\u00e3o Oral ou P\u00f4ster.<\/p>\n<\/div><\/div>\n","protected":false},"excerpt":{"rendered":"<p>(Atualizado em 18 de junho de 2024) Clique AQUI para acessar o formul\u00e1rio e enviar sua proposta de Comunica\u00e7\u00e3o Oral ou P\u00f4ster.<\/p>\n","protected":false},"author":47,"featured_media":289,"parent":25,"menu_order":0,"comment_status":"closed","ping_status":"closed","template":"","meta":{"footnotes":""},"class_list":["post-28","page","type-page","status-publish","has-post-thumbnail","hentry"],"_links":{"self":[{"href":"https:\/\/www.cchla.ufpb.br\/encult\/wp-json\/wp\/v2\/pages\/28","targetHints":{"allow":["GET"]}}],"collection":[{"href":"https:\/\/www.cchla.ufpb.br\/encult\/wp-json\/wp\/v2\/pages"}],"about":[{"href":"https:\/\/www.cchla.ufpb.br\/encult\/wp-json\/wp\/v2\/types\/page"}],"author":[{"embeddable":true,"href":"https:\/\/www.cchla.ufpb.br\/encult\/wp-json\/wp\/v2\/users\/47"}],"replies":[{"embeddable":true,"href":"https:\/\/www.cchla.ufpb.br\/encult\/wp-json\/wp\/v2\/comments?post=28"}],"version-history":[{"count":10,"href":"https:\/\/www.cchla.ufpb.br\/encult\/wp-json\/wp\/v2\/pages\/28\/revisions"}],"predecessor-version":[{"id":291,"href":"https:\/\/www.cchla.ufpb.br\/encult\/wp-json\/wp\/v2\/pages\/28\/revisions\/291"}],"up":[{"embeddable":true,"href":"https:\/\/www.cchla.ufpb.br\/encult\/wp-json\/wp\/v2\/pages\/25"}],"wp:featuredmedia":[{"embeddable":true,"href":"https:\/\/www.cchla.ufpb.br\/encult\/wp-json\/wp\/v2\/media\/289"}],"wp:attachment":[{"href":"https:\/\/www.cchla.ufpb.br\/encult\/wp-json\/wp\/v2\/media?parent=28"}],"curies":[{"name":"wp","href":"https:\/\/api.w.org\/{rel}","templated":true}]}}