{"id":29,"date":"2024-03-21T23:32:29","date_gmt":"2024-03-21T23:32:29","guid":{"rendered":"https:\/\/www.cchla.ufpb.br\/encult\/?page_id=29"},"modified":"2024-12-02T14:24:46","modified_gmt":"2024-12-02T17:24:46","slug":"programacao","status":"publish","type":"page","link":"https:\/\/www.cchla.ufpb.br\/encult\/o-vi-encult\/programacao\/","title":{"rendered":"Programa\u00e7\u00e3o VI EnCult"},"content":{"rendered":"\n<p><strong><mark style=\"background-color:#fcb900\" class=\"has-inline-color\">PROGRAMA\u00c7\u00c3O GERAL<\/mark><\/strong> (atualizada em 03\/10\/2024)<\/p>\n\n\n\n<div data-wp-interactive=\"core\/file\" class=\"wp-block-file\"><object data-wp-bind--hidden=\"!state.hasPdfPreview\" hidden class=\"wp-block-file__embed\" data=\"https:\/\/www.cchla.ufpb.br\/encult\/wp-content\/uploads\/sites\/122\/sites\/159\/2024\/10\/ENCULT-PROGRAMACAO-AJUSTES-21.pdf\" type=\"application\/pdf\" style=\"width:100%;height:600px\" aria-label=\"Incorporado de ENCULT - PROGRAMAC\u0327A\u0303O - AJUSTES - 2[1].\"><\/object><a id=\"wp-block-file--media-9e9731d9-58fc-4bd9-96b1-8eb3b63eddea\" href=\"https:\/\/www.cchla.ufpb.br\/encult\/wp-content\/uploads\/sites\/122\/sites\/159\/2024\/10\/ENCULT-PROGRAMACAO-AJUSTES-21.pdf\">ENCULT &#8211; PROGRAMAC\u0327A\u0303O &#8211; AJUSTES &#8211; 2[1]<\/a><a href=\"https:\/\/www.cchla.ufpb.br\/encult\/wp-content\/uploads\/sites\/122\/sites\/159\/2024\/10\/ENCULT-PROGRAMACAO-AJUSTES-21.pdf\" class=\"wp-block-file__button wp-element-button\" download aria-describedby=\"wp-block-file--media-9e9731d9-58fc-4bd9-96b1-8eb3b63eddea\">Baixar<\/a><\/div>\n\n\n\n<p><strong><mark style=\"background-color:#fcb900\" class=\"has-inline-color\">PROGRAMA\u00c7\u00c3O DI\u00c1RIAS DAS COMUNICA\u00c7\u00d5ES ORAIS<\/mark><\/strong> (atualizada em 09\/10\/2024)<\/p>\n\n\n\n<div data-wp-interactive=\"core\/file\" class=\"wp-block-file\"><object data-wp-bind--hidden=\"!state.hasPdfPreview\" hidden class=\"wp-block-file__embed\" data=\"https:\/\/www.cchla.ufpb.br\/encult\/wp-content\/uploads\/sites\/122\/sites\/159\/2024\/10\/PROGRAMACAO-EnCult-Comunicacoes-Orais.pdf\" type=\"application\/pdf\" style=\"width:100%;height:600px\" aria-label=\"Incorporado de PROGRAMACAO EnCult - Comunicacoes Orais.\"><\/object><a id=\"wp-block-file--media-33e4721a-6a9c-4b84-9fe8-e8582deaf35f\" href=\"https:\/\/www.cchla.ufpb.br\/encult\/wp-content\/uploads\/sites\/122\/sites\/159\/2024\/10\/PROGRAMACAO-EnCult-Comunicacoes-Orais.pdf\">PROGRAMACAO EnCult &#8211; Comunicacoes Orais<\/a><a href=\"https:\/\/www.cchla.ufpb.br\/encult\/wp-content\/uploads\/sites\/122\/sites\/159\/2024\/10\/PROGRAMACAO-EnCult-Comunicacoes-Orais.pdf\" class=\"wp-block-file__button wp-element-button\" download aria-describedby=\"wp-block-file--media-33e4721a-6a9c-4b84-9fe8-e8582deaf35f\">Baixar<\/a><\/div>\n","protected":false},"excerpt":{"rendered":"<p>PROGRAMA\u00c7\u00c3O GERAL (atualizada em 03\/10\/2024) PROGRAMA\u00c7\u00c3O DI\u00c1RIAS DAS COMUNICA\u00c7\u00d5ES ORAIS (atualizada em 09\/10\/2024)<\/p>\n","protected":false},"author":47,"featured_media":0,"parent":25,"menu_order":0,"comment_status":"closed","ping_status":"closed","template":"","meta":{"footnotes":""},"class_list":["post-29","page","type-page","status-publish","hentry"],"_links":{"self":[{"href":"https:\/\/www.cchla.ufpb.br\/encult\/wp-json\/wp\/v2\/pages\/29","targetHints":{"allow":["GET"]}}],"collection":[{"href":"https:\/\/www.cchla.ufpb.br\/encult\/wp-json\/wp\/v2\/pages"}],"about":[{"href":"https:\/\/www.cchla.ufpb.br\/encult\/wp-json\/wp\/v2\/types\/page"}],"author":[{"embeddable":true,"href":"https:\/\/www.cchla.ufpb.br\/encult\/wp-json\/wp\/v2\/users\/47"}],"replies":[{"embeddable":true,"href":"https:\/\/www.cchla.ufpb.br\/encult\/wp-json\/wp\/v2\/comments?post=29"}],"version-history":[{"count":15,"href":"https:\/\/www.cchla.ufpb.br\/encult\/wp-json\/wp\/v2\/pages\/29\/revisions"}],"predecessor-version":[{"id":410,"href":"https:\/\/www.cchla.ufpb.br\/encult\/wp-json\/wp\/v2\/pages\/29\/revisions\/410"}],"up":[{"embeddable":true,"href":"https:\/\/www.cchla.ufpb.br\/encult\/wp-json\/wp\/v2\/pages\/25"}],"wp:attachment":[{"href":"https:\/\/www.cchla.ufpb.br\/encult\/wp-json\/wp\/v2\/media?parent=29"}],"curies":[{"name":"wp","href":"https:\/\/api.w.org\/{rel}","templated":true}]}}