{"id":30,"date":"2024-03-21T23:32:29","date_gmt":"2024-03-21T23:32:29","guid":{"rendered":"https:\/\/www.cchla.ufpb.br\/encult\/?page_id=30"},"modified":"2024-12-02T14:24:33","modified_gmt":"2024-12-02T17:24:33","slug":"inscricao-e-pagamento","status":"publish","type":"page","link":"https:\/\/www.cchla.ufpb.br\/encult\/o-vi-encult\/inscricao-e-pagamento\/","title":{"rendered":"Inscri\u00e7\u00e3o e pagamento"},"content":{"rendered":"\n<p>Os comunicadores dever\u00e3o realizar o pagamento da inscri\u00e7\u00e3o somente ap\u00f3s a aprova\u00e7\u00e3o do trabalho no eixo tem\u00e1tico. <strong>O per\u00edodo para inscri\u00e7\u00e3o (com apresenta\u00e7\u00e3o de comunica\u00e7\u00e3o ou p\u00f4ster) e pagamento vai de 23 de agosto a 16 de setembro de 2024.<\/strong><\/p>\n\n\n\n<p><strong>VALORES PARA INSCRI\u00c7\u00c3O<\/strong>:<\/p>\n\n\n\n<p>Professores\/Pesquisadores (com apresenta\u00e7\u00e3o de trabalho): R$ 200,00<br>Estudantes de p\u00f3s-gradua\u00e7\u00e3o (com apresenta\u00e7\u00e3o de trabalho): R$ 50,00*<br>Estudantes de gradua\u00e7\u00e3o (com apresenta\u00e7\u00e3o de trabalho): <strong><em>isentos<\/em><\/strong><br>Estudantes de gradua\u00e7\u00e3o (sem apresenta\u00e7\u00e3o de trabalho): R$ 15,00*<br>Ouvintes (com emiss\u00e3o de certificado): R$ 50,00<br>Ouvintes (sem emiss\u00e3o de certificado): <strong><em>isentos<\/em><\/strong><\/p>\n\n\n\n<p>&nbsp;*Estudantes dos cursos de gradua\u00e7\u00e3o e de p\u00f3s-gradua\u00e7\u00e3o da UFPB estar\u00e3o isentos do pagamento da taxa de inscri\u00e7\u00e3o.<\/p>\n\n\n\n<p><strong>ORIENTA\u00c7\u00d5ES PARA INSCRI\u00c7\u00c3O<\/strong>:<\/p>\n\n\n\n<p>Se voc\u00ea j\u00e1\u00a0<strong>recebeu sua carta de aceite<\/strong>, voc\u00ea j\u00e1 pode fazer sua\u00a0<strong>inscri\u00e7\u00e3o<\/strong>. Para faz\u00ea-la, voc\u00ea deve:<br><br>1. Verificar o valor a ser depositado ou transferido via PIX na se\u00e7\u00e3o \u201cvalores e pagamentos\u201d no site do\u00a0<strong>EnCult<\/strong>\u00a0(<a href=\"https:\/\/www.cchla.ufpb.br\/encult\/inscricao-e-pagamento\/\">https:\/\/www.cchla.ufpb.br\/encult\/inscricao-e-pagamento\/<\/a>);<br><br>2. Fazer o\u00a0<strong>DEP\u00d3SITO<\/strong>\u00a0ou transfer\u00eancia via\u00a0<strong>PIX<\/strong>\u00a0na conta cujos dados est\u00e3o descritos em seguida:<br><br>BANCO DO BRASIL<br>Maria Alice VI Encult<br>AG.\u00a0<strong>1619-5<\/strong><br>Cc.\u00a0<strong>72218-9<\/strong><br>Chave PIX:\u00a0<strong>vi.encult.2024@gmail.com<\/strong><br><br>3. Enviar um e-mail para <a href=\"mailto:vi.encult.2024@gmail.com\">vi.encult.2024@gmail.com<\/a>, anexando o comprovante de seu dep\u00f3sito ou transfer\u00eancia via PIX. Na linha ASSUNTO do e-mail, escreva seu nome completo, por favor. Ou, no caso de estudantes de gradua\u00e7\u00e3o isentos da taxa de inscri\u00e7\u00e3o, anexar comprovante\u00a0de\u00a0matr\u00edcula.<\/p>\n\n\n\n<p><br>4. Em caso de d\u00favida, envie um e-mail para <a href=\"mailto:vi.encult.2024@gmail.com\">vi.encult.2024@gmail.com<\/a><\/p>\n\n\n\n<p>Aguardamos voc\u00eas para muita troca de ideias no&nbsp;<strong><em>VI EnCult \u2013 Brasil: pa\u00eds multilingue<\/em><\/strong>, de 9 a 11 de outubro de 2024.<\/p>\n\n\n\n<p>Sejam bem-vindos!<\/p>\n","protected":false},"excerpt":{"rendered":"<p>Os comunicadores dever\u00e3o realizar o pagamento da inscri\u00e7\u00e3o somente ap\u00f3s a aprova\u00e7\u00e3o do trabalho no eixo tem\u00e1tico. O per\u00edodo para inscri\u00e7\u00e3o (com apresenta\u00e7\u00e3o de comunica\u00e7\u00e3o ou p\u00f4ster) e pagamento vai de 23 de agosto a 16 de setembro de 2024. VALORES PARA INSCRI\u00c7\u00c3O: Professores\/Pesquisadores (com apresenta\u00e7\u00e3o de trabalho): R$ 200,00Estudantes de p\u00f3s-gradua\u00e7\u00e3o (com apresenta\u00e7\u00e3o de [&hellip;]<\/p>\n","protected":false},"author":47,"featured_media":0,"parent":25,"menu_order":0,"comment_status":"closed","ping_status":"closed","template":"","meta":{"footnotes":""},"class_list":["post-30","page","type-page","status-publish","hentry"],"_links":{"self":[{"href":"https:\/\/www.cchla.ufpb.br\/encult\/wp-json\/wp\/v2\/pages\/30","targetHints":{"allow":["GET"]}}],"collection":[{"href":"https:\/\/www.cchla.ufpb.br\/encult\/wp-json\/wp\/v2\/pages"}],"about":[{"href":"https:\/\/www.cchla.ufpb.br\/encult\/wp-json\/wp\/v2\/types\/page"}],"author":[{"embeddable":true,"href":"https:\/\/www.cchla.ufpb.br\/encult\/wp-json\/wp\/v2\/users\/47"}],"replies":[{"embeddable":true,"href":"https:\/\/www.cchla.ufpb.br\/encult\/wp-json\/wp\/v2\/comments?post=30"}],"version-history":[{"count":8,"href":"https:\/\/www.cchla.ufpb.br\/encult\/wp-json\/wp\/v2\/pages\/30\/revisions"}],"predecessor-version":[{"id":355,"href":"https:\/\/www.cchla.ufpb.br\/encult\/wp-json\/wp\/v2\/pages\/30\/revisions\/355"}],"up":[{"embeddable":true,"href":"https:\/\/www.cchla.ufpb.br\/encult\/wp-json\/wp\/v2\/pages\/25"}],"wp:attachment":[{"href":"https:\/\/www.cchla.ufpb.br\/encult\/wp-json\/wp\/v2\/media?parent=30"}],"curies":[{"name":"wp","href":"https:\/\/api.w.org\/{rel}","templated":true}]}}