{"id":46,"date":"2024-03-21T23:33:48","date_gmt":"2024-03-21T23:33:48","guid":{"rendered":"https:\/\/www.cchla.ufpb.br\/encult\/?page_id=46"},"modified":"2024-12-02T14:24:27","modified_gmt":"2024-12-02T17:24:27","slug":"como-chegar","status":"publish","type":"page","link":"https:\/\/www.cchla.ufpb.br\/encult\/o-vi-encult\/como-chegar\/","title":{"rendered":"Como chegar"},"content":{"rendered":"\n<h4 class=\"wp-block-heading\"><strong>Aeroporto Internacional de Jo\u00e3o Pessoa<\/strong><\/h4>\n\n\n\n<p>O Aeroporto Internacional Presidente Castro Pinto est\u00e1 localizado no munic\u00edpio de Bayeux, Regi\u00e3o Metropolitana de Jo\u00e3o Pessoa, Para\u00edba. Distante 11 km do centro da cidade e a 22 km da praia de Tamba\u00fa, seu acesso se d\u00e1 atrav\u00e9s da BR-230 (regi\u00e3o das praias) ou da Via Oeste (centro da cidade). <\/p>\n\n\n\n<p>H\u00e1 voos chegando e partindo da cidade em todos os turnos, contudo, h\u00e1 uma preval\u00eancia de chegadas e partidas no per\u00edodo da madrugada. \u00a0O trajeto do aeroporto para a regi\u00e3o das praias pode ser feito de taxi (em torno de R$ 80,00) ou de Uber (em torno de R$ 35,00).<\/p>\n\n\n\n<h4 class=\"wp-block-heading\"><strong>Aeroporto Internacional de Recife<\/strong><\/h4>\n\n\n\n<p>O Aeroporto Internacional de Recife est\u00e1 localizado a 131 km de Jo\u00e3o pessoa, tornando-se uma op\u00e7\u00e3o vi\u00e1vel de embarque\/desembarque. O valor do traslado para Jo\u00e3o Pessoa gira em torno R$370,00 de t\u00e1xi ou de Uber, e R$45,00 de \u00f4nibus. \u00a0\u00a0<\/p>\n\n\n\n<h4 class=\"wp-block-heading\"><strong>Estada<\/strong><\/h4>\n\n\n\n<p>A maior parte dos\u00a0<em>hostels<\/em>, pousadas e hot\u00e9is de Jo\u00e3o Pessoa localizam-se na regi\u00e3o das praias, nos bairros do Cabo Branco, Tamba\u00fa e Mana\u00edra, com di\u00e1rias variando de R$150,00 a R$350,00.<\/p>\n","protected":false},"excerpt":{"rendered":"<p>Aeroporto Internacional de Jo\u00e3o Pessoa O Aeroporto Internacional Presidente Castro Pinto est\u00e1 localizado no munic\u00edpio de Bayeux, Regi\u00e3o Metropolitana de Jo\u00e3o Pessoa, Para\u00edba. Distante 11 km do centro da cidade e a 22 km da praia de Tamba\u00fa, seu acesso se d\u00e1 atrav\u00e9s da BR-230 (regi\u00e3o das praias) ou da Via Oeste (centro da cidade). [&hellip;]<\/p>\n","protected":false},"author":47,"featured_media":0,"parent":25,"menu_order":0,"comment_status":"closed","ping_status":"closed","template":"","meta":{"footnotes":""},"class_list":["post-46","page","type-page","status-publish","hentry"],"_links":{"self":[{"href":"https:\/\/www.cchla.ufpb.br\/encult\/wp-json\/wp\/v2\/pages\/46","targetHints":{"allow":["GET"]}}],"collection":[{"href":"https:\/\/www.cchla.ufpb.br\/encult\/wp-json\/wp\/v2\/pages"}],"about":[{"href":"https:\/\/www.cchla.ufpb.br\/encult\/wp-json\/wp\/v2\/types\/page"}],"author":[{"embeddable":true,"href":"https:\/\/www.cchla.ufpb.br\/encult\/wp-json\/wp\/v2\/users\/47"}],"replies":[{"embeddable":true,"href":"https:\/\/www.cchla.ufpb.br\/encult\/wp-json\/wp\/v2\/comments?post=46"}],"version-history":[{"count":2,"href":"https:\/\/www.cchla.ufpb.br\/encult\/wp-json\/wp\/v2\/pages\/46\/revisions"}],"predecessor-version":[{"id":67,"href":"https:\/\/www.cchla.ufpb.br\/encult\/wp-json\/wp\/v2\/pages\/46\/revisions\/67"}],"up":[{"embeddable":true,"href":"https:\/\/www.cchla.ufpb.br\/encult\/wp-json\/wp\/v2\/pages\/25"}],"wp:attachment":[{"href":"https:\/\/www.cchla.ufpb.br\/encult\/wp-json\/wp\/v2\/media?parent=46"}],"curies":[{"name":"wp","href":"https:\/\/api.w.org\/{rel}","templated":true}]}}