{"id":1289,"date":"2019-02-28T16:04:48","date_gmt":"2019-02-28T19:04:48","guid":{"rendered":"http:\/\/www.cchla.ufpb.br\/entrad2019\/?page_id=1289"},"modified":"2019-09-06T05:54:19","modified_gmt":"2019-09-06T08:54:19","slug":"coordenadores-de-simposio","status":"publish","type":"page","link":"http:\/\/www.cchla.ufpb.br\/entrad2019\/?page_id=1289","title":{"rendered":"Coordenadores de Simp\u00f3sios"},"content":{"rendered":"<p><a href=\"http:\/\/www.cchla.ufpb.br\/entrad2019\/?page_id=981\">Adail Ubirajara Sobral (UCPel)<\/a><br \/>\n<a href=\"http:\/\/www.cchla.ufpb.br\/entrad2019\/?page_id=1011\">Adriana Zavaglia (USP)<\/a><br \/>\n<a href=\"http:\/\/www.cchla.ufpb.br\/entrad2019\/?page_id=1004\">\u00c1lvaro Faleiros (USP)<\/a><br \/>\n<a href=\"http:\/\/www.cchla.ufpb.br\/entrad2019\/?page_id=972\">Ana Cristina Bezerril Cardoso (UFPB)<\/a><br \/>\n<a href=\"http:\/\/www.cchla.ufpb.br\/entrad2019\/?page_id=970\">Andr\u00e9a Cesco (UFSC)<\/a><br \/>\n<a href=\"http:\/\/www.cchla.ufpb.br\/entrad2019\/?page_id=1033\">Andr\u00e9ia Guerini (UFSC)<\/a><br \/>\n<a href=\"http:\/\/www.cchla.ufpb.br\/entrad2019\/?page_id=994\">Anelise Freitas Pereira Gondar (UERJ)<\/a><br \/>\n<a href=\"http:\/\/www.cchla.ufpb.br\/entrad2019\/?page_id=1007\">Anna Palma (UFMG)<\/a><br \/>\n<a href=\"http:\/\/www.cchla.ufpb.br\/entrad2019\/?page_id=1019\">Camila Nath\u00e1lia de Oliveira Braga (UFPB)<\/a><br \/>\n<a href=\"http:\/\/www.cchla.ufpb.br\/entrad2019\/?page_id=1029\">Camila Teixeira Saldanha (UFSC)<\/a><br \/>\n<a href=\"http:\/\/www.cchla.ufpb.br\/entrad2019\/?page_id=996\">Carla Damasceno de Morais (IFSC)<\/a><br \/>\n<a href=\"http:\/\/www.cchla.ufpb.br\/entrad2019\/?page_id=998\">Carlos Henrique Rodrigues (UFSC)<\/a><br \/>\n<a href=\"http:\/\/www.cchla.ufpb.br\/entrad2019\/?page_id=1002\">Carolina Paganine (UFF)<\/a><br \/>\n<a href=\"http:\/\/www.cchla.ufpb.br\/entrad2019\/?page_id=991\">Christiano Sanches (PUC-Rio)<\/a><br \/>\n<a href=\"http:\/\/www.cchla.ufpb.br\/entrad2019\/?page_id=1023\">C\u00edcera Antoniele Cajazeiras da Silva (UFERSA)<\/a><br \/>\n<a href=\"http:\/\/www.cchla.ufpb.br\/entrad2019\/?page_id=970\">Cl\u00e1udia Grij\u00f3 Vilarouca (UFPA)<\/a><br \/>\n<a href=\"http:\/\/www.cchla.ufpb.br\/entrad2019\/?page_id=979\">Cleci Bevilacqua (UFRGS)<\/a><br \/>\n<a href=\"http:\/\/www.cchla.ufpb.br\/entrad2019\/?page_id=1033\">Cristina Carneiro Rodrigues (Unesp- S\u00e3o Jos\u00e9 do Rio Preto)<\/a><br \/>\n<a href=\"http:\/\/www.cchla.ufpb.br\/entrad2019\/?page_id=981\">Denise Regina de Sales \u00a0(UFRGS)<\/a><br \/>\n<a href=\"http:\/\/www.cchla.ufpb.br\/entrad2019\/?page_id=987\">Ebal Sant&#8217;Anna Bolacio Filho (UFF)<\/a><br \/>\n<a href=\"http:\/\/www.cchla.ufpb.br\/entrad2019\/?page_id=996\">Edn\u00e9ia Alves (UFPB)<\/a><br \/>\n<a href=\"http:\/\/www.cchla.ufpb.br\/entrad2019\/?page_id=1021\">Elisa Duarte Teixeira (UnB)<\/a><br \/>\n<a href=\"http:\/\/www.cchla.ufpb.br\/entrad2019\/?page_id=968\">Elton Luiz Aliandro Furlanetto (UNINOVE)<\/a><br \/>\n<a href=\"http:\/\/www.cchla.ufpb.br\/entrad2019\/?page_id=985\">\u00c9rica Luciene Alves de Lima (Unicamp)<\/a><br \/>\n<a href=\"http:\/\/www.cchla.ufpb.br\/entrad2019\/?page_id=927\">Fabio Alves da Silva J\u00fanior (UFMG)<\/a><br \/>\n<a href=\"http:\/\/www.cchla.ufpb.br\/entrad2019\/?page_id=964\">Fab\u00edola Reis (UNIFAP)<\/a><br \/>\n<a href=\"http:\/\/www.cchla.ufpb.br\/entrad2019\/?page_id=1023\">Genilda Azer\u00eado (UFPB)<\/a><br \/>\n<a href=\"http:\/\/www.cchla.ufpb.br\/entrad2019\/?page_id=1004\">Germana Henriques Pereira (UnB)<\/a><br \/>\n<a href=\"http:\/\/www.cchla.ufpb.br\/entrad2019\/?page_id=970\">Gilles Jean Abes (UFSC)<\/a><br \/>\n<a href=\"http:\/\/www.cchla.ufpb.br\/entrad2019\/?page_id=985\">Giovana Cordeiro Campos de Mello (UFF)<\/a><br \/>\n<a href=\"http:\/\/www.cchla.ufpb.br\/entrad2019\/?page_id=1025\">Gisele Giandoni Wolkoff (UFF)<\/a><br \/>\n<a href=\"http:\/\/www.cchla.ufpb.br\/entrad2019\/?page_id=983\">Gleiton Malta (UnB)<\/a><br \/>\n<a href=\"http:\/\/www.cchla.ufpb.br\/entrad2019\/?page_id=991\">Gl\u00f3ria Regina Loreto Sampaio (PUC-SP)<\/a><br \/>\n<a href=\"http:\/\/www.cchla.ufpb.br\/entrad2019\/?page_id=927\">Igor Ant\u00f4nio Louren\u00e7o da Silva (UFU)<\/a><br \/>\n<a href=\"http:\/\/www.cchla.ufpb.br\/entrad2019\/?page_id=968\">Ildney de F\u00e1tima Souza Cavalcanti (UFAL)<\/a><br \/>\n<a href=\"http:\/\/www.cchla.ufpb.br\/entrad2019\/?page_id=964\">John Milton (USP)<\/a><br \/>\n<a href=\"http:\/\/www.cchla.ufpb.br\/entrad2019\/?page_id=927\">Jos\u00e9 Luiz Vila Real Gon\u00e7alves (UFOP)<\/a><br \/>\n<a href=\"http:\/\/www.cchla.ufpb.br\/entrad2019\/?page_id=1017\">Lauro Meller (UFRN)<\/a><br \/>\n<a href=\"http:\/\/www.cchla.ufpb.br\/entrad2019\/?page_id=1013\">Leila Cristina de Melo Darin (PUC-SP)<\/a><br \/>\n<a href=\"http:\/\/www.cchla.ufpb.br\/entrad2019\/?page_id=966\">Liana de Camargo Le\u00e3o (UFPR)<\/a><br \/>\n<a href=\"http:\/\/www.cchla.ufpb.br\/entrad2019\/?page_id=1013\">Liliam Ramos da Silva (UFRGS)<\/a><br \/>\n<a href=\"http:\/\/www.cchla.ufpb.br\/entrad2019\/?page_id=966\">Luciana Carvalho Fonseca (USP)<\/a><br \/>\n<a href=\"http:\/\/www.cchla.ufpb.br\/entrad2019\/?page_id=979\">Luciane Leipnitz (UFPB)<\/a><br \/>\n<a href=\"http:\/\/www.cchla.ufpb.br\/entrad2019\/?page_id=1013\">Lynn Mario Trindade Menezes de Souza (USP)<\/a><br \/>\n<a href=\"http:\/\/www.cchla.ufpb.br\/entrad2019\/?page_id=987\">Magali dos Santos Moura (UERJ)<\/a><br \/>\n<a href=\"http:\/\/www.cchla.ufpb.br\/entrad2019\/?page_id=1033\">Marcia A. P. Martins (PUC-Rio)<\/a><br \/>\n<a href=\"http:\/\/www.cchla.ufpb.br\/entrad2019\/?page_id=1031\">M\u00e1rcia At\u00e1lla Pietroluongo (UFRJ)<\/a><br \/>\n<a href=\"http:\/\/www.cchla.ufpb.br\/entrad2019\/?page_id=972\">Marc\u00edlio Garcia de Queiroga (UFCG)<\/a><br \/>\n<a href=\"http:\/\/www.cchla.ufpb.br\/entrad2019\/?page_id=1157\">Marcos T\u00falio Fernandes (UFPB)<\/a><br \/>\n<a href=\"http:\/\/www.cchla.ufpb.br\/entrad2019\/?page_id=987\">Maria Alice Gon\u00e7alves Antunes (UERJ)<\/a><br \/>\n<a href=\"http:\/\/www.cchla.ufpb.br\/entrad2019\/?page_id=1027\">Maria Cristina Reckziegel Guedes Evangelista (Unesp-Araraquara)<\/a><br \/>\n<a href=\"http:\/\/www.cchla.ufpb.br\/entrad2019\/?page_id=1007\">Maria Fernanda G\u00e1rbero (UFRRJ)<\/a><br \/>\n<a href=\"http:\/\/www.cchla.ufpb.br\/entrad2019\/?page_id=1029\">Maria Jos\u00e9 Lai\u00f1o (UFFS)<\/a><br \/>\n<a href=\"http:\/\/www.cchla.ufpb.br\/entrad2019\/?page_id=1019\">Marileide Dias Esqueda (UFU)<\/a><br \/>\n<a href=\"http:\/\/www.cchla.ufpb.br\/entrad2019\/?page_id=1157\">Marta Pragana Dantas (UFPB)<\/a><br \/>\n<a href=\"http:\/\/www.cchla.ufpb.br\/entrad2019\/?page_id=1002\">Mas\u00e9 Lemos (UNIRIO)<\/a><br \/>\n<a href=\"http:\/\/www.cchla.ufpb.br\/entrad2019\/?page_id=1004\">Maur\u00edcio Mendon\u00e7a Cardozo (UFPR)<\/a><br \/>\n<a href=\"http:\/\/www.cchla.ufpb.br\/entrad2019\/?page_id=1017\">Natanael Ferreira Fran\u00e7a Rocha (UFSC)<\/a><br \/>\n<a href=\"http:\/\/www.cchla.ufpb.br\/entrad2019\/?page_id=998\">Neiva de Aquino Albres (UFSC)<\/a><br \/>\n<a href=\"http:\/\/www.cchla.ufpb.br\/entrad2019\/?page_id=1029\">Noemi Teles de Melo (UFJF)<\/a><br \/>\n<a href=\"http:\/\/www.cchla.ufpb.br\/entrad2019\/?page_id=1009\">Patr\u00edcia Ara\u00fajo Vieira (UFC)<\/a><br \/>\n<a href=\"http:\/\/www.cchla.ufpb.br\/entrad2019\/?page_id=979\">Patr\u00edcia Ramos Reuillard (UFRGS)<\/a><br \/>\n<a href=\"http:\/\/www.cchla.ufpb.br\/entrad2019\/?page_id=983\">Patr\u00edcia Rodrigues Costa (UnB)<\/a><br \/>\n<a href=\"http:\/\/www.cchla.ufpb.br\/entrad2019\/?page_id=1015\">Patr\u00edcia Tuxi (UnB)<\/a><br \/>\n<a href=\"http:\/\/www.cchla.ufpb.br\/entrad2019\/?page_id=991\"><span lang=\"EN-US\">Reynaldo Pagura (University of Illinois at Urbana-Champaign)<\/span><\/a><br \/>\n<a href=\"http:\/\/www.cchla.ufpb.br\/entrad2019\/?page_id=1015\">Rodrigo da Rosa Pereira (FURG)<\/a><br \/>\n<a href=\"http:\/\/www.cchla.ufpb.br\/entrad2019\/?page_id=1021\">Rozane Rodrigues Rebechi (UFRGS)<\/a><br \/>\n<a href=\"http:\/\/www.cchla.ufpb.br\/entrad2019\/?page_id=1011\">Sabrina Moura Arag\u00e3o (UFSC)<\/a><br \/>\n<a href=\"http:\/\/www.cchla.ufpb.br\/entrad2019\/?page_id=985\">Sandra Aparecida Faria de Almeida (UFJF)<\/a><br \/>\n<a href=\"http:\/\/www.cchla.ufpb.br\/entrad2019\/?page_id=981\">Sandra Dias Loguercio (UFRGS)<\/a><br \/>\n<a href=\"http:\/\/www.cchla.ufpb.br\/entrad2019\/?page_id=1015\">Silvana Aguiar dos Santos (UFSC)<\/a><br \/>\n<a href=\"http:\/\/www.cchla.ufpb.br\/entrad2019\/?page_id=1009\">Silvia Malena Modesto Monteiro (UECE)<\/a><br \/>\n<a href=\"http:\/\/www.cchla.ufpb.br\/entrad2019\/?page_id=1021\"><span lang=\"EN-US\">Stella Esther Ortweiler Tagnin (USP)<\/span><\/a><br \/>\n<a href=\"http:\/\/www.cchla.ufpb.br\/entrad2019\/?page_id=983\">T\u00e2nia Liparini Campos (UFPB)<\/a><br \/>\n<a href=\"http:\/\/www.cchla.ufpb.br\/entrad2019\/?page_id=1031\">Teresa Dias Carneiro (UFRJ)<\/a><br \/>\n<a href=\"http:\/\/www.cchla.ufpb.br\/entrad2019\/?page_id=1007\">Tereza Virg\u00ednia Ribeiro Barbosa (UFMG)<\/a><br \/>\n<a href=\"http:\/\/www.cchla.ufpb.br\/entrad2019\/?page_id=994\">Tito L\u00edvio Cruz Rom\u00e3o (UFC)<\/a><br \/>\n<a href=\"http:\/\/www.cchla.ufpb.br\/entrad2019\/?page_id=1027\">Valdecy de Oliveira Pontes (UFC)<\/a><br \/>\n<a href=\"http:\/\/www.cchla.ufpb.br\/entrad2019\/?page_id=1009\">Vera L\u00facia Santiago Ara\u00fajo (UECE)<\/a><br \/>\n<a href=\"http:\/\/www.cchla.ufpb.br\/entrad2019\/?page_id=998\">Vin\u00edcius Nascimento (UFSCAR)<\/a><br \/>\n<a href=\"http:\/\/www.cchla.ufpb.br\/entrad2019\/?page_id=1157\">Wiebke R\u00f6ben de Alencar Xavier (UFRN)<\/a><br \/>\n<a href=\"http:\/\/www.cchla.ufpb.br\/entrad2019\/?page_id=1025\"><span lang=\"EN-US\">Yuri Jivago Amorim Carib\u00e9 (UFPE)<\/span><\/a><\/p>\n","protected":false},"excerpt":{"rendered":"<p>Adail Ubirajara Sobral (UCPel) Adriana Zavaglia (USP) \u00c1lvaro Faleiros (USP) Ana Cristina Bezerril Cardoso (UFPB) Andr\u00e9a Cesco (UFSC) Andr\u00e9ia Guerini (UFSC) Anelise Freitas Pereira Gondar (UERJ) Anna Palma (UFMG) Camila Nath\u00e1lia de Oliveira Braga (UFPB) Camila Teixeira Saldanha (UFSC) Carla Damasceno de Morais (IFSC) Carlos Henrique Rodrigues (UFSC) Carolina Paganine (UFF) Christiano Sanches (PUC-Rio) C\u00edcera &hellip;<\/p>\n<p class=\"read-more\"> <a class=\"\" href=\"http:\/\/www.cchla.ufpb.br\/entrad2019\/?page_id=1289\"> <span class=\"screen-reader-text\">Coordenadores de Simp\u00f3sios<\/span> Leia mais &raquo;<\/a><\/p>\n","protected":false},"author":2,"featured_media":0,"parent":0,"menu_order":0,"comment_status":"closed","ping_status":"closed","template":"","meta":[],"_links":{"self":[{"href":"http:\/\/www.cchla.ufpb.br\/entrad2019\/index.php?rest_route=\/wp\/v2\/pages\/1289"}],"collection":[{"href":"http:\/\/www.cchla.ufpb.br\/entrad2019\/index.php?rest_route=\/wp\/v2\/pages"}],"about":[{"href":"http:\/\/www.cchla.ufpb.br\/entrad2019\/index.php?rest_route=\/wp\/v2\/types\/page"}],"author":[{"embeddable":true,"href":"http:\/\/www.cchla.ufpb.br\/entrad2019\/index.php?rest_route=\/wp\/v2\/users\/2"}],"replies":[{"embeddable":true,"href":"http:\/\/www.cchla.ufpb.br\/entrad2019\/index.php?rest_route=%2Fwp%2Fv2%2Fcomments&post=1289"}],"version-history":[{"count":20,"href":"http:\/\/www.cchla.ufpb.br\/entrad2019\/index.php?rest_route=\/wp\/v2\/pages\/1289\/revisions"}],"predecessor-version":[{"id":1865,"href":"http:\/\/www.cchla.ufpb.br\/entrad2019\/index.php?rest_route=\/wp\/v2\/pages\/1289\/revisions\/1865"}],"wp:attachment":[{"href":"http:\/\/www.cchla.ufpb.br\/entrad2019\/index.php?rest_route=%2Fwp%2Fv2%2Fmedia&parent=1289"}],"curies":[{"name":"wp","href":"https:\/\/api.w.org\/{rel}","templated":true}]}}