{"id":287,"date":"2018-08-06T14:12:12","date_gmt":"2018-08-06T17:12:12","guid":{"rendered":"http:\/\/www.cchla.ufpb.br\/entrad2019\/?page_id=287"},"modified":"2019-05-20T14:08:36","modified_gmt":"2019-05-20T17:08:36","slug":"comissao-cientifica","status":"publish","type":"page","link":"http:\/\/www.cchla.ufpb.br\/entrad2019\/?page_id=287","title":{"rendered":"Comiss\u00e3o Cient\u00edfica"},"content":{"rendered":"<p><a href=\"http:\/\/lattes.cnpq.br\/9748926083860842\" target=\"_blank\" rel=\"noopener noreferrer\">Alice Maria de Ara\u00fajo Ferreira (UnB)<\/a><br \/>\n<a href=\"http:\/\/lattes.cnpq.br\/0352714063327188\" target=\"_blank\" rel=\"noopener noreferrer\">\u00c1lvaro Faleiros (USP)<\/a><br \/>\n<a href=\"http:\/\/lattes.cnpq.br\/3513324652657420\" target=\"_blank\" rel=\"noopener noreferrer\">Ana Cristina Bezerril Cardoso (UFPB)<\/a><br \/>\n<a href=\"http:\/\/lattes.cnpq.br\/6728317404750242\" target=\"_blank\" rel=\"noopener noreferrer\">Andrea Cristiane Kahmann (UFPel)<\/a><br \/>\n<a href=\"http:\/\/lattes.cnpq.br\/1962473391601725\" target=\"_blank\" rel=\"noopener noreferrer\">Andr\u00e9ia Guerini (UFSC)<\/a><br \/>\n<a href=\"http:\/\/lattes.cnpq.br\/7404110664472868\" target=\"_blank\" rel=\"noopener noreferrer\">Camila Nath\u00e1lia de Oliveira Braga (UFPB)<\/a><br \/>\n<a href=\"http:\/\/lattes.cnpq.br\/0521652763515055\" target=\"_blank\" rel=\"noopener noreferrer\">C\u00e9lia Maria Magalh\u00e3es (UFMG)<\/a><br \/>\n<a href=\"http:\/\/lattes.cnpq.br\/8996437110055196\" target=\"_blank\" rel=\"noopener noreferrer\">Cleci Regina Bevilacqua (UFRGS)<\/a><br \/>\n<a href=\"http:\/\/lattes.cnpq.br\/5321855741895126\" target=\"_blank\" rel=\"noopener noreferrer\">Cristina Carneiro Rodrigues (UNESP \u2013 SJRP)<\/a><br \/>\n<a href=\"http:\/\/lattes.cnpq.br\/5099347989756580\" target=\"_blank\" rel=\"noopener noreferrer\">Daniel Antonio de Sousa Alves (UFPB)<\/a><br \/>\n<a href=\"http:\/\/lattes.cnpq.br\/1790450745732583\">Edneia de Oliveira Alves (UFPB)<\/a><br \/>\n<a href=\"http:\/\/lattes.cnpq.br\/0037079253908368\">Elaine Espindola Baldissera (UFPB)<\/a><br \/>\n<a href=\"http:\/\/lattes.cnpq.br\/0386859148637060\" target=\"_blank\" rel=\"noopener noreferrer\">\u00c9rika Nogueira de Andrade Stupiello (Unesp-SJRP)<\/a><br \/>\n<a href=\"http:\/\/lattes.cnpq.br\/9416515750429105\">F\u00e1bio Alves da Silva Junior (UFMG)<\/a><br \/>\n<a href=\"http:\/\/lattes.cnpq.br\/2336287299613364\" target=\"_blank\" rel=\"noopener noreferrer\">Genilda Azer\u00eado (UFPB)<\/a><br \/>\n<a href=\"http:\/\/lattes.cnpq.br\/5479032498605468\" target=\"_blank\" rel=\"noopener noreferrer\">Germana Henriques Pereira (UnB)<\/a><br \/>\n<a href=\"http:\/\/lattes.cnpq.br\/2507019514021007\">Izabela Guimar\u00e3es Guerra Leal (UFPA)<\/a><br \/>\n<a href=\"http:\/\/lattes.cnpq.br\/5756833764522214\" target=\"_blank\" rel=\"noopener noreferrer\">John Milton (USP)<\/a><br \/>\n<a href=\"http:\/\/lattes.cnpq.br\/3179844937185351\" target=\"_blank\" rel=\"noopener noreferrer\">Jose Luiz Vila Real Gon\u00e7alves (UFOP)<\/a><br \/>\n<a href=\"http:\/\/lattes.cnpq.br\/6734827694497785\" target=\"_blank\" rel=\"noopener noreferrer\">Jos\u00e9 Roberto Andrade Feres (UFPB)<\/a><br \/>\n<a href=\"http:\/\/lattes.cnpq.br\/9494349944960819\" target=\"_blank\" rel=\"noopener noreferrer\">Luana Ferreira de Freitas (UFC)<\/a><br \/>\n<a href=\"http:\/\/lattes.cnpq.br\/0660944005601236\" target=\"_blank\" rel=\"noopener noreferrer\">Luciane Leipnitz (UFPB)<\/a><br \/>\n<a href=\"http:\/\/lattes.cnpq.br\/0046517404942505\" target=\"_blank\" rel=\"noopener noreferrer\">Luiz Antonio Mousinho Magalh\u00e3es (UFPB)<\/a><br \/>\n<a href=\"http:\/\/lattes.cnpq.br\/1180250846239863\" target=\"_blank\" rel=\"noopener noreferrer\">Marcia Amaral Peixoto Martins (PUC-Rio)<\/a><br \/>\n<a href=\"http:\/\/lattes.cnpq.br\/2485193290684201\" target=\"_blank\" rel=\"noopener noreferrer\">Marcia Atalla Pietroluongo (UFRJ)<\/a><br \/>\n<a href=\"http:\/\/lattes.cnpq.br\/5083038168307301\" target=\"_blank\" rel=\"noopener noreferrer\">Maria L\u00facia Barbosa de Vasconcellos (UFSC)<\/a><br \/>\n<a href=\"http:\/\/lattes.cnpq.br\/1657607242731892\">Marta Pragana Dantas (UFPB)<\/a><br \/>\n<a href=\"http:\/\/lattes.cnpq.br\/3341029625579574\" target=\"_blank\" rel=\"noopener noreferrer\">Marileide Dias Esqueda (UFU)<\/a><br \/>\n<a href=\"http:\/\/lattes.cnpq.br\/1709051996388451\" target=\"_blank\" rel=\"noopener noreferrer\">Patricia Chittoni Ramos Reuillard (UFRGS)<\/a><br \/>\n<a href=\"http:\/\/lattes.cnpq.br\/5686148504443158\" target=\"_blank\" rel=\"noopener noreferrer\">Robert Brose Pires (UFC)<\/a><br \/>\n<a href=\"http:\/\/lattes.cnpq.br\/9324727547201157\" target=\"_blank\" rel=\"noopener noreferrer\">Silvana Maria de Jesus (UFU)<\/a><br \/>\n<a href=\"http:\/\/lattes.cnpq.br\/6023441911258549\" target=\"_blank\" rel=\"noopener noreferrer\">Sinara de Oliveira Branco (UFCG)<\/a><br \/>\n<a href=\"http:\/\/lattes.cnpq.br\/4402771732265181\" target=\"_blank\" rel=\"noopener noreferrer\">Stella Esther Ortweiler Tagnin (USP)<\/a><br \/>\n<a href=\"http:\/\/lattes.cnpq.br\/4158651728670279\" target=\"_blank\" rel=\"noopener noreferrer\">T\u00e2nia Liparini Campos (UFPB)<\/a><br \/>\n<a href=\"http:\/\/lattes.cnpq.br\/7110160857332053\" target=\"_blank\" rel=\"noopener noreferrer\">Tito L\u00edvio Cruz Rom\u00e3o (UFC)<\/a><br \/>\n<a href=\"http:\/\/lattes.cnpq.br\/5255403400929743\" target=\"_blank\" rel=\"noopener noreferrer\">Vera Lucia Santiago Ara\u00fajo (UECE)<\/a><br \/>\n<a href=\"http:\/\/lattes.cnpq.br\/9404689780875944\" target=\"_blank\" rel=\"noopener noreferrer\">Walter Carlos Costa (UFSC\/UFC)<\/a><br \/>\n<a href=\"http:\/\/lattes.cnpq.br\/1850251126523391\" target=\"_blank\" rel=\"noopener noreferrer\">Wiebke R\u00f6ben de Alencar Xavier (UFRN)<\/a><\/p>\n<p><strong>Internacional<\/strong><\/p>\n<p><a href=\"http:\/\/grupsderecerca.uab.cat\/pacte\/\">Amparo Hurtado-Albir,\u00a0Universitat Aut\u00f2noma de Barcelona, Espanha<\/a><br \/>\n<a href=\"https:\/\/www.researchgate.net\/profile\/Bernd_Stefanink2\">Bernd Stefanink, Bielefeld University, Rom\u00eania<\/a><br \/>\n<a href=\"http:\/\/www.fask.uni-mainz.de\/user\/kiraly\/\">Donald Kiraly, University of Mainz, Alemanha<\/a><br \/>\n<a href=\"https:\/\/ling-trad.umontreal.ca\/repertoire-departement\/vue\/bastin-georges\/\">Geroges L. Bastin, Universit\u00e9 de Montr\u00e9al, Canad\u00e1<\/a><br \/>\n<a href=\"https:\/\/www.arts.kuleuven.be\/cetra\/people\/lieven_dhulst\">Lieven D&#8217;hulst, University of Leuven, B\u00e9lgica<\/a><br \/>\n<a href=\"http:\/\/unice.fr\/membres\/tous-les-membres\/lirces\/oustinoff-michael\"><span style=\"display: inline !important; float: none; background-color: transparent; color: #3a3a3a; cursor: text; font-family: Georgia,'Times New Roman','Bitstream Charter',Times,serif; font-size: 16px; font-style: normal; font-variant: normal; font-weight: 400; letter-spacing: normal; orphans: 2; text-align: left; text-decoration: none; text-indent: 0px; text-transform: none; -webkit-text-stroke-width: 0px; white-space: normal; word-spacing: 0px;\">Michael Oustinoff (Universit\u00e9 Nice Sophia Antipolis, Fran\u00e7a)<\/span><\/a><br \/>\n<a href=\"https:\/\/www.research.manchester.ac.uk\/portal\/mona.baker.html\">Mona Baker,\u00a0University of Manchester, Reino Unido<\/a><br \/>\n<a href=\"https:\/\/www.coursicle.com\/illinois\/professors\/Reynaldo+Pagura\/\">Reynaldo Pagura, University of Illinois at Urbana-Champaign, EUA<\/a><br \/>\n<a href=\"https:\/\/www.unibo.it\/sitoweb\/roberto.mulinacci\">Roberto Mulinacci, Universit\u00e0 di Bologna, It\u00e1lia<\/a><br \/>\n<a href=\"https:\/\/www.concordia.ca\/artsci\/english\/faculty.html?fpid=sherry-simon\">Sherry Simon, Concordia University, Montreal, Canad\u00e1<\/a><br \/>\n<a href=\"https:\/\/colina.faculty.arizona.edu\/\">Sonia Colina, University of Arizona, EUA<\/a><\/p>\n","protected":false},"excerpt":{"rendered":"<p>Alice Maria de Ara\u00fajo Ferreira (UnB) \u00c1lvaro Faleiros (USP) Ana Cristina Bezerril Cardoso (UFPB) Andrea Cristiane Kahmann (UFPel) Andr\u00e9ia Guerini (UFSC) Camila Nath\u00e1lia de Oliveira Braga (UFPB) C\u00e9lia Maria Magalh\u00e3es (UFMG) Cleci Regina Bevilacqua (UFRGS) Cristina Carneiro Rodrigues (UNESP \u2013 SJRP) Daniel Antonio de Sousa Alves (UFPB) Edneia de Oliveira Alves (UFPB) Elaine Espindola Baldissera &hellip;<\/p>\n<p class=\"read-more\"> <a class=\"\" href=\"http:\/\/www.cchla.ufpb.br\/entrad2019\/?page_id=287\"> <span class=\"screen-reader-text\">Comiss\u00e3o Cient\u00edfica<\/span> Leia mais &raquo;<\/a><\/p>\n","protected":false},"author":3,"featured_media":0,"parent":0,"menu_order":0,"comment_status":"closed","ping_status":"closed","template":"","meta":[],"_links":{"self":[{"href":"http:\/\/www.cchla.ufpb.br\/entrad2019\/index.php?rest_route=\/wp\/v2\/pages\/287"}],"collection":[{"href":"http:\/\/www.cchla.ufpb.br\/entrad2019\/index.php?rest_route=\/wp\/v2\/pages"}],"about":[{"href":"http:\/\/www.cchla.ufpb.br\/entrad2019\/index.php?rest_route=\/wp\/v2\/types\/page"}],"author":[{"embeddable":true,"href":"http:\/\/www.cchla.ufpb.br\/entrad2019\/index.php?rest_route=\/wp\/v2\/users\/3"}],"replies":[{"embeddable":true,"href":"http:\/\/www.cchla.ufpb.br\/entrad2019\/index.php?rest_route=%2Fwp%2Fv2%2Fcomments&post=287"}],"version-history":[{"count":29,"href":"http:\/\/www.cchla.ufpb.br\/entrad2019\/index.php?rest_route=\/wp\/v2\/pages\/287\/revisions"}],"predecessor-version":[{"id":1475,"href":"http:\/\/www.cchla.ufpb.br\/entrad2019\/index.php?rest_route=\/wp\/v2\/pages\/287\/revisions\/1475"}],"wp:attachment":[{"href":"http:\/\/www.cchla.ufpb.br\/entrad2019\/index.php?rest_route=%2Fwp%2Fv2%2Fmedia&parent=287"}],"curies":[{"name":"wp","href":"https:\/\/api.w.org\/{rel}","templated":true}]}}