{"id":355,"date":"2018-08-22T13:27:11","date_gmt":"2018-08-22T16:27:11","guid":{"rendered":"http:\/\/www.cchla.ufpb.br\/entrad2019\/?page_id=355"},"modified":"2019-07-11T06:21:09","modified_gmt":"2019-07-11T09:21:09","slug":"orientacoes-para-submissao","status":"publish","type":"page","link":"http:\/\/www.cchla.ufpb.br\/entrad2019\/?page_id=355","title":{"rendered":"Orienta\u00e7\u00f5es para submiss\u00e3o"},"content":{"rendered":"<p style=\"text-align: left;\"><strong>COMUNICA\u00c7\u00d5ES E P\u00d4STERES<\/strong><\/p>\n<p><strong>Sobre o per\u00edodo de inscri\u00e7\u00e3o<\/strong><\/p>\n<p style=\"text-align: justify;\"><em>Primeira Chamada:<\/em> Trabalhos submetidos at\u00e9 31\/03\/2019 ser\u00e3o avaliados e receber\u00e3o cartas de aceite (ou justificativas para recusa) at\u00e9 o dia 10\/04\/2019 <span style=\"color: #ff0000;\">(ENCERRADA).<\/span><\/p>\n<p style=\"text-align: justify;\"><em>Segunda Chamada:<\/em> Trabalhos enviados de 01\/04\/2019 a 31\/05\/2019 ser\u00e3o avaliados e receber\u00e3o cartas de aceite (ou justificativas para recusa) at\u00e9 o dia 10\/06\/2019 <span style=\"color: #ff0000;\">(ENCERRADA).<\/span><\/p>\n<p style=\"text-align: justify;\"><em>Terceira Chamada:<\/em> Trabalhos enviados de 01\/06\/2019 a 30\/06\/2019 ser\u00e3o avaliados e receber\u00e3o cartas de aceite (ou justificativas para recusa) at\u00e9 o dia 10\/07\/2019 <span style=\"color: #ff0000;\">(ENCERRADA).<\/span><\/p>\n<p style=\"text-align: justify;\"><span style=\"background-color: #ffff00;\">PRORROGA\u00c7\u00c3O!<\/span> Veja AQUI quais simp\u00f3sios\u00a0prorrogaram o prazo de submiss\u00e3o <strong>at\u00e9 10\/07\/2019. <\/strong><span style=\"color: #ff0000;\">(ENCERRADA).<\/span><\/p>\n<p style=\"text-align: justify;\">Caso tenha submetido trabalho e n\u00e3o tenha recebido a carta de aceite ou a justificativa para recusa dentro dos prazos estipulados acima, entre em contato com a coordena\u00e7\u00e3o do evento (e-mail: <span style=\"text-decoration: underline;\">secretaria<\/span><u>entrad2019@gmail.com<\/u>).<\/p>\n<p><strong>Sobre o Formul\u00e1rio de submiss\u00e3o de trabalhos<\/strong><\/p>\n<p style=\"text-align: justify;\">As submiss\u00f5es de trabalhos para participa\u00e7\u00e3o no evento ser\u00e3o realizadas por \u00a0formul\u00e1rio espec\u00edfico <strong>dispon\u00edvel na p\u00e1gina de descri\u00e7\u00e3o de cada Simp\u00f3sio<\/strong>. Siga os seguintes passos:<\/p>\n<ul>\n<li>Veja a lista completa de Simp\u00f3sios em <a href=\"http:\/\/www.cchla.ufpb.br\/entrad2019\/?page_id=1040\" target=\"_blank\" rel=\"noopener noreferrer\" data-saferedirecturl=\"https:\/\/www.google.com\/url?q=http:\/\/www.cchla.ufpb.br\/entrad2019\/?page_id%3D1040&amp;source=gmail&amp;ust=1559307745561000&amp;usg=AFQjCNEoy8q_fmcDtbwPYwO0K0oOOD3vYA\">\u00c1reas tem\u00e1ticas \/ Simp\u00f3sios;<\/a><\/li>\n<li>Clique naquele mais adequado \u00e0 sua pesquisa.<\/li>\n<li>Localize no topo e no final da p\u00e1gina de descri\u00e7\u00e3o de cada Simp\u00f3sio, um bot\u00e3o com os dizeres: INSCREVA-SE NESTE SIMP\u00d3SIO.<\/li>\n<li>Clique no referido bot\u00e3o e preencha o formul\u00e1rio caso tenha lido todas as orienta\u00e7\u00f5es constantes nesta e na p\u00e1gina de descri\u00e7\u00e3o do simp\u00f3sio.<\/li>\n<\/ul>\n<p>Para o preenchimento do formul\u00e1rio ser\u00e3o necess\u00e1rias as seguintes informa\u00e7\u00f5es:<\/p>\n<ul>\n<li>Nome<\/li>\n<li>Titula\u00e7\u00e3o<\/li>\n<li>Filia\u00e7\u00e3o institucional (nome completo da institui\u00e7\u00e3o e sigla)<\/li>\n<li>T\u00edtulo do trabalho em portugu\u00eas e em ingl\u00eas ou espanhol<\/li>\n<li>Forma como pretende apresentar o trabalho (comunica\u00e7\u00e3o ou p\u00f4ster)<\/li>\n<li>Resumo em portugu\u00eas<\/li>\n<li>Resumo em ingl\u00eas ou espanhol<\/li>\n<li>Tr\u00eas palavras-chave em portugu\u00eas e em ingl\u00eas ou espanhol<\/li>\n<li>Idioma de apresenta\u00e7\u00e3o (ver l\u00edngua\/s de trabalho de cada Simp\u00f3sio)<\/li>\n<li>E-mail<\/li>\n<li>Link para o Lattes<\/li>\n<li>Telefone para contato (primeiro\/a autor\/a)<\/li>\n<\/ul>\n<p><strong>Sobre as modalidades de apresenta\u00e7\u00e3o<\/strong><\/p>\n<p style=\"text-align: justify;\"><em>Comunica\u00e7\u00e3o oral<\/em>: para trabalhos com resultados parciais ou finais. Os resumos dever\u00e3o conter de 200 a 300 palavras e obedecer aos padr\u00f5es gen\u00e9ricos de resumos acad\u00eamicos, explicitando objetivos, afilia\u00e7\u00e3o te\u00f3rica, metodologia e resultados. As sess\u00f5es de comunica\u00e7\u00e3o ter\u00e3o dura\u00e7\u00e3o de 90 minutos, organizadas em grupos de quatro apresentadore\/a\/s. Para cada trabalho, ser\u00e3o disponibilizados 15 minutos para exposi\u00e7\u00e3o oral e 5 minutos para discuss\u00e3o. Ser\u00e3o disponibilizados computadores e projetores multim\u00eddia.<\/p>\n<p style=\"text-align: justify;\"><em>P\u00f4ster<\/em>: para trabalhos em prospec\u00e7\u00e3o ou em andamento. Trabalhos com resultados parciais ou finais tamb\u00e9m podem ser apresentados nessa modalidade. Os resumos dever\u00e3o conter de 100 a 200 palavras e obedecer aos padr\u00f5es gen\u00e9ricos de resumos acad\u00eamicos, explicitando, pelo menos, objetivos e afilia\u00e7\u00e3o te\u00f3rica. Recomendam-se as seguintes dimens\u00f5es: largura: 0,90 m e altura: 1,20 m. O p\u00f4ster deve ser leg\u00edvel a uma dist\u00e2ncia de pelo menos 2 metros.<\/p>\n<p style=\"text-align: justify;\">Discentes da gradua\u00e7\u00e3o podem submeter resumos para as modalidades de comunica\u00e7\u00e3o desde que seja em coautoria com docentes mestres ou doutore\/a\/s.<\/p>\n<p><strong>Sobre os crit\u00e9rios para o aceite de trabalhos<\/strong><\/p>\n<p style=\"text-align: justify;\">Os trabalhos submetidos para as comunica\u00e7\u00f5es e apresenta\u00e7\u00f5es de p\u00f4steres ser\u00e3o avaliados segundo os crit\u00e9rios expostos a seguir:<\/p>\n<ul style=\"text-align: justify;\">\n<li>O resumo do trabalho submetido \u00e9 claro e objetivo?<\/li>\n<li>A proposta do trabalho tem relev\u00e2ncia para a \u00e1rea tem\u00e1tica escolhida?<\/li>\n<li>Atende aos padr\u00f5es gen\u00e9ricos de resumos acad\u00eamicos (isto \u00e9, explicita os padr\u00f5es m\u00ednimos exigidos para a apresenta\u00e7\u00e3o de comunica\u00e7\u00e3o ou p\u00f4ster)?<\/li>\n<li>No caso de comunica\u00e7\u00f5es, o resumo apresenta ind\u00edcios (expl\u00edcitos ou n\u00e3o) de que se trata de uma pesquisa com resultados parciais ou finais?<\/li>\n<\/ul>\n<p style=\"text-align: justify;\"><strong>\u00a0Sobre o n\u00famero de submiss\u00f5es e coautoria<\/strong><\/p>\n<ul style=\"text-align: justify;\">\n<li>Cada participante poder\u00e1 inscrever at\u00e9 dois trabalhos como primeiro\/a autor\/a ou coautor\/a.<\/li>\n<li>Todo\/a\/s o\/a\/s autore\/a\/s e coautore\/a\/s dever\u00e3o realizar a inscri\u00e7\u00e3o e efetuar o pagamento.<\/li>\n<li>Cada trabalho poder\u00e1 ter at\u00e9 tr\u00eas autore\/a\/s.<\/li>\n<li>N\u00e3o \u00e9 necess\u00e1ria a presen\u00e7a de todo\/a\/s o\/a\/s autore\/a\/s no dia da apresenta\u00e7\u00e3o.<\/li>\n<\/ul>\n<p style=\"text-align: justify;\"><strong>Sobre os Simp\u00f3sios<\/strong><\/p>\n<p style=\"text-align: justify;\">A lista de Simp\u00f3sios est\u00e1 dispon\u00edvel <a href=\"http:\/\/www.cchla.ufpb.br\/entrad2019\/?page_id=1040\">AQUI<\/a>. Caso sua pesquisa n\u00e3o esteja contemplada nos Simp\u00f3sios listados, o Comit\u00ea Organizador poder\u00e1 analisar propostas independentes.<\/p>\n<p style=\"text-align: justify;\"><strong>Sobre o pagamento e confirma\u00e7\u00e3o das inscri\u00e7\u00f5es<\/strong><\/p>\n<p><em>Veja <a href=\"http:\/\/www.cchla.ufpb.br\/entrad2019\/?page_id=356\">AQUI<\/a><\/em><\/p>\n<p><strong>Formul\u00e1rio de inscri\u00e7\u00e3o e Formas de Pagamento<\/strong><\/p>\n<p><em>Veja <a href=\"http:\/\/www.cchla.ufpb.br\/entrad2019\/?page_id=356\">AQUI<\/a><\/em><\/p>\n<p><strong>Outras recomenda\u00e7\u00f5es<\/strong><\/p>\n<p style=\"text-align: justify;\">Sugerimos que as apresenta\u00e7\u00f5es sejam salvas em formato PDF para evitar desconfigura\u00e7\u00e3o resultante das diferentes vers\u00f5es dos programas.<\/p>\n<p style=\"text-align: justify;\">Pedimos que sejam evitadas apresenta\u00e7\u00f5es que precisem ser acessadas via internet (Prezi, por exemplo), pois n\u00e3o podemos garantir acesso durante o evento.<\/p>\n<p style=\"text-align: justify;\">Para evitar transtornos, sugerimos que as apresenta\u00e7\u00f5es sejam salvas em mais de uma m\u00eddia e\/ou enviadas para o pr\u00f3prio e-mail do\/a participante.<\/p>\n<p style=\"text-align: justify;\"><strong>Sobre os certificados<\/strong><\/p>\n<p style=\"text-align: justify;\">Os certificados ser\u00e3o enviados em formato eletr\u00f4nico ap\u00f3s o encerramento do evento a todo\/a\/s que tiverem efetivamente apresentado (em caso de autore\/a\/s de comunica\u00e7\u00f5es e p\u00f4steres) ou assinado a lista de presen\u00e7a (em caso de ouvintes).<\/p>\n<p style=\"text-align: justify;\">Para d\u00favidas sobre quest\u00f5es n\u00e3o contempladas no site, entre em contato com a organiza\u00e7\u00e3o pelo endere\u00e7o: <u>entrad2019@gmail.com<\/u><\/p>\n","protected":false},"excerpt":{"rendered":"<p>COMUNICA\u00c7\u00d5ES E P\u00d4STERES Sobre o per\u00edodo de inscri\u00e7\u00e3o Primeira Chamada: Trabalhos submetidos at\u00e9 31\/03\/2019 ser\u00e3o avaliados e receber\u00e3o cartas de aceite (ou justificativas para recusa) at\u00e9 o dia 10\/04\/2019 (ENCERRADA). Segunda Chamada: Trabalhos enviados de 01\/04\/2019 a 31\/05\/2019 ser\u00e3o avaliados e receber\u00e3o cartas de aceite (ou justificativas para recusa) at\u00e9 o dia 10\/06\/2019 (ENCERRADA). Terceira &hellip;<\/p>\n<p class=\"read-more\"> <a class=\"\" href=\"http:\/\/www.cchla.ufpb.br\/entrad2019\/?page_id=355\"> <span class=\"screen-reader-text\">Orienta\u00e7\u00f5es para submiss\u00e3o<\/span> Leia mais &raquo;<\/a><\/p>\n","protected":false},"author":3,"featured_media":0,"parent":0,"menu_order":0,"comment_status":"closed","ping_status":"closed","template":"","meta":[],"_links":{"self":[{"href":"http:\/\/www.cchla.ufpb.br\/entrad2019\/index.php?rest_route=\/wp\/v2\/pages\/355"}],"collection":[{"href":"http:\/\/www.cchla.ufpb.br\/entrad2019\/index.php?rest_route=\/wp\/v2\/pages"}],"about":[{"href":"http:\/\/www.cchla.ufpb.br\/entrad2019\/index.php?rest_route=\/wp\/v2\/types\/page"}],"author":[{"embeddable":true,"href":"http:\/\/www.cchla.ufpb.br\/entrad2019\/index.php?rest_route=\/wp\/v2\/users\/3"}],"replies":[{"embeddable":true,"href":"http:\/\/www.cchla.ufpb.br\/entrad2019\/index.php?rest_route=%2Fwp%2Fv2%2Fcomments&post=355"}],"version-history":[{"count":36,"href":"http:\/\/www.cchla.ufpb.br\/entrad2019\/index.php?rest_route=\/wp\/v2\/pages\/355\/revisions"}],"predecessor-version":[{"id":1715,"href":"http:\/\/www.cchla.ufpb.br\/entrad2019\/index.php?rest_route=\/wp\/v2\/pages\/355\/revisions\/1715"}],"wp:attachment":[{"href":"http:\/\/www.cchla.ufpb.br\/entrad2019\/index.php?rest_route=%2Fwp%2Fv2%2Fmedia&parent=355"}],"curies":[{"name":"wp","href":"https:\/\/api.w.org\/{rel}","templated":true}]}}