{"id":356,"date":"2018-08-22T13:27:11","date_gmt":"2018-08-22T16:27:11","guid":{"rendered":"http:\/\/www.cchla.ufpb.br\/entrad2019\/?page_id=356"},"modified":"2019-10-07T11:04:53","modified_gmt":"2019-10-07T14:04:53","slug":"inscricoes","status":"publish","type":"page","link":"http:\/\/www.cchla.ufpb.br\/entrad2019\/?page_id=356","title":{"rendered":"Inscri\u00e7\u00f5es e Pagamento"},"content":{"rendered":"\n<p style=\"text-align: center;\"><a class=\"fasc-button fasc-size-large fasc-type-flat fasc-rounded-medium fasc-ico-before dashicons-dismiss fasc-style-bold\" style=\"background-color: #ff2424; color: #ffffff;\" target=\"_blank\" href=\"\" rel=\"noopener noreferrer\">Inscri\u00e7\u00f5es encerradas<\/a><\/p>\n<p><span style=\"margin: 0px; color: #222222; font-family: 'Arial',sans-serif; font-size: 11.5pt;\"><strong>Formas de participa\u00e7\u00e3o:<\/strong><br>S\u00e3o duas as formas de participa\u00e7\u00e3o no ENTRAD 2019: com ou sem apresenta\u00e7\u00e3o de trabalhos.<\/span><\/p>\n<ul>\n<li>Se voc\u00ea deseja apresentar comunica\u00e7\u00e3o ou p\u00f4ster, veja <a href=\"http:\/\/www.cchla.ufpb.br\/entrad2019\/?page_id=355\">AQUI<\/a> as orienta\u00e7\u00f5es e prazos para submiss\u00e3o.<\/li>\n<li>Se voc\u00ea n\u00e3o deseja apresentar trabalhos, voc\u00ea pode participar como ouvinte.<\/li>\n<\/ul>\n<p><strong>Pagamento:<br><\/strong>O pagamento deve ser efetuado atrav\u00e9s de dep\u00f3sito ou transfer\u00eancia banc\u00e1ria em conta corrente (ver dados abaixo) e o comprovante deve ser enviado por meio do formul\u00e1rio de inscri\u00e7\u00e3o.<\/p>\n<p><strong>Dados da Conta Banc\u00e1ria:<\/strong><br>Favorecido: Associa\u00e7\u00e3o Brasileira de Pesquisadores em Tradu\u00e7\u00e3o (ABRAPT)<br>CNPJ: 69.270.825\/0001-22<br>Banco: 001 Banco do Brasil<br>Ag\u00eancia: 1619-5<br>C\/C: 43.925-8<\/p>\n<table style=\"width: 100%;\">\n<tbody>\n<tr>\n<td style=\"width: 44.1389%;\" width=\"262\"><strong>Com apresenta\u00e7\u00e3o de trabalhos* (Com emiss\u00e3o de certificados de participa\u00e7\u00e3o e de apresenta\u00e7\u00e3o)<\/strong><\/td>\n<td style=\"width: 17.8%; text-align: center;\" width=\"94\">\n<p><del><strong>Valor at\u00e9 31\/05\/2019<\/strong><\/del><\/p>\n<p style=\"text-align: center;\"><strong>R$<\/strong><\/p>\n<\/td>\n<td style=\"width: 19.39%; text-align: center;\" width=\"96\">\n<p><del><strong>Valor <\/strong><\/del><strong style=\"font-family: Arial, Helvetica, Verdana, sans-serif; font-size: 1rem;\"><del>de 01\/06 a<\/del> <del>30\/06\/2019<\/del> <del>(Prorrogado at\u00e9 15\/07\/2019)<\/del><\/strong><\/p>\n<p><b><span style=\"color: #3a3a3a; font-size: medium;\">R$<\/span><\/b><\/p>\n<\/td>\n<td style=\"width: 18.52%; text-align: center;\" width=\"104\">\n<p><del><strong>Valor de 16\/07 a 30\/08\/2019<\/strong><\/del><\/p>\n<p><b><span style=\"color: #3a3a3a; font-size: medium;\">R$<\/span><\/b><\/p>\n<\/td>\n<\/tr>\n<tr>\n<td style=\"width: 44.1389%;\" width=\"262\">Professores e Pesquisadores<\/td>\n<td style=\"width: 17.8%; text-align: center;\" width=\"94\"><del>400,00<\/del><\/td>\n<td style=\"width: 19.39%; text-align: center;\" width=\"96\"><del>480,00<\/del><\/td>\n<td style=\"width: 18.52%; text-align: center;\" width=\"104\"><del>570,00<\/del><\/td>\n<\/tr>\n<tr>\n<td style=\"width: 44.1389%;\" width=\"262\">Tradutores e Outros Profissionais<\/td>\n<td style=\"width: 17.8%; text-align: center;\" width=\"94\"><del>300,00<\/del><\/td>\n<td style=\"width: 19.39%; text-align: center;\" width=\"96\"><del>360,00<\/del><\/td>\n<td style=\"width: 18.52%; text-align: center;\" width=\"104\"><del>450,00<\/del><\/td>\n<\/tr>\n<tr>\n<td style=\"width: 44.1389%;\" width=\"262\">Alunos de P\u00f3s-gradua\u00e7\u00e3o<\/td>\n<td style=\"width: 17.8%; text-align: center;\" width=\"94\"><del>200,00<\/del><\/td>\n<td style=\"width: 19.39%; text-align: center;\" width=\"96\"><del>240,00<\/del><\/td>\n<td style=\"width: 18.52%; text-align: center;\" width=\"104\"><del>300,00<\/del><\/td>\n<\/tr>\n<tr>\n<td style=\"width: 44.1389%;\" width=\"262\">Alunos de Gradua\u00e7\u00e3o<\/td>\n<td style=\"width: 17.8%; text-align: center;\" width=\"94\"><del>80,00<\/del><\/td>\n<td style=\"width: 19.39%; text-align: center;\" width=\"96\"><del>96,00<\/del><\/td>\n<td style=\"width: 18.52%; text-align: center;\" width=\"104\"><del>120,00<\/del><\/td>\n<\/tr>\n<\/tbody>\n<\/table>\n<p>* Os inscritos nesta modalidade ser\u00e3o inclu\u00eddos no quadro de associados da ABRAPT, conforme o descrito no Estatuto da Associa\u00e7\u00e3o:<\/p>\n<p>S\u00e3o admitidos para o quadro de associados, na forma do Estatuto da Associa\u00e7\u00e3o Brasileira de Pesquisadores em Tradu\u00e7\u00e3o (T\u00edtulo III &#8211; Dos Associados, deveres e direitos \u2013 Artigo 3\u00ba) :<\/p>\n<p>&#8211; pesquisadores em tradu\u00e7\u00e3o, que estejam ou n\u00e3o vinculados a entidade p\u00fablica ou privada;<\/p>\n<p>&#8211; alunos regularmente inscritos nos cursos de p\u00f3s-gradua\u00e7\u00e3o em qualquer institui\u00e7\u00e3o de n\u00edvel superior;<\/p>\n<p>&#8211; alunos regularmente inscritos em cursos de especializa\u00e7\u00e3o;<\/p>\n<p>&#8211; portadores de t\u00edtulo de mestre ou doutor obtido no pa\u00eds ou exterior;<\/p>\n<p>&#8211; portadores de certificado de especializa\u00e7\u00e3o na \u00e1rea de tradu\u00e7\u00e3o;<\/p>\n<p>&#8211; alunos de gradua\u00e7\u00e3o em tradu\u00e7\u00e3o, em n\u00edvel de bacharelado ou licenciatura;<\/p>\n<p>&#8211; docentes dos cursos de tradu\u00e7\u00e3o ou \u00e1reas afins em n\u00edvel universit\u00e1rio.<\/p>\n<table style=\"width: 100%; height: 207px;\">\n<tbody>\n<tr style=\"height: 104px;\">\n<td style=\"width: 46.4544%; height: 77px;\" width=\"262\"><strong>Sem apresenta\u00e7\u00e3o de trabalhos (Ouvintes)<\/strong>\n<p><strong>(com emiss\u00e3o de certificado de participa\u00e7\u00e3o)<\/strong><\/p>\n<\/td>\n<td style=\"width: 17.8%; height: 77px; text-align: center;\" width=\"94\">\n<p><del><strong>Valor at\u00e9 31\/05\/2019<\/strong><\/del><\/p>\n<p><b><span style=\"color: #3a3a3a; font-size: medium;\">R$<\/span><\/b><\/p>\n<\/td>\n<td style=\"width: 17.07%; height: 77px; text-align: center;\" width=\"96\">\n<p><del><strong>Valor <\/strong><\/del><strong style=\"font-family: Arial, Helvetica, Verdana, sans-serif; font-size: 1rem;\"><del>de 01 a<\/del> <del>30\/06\/2019<\/del> <del>(Prorrogado at\u00e9 15\/07\/2019)<\/del><\/strong><\/p>\n<p><b><span style=\"color: #3a3a3a; font-size: medium;\">R$<\/span><\/b><\/p>\n<\/td>\n<td style=\"width: 18.52%; height: 77px; text-align: center;\" width=\"104\">\n<p><del><strong>Valor de 16\/07 a 30\/08\/2019 (Prorrogado at\u00e9 07\/10\/2019)<\/strong><\/del><\/p>\n<p><del><b><span style=\"color: #3a3a3a; font-size: medium;\">R$<\/span><\/b><\/del><\/p>\n<\/td>\n<\/tr>\n<tr style=\"height: 56px;\">\n<td style=\"width: 46.4544%; height: 56px;\" width=\"262\">Professores, Pesquisadores, Tradutores e Outros Profissionais<\/td>\n<td style=\"width: 17.8%; height: 56px; text-align: center;\" width=\"94\"><del>100,00<\/del><\/td>\n<td style=\"width: 17.07%; height: 56px; text-align: center;\" width=\"96\"><del>120,00<\/del><\/td>\n<td style=\"width: 18.52%; height: 56px; text-align: center;\" width=\"104\"><del>140,00<\/del><\/td>\n<\/tr>\n<tr style=\"height: 37px;\">\n<td style=\"width: 46.4544%; height: 37px;\" width=\"262\">Alunos de p\u00f3s-gradua\u00e7\u00e3o<\/td>\n<td style=\"width: 17.8%; height: 37px; text-align: center;\" width=\"94\"><del>80,00<\/del><\/td>\n<td style=\"width: 17.07%; height: 37px; text-align: center;\" width=\"96\"><del>100,00<\/del><\/td>\n<td style=\"width: 18.52%; height: 37px; text-align: center;\" width=\"104\"><del>120,00<\/del><\/td>\n<\/tr>\n<tr style=\"height: 37px;\">\n<td style=\"width: 46.4544%; height: 37px;\" width=\"262\">Alunos de Gradua\u00e7\u00e3o<\/td>\n<td style=\"width: 17.8%; height: 37px; text-align: center;\" width=\"94\"><del>50,00<\/del><\/td>\n<td style=\"width: 17.07%; height: 37px; text-align: center;\" width=\"96\"><del>70,00<\/del><\/td>\n<td style=\"width: 18.52%; height: 37px; text-align: center;\" width=\"104\"><del>90,00<\/del><\/td>\n<\/tr>\n<\/tbody>\n<\/table>\n","protected":false},"excerpt":{"rendered":"<p>Inscri\u00e7\u00f5es encerradas Formas de participa\u00e7\u00e3o:S\u00e3o duas as formas de participa\u00e7\u00e3o no ENTRAD 2019: com ou sem apresenta\u00e7\u00e3o de trabalhos. Se voc\u00ea deseja apresentar comunica\u00e7\u00e3o ou p\u00f4ster, veja AQUI as orienta\u00e7\u00f5es e prazos para submiss\u00e3o. Se voc\u00ea n\u00e3o deseja apresentar trabalhos, voc\u00ea pode participar como ouvinte. Pagamento:O pagamento deve ser efetuado atrav\u00e9s de dep\u00f3sito ou transfer\u00eancia &hellip;<\/p>\n<p class=\"read-more\"> <a class=\"\" href=\"http:\/\/www.cchla.ufpb.br\/entrad2019\/?page_id=356\"> <span class=\"screen-reader-text\">Inscri\u00e7\u00f5es e Pagamento<\/span> Leia mais &raquo;<\/a><\/p>\n","protected":false},"author":3,"featured_media":0,"parent":0,"menu_order":0,"comment_status":"closed","ping_status":"closed","template":"","meta":[],"_links":{"self":[{"href":"http:\/\/www.cchla.ufpb.br\/entrad2019\/index.php?rest_route=\/wp\/v2\/pages\/356"}],"collection":[{"href":"http:\/\/www.cchla.ufpb.br\/entrad2019\/index.php?rest_route=\/wp\/v2\/pages"}],"about":[{"href":"http:\/\/www.cchla.ufpb.br\/entrad2019\/index.php?rest_route=\/wp\/v2\/types\/page"}],"author":[{"embeddable":true,"href":"http:\/\/www.cchla.ufpb.br\/entrad2019\/index.php?rest_route=\/wp\/v2\/users\/3"}],"replies":[{"embeddable":true,"href":"http:\/\/www.cchla.ufpb.br\/entrad2019\/index.php?rest_route=%2Fwp%2Fv2%2Fcomments&post=356"}],"version-history":[{"count":24,"href":"http:\/\/www.cchla.ufpb.br\/entrad2019\/index.php?rest_route=\/wp\/v2\/pages\/356\/revisions"}],"predecessor-version":[{"id":2289,"href":"http:\/\/www.cchla.ufpb.br\/entrad2019\/index.php?rest_route=\/wp\/v2\/pages\/356\/revisions\/2289"}],"wp:attachment":[{"href":"http:\/\/www.cchla.ufpb.br\/entrad2019\/index.php?rest_route=%2Fwp%2Fv2%2Fmedia&parent=356"}],"curies":[{"name":"wp","href":"https:\/\/api.w.org\/{rel}","templated":true}]}}