{"id":380,"date":"2018-08-22T13:32:25","date_gmt":"2018-08-22T16:32:25","guid":{"rendered":"http:\/\/www.cchla.ufpb.br\/entrad2019\/?page_id=380"},"modified":"2019-11-13T20:31:38","modified_gmt":"2019-11-13T22:31:38","slug":"caderno-de-resumos-anais","status":"publish","type":"page","link":"http:\/\/www.cchla.ufpb.br\/entrad2019\/?page_id=380","title":{"rendered":"Anais"},"content":{"rendered":"<p style=\"text-align: justify;\">Com o objetivo de valorizarmos a publica\u00e7\u00e3o dos trabalhos apresentados no EnTrad, os anais do evento ser\u00e3o publicados na forma de edi\u00e7\u00e3o da revista <strong>Cultura e Tradu\u00e7\u00e3o (Qualis B1)*<\/strong>.<br \/>\nO prazo final para submiss\u00e3o dos textos \u00e9 11\/11\/2019 e os artigos ser\u00e3o submetidos diretamente pelo site <a href=\"https:\/\/periodicos.ufpb.br\/ojs\/index.php\/ct\">https:\/\/periodicos.ufpb.br\/ojs\/index.php\/ct<\/a>, seguindo as diretrizes de publica\u00e7\u00e3o desta edi\u00e7\u00e3o da revista.<\/p>\n<p>* De acordo com a prospec\u00e7\u00e3o da CAPES para o pr\u00f3ximo quadri\u00eanio.<\/p>\n<h3 style=\"text-align: justify;\">Diretrizes para Autores<\/h3>\n<ol>\n<li style=\"text-align: justify;\">Poder\u00e3o publicar artigos pessoas que tenham efetivamente se inscrito no EnTrad 2019 na modalidade de participa\u00e7\u00e3o &#8220;com apresenta\u00e7\u00e3o&#8221;, inclusive estudantes de gradua\u00e7\u00e3o;<\/li>\n<li style=\"text-align: justify;\">O artigo submetido dever\u00e1 ser original, in\u00e9dito e ser baseado em trabalho efetivamente submetido ao EnTrad;<\/li>\n<li style=\"text-align: justify;\">Caso o artigo esteja sendo avaliado por outra publica\u00e7\u00e3o ou caso haja ressalvas em rela\u00e7\u00e3o ao trabalho apresentado no EnTrad o\/a autor justificar\u00e1 a situa\u00e7\u00e3o utilizando os &#8220;Coment\u00e1rios ao Editor&#8221;.<\/li>\n<li style=\"text-align: justify;\">Os arquivos para submiss\u00e3o devem estar em formato Microsoft Word, OpenOffice ou RTF (desde que n\u00e3o ultrapasse os 2MB)<\/li>\n<li style=\"text-align: justify;\">Todos os endere\u00e7os de p\u00e1ginas na Internet (URLs) inclu\u00eddos no texto (Ex.: <a href=\"http:\/\/www.ibict.br\">http:\/\/www.ibict.br<\/a>) devem estar ativos e prontos para clicar.<\/li>\n<li style=\"text-align: justify;\">O texto deve seguir os padr\u00f5es de estilo e requisitos bibliogr\u00e1ficos descritos abaixo:\n<ul>\n<li style=\"text-align: justify;\">M\u00ednimo de 5.000 palavras; M\u00e1ximo de 10.000 palavras (excluindo-se elementos paratextuais como t\u00edtulo, resumo, abstract e refer\u00eancias).<\/li>\n<li>Margem Superior e esquerda: 3 cm<\/li>\n<li>Margem Inferior e direita: 2 cm<\/li>\n<li style=\"text-align: justify;\">T\u00edtulo: Centralizado; Caixa alta; negrito, Times New Roman 14; em portugu\u00eas e em ingl\u00eas.<\/li>\n<li style=\"text-align: justify;\">Identifica\u00e7\u00e3o do autor: Nome completo, com sobrenome em caixa alta; alinhado \u00e0 direita, inserir nota de rodap\u00e9 para identifica\u00e7\u00e3o de titula\u00e7\u00e3o, afilia\u00e7\u00e3o institucional e e-mail para correspond\u00eancia.<\/li>\n<li>Resumo \/Abstract: Times New Roman 11; espa\u00e7o entre linhas: simples; justificado.<\/li>\n<li style=\"text-align: justify;\">Palavras-chave \/ Keywords: Times New Roman 11; Quantidade: 5; separadas por ponto; iniciais mai\u00fasculas.<\/li>\n<li>T\u00edtulos das se\u00e7\u00f5es: Fonte Times New Roman 12; Negrito; Subse\u00e7\u00f5es: it\u00e1lico sem negrito.<\/li>\n<li>Corpo do texto: Fonte Times New Roman 12; espa\u00e7o entre linhas: 1,5; justificado.<\/li>\n<li>Cita\u00e7\u00f5es: Fonte Times New Roman 10; espa\u00e7o entre linhas: simples; recuo: 4,0 cm; justificado. Cita\u00e7\u00f5es em l\u00ednguas estrangeiras devem ser traduzidas no corpo do texto para a l\u00edngua do artigo, colocando-se o original em nota de rodap\u00e9.<\/li>\n<li>Notas de rodap\u00e9: Times New Roman 10; espa\u00e7o entre linhas: simples; justificado.<\/li>\n<li>Ilustra\u00e7\u00f5es (figuras, tabelas, etc): inseridas no texto e n\u00e3o em seu final; legenda na parte superior, Fonte Times New Roman 10, centralizada, precedida da palavra designativa (gr\u00e1fico, quadro, , figura, imagem, entre outros), seguida de seu n\u00famero de ordem de ocorr\u00eancia no texto, em algarismos ar\u00e1bicos, travess\u00e3o e do respectivo t\u00edtulo. Ap\u00f3s a ilustra\u00e7\u00e3o, na parte inferior, indicar a fonte consultada (elemento obrigat\u00f3rio, mesmo que seja produ\u00e7\u00e3o do pr\u00f3prio autor), legenda, notas e outras informa\u00e7\u00f5es necess\u00e1rias \u00e0 sua compreens\u00e3o (se houver). A ilustra\u00e7\u00e3o deve ser citada no texto e inserida o mais pr\u00f3ximo poss\u00edvel do trecho a que se refere.<\/li>\n<li>Refer\u00eancias: Fonte Times New Roman 12; espa\u00e7o simples, com espa\u00e7amento de 0pt antes e 12pt depois de cada entrada; t\u00edtulos de livros em negrito; incluir todas, mas apenas as fontes citadas; n\u00e3o justificado.<\/li>\n<\/ul>\n<\/li>\n<li>Orienta\u00e7\u00f5es para publica\u00e7\u00e3o de entrevistas:\n<ul>\n<li style=\"text-align: justify;\">M\u00e1ximo cinco mil palavras (5.000 palavras);<\/li>\n<li style=\"text-align: justify;\">Devem ser precedidas da apresenta\u00e7\u00e3o de uma biografia do entrevistado em l\u00edngua portuguesa e em ingl\u00eas. Se a entrevista tiver sido realizada em uma l\u00edngua estrangeira diferente do ingl\u00eas, a biografia tamb\u00e9m dever\u00e1 figurar nessa l\u00edngua.<\/li>\n<li style=\"text-align: justify;\">Informar a data de realiza\u00e7\u00e3o, o nome, e-mail e v\u00ednculo institucional (se for o caso) do\/s entrevistador\/es;<\/li>\n<li style=\"text-align: justify;\">Colocar o nome completo dos participantes na primeira pergunta e iniciais nas demais;<\/li>\n<li>Devem ser formatadas da seguinte maneira:\n<ul>\n<li style=\"text-align: justify;\">margem Superior e esquerda: 3 cm<\/li>\n<li style=\"text-align: justify;\">margem Inferior e direita: 2 cm<\/li>\n<li style=\"text-align: justify;\">espa\u00e7o entre linhas: 1,5 cm<\/li>\n<li style=\"text-align: justify;\">fonte do texto: Times New Roman 12<\/li>\n<li style=\"text-align: justify;\">utilizar negrito para as perguntas e caracteres normais para as respostas<\/li>\n<\/ul>\n<\/li>\n<\/ul>\n<\/li>\n<\/ol>\n","protected":false},"excerpt":{"rendered":"<p>Com o objetivo de valorizarmos a publica\u00e7\u00e3o dos trabalhos apresentados no EnTrad, os anais do evento ser\u00e3o publicados na forma de edi\u00e7\u00e3o da revista Cultura e Tradu\u00e7\u00e3o (Qualis B1)*. O prazo final para submiss\u00e3o dos textos \u00e9 11\/11\/2019 e os artigos ser\u00e3o submetidos diretamente pelo site https:\/\/periodicos.ufpb.br\/ojs\/index.php\/ct, seguindo as diretrizes de publica\u00e7\u00e3o desta edi\u00e7\u00e3o da &hellip;<\/p>\n<p class=\"read-more\"> <a class=\"\" href=\"http:\/\/www.cchla.ufpb.br\/entrad2019\/?page_id=380\"> <span class=\"screen-reader-text\">Anais<\/span> Leia mais &raquo;<\/a><\/p>\n","protected":false},"author":3,"featured_media":0,"parent":0,"menu_order":0,"comment_status":"closed","ping_status":"closed","template":"","meta":[],"_links":{"self":[{"href":"http:\/\/www.cchla.ufpb.br\/entrad2019\/index.php?rest_route=\/wp\/v2\/pages\/380"}],"collection":[{"href":"http:\/\/www.cchla.ufpb.br\/entrad2019\/index.php?rest_route=\/wp\/v2\/pages"}],"about":[{"href":"http:\/\/www.cchla.ufpb.br\/entrad2019\/index.php?rest_route=\/wp\/v2\/types\/page"}],"author":[{"embeddable":true,"href":"http:\/\/www.cchla.ufpb.br\/entrad2019\/index.php?rest_route=\/wp\/v2\/users\/3"}],"replies":[{"embeddable":true,"href":"http:\/\/www.cchla.ufpb.br\/entrad2019\/index.php?rest_route=%2Fwp%2Fv2%2Fcomments&post=380"}],"version-history":[{"count":8,"href":"http:\/\/www.cchla.ufpb.br\/entrad2019\/index.php?rest_route=\/wp\/v2\/pages\/380\/revisions"}],"predecessor-version":[{"id":2436,"href":"http:\/\/www.cchla.ufpb.br\/entrad2019\/index.php?rest_route=\/wp\/v2\/pages\/380\/revisions\/2436"}],"wp:attachment":[{"href":"http:\/\/www.cchla.ufpb.br\/entrad2019\/index.php?rest_route=%2Fwp%2Fv2%2Fmedia&parent=380"}],"curies":[{"name":"wp","href":"https:\/\/api.w.org\/{rel}","templated":true}]}}