{"id":382,"date":"2018-08-22T13:32:25","date_gmt":"2018-08-22T16:32:25","guid":{"rendered":"http:\/\/www.cchla.ufpb.br\/entrad2019\/?page_id=382"},"modified":"2018-08-25T12:50:42","modified_gmt":"2018-08-25T15:50:42","slug":"como-chegar-onde-ficar","status":"publish","type":"page","link":"http:\/\/www.cchla.ufpb.br\/entrad2019\/?page_id=382","title":{"rendered":"Como chegar \/ onde ficar"},"content":{"rendered":"<h4><strong>Aeroporto Internacional de Jo\u00e3o Pessoa<\/strong><\/h4>\n<p><span style=\"font-weight: 400;\">O Aeroporto Internacional Presidente Castro Pinto est\u00e1 localizado no munic\u00edpio de Bayeux, Regi\u00e3o Metropolitana de Jo\u00e3o Pessoa, Para\u00edba. Distante 11 km do centro da cidade e a 22 km da praia de Tamba\u00fa, seu acesso se d\u00e1 atrav\u00e9s da BR-230 (regi\u00e3o das praias) ou da Via Oeste (centro da cidade). <\/span><\/p>\n<p><span style=\"font-weight: 400;\">H\u00e1 voos chegando e partindo da cidade em todos os turnos, contudo, h\u00e1 uma preval\u00eancia de chegadas e partidas no per\u00edodo da madrugada. \u00a0O trajeto do aeroporto para a regi\u00e3o das praias pode ser feito de taxi (em torno de R$ 60,00) ou de Uber (em torno de R$ 35,00). <\/span><\/p>\n<h4><strong>Aeroporto Internacional de Recife<\/strong><\/h4>\n<p><span style=\"font-weight: 400;\">O Aeroporto Internacional de Recife est\u00e1 localizado a 131 km de Jo\u00e3o pessoa, tornando-se uma op\u00e7\u00e3o vi\u00e1vel de embarque\/desembarque. O valor do traslado para Jo\u00e3o Pessoa gira em torno R$370,00 de t\u00e1xi ou de Uber e R$45,00 de \u00f4nibus. \u00a0\u00a0<\/span><\/p>\n<h4><strong>Estada<\/strong><\/h4>\n<p><span style=\"font-weight: 400;\">A maior parte dos <\/span><i><span style=\"font-weight: 400;\">hostels<\/span><\/i><span style=\"font-weight: 400;\">, pousadas e hot\u00e9is de Jo\u00e3o Pessoa localizam-se na regi\u00e3o das praias, nos bairros do Cabo Branco, Tamba\u00fa e Mana\u00edra, com di\u00e1rias variando de R$80,00 a R$350,00.<\/span><\/p>\n","protected":false},"excerpt":{"rendered":"<p>Aeroporto Internacional de Jo\u00e3o Pessoa O Aeroporto Internacional Presidente Castro Pinto est\u00e1 localizado no munic\u00edpio de Bayeux, Regi\u00e3o Metropolitana de Jo\u00e3o Pessoa, Para\u00edba. Distante 11 km do centro da cidade e a 22 km da praia de Tamba\u00fa, seu acesso se d\u00e1 atrav\u00e9s da BR-230 (regi\u00e3o das praias) ou da Via Oeste (centro da cidade). &hellip;<\/p>\n<p class=\"read-more\"> <a class=\"\" href=\"http:\/\/www.cchla.ufpb.br\/entrad2019\/?page_id=382\"> <span class=\"screen-reader-text\">Como chegar \/ onde ficar<\/span> Leia mais &raquo;<\/a><\/p>\n","protected":false},"author":3,"featured_media":0,"parent":0,"menu_order":0,"comment_status":"closed","ping_status":"closed","template":"","meta":[],"_links":{"self":[{"href":"http:\/\/www.cchla.ufpb.br\/entrad2019\/index.php?rest_route=\/wp\/v2\/pages\/382"}],"collection":[{"href":"http:\/\/www.cchla.ufpb.br\/entrad2019\/index.php?rest_route=\/wp\/v2\/pages"}],"about":[{"href":"http:\/\/www.cchla.ufpb.br\/entrad2019\/index.php?rest_route=\/wp\/v2\/types\/page"}],"author":[{"embeddable":true,"href":"http:\/\/www.cchla.ufpb.br\/entrad2019\/index.php?rest_route=\/wp\/v2\/users\/3"}],"replies":[{"embeddable":true,"href":"http:\/\/www.cchla.ufpb.br\/entrad2019\/index.php?rest_route=%2Fwp%2Fv2%2Fcomments&post=382"}],"version-history":[{"count":4,"href":"http:\/\/www.cchla.ufpb.br\/entrad2019\/index.php?rest_route=\/wp\/v2\/pages\/382\/revisions"}],"predecessor-version":[{"id":537,"href":"http:\/\/www.cchla.ufpb.br\/entrad2019\/index.php?rest_route=\/wp\/v2\/pages\/382\/revisions\/537"}],"wp:attachment":[{"href":"http:\/\/www.cchla.ufpb.br\/entrad2019\/index.php?rest_route=%2Fwp%2Fv2%2Fmedia&parent=382"}],"curies":[{"name":"wp","href":"https:\/\/api.w.org\/{rel}","templated":true}]}}