{"id":631,"date":"2018-08-29T14:20:28","date_gmt":"2018-08-29T17:20:28","guid":{"rendered":"http:\/\/www.cchla.ufpb.br\/entrad2019\/?page_id=631"},"modified":"2018-08-31T15:19:07","modified_gmt":"2018-08-31T18:19:07","slug":"how-to-get-to-joao-pessoa-and-where-to-stay","status":"publish","type":"page","link":"http:\/\/www.cchla.ufpb.br\/entrad2019\/?page_id=631&lang=en","title":{"rendered":"Coming to Jo\u00e3o Pessoa \/ Where to stay"},"content":{"rendered":"<h4><span style=\"font-weight: 400;\">Jo\u00e3o Pessoa International Airport <\/span><\/h4>\n<p><span style=\"font-weight: 400;\"><br \/>\nPresidente Castro Pinto International Airport is located in the city of Bayeux, Jo\u00e3o Pessoa metropolitan area, in Para\u00edba (Brazil). Being 11 km away from the center of the city and 22 km away from the beach of Tamba\u00fa, it\u2019s access is through the route BR-230 (beaches region) or Via Oeste (downtown).<\/span><\/p>\n<p><span style=\"font-weight: 400;\">There are flights arrivals and departures during all day long. The route from the airport to the region of the beaches can be made by taxi (around US$ 15,00) or Uber (around US$ 8,00).<\/span><\/p>\n<h4><span style=\"font-weight: 400;\">Recife International Airport<\/span><\/h4>\n<p><span style=\"font-weight: 400;\"><br \/>\n<\/span><span style=\"font-weight: 400;\">Recife International Airport is located 131 km away from Jo\u00e3o Pessoa, which might be a viable option for boarding \/ disembarking. The route to Jo\u00e3o Pessoa costs around US$89,00 \u00a0by taxi or Uber and US$11 by bus.<\/span><\/p>\n<h4><span style=\"font-weight: 400;\">Where to stay<\/p>\n<p><\/span><\/h4>\n<p><span style=\"font-weight: 400;\">Most hostels, lodges and hotels in Jo\u00e3o Pessoa are located in the region of the beaches, in the neighborhoods of Cabo Branco, Tamba\u00fa and Mana\u00edra, with daily rates ranging from US$20,00 to US$ 85,00. <\/span><\/p>\n","protected":false},"excerpt":{"rendered":"<p>Jo\u00e3o Pessoa International Airport Presidente Castro Pinto International Airport is located in the city of Bayeux, Jo\u00e3o Pessoa metropolitan area, in Para\u00edba (Brazil). Being 11 km away from the center of the city and 22 km away from the beach of Tamba\u00fa, it\u2019s access is through the route BR-230 (beaches region) or Via Oeste (downtown). &hellip;<\/p>\n<p class=\"read-more\"> <a class=\"\" href=\"http:\/\/www.cchla.ufpb.br\/entrad2019\/?page_id=631&#038;lang=en\"> <span class=\"screen-reader-text\">Coming to Jo\u00e3o Pessoa \/ Where to stay<\/span> Leia mais &raquo;<\/a><\/p>\n","protected":false},"author":2,"featured_media":0,"parent":0,"menu_order":0,"comment_status":"closed","ping_status":"closed","template":"","meta":[],"_links":{"self":[{"href":"http:\/\/www.cchla.ufpb.br\/entrad2019\/index.php?rest_route=\/wp\/v2\/pages\/631"}],"collection":[{"href":"http:\/\/www.cchla.ufpb.br\/entrad2019\/index.php?rest_route=\/wp\/v2\/pages"}],"about":[{"href":"http:\/\/www.cchla.ufpb.br\/entrad2019\/index.php?rest_route=\/wp\/v2\/types\/page"}],"author":[{"embeddable":true,"href":"http:\/\/www.cchla.ufpb.br\/entrad2019\/index.php?rest_route=\/wp\/v2\/users\/2"}],"replies":[{"embeddable":true,"href":"http:\/\/www.cchla.ufpb.br\/entrad2019\/index.php?rest_route=%2Fwp%2Fv2%2Fcomments&post=631"}],"version-history":[{"count":4,"href":"http:\/\/www.cchla.ufpb.br\/entrad2019\/index.php?rest_route=\/wp\/v2\/pages\/631\/revisions"}],"predecessor-version":[{"id":766,"href":"http:\/\/www.cchla.ufpb.br\/entrad2019\/index.php?rest_route=\/wp\/v2\/pages\/631\/revisions\/766"}],"wp:attachment":[{"href":"http:\/\/www.cchla.ufpb.br\/entrad2019\/index.php?rest_route=%2Fwp%2Fv2%2Fmedia&parent=631"}],"curies":[{"name":"wp","href":"https:\/\/api.w.org\/{rel}","templated":true}]}}