{"id":688,"date":"2018-08-29T15:53:05","date_gmt":"2018-08-29T18:53:05","guid":{"rendered":"http:\/\/www.cchla.ufpb.br\/entrad2019\/?page_id=688"},"modified":"2018-09-05T21:31:35","modified_gmt":"2018-09-06T00:31:35","slug":"about-joao-pessoa","status":"publish","type":"page","link":"http:\/\/www.cchla.ufpb.br\/entrad2019\/?page_id=688&lang=en","title":{"rendered":"About Jo\u00e3o Pessoa"},"content":{"rendered":"<p><a href=\"https:\/\/www.youtube.com\/watch?v=iIZuTimMhvo\">Jo\u00e3o Pessoa &amp; Para\u00edba&#8217;s Coast (Beaches &amp; City)<\/a><\/p>\n<p><a href=\"https:\/\/www.youtube.com\/watch?v=b3BeJXLwhek\">Joao Pessoa Video in English<\/a><\/p>\n<p><a href=\"https:\/\/www.youtube.com\/watch?v=xsNQs0AthxQ\">Joao Pessoa, Brazil. Info-video in English<\/a><\/p>\n<p><a href=\"https:\/\/www.youtube.com\/watch?v=A-06T-DeepQ\">Jo\u00e3o Pessoa View from above<\/a><\/p>\n","protected":false},"excerpt":{"rendered":"<p>Jo\u00e3o Pessoa &amp; Para\u00edba&#8217;s Coast (Beaches &amp; City) Joao Pessoa Video in English Joao Pessoa, Brazil. Info-video in English Jo\u00e3o Pessoa View from above<\/p>\n","protected":false},"author":2,"featured_media":0,"parent":0,"menu_order":0,"comment_status":"closed","ping_status":"closed","template":"","meta":[],"_links":{"self":[{"href":"http:\/\/www.cchla.ufpb.br\/entrad2019\/index.php?rest_route=\/wp\/v2\/pages\/688"}],"collection":[{"href":"http:\/\/www.cchla.ufpb.br\/entrad2019\/index.php?rest_route=\/wp\/v2\/pages"}],"about":[{"href":"http:\/\/www.cchla.ufpb.br\/entrad2019\/index.php?rest_route=\/wp\/v2\/types\/page"}],"author":[{"embeddable":true,"href":"http:\/\/www.cchla.ufpb.br\/entrad2019\/index.php?rest_route=\/wp\/v2\/users\/2"}],"replies":[{"embeddable":true,"href":"http:\/\/www.cchla.ufpb.br\/entrad2019\/index.php?rest_route=%2Fwp%2Fv2%2Fcomments&post=688"}],"version-history":[{"count":4,"href":"http:\/\/www.cchla.ufpb.br\/entrad2019\/index.php?rest_route=\/wp\/v2\/pages\/688\/revisions"}],"predecessor-version":[{"id":792,"href":"http:\/\/www.cchla.ufpb.br\/entrad2019\/index.php?rest_route=\/wp\/v2\/pages\/688\/revisions\/792"}],"wp:attachment":[{"href":"http:\/\/www.cchla.ufpb.br\/entrad2019\/index.php?rest_route=%2Fwp%2Fv2%2Fmedia&parent=688"}],"curies":[{"name":"wp","href":"https:\/\/api.w.org\/{rel}","templated":true}]}}