{"id":703,"date":"2018-08-29T16:00:52","date_gmt":"2018-08-29T19:00:52","guid":{"rendered":"http:\/\/www.cchla.ufpb.br\/entrad2019\/?page_id=703"},"modified":"2019-09-03T17:00:28","modified_gmt":"2019-09-03T20:00:28","slug":"application","status":"publish","type":"page","link":"http:\/\/www.cchla.ufpb.br\/entrad2019\/?page_id=703&lang=en","title":{"rendered":"Registration and Payment"},"content":{"rendered":"<p style=\"text-align: left;\">Registration must be done via the form available in the link below:<\/p>\n<p style=\"text-align: center;\"><a class=\"fasc-button fasc-size-large fasc-type-flat fasc-rounded-medium ico-fa fasc-ico-before fa-check-square-o fasc-style-bold\" style=\"background-color: #209e46; color: #ffffff;\" target=\"_blank\" rel=\"noopener noreferrer\" href=\"https:\/\/forms.gle\/R3N2d3MXHCpzjwP49\">Registration Form<\/a><\/p>\n<p style=\"text-align: left;\"><strong>Forms of Participation:<br \/>\n<\/strong>There are two ways of participating in ENTRAD 2019: as a presenter or as a listener.<br \/>\nIf you want to present an oral communication or a poster, see <a href=\"http:\/\/www.cchla.ufpb.br\/entrad2019\/?page_id=701&amp;lang=en\">HERE<\/a> the guidelines and the deadlines for submission.<br \/>\nOtherwise, you can participate as a listener.<\/p>\n<p><strong>Payment:<br \/>\n<\/strong>Payment must be done via bank transfer (see bank account number below) and the receipt must be submitted in the registration form.<\/p>\n<p><strong>Bank Account Number:<br \/>\n<\/strong>Name: Associa\u00e7\u00e3o Brasileira de Pesquisadores em Tradu\u00e7\u00e3o (ABRAPT)<br \/>\nFederal Tax ID (CNPJ): 69.270.825\/0001-22<br \/>\n001 Banco do Brasil<br \/>\nBank Branch: 1619-5<br \/>\nCurrent Account: 43.925-8<\/p>\n<p>SWIFT number: BRASBRRJSBO<\/p>\n<p>Registration fees are as shown below. All fees are in US Dollars.<\/p>\n<table style=\"border-collapse: collapse; width: 101.158%; height: 237px;\">\n<tbody>\n<tr style=\"height: 74px;\">\n<td style=\"width: 31.9466%; height: 74px; text-align: center;\"><strong>Oral communication or poster presenter*<\/strong><br \/>\n<strong>(certificate of participation and presentation)<\/strong><\/td>\n<td style=\"width: 22.5759%; text-align: center; height: 74px;\"><strong><del>Until May 31st<\/del><\/strong>&nbsp;&nbsp;&nbsp;<\/p>\n<p>US$<\/td>\n<td style=\"width: 23.1187%; text-align: center; height: 74px;\"><del><strong>June 1st &#8211; June 30th<\/strong><\/del>&nbsp;&nbsp;&nbsp;<\/p>\n<p>US$<\/td>\n<td style=\"width: 27.9073%; text-align: center; height: 74px;\"><del><strong>July 1st &#8211; August 30th<\/strong><\/del>&nbsp;&nbsp;&nbsp;<\/p>\n<p>US$<\/td>\n<\/tr>\n<tr style=\"height: 36px;\">\n<td style=\"width: 31.9466%; height: 36px; text-align: center;\">Professors and Researchers<\/td>\n<td style=\"width: 22.5759%; height: 36px; text-align: center;\"><del>100<\/del><\/td>\n<td style=\"width: 23.1187%; height: 36px; text-align: center;\"><del>120<\/del><\/td>\n<td style=\"width: 27.9073%; height: 36px; text-align: center;\"><del>150<\/del><\/td>\n<\/tr>\n<tr style=\"height: 55px;\">\n<td style=\"width: 31.9466%; height: 55px; text-align: center;\">Translators and Other Professionals<\/td>\n<td style=\"width: 22.5759%; height: 55px; text-align: center;\"><del>80<\/del><\/td>\n<td style=\"width: 23.1187%; height: 55px; text-align: center;\"><del>90<\/del><\/td>\n<td style=\"width: 27.9073%; height: 55px; text-align: center;\"><del>115<\/del><\/td>\n<\/tr>\n<tr style=\"height: 36px;\">\n<td style=\"width: 31.9466%; height: 36px; text-align: center;\">Graduate Students<\/td>\n<td style=\"width: 22.5759%; height: 36px; text-align: center;\"><del>50<\/del><\/td>\n<td style=\"width: 23.1187%; height: 36px; text-align: center;\"><del>60<\/del><\/td>\n<td style=\"width: 27.9073%; height: 36px; text-align: center;\"><del>75<\/del><\/td>\n<\/tr>\n<tr style=\"height: 36px;\">\n<td style=\"width: 31.9466%; height: 36px; text-align: center;\">Undergraduate Students<\/td>\n<td style=\"width: 22.5759%; height: 36px; text-align: center;\"><del>20<\/del><\/td>\n<td style=\"width: 23.1187%; height: 36px; text-align: center;\"><del>25<\/del><\/td>\n<td style=\"width: 27.9073%; height: 36px; text-align: center;\"><del>30<\/del><\/td>\n<\/tr>\n<\/tbody>\n<\/table>\n<p>* Those who register in this category will be given ABRAPT membership, in accordance with what is described in the Association Statute, <em>Title III \u2013 Of the Associates, duties and rights \u2013 Article 3rd.<\/em><\/p>\n<table style=\"border-collapse: collapse; width: 101.158%; height: 237px;\">\n<tbody>\n<tr style=\"height: 74px;\">\n<td style=\"width: 31.9466%; height: 74px; text-align: center;\"><strong>Listener<\/strong><br \/>\n<strong>(certificate of participation)<\/strong><\/td>\n<td style=\"width: 22.5759%; text-align: center; height: 74px;\"><strong><del>Until May 31st<\/del><\/strong>&nbsp;&nbsp;&nbsp;<\/p>\n<p>US$<\/td>\n<td style=\"width: 23.1187%; text-align: center; height: 74px;\"><del><strong>June 1st &#8211; June 30th<\/strong><\/del>&nbsp;&nbsp;&nbsp;<\/p>\n<p>US$<\/td>\n<td style=\"width: 27.9073%; text-align: center; height: 74px;\"><del><strong>July 1st &#8211; August 30th<\/strong><\/del>&nbsp;&nbsp;&nbsp;<\/p>\n<p>US$<\/td>\n<\/tr>\n<tr style=\"height: 36px;\">\n<td style=\"width: 31.9466%; height: 36px; text-align: center;\">Professors, Researchers, Translators and Other Professionals<\/td>\n<td style=\"width: 22.5759%; height: 36px; text-align: center;\"><del>25<\/del><\/td>\n<td style=\"width: 23.1187%; height: 36px; text-align: center;\"><del>30<\/del><\/td>\n<td style=\"width: 27.9073%; height: 36px; text-align: center;\"><del>35<\/del><\/td>\n<\/tr>\n<tr style=\"height: 36px;\">\n<td style=\"width: 31.9466%; height: 36px; text-align: center;\">Graduate Students<\/td>\n<td style=\"width: 22.5759%; height: 36px; text-align: center;\"><del>20<\/del><\/td>\n<td style=\"width: 23.1187%; height: 36px; text-align: center;\"><del>25<\/del><\/td>\n<td style=\"width: 27.9073%; height: 36px; text-align: center;\"><del>30<\/del><\/td>\n<\/tr>\n<tr style=\"height: 36px;\">\n<td style=\"width: 31.9466%; height: 36px; text-align: center;\">Undergraduate Students<\/td>\n<td style=\"width: 22.5759%; height: 36px; text-align: center;\"><del>15<\/del><\/td>\n<td style=\"width: 23.1187%; height: 36px; text-align: center;\"><del>20<\/del><\/td>\n<td style=\"width: 27.9073%; height: 36px; text-align: center;\"><del>25<\/del><\/td>\n<\/tr>\n<\/tbody>\n<\/table>\n","protected":false},"excerpt":{"rendered":"<p>Registration must be done via the form available in the link below: Registration Form Forms of Participation: There are two ways of participating in ENTRAD 2019: as a presenter or as a listener. If you want to present an oral communication or a poster, see HERE the guidelines and the deadlines for submission. Otherwise, you &hellip;<\/p>\n<p class=\"read-more\"> <a class=\"\" href=\"http:\/\/www.cchla.ufpb.br\/entrad2019\/?page_id=703&#038;lang=en\"> <span class=\"screen-reader-text\">Registration and Payment<\/span> Leia mais &raquo;<\/a><\/p>\n","protected":false},"author":2,"featured_media":0,"parent":0,"menu_order":0,"comment_status":"closed","ping_status":"closed","template":"","meta":[],"_links":{"self":[{"href":"http:\/\/www.cchla.ufpb.br\/entrad2019\/index.php?rest_route=\/wp\/v2\/pages\/703"}],"collection":[{"href":"http:\/\/www.cchla.ufpb.br\/entrad2019\/index.php?rest_route=\/wp\/v2\/pages"}],"about":[{"href":"http:\/\/www.cchla.ufpb.br\/entrad2019\/index.php?rest_route=\/wp\/v2\/types\/page"}],"author":[{"embeddable":true,"href":"http:\/\/www.cchla.ufpb.br\/entrad2019\/index.php?rest_route=\/wp\/v2\/users\/2"}],"replies":[{"embeddable":true,"href":"http:\/\/www.cchla.ufpb.br\/entrad2019\/index.php?rest_route=%2Fwp%2Fv2%2Fcomments&post=703"}],"version-history":[{"count":21,"href":"http:\/\/www.cchla.ufpb.br\/entrad2019\/index.php?rest_route=\/wp\/v2\/pages\/703\/revisions"}],"predecessor-version":[{"id":1834,"href":"http:\/\/www.cchla.ufpb.br\/entrad2019\/index.php?rest_route=\/wp\/v2\/pages\/703\/revisions\/1834"}],"wp:attachment":[{"href":"http:\/\/www.cchla.ufpb.br\/entrad2019\/index.php?rest_route=%2Fwp%2Fv2%2Fmedia&parent=703"}],"curies":[{"name":"wp","href":"https:\/\/api.w.org\/{rel}","templated":true}]}}