{"id":79,"date":"2018-07-31T21:34:31","date_gmt":"2018-08-01T00:34:31","guid":{"rendered":"http:\/\/www.cchla.ufpb.br\/entrad2019\/?page_id=79"},"modified":"2019-04-11T16:44:13","modified_gmt":"2019-04-11T19:44:13","slug":"breve-historico-da-abrapt","status":"publish","type":"page","link":"http:\/\/www.cchla.ufpb.br\/entrad2019\/?page_id=79","title":{"rendered":"Breve Hist\u00f3rico da ABRAPT"},"content":{"rendered":"<p style=\"text-align: justify;\">Fundada no dia <span style=\"display: inline !important; float: none; background-color: transparent; color: #333333; cursor: text; font-family: Georgia,'Times New Roman','Bitstream Charter',Times,serif; font-size: 16px; font-style: normal; font-variant: normal; font-weight: 400; letter-spacing: normal; orphans: 2; text-align: left; text-decoration: none; text-indent: 0px; text-transform: none; -webkit-text-stroke-width: 0px; white-space: normal; word-spacing: 0px;\">3 de abril de 1992, durante o encontro do Grupo Regional de Trabalho de Tradu\u00e7\u00e3o da ANPOLL, a<\/span> ABRAPT \u00e9 uma associa\u00e7\u00e3o civil de car\u00e1ter cient\u00edfico, sem fins lucrativos, que congrega professores universit\u00e1rios, alunos de gradua\u00e7\u00e3o, p\u00f3s-gradua\u00e7\u00e3o e pesquisadores das \u00e1reas de tradu\u00e7\u00e3o e interpreta\u00e7\u00e3o. Sua primeira Diretoria teve como presidente o Prof. Dr. M\u00e1rio Laranjeira, da Universidade de S\u00e3o Paulo e vice-presidente a Profa. Dra. Rosemary Arrojo, da UNICAMP. <a href=\"https:\/\/www.youtube.com\/watch?v=5yAm_Vtnwf8\">Veja aqui um breve v\u00eddeo de apresenta\u00e7\u00e3o<\/a><\/p>\n<p style=\"text-align: justify;\">Ver tamb\u00e9m o artigo &#8220;<a href=\"http:\/\/www.seer.ufu.br\/index.php\/dominiosdelinguagem\/article\/view\/37372\/21482\">Os Estudos da Tradu\u00e7\u00e3o no Brasil: a ABRAPT e o Encontro Nacional de Tradutores<\/a>&#8221; (2017) de autoria de\u00a0<span class=\"fontstyle0\">Ana Julita Oliveira da Silva<span style=\"font-family: Cambria; font-size: small;\">, <\/span><\/span><span class=\"fontstyle0\">Marileide Dias Esqueda<span style=\"font-family: Cambria; font-size: small;\"> e<\/span> <\/span><span class=\"fontstyle0\">Tania Liparini Campos, publicado em<br \/>\n<\/span><span class=\"fontstyle0\"><a href=\"http:\/\/www.seer.ufu.br\/index.php\/dominiosdelinguagem\/article\/view\/37372\">http:\/\/www.seer.ufu.br\/index.php\/dominiosdelinguagem\/article\/view\/37372.<\/a><\/span><\/p>\n<p style=\"text-align: justify;\">\n","protected":false},"excerpt":{"rendered":"<p>Fundada no dia 3 de abril de 1992, durante o encontro do Grupo Regional de Trabalho de Tradu\u00e7\u00e3o da ANPOLL, a ABRAPT \u00e9 uma associa\u00e7\u00e3o civil de car\u00e1ter cient\u00edfico, sem fins lucrativos, que congrega professores universit\u00e1rios, alunos de gradua\u00e7\u00e3o, p\u00f3s-gradua\u00e7\u00e3o e pesquisadores das \u00e1reas de tradu\u00e7\u00e3o e interpreta\u00e7\u00e3o. Sua primeira Diretoria teve como presidente o &hellip;<\/p>\n<p class=\"read-more\"> <a class=\"\" href=\"http:\/\/www.cchla.ufpb.br\/entrad2019\/?page_id=79\"> <span class=\"screen-reader-text\">Breve Hist\u00f3rico da ABRAPT<\/span> Leia mais &raquo;<\/a><\/p>\n","protected":false},"author":2,"featured_media":0,"parent":0,"menu_order":0,"comment_status":"closed","ping_status":"closed","template":"","meta":[],"_links":{"self":[{"href":"http:\/\/www.cchla.ufpb.br\/entrad2019\/index.php?rest_route=\/wp\/v2\/pages\/79"}],"collection":[{"href":"http:\/\/www.cchla.ufpb.br\/entrad2019\/index.php?rest_route=\/wp\/v2\/pages"}],"about":[{"href":"http:\/\/www.cchla.ufpb.br\/entrad2019\/index.php?rest_route=\/wp\/v2\/types\/page"}],"author":[{"embeddable":true,"href":"http:\/\/www.cchla.ufpb.br\/entrad2019\/index.php?rest_route=\/wp\/v2\/users\/2"}],"replies":[{"embeddable":true,"href":"http:\/\/www.cchla.ufpb.br\/entrad2019\/index.php?rest_route=%2Fwp%2Fv2%2Fcomments&post=79"}],"version-history":[{"count":10,"href":"http:\/\/www.cchla.ufpb.br\/entrad2019\/index.php?rest_route=\/wp\/v2\/pages\/79\/revisions"}],"predecessor-version":[{"id":1415,"href":"http:\/\/www.cchla.ufpb.br\/entrad2019\/index.php?rest_route=\/wp\/v2\/pages\/79\/revisions\/1415"}],"wp:attachment":[{"href":"http:\/\/www.cchla.ufpb.br\/entrad2019\/index.php?rest_route=%2Fwp%2Fv2%2Fmedia&parent=79"}],"curies":[{"name":"wp","href":"https:\/\/api.w.org\/{rel}","templated":true}]}}