{"id":119,"date":"2026-03-16T09:29:00","date_gmt":"2026-03-16T12:29:00","guid":{"rendered":"https:\/\/www.cchla.ufpb.br\/espanhol\/?page_id=119"},"modified":"2026-03-16T09:51:45","modified_gmt":"2026-03-16T12:51:45","slug":"posgrado","status":"publish","type":"page","link":"https:\/\/www.cchla.ufpb.br\/espanhol\/posgrado\/","title":{"rendered":"Posgrado"},"content":{"rendered":"\n<p><a href=\"https:\/\/www.cchla.ufpb.br\/espanhol\/programa-de-postgrado-en-ciencias-politicas-y-relaciones-internacionales-cpri\/\" data-type=\"page\" data-id=\"127\">Programa de Postgrado en Ciencias Pol\u00edticas y Relaciones Internacionales (CPRI)<\/a><\/p>\n\n\n\n<p><a href=\"https:\/\/www.cchla.ufpb.br\/espanhol\/programa-de-postgrado-en-comunicacion-ppgc\/\" data-type=\"page\" data-id=\"129\">Programa De Postgrado en Comunicaci\u00f3n (PPGC)<\/a><\/p>\n\n\n\n<p><strong><a href=\"https:\/\/www.cchla.ufpb.br\/espanhol\/programa-de-postgrado-en-derechos-humanos-ciudadania-y-politicas-publicas-ppgdh\/\" data-type=\"page\" data-id=\"131\">Programa De Postgrado en Derechos Humanos, Ciudadan\u00eda y Pol\u00edticas P\u00fablicas (PPGDH)<\/a><\/strong><\/p>\n\n\n\n<p><a href=\"https:\/\/www.cchla.ufpb.br\/espanhol\/programa-de-posgrado-en-filosofia\/\" data-type=\"page\" data-id=\"133\">Programa de Posgrado en Filosof\u00eda<\/a><\/p>\n\n\n\n<p><strong><a href=\"https:\/\/www.cchla.ufpb.br\/espanhol\/programa-de-postgrado-en-historia-ppgh\/\" data-type=\"page\" data-id=\"135\">Programa De Postgrado en Historia (PPGH)<\/a><\/strong><\/p>\n\n\n\n<p><a href=\"https:\/\/www.cchla.ufpb.br\/espanhol\/programa-de-posgrado-en-linguistica\/\" data-type=\"page\" data-id=\"138\">Programa de Posgrado en Ling\u00fc\u00edstica<\/a><\/p>\n\n\n\n<p><a href=\"https:\/\/www.cchla.ufpb.br\/espanhol\/programa-de-posgrado-en-neurociencia-cognitiva-y-conducta\/\" data-type=\"page\" data-id=\"140\">Programa de Posgrado en Neurociencia Cognitiva y Conducta<\/a><\/p>\n\n\n\n<p><a href=\"https:\/\/www.cchla.ufpb.br\/espanhol\/postgrado-en-psicologia-social\/\" data-type=\"page\" data-id=\"142\">Postgrado en Psicolog\u00eda Social<\/a><\/p>\n\n\n\n<p><strong><a href=\"https:\/\/www.cchla.ufpb.br\/espanhol\/programa-de-postgrado-en-trabajo-social-ppgss\/\" data-type=\"page\" data-id=\"144\">Programa De Postgrado en Trabajo Social (PPGSS)<\/a><\/strong><\/p>\n\n\n\n<p><\/p>\n","protected":false},"excerpt":{"rendered":"<p>Programa de Postgrado en Ciencias Pol\u00edticas y Relaciones Internacionales (CPRI) Programa De Postgrado en Comunicaci\u00f3n [&hellip;]<\/p>\n","protected":false},"author":47,"featured_media":0,"parent":0,"menu_order":0,"comment_status":"closed","ping_status":"closed","template":"","meta":{"footnotes":""},"class_list":["post-119","page","type-page","status-publish","hentry"],"_links":{"self":[{"href":"https:\/\/www.cchla.ufpb.br\/espanhol\/wp-json\/wp\/v2\/pages\/119","targetHints":{"allow":["GET"]}}],"collection":[{"href":"https:\/\/www.cchla.ufpb.br\/espanhol\/wp-json\/wp\/v2\/pages"}],"about":[{"href":"https:\/\/www.cchla.ufpb.br\/espanhol\/wp-json\/wp\/v2\/types\/page"}],"author":[{"embeddable":true,"href":"https:\/\/www.cchla.ufpb.br\/espanhol\/wp-json\/wp\/v2\/users\/47"}],"replies":[{"embeddable":true,"href":"https:\/\/www.cchla.ufpb.br\/espanhol\/wp-json\/wp\/v2\/comments?post=119"}],"version-history":[{"count":5,"href":"https:\/\/www.cchla.ufpb.br\/espanhol\/wp-json\/wp\/v2\/pages\/119\/revisions"}],"predecessor-version":[{"id":147,"href":"https:\/\/www.cchla.ufpb.br\/espanhol\/wp-json\/wp\/v2\/pages\/119\/revisions\/147"}],"wp:attachment":[{"href":"https:\/\/www.cchla.ufpb.br\/espanhol\/wp-json\/wp\/v2\/media?parent=119"}],"curies":[{"name":"wp","href":"https:\/\/api.w.org\/{rel}","templated":true}]}}