{"id":127,"date":"2026-03-16T09:39:13","date_gmt":"2026-03-16T12:39:13","guid":{"rendered":"https:\/\/www.cchla.ufpb.br\/espanhol\/?page_id=127"},"modified":"2026-03-16T09:39:13","modified_gmt":"2026-03-16T12:39:13","slug":"programa-de-postgrado-en-ciencias-politicas-y-relaciones-internacionales-cpri","status":"publish","type":"page","link":"https:\/\/www.cchla.ufpb.br\/espanhol\/programa-de-postgrado-en-ciencias-politicas-y-relaciones-internacionales-cpri\/","title":{"rendered":"Programa de Postgrado en Ciencias Pol\u00edticas y Relaciones Internacionales (CPRI)"},"content":{"rendered":"\n<p>Presentaci\u00f3n<\/p>\n\n\n\n<p>El Programa de Posgrado en Ciencias Pol\u00edticas y Relaciones Internacionales (PPGCPRI) de la UFPB fue creado con el prop\u00f3sito de consolidar una agenda de investigaci\u00f3n integrada, buscando producir, te\u00f3rica y metodol\u00f3gicamente, un conocimiento fomentado en com\u00fan entre estos dos campos disciplinarios. Los objetivos principales del Programa son promover una s\u00f3lida formaci\u00f3n de recursos humanos y la generaci\u00f3n de investigaci\u00f3n cient\u00edfica calificada en Ciencias Pol\u00edticas y Relaciones Internacionales, con el fin de contribuir al desarrollo nacional, con \u00e9nfasis en la regi\u00f3n noreste.<\/p>\n\n\n\n<p>1.4 \u00c1rea de Concentraci\u00f3n y L\u00edneas de Investigaci\u00f3n<\/p>\n\n\n\n<h2 class=\"wp-block-heading\"><div class=\"linha-header\">Doctorado<\/div><\/h2>\n\n\n\n<ul class=\"wp-block-list\">\n<li><strong>CIENCIAS POL\u00cdTICAS Y RELACIONES INTERNACIONALES<\/strong>\n<ul class=\"wp-block-list\">\n<li><strong>L\u00edneas de Investigaci\u00f3n:<\/strong><ul><li>INSTITUCIONES POL\u00cdTICAS, POL\u00cdTICA EXTERIOR Y SEGURIDAD INTERNACIONAL<\/li><\/ul><ul><li>TEOR\u00cdA POL\u00cdTICA, POL\u00cdTICAS P\u00daBLICAS Y DEMOCRACIA<\/li><\/ul>\n<ul class=\"wp-block-list\">\n<li>ECONOM\u00cdA POL\u00cdTICA, COOPERACI\u00d3N INTERNACIONAL Y DESARROLLO<\/li>\n<\/ul>\n<\/li>\n<\/ul>\n<\/li>\n<\/ul>\n\n\n\n<h2 class=\"wp-block-heading\"><div class=\"linha-header\">Maestr\u00eda<\/div><\/h2>\n\n\n\n<ul class=\"wp-block-list\">\n<li><strong>CIENCIAS POL\u00cdTICAS Y RELACIONES INTERNACIONALES<\/strong>\n<ul class=\"wp-block-list\">\n<li><strong>L\u00edneas de Investigaci\u00f3n:<\/strong><ul><li>INSTITUCIONES POL\u00cdTICAS, POL\u00cdTICA EXTERIOR Y SEGURIDAD INTERNACIONAL<\/li><\/ul><ul><li>ECONOM\u00cdA POL\u00cdTICA, COOPERACI\u00d3N INTERNACIONAL Y DESARROLLO<\/li><\/ul>\n<ul class=\"wp-block-list\">\n<li>TEOR\u00cdA POL\u00cdTICA, POL\u00cdTICAS P\u00daBLICAS Y DEMOCRACIA<\/li>\n<\/ul>\n<\/li>\n<\/ul>\n<\/li>\n<\/ul>\n\n\n\n<p>M\u00e1s informaci\u00f3n en: <a href=\"https:\/\/sigaa.ufpb.br\/sigaa\/public\/programa\/apresentacao.jsf?lc=pt_BR&amp;id=3139\">https:\/\/sigaa.ufpb.br\/sigaa\/public\/programa\/apresentacao.jsf?lc=en_US&amp;id=3139<\/a><\/p>\n","protected":false},"excerpt":{"rendered":"<p>Presentaci\u00f3n El Programa de Posgrado en Ciencias Pol\u00edticas y Relaciones Internacionales (PPGCPRI) de la UFPB [&hellip;]<\/p>\n","protected":false},"author":47,"featured_media":0,"parent":0,"menu_order":0,"comment_status":"closed","ping_status":"closed","template":"","meta":{"footnotes":""},"class_list":["post-127","page","type-page","status-publish","hentry"],"_links":{"self":[{"href":"https:\/\/www.cchla.ufpb.br\/espanhol\/wp-json\/wp\/v2\/pages\/127","targetHints":{"allow":["GET"]}}],"collection":[{"href":"https:\/\/www.cchla.ufpb.br\/espanhol\/wp-json\/wp\/v2\/pages"}],"about":[{"href":"https:\/\/www.cchla.ufpb.br\/espanhol\/wp-json\/wp\/v2\/types\/page"}],"author":[{"embeddable":true,"href":"https:\/\/www.cchla.ufpb.br\/espanhol\/wp-json\/wp\/v2\/users\/47"}],"replies":[{"embeddable":true,"href":"https:\/\/www.cchla.ufpb.br\/espanhol\/wp-json\/wp\/v2\/comments?post=127"}],"version-history":[{"count":1,"href":"https:\/\/www.cchla.ufpb.br\/espanhol\/wp-json\/wp\/v2\/pages\/127\/revisions"}],"predecessor-version":[{"id":128,"href":"https:\/\/www.cchla.ufpb.br\/espanhol\/wp-json\/wp\/v2\/pages\/127\/revisions\/128"}],"wp:attachment":[{"href":"https:\/\/www.cchla.ufpb.br\/espanhol\/wp-json\/wp\/v2\/media?parent=127"}],"curies":[{"name":"wp","href":"https:\/\/api.w.org\/{rel}","templated":true}]}}