{"id":129,"date":"2026-03-16T09:40:29","date_gmt":"2026-03-16T12:40:29","guid":{"rendered":"https:\/\/www.cchla.ufpb.br\/espanhol\/?page_id=129"},"modified":"2026-03-16T09:40:29","modified_gmt":"2026-03-16T12:40:29","slug":"programa-de-postgrado-en-comunicacion-ppgc","status":"publish","type":"page","link":"https:\/\/www.cchla.ufpb.br\/espanhol\/programa-de-postgrado-en-comunicacion-ppgc\/","title":{"rendered":"Programa de Postgrado en Comunicaci\u00f3n (PPGC)"},"content":{"rendered":"\n<p>Presentaci\u00f3n:<\/p>\n\n\n\n<p>El&nbsp;<strong>Programa de Posgrado en Comunicaci\u00f3n<\/strong>&nbsp;(PPGC) fue reconocido y acreditado por CAPES en diciembre de 2007, constituyendo una&nbsp;<strong>Maestr\u00eda Acad\u00e9mica<\/strong>. Inici\u00f3 sus actividades acad\u00e9micas en 2008 con 08 profesores permanentes, 02 profesores colaboradores y 10 estudiantes regulares. Actualmente el Programa cuenta con 14 docentes.<\/p>\n\n\n\n<p>\u00c1REA DE CONCENTRACI\u00d3N:&nbsp;<br><strong>Comunicaci\u00f3n e Informaci\u00f3n<\/strong><\/p>\n\n\n\n<h2 class=\"wp-block-heading\"><div class=\"linha-header\">L\u00cdNEAS DE INVESTIGACI\u00d3N:<\/div><\/h2>\n\n\n\n<p>1. Idiomas, interacci\u00f3n y tecnolog\u00edas<\/p>\n\n\n\n<p>La l\u00ednea investiga materialidades, lenguajes, est\u00e9ticas y procesos de subjetivaci\u00f3n de productos, artefactos culturales y servicios de medios, entendiendo la tecnolog\u00eda como mediadora de los procesos de producci\u00f3n, circulaci\u00f3n y consumo. Los trabajos de la l\u00ednea utilizan las perspectivas te\u00f3rico-metodol\u00f3gicas del campo de la comunicaci\u00f3n, en interfaz con los campos de los estudios de idiomas, el dise\u00f1o, la fotograf\u00eda, la ling\u00fc\u00edstica computacional y la interacci\u00f3n hombre-computadora para comprender los fen\u00f3menos contempor\u00e1neos y el desarrollo de productos. Los temas espec\u00edficos incluyen tecnolog\u00edas de interacci\u00f3n e inmersi\u00f3n, transmedia, plataformas, procesos y pr\u00e1cticas de colaboraci\u00f3n, visualidades, arte y tecnolog\u00edas de imagen.<\/p>\n\n\n\n<p>2.<strong>Entretenimiento e industrias creativas<\/strong><\/p>\n\n\n\n<p>La l\u00ednea de investigaci\u00f3n desarrolla an\u00e1lisis, procesos y productos de las industrias creativas, centr\u00e1ndose en el fen\u00f3meno del entretenimiento, y con un inter\u00e9s te\u00f3rico-metodol\u00f3gico dedicado, sobre todo, a los aspectos est\u00e9ticos, t\u00e9cnicos y narrativos, as\u00ed como a sus dimensiones sociales, pol\u00edticas y econ\u00f3micas. Se observan las formas de producci\u00f3n, circulaci\u00f3n, accesibilidad, recepci\u00f3n y consumo de los medios. Los temas espec\u00edficos incluyen: mediaci\u00f3n de experiencias audiovisuales, tecnolog\u00edas accesibles, econom\u00eda pol\u00edtica y cultura del entretenimiento, procesos de creaci\u00f3n y producci\u00f3n, con \u00e9nfasis en cine, televisi\u00f3n, plataformas de streaming y formas de audiovisual interactivo (juegos, VR, realidad aumentada, entre otros).<\/p>\n\n\n\n<p>3.&nbsp;<strong>Pol\u00edticas y pr\u00e1cticas de comunicaci\u00f3n<\/strong><\/p>\n\n\n\n<p>La l\u00ednea de investigaci\u00f3n se dedica a la investigaci\u00f3n de los fen\u00f3menos comunicacionales e informativos contempor\u00e1neos vinculados a las configuraciones pol\u00edticas y tecnol\u00f3gicas de producci\u00f3n de valor que impactan en la convivencia humana. Las investigaciones, las formulaciones y el desarrollo de productos se gu\u00edan por la ontolog\u00eda relacional de la comunicaci\u00f3n, centrada en la dimensi\u00f3n constitutiva de las pr\u00e1cticas de comunicaci\u00f3n, condicionada por las interrelaciones entre actores, reglas, imaginarios y materialidades en el espacio-tiempo. Los temas espec\u00edficos incluyen: comunicaci\u00f3n y cultura organizacional; relaciones laborales; pol\u00edticas y reg\u00edmenes de informaci\u00f3n; pr\u00e1cticas de informaci\u00f3n; alfabetizaci\u00f3n digital; y pol\u00edticas de comunicaci\u00f3n cient\u00edfica.<\/p>\n\n\n\n<p>M\u00e1s informaci\u00f3n en: <a href=\"https:\/\/sigaa.ufpb.br\/sigaa\/public\/programa\/apresentacao.jsf?lc=pt_BR&amp;id=1890\">https:\/\/sigaa.ufpb.br\/sigaa\/public\/programa\/apresentacao.jsf?lc=pt_BR&amp;id=1890<\/a><\/p>\n","protected":false},"excerpt":{"rendered":"<p>Presentaci\u00f3n: El&nbsp;Programa de Posgrado en Comunicaci\u00f3n&nbsp;(PPGC) fue reconocido y acreditado por CAPES en diciembre de [&hellip;]<\/p>\n","protected":false},"author":47,"featured_media":0,"parent":0,"menu_order":0,"comment_status":"closed","ping_status":"closed","template":"","meta":{"footnotes":""},"class_list":["post-129","page","type-page","status-publish","hentry"],"_links":{"self":[{"href":"https:\/\/www.cchla.ufpb.br\/espanhol\/wp-json\/wp\/v2\/pages\/129","targetHints":{"allow":["GET"]}}],"collection":[{"href":"https:\/\/www.cchla.ufpb.br\/espanhol\/wp-json\/wp\/v2\/pages"}],"about":[{"href":"https:\/\/www.cchla.ufpb.br\/espanhol\/wp-json\/wp\/v2\/types\/page"}],"author":[{"embeddable":true,"href":"https:\/\/www.cchla.ufpb.br\/espanhol\/wp-json\/wp\/v2\/users\/47"}],"replies":[{"embeddable":true,"href":"https:\/\/www.cchla.ufpb.br\/espanhol\/wp-json\/wp\/v2\/comments?post=129"}],"version-history":[{"count":1,"href":"https:\/\/www.cchla.ufpb.br\/espanhol\/wp-json\/wp\/v2\/pages\/129\/revisions"}],"predecessor-version":[{"id":130,"href":"https:\/\/www.cchla.ufpb.br\/espanhol\/wp-json\/wp\/v2\/pages\/129\/revisions\/130"}],"wp:attachment":[{"href":"https:\/\/www.cchla.ufpb.br\/espanhol\/wp-json\/wp\/v2\/media?parent=129"}],"curies":[{"name":"wp","href":"https:\/\/api.w.org\/{rel}","templated":true}]}}