{"id":138,"date":"2026-03-16T09:48:40","date_gmt":"2026-03-16T12:48:40","guid":{"rendered":"https:\/\/www.cchla.ufpb.br\/espanhol\/?page_id=138"},"modified":"2026-03-16T09:48:40","modified_gmt":"2026-03-16T12:48:40","slug":"programa-de-posgrado-en-linguistica","status":"publish","type":"page","link":"https:\/\/www.cchla.ufpb.br\/espanhol\/programa-de-posgrado-en-linguistica\/","title":{"rendered":"Programa de Posgrado en Ling\u00fc\u00edstica"},"content":{"rendered":"\n<p>Presentaci\u00f3n:<\/p>\n\n\n\n<p>El Programa de Posgrado en Ling\u00fc\u00edstica de la UFPB tiene como objetivo formar profesionales cualificados para llevar a cabo actividades de docencia, investigaci\u00f3n y extensi\u00f3n en el \u00e1rea de la Ling\u00fc\u00edstica a nivel de Maestr\u00eda y Doctorado. Por lo tanto, tiene como objetivo formar maestros y doctores ling\u00fcistas especializados en una de las \u00e1reas de concentraci\u00f3n, con una base de conocimiento ling\u00fc\u00edstico de excelencia que los califique para actuar: en educaci\u00f3n, con investigaci\u00f3n, &nbsp;extensi\u00f3n y ejercicio en el aula en todos los niveles (desde la educaci\u00f3n b\u00e1sica hasta la superior); y en otros campos de la actividad ling\u00fc\u00edstica.<\/p>\n\n\n\n<p>La Maestr\u00eda equipa a sus alumnos en una de las l\u00edneas de investigaci\u00f3n del Programa, con el objetivo de que puedan realizar investigaci\u00f3n cient\u00edfica. En el caso de un Doctorado, el Programa ofrece la oportunidad de profundizar en el conocimiento acad\u00e9mico y realizar investigaciones independientes, avanzadas y originales, centradas en las tendencias te\u00f3ricas actuales en las diversas \u00e1reas de la Ling\u00fc\u00edstica.<\/p>\n\n\n\n<p>\u00c1reas de Concentraci\u00f3n y L\u00edneas de Investigaci\u00f3n<\/p>\n\n\n\n<h2 class=\"wp-block-heading\"><div class=\"linha-header\">Doctorado y M\u00e1ster<\/div><\/h2>\n\n\n\n<p><a href=\"https:\/\/www.cchla.ufpb.br\/proling\/areas-de-concentracao-e-linhas-de-pesquisa\/\"><strong>\u00c1REA DE CONCENTRACI\u00d3N<\/strong><\/a><a href=\"https:\/\/www.cchla.ufpb.br\/proling\/areas-de-concentracao-e-linhas-de-pesquisa\/\">1<\/a><a href=\"https:\/\/www.cchla.ufpb.br\/proling\/areas-de-concentracao-e-linhas-de-pesquisa\/\"><strong>:&nbsp;TEOR\u00cdA Y AN\u00c1LISIS LING\u00dc\u00cdSTICO<\/strong><\/a><\/p>\n\n\n\n<p><em>L\u00edneas de Investigaci\u00f3n:<\/em><em><\/em><\/p>\n\n\n\n<p><strong>ADQUISICI\u00d3N DEL LENGUAJE Y PROCESAMIENTO LING\u00dc\u00cdSTICO<\/strong><\/p>\n\n\n\n<p>Esta l\u00ednea re\u00fane la investigaci\u00f3n en dos campos interconectados: Adquisici\u00f3n del Lenguaje y Procesamiento del Lenguaje. En la primera, desde la perspectiva interaccionista, es interesante observar la adquisici\u00f3n y desarrollo del lenguaje y los procesos de alfabetizaci\u00f3n inicial. Adem\u00e1s, tambi\u00e9n hay investigaciones de adquisici\u00f3n realizadas desde una perspectiva innatista. En la segunda, desde la perspectiva de la Psicoling\u00fc\u00edstica Experimental, son de inter\u00e9s los estudios del Procesamiento Ling\u00fc\u00edstico sobre la comprensi\u00f3n y producci\u00f3n del lenguaje y sus diversas interfaces. En ambos campos, hay inter\u00e9s en estudios en contextos neurot\u00edpicos, neurodivergentes, as\u00ed como en contextos de biling\u00fcismo.<\/p>\n\n\n\n<p><strong>DIVERSIDAD Y CAMBIO LING\u00dc\u00cdSTICO<\/strong><\/p>\n\n\n\n<p>En esta l\u00ednea de investigaci\u00f3n se estudia la variaci\u00f3n y regularidad ling\u00fc\u00edstica, en los m\u00e1s diversos contextos de uso, bajo las perspectivas sincr\u00f3nica y diacr\u00f3nica. Los aspectos fon\u00e9tico-fonol\u00f3gicos, morfol\u00f3gicos, sint\u00e1ctico-sem\u00e1nticos, discursivos y l\u00e9xicos se eval\u00faan bajo enfoques formalistas y funcionalistas, contribuyendo tanto a la comprensi\u00f3n de los mecanismos de variaci\u00f3n como a los de cambio.<\/p>\n\n\n\n<p><strong>SEM\u00c1NTICA, GRAM\u00c1TICA Y COGNICI\u00d3N<\/strong><\/p>\n\n\n\n<p>El objetivo de esta l\u00ednea de investigaci\u00f3n es investigar la producci\u00f3n y comprensi\u00f3n del significado de las construcciones ling\u00fc\u00edsticas (a nivel l\u00e9xico, gramatical, pragm\u00e1tico-discursivo y cognitivo) en modalidades orales, escritas o gestuales, a partir de diferentes concepciones te\u00f3rico-metodol\u00f3gicas de la Sem\u00e1ntica, los estudios gramaticales y las Ciencias Cognitivas.<\/p>\n\n\n\n<p><a href=\"https:\/\/www.cchla.ufpb.br\/proling\/areas-de-concentracao-e-linhas-de-pesquisa\/\"><strong>\u00c1REA DE CONCENTRACI\u00d3N 2: LING\u00dc\u00cdSTICA Y PR\u00c1CTICAS SOCIALES<\/strong><\/a><\/p>\n\n\n\n<p><em>L\u00edneas de Investigaci\u00f3n:<\/em><em><\/em><\/p>\n\n\n\n<p><strong>DISCURSO Y SOCIEDAD<\/strong><\/p>\n\n\n\n<p>Esta l\u00ednea re\u00fane investigaciones que investigan la relaci\u00f3n socio-hist\u00f3rica entre discurso, sujeto y significado desde las siguientes perspectivas te\u00f3rico-metodol\u00f3gicas: An\u00e1lisis del discurso franc\u00e9s, An\u00e1lisis del discurso dial\u00f3gico, Estudios discursivos foucaultianos y Semi\u00f3tica francesa.<\/p>\n\n\n\n<p><strong>LING\u00dc\u00cdSTICA APLICADA<\/strong><\/p>\n\n\n\n<p>Esta l\u00ednea re\u00fane estudios que investigan los procesos de ense\u00f1anza-aprendizaje de idiomas, las pr\u00e1cticas de (multi) alfabetizaci\u00f3n, la formaci\u00f3n laboral y socioprofesional, las experiencias identitarias, las pol\u00edticas ling\u00fc\u00edsticas, as\u00ed como el impacto de la historiograf\u00eda de la ling\u00fc\u00edstica en la ense\u00f1anza de idiomas.<\/p>\n\n\n\n<p>M\u00e1s informaci\u00f3n en: https:\/\/www.cchla.ufpb.br\/proling\/apresentacao-do-programa\/<\/p>\n","protected":false},"excerpt":{"rendered":"<p>Presentaci\u00f3n: El Programa de Posgrado en Ling\u00fc\u00edstica de la UFPB tiene como objetivo formar profesionales [&hellip;]<\/p>\n","protected":false},"author":47,"featured_media":0,"parent":0,"menu_order":0,"comment_status":"closed","ping_status":"closed","template":"","meta":{"footnotes":""},"class_list":["post-138","page","type-page","status-publish","hentry"],"_links":{"self":[{"href":"https:\/\/www.cchla.ufpb.br\/espanhol\/wp-json\/wp\/v2\/pages\/138","targetHints":{"allow":["GET"]}}],"collection":[{"href":"https:\/\/www.cchla.ufpb.br\/espanhol\/wp-json\/wp\/v2\/pages"}],"about":[{"href":"https:\/\/www.cchla.ufpb.br\/espanhol\/wp-json\/wp\/v2\/types\/page"}],"author":[{"embeddable":true,"href":"https:\/\/www.cchla.ufpb.br\/espanhol\/wp-json\/wp\/v2\/users\/47"}],"replies":[{"embeddable":true,"href":"https:\/\/www.cchla.ufpb.br\/espanhol\/wp-json\/wp\/v2\/comments?post=138"}],"version-history":[{"count":1,"href":"https:\/\/www.cchla.ufpb.br\/espanhol\/wp-json\/wp\/v2\/pages\/138\/revisions"}],"predecessor-version":[{"id":139,"href":"https:\/\/www.cchla.ufpb.br\/espanhol\/wp-json\/wp\/v2\/pages\/138\/revisions\/139"}],"wp:attachment":[{"href":"https:\/\/www.cchla.ufpb.br\/espanhol\/wp-json\/wp\/v2\/media?parent=138"}],"curies":[{"name":"wp","href":"https:\/\/api.w.org\/{rel}","templated":true}]}}