{"id":14,"date":"2024-06-12T17:11:14","date_gmt":"2024-06-12T17:11:14","guid":{"rendered":"https:\/\/www.cchla.ufpb.br\/espanhol\/?page_id=14"},"modified":"2024-06-26T16:53:41","modified_gmt":"2024-06-26T16:53:41","slug":"cursos-de-grado-en-la-ufpb","status":"publish","type":"page","link":"https:\/\/www.cchla.ufpb.br\/espanhol\/cursos-de-grado-en-la-ufpb\/","title":{"rendered":"Cursos de Grado en la UFPB"},"content":{"rendered":"\n<p class=\"has-medium-font-size\"><a href=\"https:\/\/www.cchla.ufpb.br\/espanhol\/ciencias-sociales\/\" data-type=\"page\" data-id=\"40\">Ciencias Sociales<\/a><\/p>\n\n\n\n<p class=\"has-medium-font-size\"><a href=\"https:\/\/www.cchla.ufpb.br\/espanhol\/comunicacion-en-medios-digitales\/\" data-type=\"page\" data-id=\"42\">Comunicaci\u00f3n en Medios Digitales<\/a><\/p>\n\n\n\n<p class=\"has-medium-font-size\"><a href=\"https:\/\/www.cchla.ufpb.br\/espanhol\/filosofia\/\" data-type=\"page\" data-id=\"44\">Filosof\u00eda<\/a><\/p>\n\n\n\n<p class=\"has-medium-font-size\"><a href=\"https:\/\/www.cchla.ufpb.br\/espanhol\/historia\/\" data-type=\"page\" data-id=\"46\">Historia<\/a><\/p>\n\n\n\n<p class=\"has-medium-font-size\"><a href=\"https:\/\/www.cchla.ufpb.br\/espanhol\/letras-clasicas\/\" data-type=\"page\" data-id=\"48\">Letras Cl\u00e1sicas<\/a><\/p>\n\n\n\n<p class=\"has-medium-font-size\"><a href=\"https:\/\/www.cchla.ufpb.br\/espanhol\/letras-portugues\/\" data-type=\"page\" data-id=\"50\">Letras Portugu\u00e9s<\/a><\/p>\n\n\n\n<p class=\"has-medium-font-size\"><a href=\"https:\/\/www.cchla.ufpb.br\/espanhol\/letras-ingles\/\" data-type=\"page\" data-id=\"54\">Letras Ingl\u00e9s<\/a><\/p>\n\n\n\n<p class=\"has-medium-font-size\"><a href=\"https:\/\/www.cchla.ufpb.br\/espanhol\/letras-espanol\/\" data-type=\"page\" data-id=\"56\">Letras Espa\u00f1ol<\/a><\/p>\n\n\n\n<p class=\"has-medium-font-size\"><a href=\"https:\/\/www.cchla.ufpb.br\/espanhol\/letras-frances\/\" data-type=\"page\" data-id=\"58\">Letras Franc\u00e9s<\/a><\/p>\n\n\n\n<p class=\"has-medium-font-size\"><a href=\"https:\/\/www.cchla.ufpb.br\/espanhol\/lenguas-extranjeras-aplicadas-a-las-negociaciones-internacionales\/\" data-type=\"page\" data-id=\"60\">Lenguas Extranjeras Aplicadas a las Negociaciones Internacionales<\/a><\/p>\n\n\n\n<p class=\"has-medium-font-size\"><a href=\"https:\/\/www.cchla.ufpb.br\/espanhol\/psicologia\/\" data-type=\"page\" data-id=\"62\">Psicolog\u00eda<\/a><\/p>\n\n\n\n<p class=\"has-medium-font-size\"><a href=\"https:\/\/www.cchla.ufpb.br\/espanhol\/trabajo-social\/\" data-type=\"page\" data-id=\"64\">Trabajo Social<\/a><\/p>\n\n\n\n<p class=\"has-medium-font-size\"><a href=\"https:\/\/www.cchla.ufpb.br\/espanhol\/traduccion\/\" data-type=\"page\" data-id=\"66\">Traducci\u00f3n<\/a><\/p>\n\n\n\n<div style=\"height:25px\" aria-hidden=\"true\" class=\"wp-block-spacer\"><\/div>\n\n\n\n<p class=\"has-small-font-size\"><strong><a href=\"https:\/\/www.instagram.com\/plantao.tradufpb\/\">Traducci\u00f3n: Projeto InELC-Plant\u00e3o de Tradu\u00e7\u00e3o<\/a><\/strong><\/p>\n","protected":false},"excerpt":{"rendered":"<p>Ciencias Sociales Comunicaci\u00f3n en Medios Digitales Filosof\u00eda Historia Letras Cl\u00e1sicas Letras Portugu\u00e9s Letras Ingl\u00e9s Letras [&hellip;]<\/p>\n","protected":false},"author":63,"featured_media":0,"parent":0,"menu_order":0,"comment_status":"closed","ping_status":"closed","template":"","meta":{"footnotes":""},"class_list":["post-14","page","type-page","status-publish","hentry"],"_links":{"self":[{"href":"https:\/\/www.cchla.ufpb.br\/espanhol\/wp-json\/wp\/v2\/pages\/14","targetHints":{"allow":["GET"]}}],"collection":[{"href":"https:\/\/www.cchla.ufpb.br\/espanhol\/wp-json\/wp\/v2\/pages"}],"about":[{"href":"https:\/\/www.cchla.ufpb.br\/espanhol\/wp-json\/wp\/v2\/types\/page"}],"author":[{"embeddable":true,"href":"https:\/\/www.cchla.ufpb.br\/espanhol\/wp-json\/wp\/v2\/users\/63"}],"replies":[{"embeddable":true,"href":"https:\/\/www.cchla.ufpb.br\/espanhol\/wp-json\/wp\/v2\/comments?post=14"}],"version-history":[{"count":16,"href":"https:\/\/www.cchla.ufpb.br\/espanhol\/wp-json\/wp\/v2\/pages\/14\/revisions"}],"predecessor-version":[{"id":94,"href":"https:\/\/www.cchla.ufpb.br\/espanhol\/wp-json\/wp\/v2\/pages\/14\/revisions\/94"}],"wp:attachment":[{"href":"https:\/\/www.cchla.ufpb.br\/espanhol\/wp-json\/wp\/v2\/media?parent=14"}],"curies":[{"name":"wp","href":"https:\/\/api.w.org\/{rel}","templated":true}]}}