{"id":40,"date":"2024-06-26T13:17:43","date_gmt":"2024-06-26T13:17:43","guid":{"rendered":"https:\/\/www.cchla.ufpb.br\/espanhol\/?page_id=40"},"modified":"2024-06-26T16:53:16","modified_gmt":"2024-06-26T16:53:16","slug":"ciencias-sociales","status":"publish","type":"page","link":"https:\/\/www.cchla.ufpb.br\/espanhol\/ciencias-sociales\/","title":{"rendered":"Ciencias Sociales"},"content":{"rendered":"\n<p>El Curso de Ciencias Sociales tiene dos modalidades, Bachillerato y Profesorado. El bachillerato en Ciencias Sociales inici\u00f3 sus actividades en 1994, vinculado al Departamento de Ciencias Sociales de la UFPB. El PPC actual fue aprobado por el CONSEPE en 2006, resoluci\u00f3n n\u00b0 18\/2006. Est\u00e1 dirigido a quienes pretenden desarrollar actividades de investigaci\u00f3n y\/o docencia em educaci\u00f3n superior, en organismos p\u00fablicos o privados de planificaci\u00f3n y desarrollo, organismos de gesti\u00f3n p\u00fablica y an\u00e1lisis de pol\u00edticas p\u00fablicas. El Profesorado fue creado en el a\u00f1o 2007, mediante resoluci\u00f3n del CONSEPE n\u00b0 45\/2007, y la primera promoci\u00f3n se inici\u00f3 en el periodo 2008.1. Est\u00e1 dirigido a formar profesionales para trabajar en programas de ense\u00f1anza, planificaci\u00f3n y administraci\u00f3n en el \u00e1mbito de la educaci\u00f3n en ciencias sociales.<\/p>\n\n\n\n<p>M\u00e1s informaci\u00f3n en: <a href=\"https:\/\/www.cchla.ufpb.br\/cccs\">https:\/\/www.cchla.ufpb.br\/cccs<\/a><\/p>\n\n\n\n<div style=\"height:25px\" aria-hidden=\"true\" class=\"wp-block-spacer\"><\/div>\n\n\n\n<p class=\"has-small-font-size\"><strong><a href=\"https:\/\/www.instagram.com\/plantao.tradufpb\/\">Traducci\u00f3n: Projeto InELC-Plant\u00e3o de Tradu\u00e7\u00e3o<\/a><\/strong><\/p>\n","protected":false},"excerpt":{"rendered":"<p>El Curso de Ciencias Sociales tiene dos modalidades, Bachillerato y Profesorado. El bachillerato en Ciencias [&hellip;]<\/p>\n","protected":false},"author":63,"featured_media":0,"parent":0,"menu_order":0,"comment_status":"closed","ping_status":"closed","template":"","meta":{"footnotes":""},"class_list":["post-40","page","type-page","status-publish","hentry"],"_links":{"self":[{"href":"https:\/\/www.cchla.ufpb.br\/espanhol\/wp-json\/wp\/v2\/pages\/40","targetHints":{"allow":["GET"]}}],"collection":[{"href":"https:\/\/www.cchla.ufpb.br\/espanhol\/wp-json\/wp\/v2\/pages"}],"about":[{"href":"https:\/\/www.cchla.ufpb.br\/espanhol\/wp-json\/wp\/v2\/types\/page"}],"author":[{"embeddable":true,"href":"https:\/\/www.cchla.ufpb.br\/espanhol\/wp-json\/wp\/v2\/users\/63"}],"replies":[{"embeddable":true,"href":"https:\/\/www.cchla.ufpb.br\/espanhol\/wp-json\/wp\/v2\/comments?post=40"}],"version-history":[{"count":3,"href":"https:\/\/www.cchla.ufpb.br\/espanhol\/wp-json\/wp\/v2\/pages\/40\/revisions"}],"predecessor-version":[{"id":92,"href":"https:\/\/www.cchla.ufpb.br\/espanhol\/wp-json\/wp\/v2\/pages\/40\/revisions\/92"}],"wp:attachment":[{"href":"https:\/\/www.cchla.ufpb.br\/espanhol\/wp-json\/wp\/v2\/media?parent=40"}],"curies":[{"name":"wp","href":"https:\/\/api.w.org\/{rel}","templated":true}]}}